{"id":142,"date":"2024-04-03T23:25:04","date_gmt":"2024-04-03T23:25:04","guid":{"rendered":"https:\/\/sisu.ut.ee\/espon\/regionaalsed_integreeritud_strateegiad-euroopas\/"},"modified":"2024-04-03T23:27:39","modified_gmt":"2024-04-03T23:27:39","slug":"regionaalsed_integreeritud_strateegiad-euroopas","status":"publish","type":"page","link":"https:\/\/sisu.ut.ee\/espon\/regionaalsed_integreeritud_strateegiad-euroopas\/","title":{"rendered":"Regionaalsed integreeritud strateegiad Euroopas"},"content":{"rendered":"<p style=\"text-align: justify\"><strong>RISE \u2013 Identifying and Exchanging Best Practices in Developing Regional Integrated Strategies in Europe<\/strong><\/p>\n<p style=\"text-align: justify\">\u00a0<\/p>\n<p style=\"text-align: justify\"><strong>Uuringu eesm\u00e4rk<\/strong><\/p>\n<p style=\"text-align: justify\">Regionaalsete integreeritud strateegiate rakendamine, mis l\u00e4htuvad regioonide sidususe ja \u00fchtlase arengu p\u00f5him\u00f5tetest, on Euroopas t\u00f5usuteel. Kuigi regionaalseid integreeritud strateegiad rakendatakse \u00fcleeuroopaliselt ei ole nad sugugi mitte sarnased. RISE projekti eesm\u00e4rgiks on anal\u00fc\u00fcsida erinevaid regionaalseid integreeritud arengustrateegiaid ja neid omavahel v\u00f5rrelda. Uuring k\u00e4sitleb nelja erinevat Euroopa regiooni: Randstad (NL), Zealand (DK), V\u00e4sterbotten (SE) ja West-Midlands (UK).<\/p>\n<p style=\"text-align: justify\"><strong>Uurimisk\u00fcsimused<\/strong><\/p>\n<ul style=\"text-align: justify\">\n<li>Uurida nelja juhtumiuuringut regionaalstrateegiate v\u00f5rdlemiseks.<\/li>\n<li>Teha kindlaks indikaatorid strateegiate regionaalse integreerituse hindamiseks.<\/li>\n<li>Anal\u00fc\u00fcsida, kuidas indikaatorite ja metoodikate seire ja hindamine aitab kaasa paremate strateegiate loomisele.<\/li>\n<li>Hinnata erinevate finantsinstrumentide m\u00f5ju integreeritud strateegiate loomisele.<\/li>\n<\/ul>\n<p style=\"text-align: justify\"><strong>Tulemused<\/strong><\/p>\n<ul style=\"text-align: justify\">\n<li>Regionaalsete integreeritud strateegiate v\u00f5rdlusanal\u00fc\u00fcs.<\/li>\n<li>Valdkonna- ja ruumipoliitikate m\u00f5jude anal\u00fc\u00fcs v\u00f5rdlusanal\u00fc\u00fcsis.<\/li>\n<li>Anal\u00fc\u00fctiline tugi visioonide, strateegiate, poliitikaloomeks.<\/li>\n<li>Instrumendid regionaalsete integreeritud strateegiate hindamiseks.<\/li>\n<\/ul>\n<p style=\"text-align: justify\"><a href=\"https:\/\/sisu.ut.ee\/wp-content\/uploads\/sites\/169\/rise_final_report_main_report.pdf\" target=\"_blank\" data-fid=\"16610\" rel=\"noopener\">Uuringu l\u00f5pparuanne (ingliskeelne)<\/a><\/p>\n<p style=\"text-align: center\"><img loading=\"lazy\" decoding=\"async\" width=\"660\" height=\"424\" class=\"alignnone wp-image-242\" src=\"https:\/\/sisu.ut.ee\/wp-content\/uploads\/sites\/169\/regionaalse_visiooni_loomine.png\" title=\"Regionaalse visiooni loomine\" alt=\"Regionaalse visiooni loomine\" srcset=\"https:\/\/sisu.ut.ee\/wp-content\/uploads\/sites\/169\/regionaalse_visiooni_loomine.png 660w, https:\/\/sisu.ut.ee\/wp-content\/uploads\/sites\/169\/regionaalse_visiooni_loomine-300x193.png 300w\" sizes=\"auto, (max-width: 660px) 100vw, 660px\"><\/p>\n<p style=\"text-align: justify\"><strong>Projekti informatsioon<\/strong><\/p>\n<p style=\"text-align: justify\">Eelarve: 350 000 \u20ac<br>L\u00f5pparuanne: 31. mai 2012<br>Juhtpartner: University of Birmingham \u2013 Centre for Urban and Regional Studies (CURS) \u2013 UK<br>Kontaktisik: Stewart MacNeill,\u00a0<a style=\"background-color: #ffffff\" class=\"spamspan\" href=\"mailto:s.macneill@bham.ac.uk\">s.macneill@bham.ac.uk<\/a><\/p>\n","protected":false},"excerpt":{"rendered":"<p>RISE \u2013 Identifying and Exchanging Best Practices in Developing Regional Integrated Strategies in Europe \u00a0 Uuringu eesm\u00e4rk Regionaalsete integreeritud strateegiate rakendamine, mis l\u00e4htuvad regioonide sidususe ja \u00fchtlase arengu p\u00f5him\u00f5tetest, on Euroopas t\u00f5usuteel. Kuigi regionaalseid integreeritud strateegiad rakendatakse \u00fcleeuroopaliselt ei ole &#8230;<\/p>\n","protected":false},"author":85,"featured_media":0,"parent":0,"menu_order":0,"comment_status":"closed","ping_status":"closed","template":"","meta":{"_acf_changed":false,"inline_featured_image":false,"footnotes":""},"class_list":["post-142","page","type-page","status-publish","hentry"],"acf":[],"_links":{"self":[{"href":"https:\/\/sisu.ut.ee\/espon\/wp-json\/wp\/v2\/pages\/142","targetHints":{"allow":["GET"]}}],"collection":[{"href":"https:\/\/sisu.ut.ee\/espon\/wp-json\/wp\/v2\/pages"}],"about":[{"href":"https:\/\/sisu.ut.ee\/espon\/wp-json\/wp\/v2\/types\/page"}],"author":[{"embeddable":true,"href":"https:\/\/sisu.ut.ee\/espon\/wp-json\/wp\/v2\/users\/85"}],"replies":[{"embeddable":true,"href":"https:\/\/sisu.ut.ee\/espon\/wp-json\/wp\/v2\/comments?post=142"}],"version-history":[{"count":1,"href":"https:\/\/sisu.ut.ee\/espon\/wp-json\/wp\/v2\/pages\/142\/revisions"}],"predecessor-version":[{"id":479,"href":"https:\/\/sisu.ut.ee\/espon\/wp-json\/wp\/v2\/pages\/142\/revisions\/479"}],"wp:attachment":[{"href":"https:\/\/sisu.ut.ee\/espon\/wp-json\/wp\/v2\/media?parent=142"}],"curies":[{"name":"wp","href":"https:\/\/api.w.org\/{rel}","templated":true}]}}