{"id":139,"date":"2024-04-03T23:25:04","date_gmt":"2024-04-03T23:25:04","guid":{"rendered":"https:\/\/sisu.ut.ee\/espon\/avalikud_teenused\/"},"modified":"2024-04-03T23:27:39","modified_gmt":"2024-04-03T23:27:39","slug":"avalikud_teenused","status":"publish","type":"page","link":"https:\/\/sisu.ut.ee\/espon\/avalikud_teenused\/","title":{"rendered":"Avalikud teenused"},"content":{"rendered":"<p style=\"text-align: justify\"><strong>SeGI \u2013 Services of General Interest<\/strong><\/p>\n<p style=\"text-align: justify\">\u00a0<\/p>\n<p style=\"text-align: justify\"><strong>Uuringu eesm\u00e4rk<\/strong><\/p>\n<p style=\"text-align: justify\">K\u00f5rgekvaliteedilised avalikud teenused on osa globaalsest konkurentsiv\u00f5imest. Euroopa sotsiaalmajanduslike poliitikate \u00fclesandeks on pakkuda laia valikut avalikke teenuseid k\u00f5ikidele kodanikele ja ettev\u00f5tetele. Sellest l\u00e4htuvalt uuribki SeGI avalike teenuste pakkumist, k\u00e4ttesaadavust ja teenuste t\u00f5husust liikmesriikides ja regioonides.\u00a0<\/p>\n<p style=\"text-align: justify\"><strong>Uurimisk\u00fcsimused<\/strong><\/p>\n<ul style=\"text-align: justify\">\n<li>Milline peaks olema regionaalarengu ja \u00fchtekuuluvuspoliitika roll avalike teenuste pakkumisel?<\/li>\n<li>Milline on avalike teenuste pakkumise jaotus Euroopas ja kuidas seda m\u00f5\u00f5ta?<\/li>\n<li>Kuidas ja millisel m\u00e4\u00e4ral aitab avalike teenuste pakkumine t\u00f5sta piirkonna globaalset konkurentsiv\u00f5imet, majanduslikku arengut ja t\u00f6\u00f6kohtade kasvu?<\/li>\n<\/ul>\n<p style=\"text-align: justify\"><strong>Tulemused<\/strong><\/p>\n<ul style=\"text-align: justify\">\n<li>Avalike teenuste ruumilise jaotuse anal\u00fc\u00fcs.<\/li>\n<li>Avalike teenuste pakkumise ruumilised perspektiivid.<\/li>\n<li>Avalike teenuste pakkumiste regionaalsed t\u00fcpoloogiad.<\/li>\n<li>Juhtumuuringud avalike teenuste pakkumisest.<\/li>\n<\/ul>\n<p style=\"text-align: justify\"><a href=\"https:\/\/sisu.ut.ee\/wp-content\/uploads\/sites\/169\/01_segi_dfr_main-report-rev.pdf\" target=\"_blank\" data-fid=\"16601\" rel=\"noopener\">Uuringu l\u00f5pparuanne (ingliskeelne)<\/a><br><a href=\"https:\/\/sisu.ut.ee\/wp-content\/uploads\/sites\/169\/segi_eestikeelne_kokkuvote.pdf\" target=\"_blank\" data-fid=\"16602\" rel=\"noopener\">Uuringu kokkuv\u00f5te (eestikeelne)<\/a><\/p>\n<p style=\"text-align: center\"><img loading=\"lazy\" decoding=\"async\" width=\"660\" height=\"833\" class=\"alignnone wp-image-239\" src=\"https:\/\/sisu.ut.ee\/wp-content\/uploads\/sites\/169\/korgkooli_astujate_osakaal_100_elaniku_kohta_vastavas_vanusegrupis.png\" title=\"K\u00f5rgkooli astujate osakaal 100 elaniku kohta vastavas vanusegrupis\" alt=\"K\u00f5rgkooli astujate osakaal 100 elaniku kohta vastavas vanusegrupis\" srcset=\"https:\/\/sisu.ut.ee\/wp-content\/uploads\/sites\/169\/korgkooli_astujate_osakaal_100_elaniku_kohta_vastavas_vanusegrupis.png 660w, https:\/\/sisu.ut.ee\/wp-content\/uploads\/sites\/169\/korgkooli_astujate_osakaal_100_elaniku_kohta_vastavas_vanusegrupis-238x300.png 238w\" sizes=\"auto, (max-width: 660px) 100vw, 660px\"><\/p>\n<p style=\"text-align: justify\"><strong>Projekti informatsioon<\/strong><\/p>\n<p style=\"text-align: justify\">Eelarve: 988 942 \u20ac<br>L\u00f5pparuande mustand: 18.10. 2012<br>L\u00f5pparuanne: 25.02.2013<br>Juhtpartner: Royal Institute of Technology (KTH) \u2013 SE<br>Kontakt: G\u00f6ran Cars,\u00a0<a style=\"background-color: #ffffff\" class=\"spamspan\" href=\"mailto:goran.cars@abe.kht.se\">goran.cars@abe.kht.se<\/a><\/p>\n","protected":false},"excerpt":{"rendered":"<p>SeGI \u2013 Services of General Interest \u00a0 Uuringu eesm\u00e4rk K\u00f5rgekvaliteedilised avalikud teenused on osa globaalsest konkurentsiv\u00f5imest. Euroopa sotsiaalmajanduslike poliitikate \u00fclesandeks on pakkuda laia valikut avalikke teenuseid k\u00f5ikidele kodanikele ja ettev\u00f5tetele. Sellest l\u00e4htuvalt uuribki SeGI avalike teenuste pakkumist, k\u00e4ttesaadavust ja teenuste &#8230;<\/p>\n","protected":false},"author":85,"featured_media":0,"parent":0,"menu_order":0,"comment_status":"closed","ping_status":"closed","template":"","meta":{"_acf_changed":false,"inline_featured_image":false,"footnotes":""},"class_list":["post-139","page","type-page","status-publish","hentry"],"acf":[],"_links":{"self":[{"href":"https:\/\/sisu.ut.ee\/espon\/wp-json\/wp\/v2\/pages\/139","targetHints":{"allow":["GET"]}}],"collection":[{"href":"https:\/\/sisu.ut.ee\/espon\/wp-json\/wp\/v2\/pages"}],"about":[{"href":"https:\/\/sisu.ut.ee\/espon\/wp-json\/wp\/v2\/types\/page"}],"author":[{"embeddable":true,"href":"https:\/\/sisu.ut.ee\/espon\/wp-json\/wp\/v2\/users\/85"}],"replies":[{"embeddable":true,"href":"https:\/\/sisu.ut.ee\/espon\/wp-json\/wp\/v2\/comments?post=139"}],"version-history":[{"count":1,"href":"https:\/\/sisu.ut.ee\/espon\/wp-json\/wp\/v2\/pages\/139\/revisions"}],"predecessor-version":[{"id":482,"href":"https:\/\/sisu.ut.ee\/espon\/wp-json\/wp\/v2\/pages\/139\/revisions\/482"}],"wp:attachment":[{"href":"https:\/\/sisu.ut.ee\/espon\/wp-json\/wp\/v2\/media?parent=139"}],"curies":[{"name":"wp","href":"https:\/\/api.w.org\/{rel}","templated":true}]}}