{"id":132,"date":"2024-04-03T23:25:03","date_gmt":"2024-04-03T23:25:03","guid":{"rendered":"https:\/\/sisu.ut.ee\/espon\/roheline_majandus\/"},"modified":"2024-04-03T23:27:40","modified_gmt":"2024-04-03T23:27:40","slug":"roheline_majandus","status":"publish","type":"page","link":"https:\/\/sisu.ut.ee\/espon\/roheline_majandus\/","title":{"rendered":"Rohelise majanduse regionaalarengu potentsiaal"},"content":{"rendered":"<p style=\"text-align: justify\"><strong>GREECO \u2013 Regional Potential for a Greener Economy<\/strong><\/p>\n<p style=\"text-align: justify\">\u00a0<\/p>\n<p style=\"text-align: justify\"><strong>Uuringu eesm\u00e4rk<\/strong><\/p>\n<p style=\"text-align: justify\">Euroopa 2020 strateegia kohaselt v\u00f5imaldab keskkonnas\u00e4\u00e4stlikuma majanduse arendamine lahendada mitmed keskkonna- ja sotsiaalse ebav\u00f5rdsuse probleeme, samuti luua majanduskasvu ja t\u00f6\u00f6kohti. GREECO eesm\u00e4rgiks on hinnata rohelise majanduse arendamise potentsiaale Euroopas ning pakkuda lahendusi poliitika-loomeks ja investeeringuteks nii EL, riiklikul, piirkondlikul kui ka kohalikul tasanditel.<\/p>\n<p style=\"text-align: justify\"><strong>Uurimisk\u00fcsimused<\/strong><\/p>\n<ul style=\"text-align: justify\">\n<li>Milline on Euroopa linnade ja regioonide v\u00f5imekus rohelise majanduse arendamiseks?<\/li>\n<li>Kuidas m\u00f5jutavad ruumipoliitikad rohelist majandusarengut?<\/li>\n<li>Millised on peamised poliitikavaldkonnad, et suunduda rohelisema majanduse suunas?<\/li>\n<\/ul>\n<p style=\"text-align: justify\"><strong>Tulemused<\/strong><\/p>\n<ul style=\"text-align: justify\">\n<li>Rohelise majanduse arenguv\u00f5imaluste anal\u00fc\u00fcs Euroopas.<\/li>\n<li>Rohelise majanduse indikaatorid<\/li>\n<li>Soovitused rohelise majanduse arengustrateegiate v\u00e4ljat\u00f6\u00f6tamiseks.<\/li>\n<\/ul>\n<p style=\"text-align: justify\">Uuringu l\u00f5pparuanne (ingliskeelne)<\/p>\n<p style=\"text-align: justify\"><a href=\"https:\/\/sisu.ut.ee\/wp-content\/uploads\/sites\/169\/greeco_eestikeelne_kokkuvote.pdf\" target=\"_blank\" data-fid=\"16586\" rel=\"noopener\">Eestikeelne kokkuv\u00f5te<\/a><\/p>\n<p style=\"text-align: center\"><img loading=\"lazy\" decoding=\"async\" width=\"660\" height=\"399\" class=\"alignnone wp-image-233\" src=\"https:\/\/sisu.ut.ee\/wp-content\/uploads\/sites\/169\/greeco_rohelise_majanduse_kasitlus.png\" title=\"GREECO rohelise majanduse k\u00e4sitlus\" alt=\"GREECO rohelise majanduse k\u00e4sitlus\" srcset=\"https:\/\/sisu.ut.ee\/wp-content\/uploads\/sites\/169\/greeco_rohelise_majanduse_kasitlus.png 660w, https:\/\/sisu.ut.ee\/wp-content\/uploads\/sites\/169\/greeco_rohelise_majanduse_kasitlus-300x181.png 300w\" sizes=\"auto, (max-width: 660px) 100vw, 660px\"><\/p>\n<p style=\"text-align: justify\"><strong>Projekti informatsioon<\/strong><\/p>\n<p style=\"text-align: justify\">Eelarve: 749780 \u20ac<br>L\u00f5pparuanne: 31. oktoober 2013<br>Juhtpartner: Tecnalia \u2013 ES<br>Kontaktisik: Carlos Tapia,\u00a0<a style=\"background-color: #ffffff\" class=\"spamspan\" href=\"mailto:carlos.tapia@tecnalia.com\">carlos.tapia@tecnalia.com<\/a><\/p>\n","protected":false},"excerpt":{"rendered":"<p>GREECO \u2013 Regional Potential for a Greener Economy \u00a0 Uuringu eesm\u00e4rk Euroopa 2020 strateegia kohaselt v\u00f5imaldab keskkonnas\u00e4\u00e4stlikuma majanduse arendamine lahendada mitmed keskkonna- ja sotsiaalse ebav\u00f5rdsuse probleeme, samuti luua majanduskasvu ja t\u00f6\u00f6kohti. GREECO eesm\u00e4rgiks on hinnata rohelise majanduse arendamise potentsiaale Euroopas &#8230;<\/p>\n","protected":false},"author":85,"featured_media":0,"parent":0,"menu_order":0,"comment_status":"closed","ping_status":"closed","template":"","meta":{"_acf_changed":false,"inline_featured_image":false,"footnotes":""},"class_list":["post-132","page","type-page","status-publish","hentry"],"acf":[],"_links":{"self":[{"href":"https:\/\/sisu.ut.ee\/espon\/wp-json\/wp\/v2\/pages\/132","targetHints":{"allow":["GET"]}}],"collection":[{"href":"https:\/\/sisu.ut.ee\/espon\/wp-json\/wp\/v2\/pages"}],"about":[{"href":"https:\/\/sisu.ut.ee\/espon\/wp-json\/wp\/v2\/types\/page"}],"author":[{"embeddable":true,"href":"https:\/\/sisu.ut.ee\/espon\/wp-json\/wp\/v2\/users\/85"}],"replies":[{"embeddable":true,"href":"https:\/\/sisu.ut.ee\/espon\/wp-json\/wp\/v2\/comments?post=132"}],"version-history":[{"count":1,"href":"https:\/\/sisu.ut.ee\/espon\/wp-json\/wp\/v2\/pages\/132\/revisions"}],"predecessor-version":[{"id":487,"href":"https:\/\/sisu.ut.ee\/espon\/wp-json\/wp\/v2\/pages\/132\/revisions\/487"}],"wp:attachment":[{"href":"https:\/\/sisu.ut.ee\/espon\/wp-json\/wp\/v2\/media?parent=132"}],"curies":[{"name":"wp","href":"https:\/\/api.w.org\/{rel}","templated":true}]}}