{"id":116,"date":"2024-04-03T23:25:02","date_gmt":"2024-04-03T23:25:02","guid":{"rendered":"https:\/\/sisu.ut.ee\/espon\/jatkusuutliku-ja-kaasava-majanduskasvu-kasitlemine-strateegiadokumentides\/"},"modified":"2024-04-03T23:27:40","modified_gmt":"2024-04-03T23:27:40","slug":"jatkusuutliku-ja-kaasava-majanduskasvu-kasitlemine-strateegiadokumentides","status":"publish","type":"page","link":"https:\/\/sisu.ut.ee\/espon\/jatkusuutliku-ja-kaasava-majanduskasvu-kasitlemine-strateegiadokumentides\/","title":{"rendered":"J\u00e4tkusuutliku ja kaasava majanduskasvu k\u00e4sitlemine strateegiadokumentides"},"content":{"rendered":"<p style=\"text-align:justify\">\n\t<span lang=\"ET\"><span style=\"line-height:107%\"><span>Euroopa Komisjon on seadnud eesm\u00e4rgiks edendada s\u00e4\u00e4stvat, kaasavat ja nutikat arengut. J\u00e4tkusuutlikkuse taotluses on t\u00e4helepanu p\u00f6\u00f6ratud keskkonnas\u00f5braliku transpordi ja uute majandussektorite arendamisele (nt rohelised ettev\u00f5tted) ning juba olemasolevate majandussektorite keskkonnas\u00f5bralikuks muutmisele. Nn targa kasvu raames on regionaalpoliitilisteks eesm\u00e4rkideks muuhulgas n\u00e4iteks tasuta WI-FI loomine \u00fchistransporti ja linnakeskustesse, targa kasvu puhul n\u00e4iteks erinevate mobiilirakenduste ja nutiplatvormide loomine v\u00f5imaldamaks paremini elanikel kaasa r\u00e4\u00e4kida kohaliku arengu kujundamisel. <\/span><\/span><\/span>\n<\/p>\n<p style=\"text-align:justify\">\n\t<span lang=\"ET\"><span style=\"line-height:107%\"><span>K\u00e4esoleva uuringu eesm\u00e4rgiks oli uurida, millisel moel j\u00f5uavad mainitud \u00fcldised strateegilised eesm\u00e4rgid ja meetmed kohalikesse arengudokumentidesse ning leida h\u00e4id praktikaid nn kohaliku valitsemise (ingl k governance) p\u00f5him\u00f5tete juurutamisel antud valdkonnas. Kokku anal\u00fc\u00fcsiti nelja erineva suurusega piirkonna arengustrateegiaid, mis on suunatud targa, j\u00e4tkusuutliku ja kaasava majanduskasvu saavutamisele. Nendeks on Suurbritannias asuv Coventry linn, L\u00f5una-Taani piirkond, Piemonte regioon Itaalias ja Oeiras\u00b4e piirkond Portugalis.<\/span><\/span><\/span>\n<\/p>\n<p style=\"text-align:justify\">\n\t<span><span style=\"line-height:107%\"><span><a href=\"https:\/\/www.espon.eu\/sites\/default\/files\/attachments\/ReSSI_Delivery%204_FINAL.pdf\" target=\"_blank\" rel=\"noopener\">Uuringu l\u00f5pparuanne (inglise keeles)<\/a><\/span><\/span><\/span>\n<\/p>\n<p style=\"text-align:justify\">\n\t<span><span style=\"line-height:107%\"><span><a href=\"https:\/\/www.espon.eu\/ressi\" target=\"_blank\" rel=\"noopener\">Uuringu t\u00e4ielik leht koos lisadega<\/a><\/span><\/span><\/span><\/p>\n","protected":false},"excerpt":{"rendered":"<p>Euroopa Komisjon on seadnud eesm\u00e4rgiks edendada s\u00e4\u00e4stvat, kaasavat ja nutikat arengut. J\u00e4tkusuutlikkuse taotluses on t\u00e4helepanu p\u00f6\u00f6ratud keskkonnas\u00f5braliku transpordi ja uute majandussektorite arendamisele (nt rohelised ettev\u00f5tted) ning juba olemasolevate majandussektorite keskkonnas\u00f5bralikuks muutmisele. Nn targa kasvu raames on regionaalpoliitilisteks eesm\u00e4rkideks muuhulgas n\u00e4iteks &#8230;<\/p>\n","protected":false},"author":85,"featured_media":0,"parent":0,"menu_order":0,"comment_status":"closed","ping_status":"closed","template":"","meta":{"_acf_changed":false,"inline_featured_image":false,"footnotes":""},"class_list":["post-116","page","type-page","status-publish","hentry"],"acf":[],"_links":{"self":[{"href":"https:\/\/sisu.ut.ee\/espon\/wp-json\/wp\/v2\/pages\/116","targetHints":{"allow":["GET"]}}],"collection":[{"href":"https:\/\/sisu.ut.ee\/espon\/wp-json\/wp\/v2\/pages"}],"about":[{"href":"https:\/\/sisu.ut.ee\/espon\/wp-json\/wp\/v2\/types\/page"}],"author":[{"embeddable":true,"href":"https:\/\/sisu.ut.ee\/espon\/wp-json\/wp\/v2\/users\/85"}],"replies":[{"embeddable":true,"href":"https:\/\/sisu.ut.ee\/espon\/wp-json\/wp\/v2\/comments?post=116"}],"version-history":[{"count":1,"href":"https:\/\/sisu.ut.ee\/espon\/wp-json\/wp\/v2\/pages\/116\/revisions"}],"predecessor-version":[{"id":495,"href":"https:\/\/sisu.ut.ee\/espon\/wp-json\/wp\/v2\/pages\/116\/revisions\/495"}],"wp:attachment":[{"href":"https:\/\/sisu.ut.ee\/espon\/wp-json\/wp\/v2\/media?parent=116"}],"curies":[{"name":"wp","href":"https:\/\/api.w.org\/{rel}","templated":true}]}}