{"id":7,"date":"2024-04-04T06:47:00","date_gmt":"2024-04-04T03:47:00","guid":{"rendered":"https:\/\/sisu.ut.ee\/esero\/oppematerjalid\/"},"modified":"2024-08-12T11:42:29","modified_gmt":"2024-08-12T08:42:29","slug":"oppematerjalid","status":"publish","type":"page","link":"https:\/\/sisu.ut.ee\/esero\/oppematerjalid\/","title":{"rendered":"\u00d5ppematerjalid"},"content":{"rendered":"<p style=\"text-align: justify;\">Siin on \u00f5ppematerjalid, mis toetavad \u00f5ppimist kosmosega seotud teemade abil. K\u00f5ikide materjalide juures on pdf-failina olemas juhend \u00f5pejajale\/juhendajale ning t\u00f6\u00f6leht \u00f5pilasele. Materjalid on leitavad vasakust men\u00fc\u00fcst. \u00d5ppematejalide jagunemine p\u00f5hikooli ja g\u00fcmnaasiumi raskusastme j\u00e4rgi on soovituslik.<\/p>\n<p style=\"text-align: justify;\">Eraldi on men\u00fc\u00fcs v\u00e4lja toodud kliimaalane \u00f5ppematerjal <strong>Cop4Schools<\/strong> ning <strong>Mission X: treeni nagu astronaut<\/strong> \u00fcleskutset toetav \u00f5ppematerjalide kogumik koos lisamaterjalidega.<\/p>\n<p style=\"text-align: justify;\">Videode men\u00fc\u00fc alt on leitavad <strong>Paxi maailmaruumi videod<\/strong> ja AirBuss Foundation`i <strong>kuuteemalised videod<\/strong>.<\/p>\n<p style=\"margin-bottom: 0.0001pt; text-align: justify;\"><span style=\"line-height: normal;\">Paxi \u00f5ppevideod on eelk\u00f5ige suunatud 6\u201312-aastastele lastele, aga p\u00f5nevaid teadmist leidub ka k\u00f5igile teistele huvilistele. Paxi tutvustab meile P\u00e4ikeses\u00fcsteemi ja universumit, aga ka planeet Maa saladusi ja palju muud p\u00f5nevat. <\/span><span style=\"line-height: normal;\">K\u00f5ik Paxi videod on eestikeelse audioga.<\/span><\/p>\n<p style=\"text-align: justify;\">AirBuss Foundation`i kuuteemalised \u00f5ppevideod on m\u00f5eldud pisut vanematele ning annavad edasi huvitavaid teadmisi, kuidas saaks tulevikus elada Kuul ning kuidas sealses keskkonnas toime tulla. K\u00f5ik kuuvideod on inglise keeles eestikeelsete subtiitritega.<\/p>\n<p style=\"text-align: justify;\">\n<\/p><p style=\"text-align: justify;\">K\u00fcsimuste ja ettepanekute korral palun kirjutada aadressile\u00a0<a id=\"LPlnk777073\" href=\"mailto:esero@ut.ee\" target=\"_blank\" rel=\"noopener noreferrer\" data-auth=\"NotApplicable\">esero@ut.ee<\/a>.<\/p>\n","protected":false},"excerpt":{"rendered":"<p>Siin on \u00f5ppematerjalid, mis toetavad \u00f5ppimist kosmosega seotud teemade abil. K\u00f5ikide materjalide juures on pdf-failina olemas juhend \u00f5pejajale\/juhendajale ning t\u00f6\u00f6leht \u00f5pilasele. Materjalid on leitavad vasakust men\u00fc\u00fcst. \u00d5ppematejalide jagunemine p\u00f5hikooli ja g\u00fcmnaasiumi raskusastme j\u00e4rgi on soovituslik. Eraldi on men\u00fc\u00fcs v\u00e4lja toodud &#8230;<\/p>\n","protected":false},"author":241,"featured_media":0,"parent":0,"menu_order":0,"comment_status":"closed","ping_status":"closed","template":"","meta":{"_acf_changed":false,"inline_featured_image":false,"footnotes":""},"class_list":["post-7","page","type-page","status-publish","hentry"],"acf":[],"_links":{"self":[{"href":"https:\/\/sisu.ut.ee\/esero\/wp-json\/wp\/v2\/pages\/7","targetHints":{"allow":["GET"]}}],"collection":[{"href":"https:\/\/sisu.ut.ee\/esero\/wp-json\/wp\/v2\/pages"}],"about":[{"href":"https:\/\/sisu.ut.ee\/esero\/wp-json\/wp\/v2\/types\/page"}],"author":[{"embeddable":true,"href":"https:\/\/sisu.ut.ee\/esero\/wp-json\/wp\/v2\/users\/241"}],"replies":[{"embeddable":true,"href":"https:\/\/sisu.ut.ee\/esero\/wp-json\/wp\/v2\/comments?post=7"}],"version-history":[{"count":3,"href":"https:\/\/sisu.ut.ee\/esero\/wp-json\/wp\/v2\/pages\/7\/revisions"}],"predecessor-version":[{"id":1046,"href":"https:\/\/sisu.ut.ee\/esero\/wp-json\/wp\/v2\/pages\/7\/revisions\/1046"}],"wp:attachment":[{"href":"https:\/\/sisu.ut.ee\/esero\/wp-json\/wp\/v2\/media?parent=7"}],"curies":[{"name":"wp","href":"https:\/\/api.w.org\/{rel}","templated":true}]}}