{"id":648,"date":"2024-05-29T13:39:01","date_gmt":"2024-05-29T10:39:01","guid":{"rendered":"https:\/\/sisu.ut.ee\/esero\/?page_id=648"},"modified":"2024-09-27T10:50:26","modified_gmt":"2024-09-27T07:50:26","slug":"648-2","status":"publish","type":"page","link":"https:\/\/sisu.ut.ee\/esero\/648-2\/","title":{"rendered":"Cop4Schools \u00f5ppematerjalid"},"content":{"rendered":"<div class=\"wp-block-columns is-layout-flex wp-container-core-columns-is-layout-9d6595d7 wp-block-columns-is-layout-flex\">\n<div class=\"wp-block-column is-layout-flow wp-block-column-is-layout-flow\" style=\"flex-basis:79%\">\n<p><\/p>\n\n\n\n<p>\u00d5ppematerjalid\u00a0 valmisid projekti \u201eCop4Schools \u2013 riikide \u00fclene haridus\u201c raames. Projekti eesm\u00e4rk on suurendada teadlikkust Maa kaugseirest.<\/p>\n<\/div>\n\n\n\n<div class=\"wp-block-column is-layout-flow wp-block-column-is-layout-flow\" style=\"flex-basis:21%\">\n<figure class=\"wp-block-image\"><img loading=\"lazy\" decoding=\"async\" width=\"1024\" height=\"386\" src=\"https:\/\/sisu.ut.ee\/wp-content\/uploads\/sites\/464\/Cop4Schools_logo-1024x386.png\" alt=\"\" class=\"wp-image-673\" srcset=\"https:\/\/sisu.ut.ee\/wp-content\/uploads\/sites\/464\/Cop4Schools_logo-1024x386.png 1024w, https:\/\/sisu.ut.ee\/wp-content\/uploads\/sites\/464\/Cop4Schools_logo-300x113.png 300w, https:\/\/sisu.ut.ee\/wp-content\/uploads\/sites\/464\/Cop4Schools_logo-768x290.png 768w, https:\/\/sisu.ut.ee\/wp-content\/uploads\/sites\/464\/Cop4Schools_logo-1536x579.png 1536w, https:\/\/sisu.ut.ee\/wp-content\/uploads\/sites\/464\/Cop4Schools_logo-2048x773.png 2048w, https:\/\/sisu.ut.ee\/wp-content\/uploads\/sites\/464\/Cop4Schools_logo-1920x724.png 1920w\" sizes=\"auto, (max-width: 1024px) 100vw, 1024px\"><\/figure>\n<\/div>\n<\/div>\n\n\n\n<h4 class=\"wp-block-heading\">S\u00e4risev kuumus: kuumalained maismaal<\/h4>\n\n\n\n<p>Kuumalained p\u00f5hjustavad maapinna kuivamist, p\u00f5llukultuuride h\u00e4vimist ning metsatulekahjude sagenemist. Kuumalained ohustavad inimeste tervist, suurendavad inimeste ja loomade suremust. Soojasaared on kuumalainete suhtes eriti tundlikud, kuna nende soojus hajub aeglaselt ja hajumine on p\u00e4rsitud ka \u00f6\u00f6siti. Suurte alade pinnatemperatuuri m\u00e4\u00e4ramiseks ja riskipiirkondade leidmiseks saab kasutada Sentinel-3 satelliitfotosid. Nende andmete abil p\u00fc\u00fctakse leida sobilikke v\u00f5imalusi ohu v\u00e4hendamiseks tulevikus. \u00d5ppematerjali \u00fclesannete lahendamisel kasutatakse \u201eColumbus Eye\u201c rakendust.<\/p>\n\n\n\n<div class=\"wp-block-buttons is-layout-flex wp-block-buttons-is-layout-flex\">\n<div class=\"wp-block-button has-custom-font-size is-style-outline has-regular-font-size is-style-outline--1\"><a class=\"wp-block-button__link wp-element-button\" href=\"https:\/\/sisu.ut.ee\/wp-content\/uploads\/sites\/464\/Cop4Schools_Sarisev-kuumus_opetajamaterjal.pdf\" style=\"padding-top:0;padding-right:var(--wp--preset--spacing--20);padding-bottom:0;padding-left:var(--wp--preset--spacing--20)\" target=\"_blank\" rel=\"noreferrer noopener\">Laadi alla juhendmaterjal \u00f5petajale<\/a><\/div>\n\n\n\n<div class=\"wp-block-button has-custom-font-size is-style-outline has-regular-font-size is-style-outline--2\"><a class=\"wp-block-button__link wp-element-button\" href=\"https:\/\/sisu.ut.ee\/wp-content\/uploads\/sites\/464\/Cop4Schools_Sarisev-kuumus_opilane.pdf\" style=\"padding-top:0;padding-right:var(--wp--preset--spacing--20);padding-bottom:0;padding-left:var(--wp--preset--spacing--20)\" target=\"_blank\" rel=\"noreferrer noopener\">Laadi alla juhendmaterjal \u00f5pilasele<\/a><\/div>\n<\/div>\n\n\n\n<p><\/p>\n\n\n\n<h4 class=\"wp-block-heading\">Kaugseire v\u00f5imalused veekogude uurimisel<\/h4>\n\n\n\n<p>Pea igal suvel saabub soojade ja tuulevaiksete ilmadega ka sinivetikate hooaeg. Sinivetika vohamine veekogus on oluline terviserisk ujujatele. Seep\u00e4rast on oluline vetikate olukorda j\u00e4lgida. \u00d5ppematerjali \u00fclesannetes tutvustatakse kaugseire andmete ja erinevate portaalide v\u00f5imalusi Eesti alal. L\u00e4hemalt uuritakse vee\u00f5itsengut madalas, rohketoitelises, piiri\u00fcleses Peipsi j\u00e4rves.<\/p>\n\n\n\n<div class=\"wp-block-buttons is-layout-flex wp-block-buttons-is-layout-flex\">\n<div class=\"wp-block-button has-custom-font-size is-style-outline has-regular-font-size is-style-outline--3\"><a class=\"wp-block-button__link wp-element-button\" href=\"https:\/\/sisu.ut.ee\/wp-content\/uploads\/sites\/464\/Cop4Schools_futoplankton_opetaja.pdf\" style=\"padding-top:0;padding-right:var(--wp--preset--spacing--20);padding-bottom:0;padding-left:var(--wp--preset--spacing--20)\" target=\"_blank\" rel=\"noreferrer noopener\">Laadi alla juhendmaterjal \u00f5petajale<\/a><\/div>\n\n\n\n<div class=\"wp-block-button has-custom-font-size is-style-outline has-regular-font-size is-style-outline--4\"><a class=\"wp-block-button__link wp-element-button\" href=\"https:\/\/sisu.ut.ee\/wp-content\/uploads\/sites\/464\/Cop4Schools_futoplankton_opilane.pdf\" style=\"padding-top:0;padding-right:var(--wp--preset--spacing--20);padding-bottom:0;padding-left:var(--wp--preset--spacing--20)\" target=\"_blank\" rel=\"noreferrer noopener\">Laadi alla juhendmaterjal \u00f5pilasele<\/a><\/div>\n<\/div>\n\n\n\n<p><\/p>\n\n\n\n<h4 class=\"wp-block-heading\">Metaaniheite tuvastamine satelliitpiltide abil<\/h4>\n\n\n\n<p>Metaan (CH<sub>4<\/sub>) on t\u00e4htis kasvuhoonegaas ja nagu teistegi kasvuhoonegaaside puhul on v\u00e4ga oluline selle gaasi hulga j\u00e4lgimine ja v\u00e4hendamine. \u00d5ppematerjali \u00fclesannete lahendamise tulemusena oskavad \u00f5pilased ise kaugseire vahenditega metaani hulka erinevates geograafilistes piirkondades j\u00e4lgida ja teavad, kuidas leida metaani v\u00f5imalike allikate kohta infot.<\/p>\n\n\n\n<div class=\"wp-block-buttons is-layout-flex wp-block-buttons-is-layout-flex\">\n<div class=\"wp-block-button has-custom-font-size is-style-outline has-regular-font-size is-style-outline--5\"><a class=\"wp-block-button__link wp-element-button\" href=\"https:\/\/sisu.ut.ee\/wp-content\/uploads\/sites\/464\/Cop4Schools_Metaaniheite-tuvastamine-satelliidipiltide-abil_opetaja.pdf\" style=\"padding-top:0;padding-right:var(--wp--preset--spacing--20);padding-bottom:0;padding-left:var(--wp--preset--spacing--20)\" target=\"_blank\" rel=\"noreferrer noopener\">Laadi alla juhendmaterjal \u00f5petajale<\/a><\/div>\n\n\n\n<div class=\"wp-block-button has-custom-font-size is-style-outline has-regular-font-size is-style-outline--6\"><a class=\"wp-block-button__link wp-element-button\" href=\"https:\/\/sisu.ut.ee\/wp-content\/uploads\/sites\/464\/Cop4Schools_Metaaniheite-tuvastamine-satelliidipiltide-abil_opilane.pdf\" style=\"padding-top:0;padding-right:var(--wp--preset--spacing--20);padding-bottom:0;padding-left:var(--wp--preset--spacing--20)\" target=\"_blank\" rel=\"noreferrer noopener\">Laadi alla juhendmaterjal \u00f5pilasele<\/a><\/div>\n<\/div>\n\n\n\n<p><\/p>\n\n\n\n<h4 class=\"wp-block-heading\">Maastikutulekahjud satelliitpiltidelt<\/h4>\n\n\n\n<p>Looduskatastroofid nagu p\u00f5uad ja \u00fcleujutused muutuvad Euroopas \u00fcha sagedasemaks. See on osaliselt tingitud temperatuuri t\u00f5usust. Temperatuuri t\u00f5us muudab pinnase ja \u00f5hu kuivemaks ning maastikutulekahjude risk t\u00f5useb. Lisaks sellele ei suuda kuiv pinnas tugevate sademete korral piisavalt kiiresti vett vastu v\u00f5tta ning tekib \u00fcleujutuste oht. Maastikutulekahjusid ja \u00fcleujutusi on v\u00f5imalik tuvastada Sentinel-2 andmetele tuginedes veebilehe Dataspace Copernicus Browser abil. See teema muutub globaalsete muutuste kontekstis \u00fcha olulisemaks tulevikus. V\u00f5imalikult<br>varane teave aitab looduskatastroofidega paremini toime.<\/p>\n\n\n\n<div class=\"wp-block-buttons is-layout-flex wp-block-buttons-is-layout-flex\">\n<div class=\"wp-block-button has-custom-font-size is-style-outline has-regular-font-size is-style-outline--7\"><a class=\"wp-block-button__link wp-element-button\" href=\"https:\/\/sisu.ut.ee\/wp-content\/uploads\/sites\/464\/Maastikutulekahjud-satelliidipiltidel_opetaja.pdf\" style=\"padding-top:0;padding-right:var(--wp--preset--spacing--20);padding-bottom:0;padding-left:var(--wp--preset--spacing--20)\" target=\"_blank\" rel=\"noreferrer noopener\">Laadi alla juhendmaterjal \u00f5petajale<\/a><\/div>\n\n\n\n<div class=\"wp-block-button has-custom-font-size is-style-outline has-regular-font-size is-style-outline--8\"><a class=\"wp-block-button__link wp-element-button\" href=\"https:\/\/sisu.ut.ee\/wp-content\/uploads\/sites\/464\/Maastikutulekahjud-satelliidipiltidel_opilane.pdf\" style=\"padding-top:0;padding-right:var(--wp--preset--spacing--20);padding-bottom:0;padding-left:var(--wp--preset--spacing--20)\" target=\"_blank\" rel=\"noreferrer noopener\">Laadi alla juhendmaterjal \u00f5pilasele<\/a><\/div>\n\n\n\n<div class=\"wp-block-button has-custom-font-size is-style-outline has-regular-font-size is-style-outline--9\"><a class=\"wp-block-button__link wp-element-button\" href=\"https:\/\/sisu.ut.ee\/wp-content\/uploads\/sites\/464\/Maastikutulekahjud-satelliidipiltidel_juhend.pdf\" style=\"padding-top:0;padding-right:var(--wp--preset--spacing--20);padding-bottom:0;padding-left:var(--wp--preset--spacing--20)\" target=\"_blank\" rel=\"noreferrer noopener\">Laadi alla juhend<\/a><\/div>\n<\/div>\n\n\n\n<p><\/p>\n\n\n\n<h4 class=\"wp-block-heading\">Maa seire radarsatelliitide abil. Peegeldumine<\/h4>\n\n\n\n<p>Seoses kliimamuutustega t\u00f5useb \u00e4\u00e4rmuslike ilmastikuolude esinemise t\u00f5en\u00e4osus. Radarsatelliidipiltide abil saame maapinna kohta v\u00e4\u00e4rtuslikku infot l\u00fchikeste ajavahemike j\u00e4rel ja suurte maa-alade kohta. N\u00e4iteks Sentinel-1 abil saame infot \u00fcleujutatud alade kohta, mis aitab v\u00e4lja t\u00f6\u00f6tada meetmeid seal elavate inimeste ja alade kaitseks.<\/p>\n\n\n\n<div class=\"wp-block-buttons is-layout-flex wp-block-buttons-is-layout-flex\">\n<div class=\"wp-block-button has-custom-font-size is-style-outline has-regular-font-size is-style-outline--10\"><a class=\"wp-block-button__link wp-element-button\" href=\"https:\/\/sisu.ut.ee\/wp-content\/uploads\/sites\/464\/Cop4Schools_Maa-seire-radarsatelliitide-abil.-Peegeldumine_opetaja.pdf\" style=\"padding-top:0;padding-right:var(--wp--preset--spacing--20);padding-bottom:0;padding-left:var(--wp--preset--spacing--20)\" target=\"_blank\" rel=\"noreferrer noopener\">Laadi alla juhendmaterjal \u00f5petajale<\/a><\/div>\n\n\n\n<div class=\"wp-block-button has-custom-font-size is-style-outline has-regular-font-size is-style-outline--11\"><a class=\"wp-block-button__link wp-element-button\" href=\"https:\/\/sisu.ut.ee\/wp-content\/uploads\/sites\/464\/Cop4Schools_Maa-seire-radarsatelliitide-abil.-Peegeldumine_opilane.pdf\" style=\"padding-top:0;padding-right:var(--wp--preset--spacing--20);padding-bottom:0;padding-left:var(--wp--preset--spacing--20)\" target=\"_blank\" rel=\"noreferrer noopener\">Laadi alla juhendmaterjal \u00f5pilasele<\/a><\/div>\n\n\n\n<div class=\"wp-block-button has-custom-font-size is-style-outline has-regular-font-size is-style-outline--12\"><a class=\"wp-block-button__link wp-element-button\" href=\"https:\/\/sisu.ut.ee\/wp-content\/uploads\/sites\/464\/Cop4Schools_Maa-seire-radarsatelliitide-abil.-Peegeldumine_kasutusjuhend.pdf\" style=\"padding-top:0;padding-right:var(--wp--preset--spacing--20);padding-bottom:0;padding-left:var(--wp--preset--spacing--20)\" target=\"_blank\" rel=\"noreferrer noopener\">Laadi alla juhend<\/a><\/div>\n<\/div>\n\n\n\n<p><\/p>\n\n\n\n<p>Lektor Liisi Jakobsoni 25. septembril 2024 \u00d5petajate teadusp\u00e4eva raames toimunud t\u00f6\u00f6toa \u201eKosmosest klassiruumi\u201c\u00a0ettekanne on leitav <a href=\"https:\/\/sisu.ut.ee\/wp-content\/uploads\/sites\/464\/Kosmosest-klassiruumi-ettekanne.pdf\" data-type=\"attachment\" data-id=\"1133\"><strong>siit<\/strong><\/a>.<\/p>\n","protected":false},"excerpt":{"rendered":"<p>\u00d5ppematerjalid\u00a0 valmisid projekti \u201eCop4Schools \u2013 riikide \u00fclene haridus\u201c raames. Projekti eesm\u00e4rk on suurendada teadlikkust Maa kaugseirest. S\u00e4risev kuumus: kuumalained maismaal Kuumalained p\u00f5hjustavad maapinna kuivamist, p\u00f5llukultuuride h\u00e4vimist ning metsatulekahjude sagenemist. Kuumalained ohustavad inimeste tervist, suurendavad inimeste ja loomade suremust. Soojasaared on &#8230;<\/p>\n","protected":false},"author":241,"featured_media":0,"parent":0,"menu_order":0,"comment_status":"closed","ping_status":"closed","template":"","meta":{"_acf_changed":false,"inline_featured_image":false,"footnotes":""},"class_list":["post-648","page","type-page","status-publish","hentry"],"acf":[],"_links":{"self":[{"href":"https:\/\/sisu.ut.ee\/esero\/wp-json\/wp\/v2\/pages\/648","targetHints":{"allow":["GET"]}}],"collection":[{"href":"https:\/\/sisu.ut.ee\/esero\/wp-json\/wp\/v2\/pages"}],"about":[{"href":"https:\/\/sisu.ut.ee\/esero\/wp-json\/wp\/v2\/types\/page"}],"author":[{"embeddable":true,"href":"https:\/\/sisu.ut.ee\/esero\/wp-json\/wp\/v2\/users\/241"}],"replies":[{"embeddable":true,"href":"https:\/\/sisu.ut.ee\/esero\/wp-json\/wp\/v2\/comments?post=648"}],"version-history":[{"count":29,"href":"https:\/\/sisu.ut.ee\/esero\/wp-json\/wp\/v2\/pages\/648\/revisions"}],"predecessor-version":[{"id":1142,"href":"https:\/\/sisu.ut.ee\/esero\/wp-json\/wp\/v2\/pages\/648\/revisions\/1142"}],"wp:attachment":[{"href":"https:\/\/sisu.ut.ee\/esero\/wp-json\/wp\/v2\/media?parent=648"}],"curies":[{"name":"wp","href":"https:\/\/api.w.org\/{rel}","templated":true}]}}