{"id":63,"date":"2024-04-04T06:47:06","date_gmt":"2024-04-04T03:47:06","guid":{"rendered":"https:\/\/sisu.ut.ee\/esero\/kosmosehariduspaev\/"},"modified":"2024-04-04T06:53:45","modified_gmt":"2024-04-04T03:53:45","slug":"kosmosehariduspaev","status":"publish","type":"page","link":"https:\/\/sisu.ut.ee\/esero\/kosmosehariduspaev\/","title":{"rendered":"Kosmoseharidusp\u00e4ev 1. juunil 2021"},"content":{"rendered":"<p>\r\n\t<img loading=\"lazy\" decoding=\"async\" width=\"1920\" height=\"1080\" class=\"alignnone wp-image-117\" style=\"width:350px;height:197px;float:right;margin:20px\" src=\"https:\/\/sisu.ut.ee\/wp-content\/uploads\/sites\/464\/kosmosehariduspaeva_banner.png\" title=\"kosmosehariduspaeva_banner.png\" alt=\"Kosmoseharidusp\u00e4ev\" srcset=\"https:\/\/sisu.ut.ee\/wp-content\/uploads\/sites\/464\/kosmosehariduspaeva_banner.png 1920w, https:\/\/sisu.ut.ee\/wp-content\/uploads\/sites\/464\/kosmosehariduspaeva_banner-300x169.png 300w, https:\/\/sisu.ut.ee\/wp-content\/uploads\/sites\/464\/kosmosehariduspaeva_banner-1024x576.png 1024w, https:\/\/sisu.ut.ee\/wp-content\/uploads\/sites\/464\/kosmosehariduspaeva_banner-768x432.png 768w, https:\/\/sisu.ut.ee\/wp-content\/uploads\/sites\/464\/kosmosehariduspaeva_banner-1536x864.png 1536w\" sizes=\"auto, (max-width: 1920px) 100vw, 1920px\"><strong>1. juunil kell 12.30 korraldab ESERO Eesti virtuaalse <a data-url=\"https:\/\/worksup.com\/app#id=ESERO1\" href=\"https:\/\/worksup.com\/app#id=ESERO1\" target=\"_blank\" title=\"\" rel=\"noopener\">kosmoseharidus\u00fcrituse \u201cAstronaudi elukutse \u2013 miks, kes ja kuidas?\u201d<\/a>.\u00a0Kas oled kunagi m\u00f5elnud, milline on astronaudi elukutse v\u00f5i kuidas astronaudiks saadakse? Oled muidu kosmose- v\u00f5i astronoomiahuviline v\u00f5i otsid lihtsalt p\u00f5nevat ajaviidet? Siis on kosmoseharidusp\u00e4ev just Sinule!<\/strong>\r\n<\/p>\r\n\r\n<p>\r\n\tP\u00e4eva k\u00f5rgpunkt on\u00a0<strong><a data-url=\"https:\/\/www.youtube.com\/watch?v=Hbcd0yRoS-o&amp;t=2s\" href=\"https:\/\/www.youtube.com\/watch?v=Hbcd0yRoS-o&amp;t=2s\" target=\"_blank\" title=\"\" rel=\"noopener\">live-k\u00f5ne otse kosmosesse<\/a><\/strong><strong> <\/strong>(kl 15.15), kus meie k\u00fcsimustele vastab Rahvusvahelises Kosmosejaamas missioonil olev Euroopa Kosmoseagentuuri <strong>astronaut Thomas Pesquet<\/strong>. Selline \u00e4ge v\u00f5imalus suhelda p\u00e4riselt kosmoses oleva astronaudiga on sel korral on vaid kolmel riigil, kellest \u00fcks on Eesti. Viimane sarnane k\u00f5ne korraldati 2019. aastal.\r\n<\/p>\r\n\r\n<p>\r\n\tOtsek\u00f5nes edastavad Eestist k\u00fcsimusi Viimsi G\u00fcmnaasiumi f\u00fc\u00fcsika\u00f5petaja <strong>Ingrid R\u00f5igas<\/strong>\u00a0ning\u00a0V\u00e4\u00e4tsa kooli tehnoloogia- ja f\u00fc\u00fcsika\u00f5petaja ning\u00a0\u00fchtlasi kosmosekoolide v\u00f5rgustiku eestvedaja <strong>Jonas Nahkor<\/strong>.\r\n<\/p>\r\n\r\n<p>\r\n\tP\u00e4eva jooksul saab kuulata mitut huvitavat\u00a0ettekannet. N\u00e4iteks jagavad\u00a0meiega oma teadmisi astronaudiks p\u00fcrgivad eestlased ESAs t\u00f6\u00f6tav\u00a0Gertrud Talvik ja arst-piloot Ivar Parmas.\r\n<\/p>\r\n\r\n<p>\r\n\t\u00c4ra j\u00e4\u00e4 ilma ainulaadsest v\u00f5imalusest ja pane 1. juuni juba varakult kalendrisse kirja! <strong><a data-url=\"https:\/\/www.youtube.com\/watch?v=jcVflYRHaMQ\" href=\"https:\/\/www.youtube.com\/watch?v=jcVflYRHaMQ\" target=\"_blank\" title=\"\" rel=\"noopener\">\u00dclekandelingi<\/a> leiab \u00fcrituse toimumise p\u00e4eval siitsamast ESERO Eesti kodulehelt.<\/strong>\r\n<\/p>\r\n\r\n<ul>\r\n\t<li>\r\n\t\t<span style=\"font-size:16px\"><strong><a data-fid=\"62776\" href=\"https:\/\/sisu.ut.ee\/wp-content\/uploads\/sites\/464\/astronaudi_elukutse_-_paevakava.pdf\">Uuri ajakava<\/a><\/strong><\/span>\r\n\t<\/li>\r\n\t<li>\r\n\t\t<span style=\"font-size:16px\"><strong>Osale \u00fcritusel aadressil\u00a0https:\/\/worksup.com\/app#id=ESERO1<\/strong><\/span>\r\n\t<\/li>\r\n<\/ul>\r\n\r\n<p>\r\n\t\u00a0\r\n<\/p>\r\n\r\n<p>\r\n\t<u><strong>Thomas Pesquet\u2019st ja tema kosmosemissioonist<\/strong><\/u>\r\n<\/p>\r\n\r\n<p>\r\n\tEuroopa Kosmoseagentuuri astronaut Thomas Pesquet lendas 23. aprillil kosmosesse, et osaleda kuus kuud kestval missioonil rahvusvahelises kosmosejaamas (ISS).\u00a0Eestlased said esitada Thomas\u2019le\u00a0k\u00fcsimusi kuni 10. maini.\u00a0K\u00f5ikide k\u00fcsimuste seast valitakse v\u00e4lja kolm, mida \u00f5petajad 1. juunil Thomas\u2019 k\u00e4est k\u00fcsivad.\r\n<\/p>\r\n\r\n<p>\r\n\tPesquet\u2019 jaoks on see teine kosmoselend. Ta j\u00f5udis ISS-i SpaceX-i kosmoselaevaga Crew Dragon ning sai \u00fchtlasi esimeseks euroopa astronaudiks, kes SpaceX-i kosmoselaevaga orbiidile on lennanud. Pesquet\u2019 seekordne missioon kannab nime <a href=\"http:\/\/www.esa.int\/Science_Exploration\/Human_and_Robotic_Exploration\/Alpha\">Alfa<\/a>. Kosmosejaamas on tema ja kolleegide eesm\u00e4rk teha teaduseksperimente ja t\u00e4iustada p\u00e4ikesepaneelide elektris\u00fcsteemi.\r\n<\/p>\r\n\r\n<p>\r\n\tPesquet peab oluliseks kestlikku arengut, mist\u00f5ttu on tema missiooni embleemil toodud <a href=\"http:\/\/www.un.org\/sustainabledevelopment\/sustainable-development-goals\/\">\u00dcRO kestliku arengu eesm\u00e4rkide<\/a> v\u00e4rvid. Nende eesm\u00e4rkide poole <a href=\"http:\/\/www.esa.int\/Enabling_Support\/Preparing_for_the_Future\/Space_for_Earth\/ESA_and_the_Sustainable_Development_Goals\">p\u00fc\u00fcdleb oma tegevuses ka ESA<\/a>. Astronaudid viis kosmosesse SpaceX-i osaliselt taaskasutatav rakett Falcon 9 ja kosmosejaama lendasid nad taaskasutatava kosmoselaevaga Crew Dragon.\u00a0Seet\u00f5ttu on esitatud k\u00fcsimused, mis puudutavad\u00a0kas missiooni Alfa v\u00f5i kestlikku arengut.\r\n<\/p>\r\n\r\n<p>\r\n\t<strong><a data-url=\"https:\/\/fb.me\/e\/cSGh1wiCe\" href=\"https:\/\/fb.me\/e\/cSGh1wiCe\" target=\"_blank\" title=\"\" rel=\"noopener\">Vaata \u00fcrituse Facebooki lehte<\/a>.<\/strong>\r\n<\/p>\r\n\r\n<p>\r\n\tHoia silm peal ka ESERO Eesti sotsiaalmeediakanalitel\u00a0(Facebook <a data-url=\"https:\/\/www.facebook.com\/eseroeesti\" href=\"https:\/\/www.facebook.com\/eseroeesti\" target=\"_blank\" title=\"\" rel=\"noopener\">ESERO Eesti<\/a>; Instagram <a data-url=\"https:\/\/www.instagram.com\/eestiesero\/\" href=\"https:\/\/www.instagram.com\/eestiesero\/\" target=\"_blank\" title=\"\" rel=\"noopener\">@eestiesero<\/a>).\r\n<\/p>\r\n\r\n<p>\r\n\t<span style=\"font-size:14px\"><strong><a data-url=\"https:\/\/sisu.ut.ee\/esero\/blog\/vaata-j%C3%A4rele-eestlased-osalesid-edukalt-otsek%C3%B5nes-kosmosesse\" href=\"https:\/\/sisu.ut.ee\/esero\/blog\/vaata-j%C3%A4rele-eestlased-osalesid-edukalt-otsek%C3%B5nes-kosmosesse\" target=\"_blank\" title=\"\" rel=\"noopener\">Loe lisa<\/a><\/strong><\/span>\r\n<\/p>\r\n\r\n<p style=\"text-align: center\">\r\n\t<strong><span style=\"font-size:18px\"><span style=\"color:#0098db\"><span style=\"font-family:Verdana,Geneva,sans-serif\"><strong>Vaata \u00fcrituse kokkuv\u00f5tet<\/strong><\/span><\/span><\/span> <\/strong>\r\n<\/p>\r\n\r\n<p style=\"text-align: center\">\r\n\t<\/p><div class=\"ratio ratio-16x9 mb-3\"><div class=\"video-placeholder-wrapper video-placeholder-wrapper--16x9\">\n\t\t\t    <div class=\"video-placeholder d-flex justify-content-center align-items-center\">\n\t\t\t        <div class=\"overlay text-white p-2 w-100 text-center d-block justify-content-center align-items-center\">\n\t\t\t            <div>Kolmandate osapoolte sisu n\u00e4gemiseks palun n\u00f5ustu k\u00fcpsistega.<\/div>\n\t\t\t            <button class=\"btn btn-secondary btn-sm mt-1 consent-change\">Muuda n\u00f5usolekut<\/button>\n\t\t\t        <\/div>\n\t\t\t    <\/div>\n\t\t\t<\/div>\n<\/div>\r\n\r\n\r\n<p style=\"text-align: center\">\r\n\t<strong><span style=\"font-size:18px\"><span style=\"color:#0098db\"><span style=\"font-family:Verdana,Geneva,sans-serif\"><strong>Vaata \u00fcritus j\u00e4rele<\/strong><\/span><\/span><\/span> <\/strong>\r\n<\/p>\r\n\r\n<p style=\"text-align: center\">\r\n\t<span style=\"font-size:12px\"><em>Kuna kosmosek\u00f5ne kandis \u00fcle Euroopa Kosmoseagentuur, ei ole see mitte siin, vaid j\u00e4rgmises videos. Sellest videost leiad muu hulgas p\u00f5nevad vestlused astronaudiks p\u00fcrgivate eestlaste ja \u00f5huv\u00e4e pilootidega!<\/em><\/span>\r\n<\/p>\r\n\r\n<p style=\"text-align: center\">\r\n\t<\/p><div class=\"ratio ratio-16x9 mb-3\"><div class=\"video-placeholder-wrapper video-placeholder-wrapper--16x9\">\n\t\t\t    <div class=\"video-placeholder d-flex justify-content-center align-items-center\">\n\t\t\t        <div class=\"overlay text-white p-2 w-100 text-center d-block justify-content-center align-items-center\">\n\t\t\t            <div>Kolmandate osapoolte sisu n\u00e4gemiseks palun n\u00f5ustu k\u00fcpsistega.<\/div>\n\t\t\t            <button class=\"btn btn-secondary btn-sm mt-1 consent-change\">Muuda n\u00f5usolekut<\/button>\n\t\t\t        <\/div>\n\t\t\t    <\/div>\n\t\t\t<\/div>\n<\/div>\r\n\r\n\r\n<p style=\"text-align: center\">\r\n\t<br><strong><span style=\"font-size:18px\"><span style=\"color:#0098db\"><span style=\"font-family:Verdana,Geneva,sans-serif\"><strong>Vaata kosmosek\u00f5ne j\u00e4rele<\/strong><\/span><\/span><\/span><\/strong>\r\n<\/p>\r\n\r\n<p style=\"text-align: center\">\r\n\t<\/p><div class=\"ratio ratio-16x9 mb-3\"><div class=\"video-placeholder-wrapper video-placeholder-wrapper--16x9\">\n\t\t\t    <div class=\"video-placeholder d-flex justify-content-center align-items-center\">\n\t\t\t        <div class=\"overlay text-white p-2 w-100 text-center d-block justify-content-center align-items-center\">\n\t\t\t            <div>Kolmandate osapoolte sisu n\u00e4gemiseks palun n\u00f5ustu k\u00fcpsistega.<\/div>\n\t\t\t            <button class=\"btn btn-secondary btn-sm mt-1 consent-change\">Muuda n\u00f5usolekut<\/button>\n\t\t\t        <\/div>\n\t\t\t    <\/div>\n\t\t\t<\/div>\n<\/div>\r\n\r\n\r\n<p style=\"text-align: center\">\r\n\t<br><strong><span style=\"font-size:18px\"><span style=\"color:#0098db\"><span style=\"font-family:Verdana,Geneva,sans-serif\"><strong>Fotogalerii<\/strong><\/span><\/span><\/span> <\/strong>\r\n<\/p>\r\n<br><figure class=\"wp-block-gallery has-nested-images columns-3 is-cropped wp-block-gallery-1 is-layout-flex wp-block-gallery-is-layout-flex\"><figure class=\"wp-block-image size-large\"><a href=\"https:\/\/sisu.ut.ee\/wp-content\/uploads\/sites\/464\/mg_1308_copy_2-scaled.jpg\"><img decoding=\"async\" data-id=\"120\" src=\"https:\/\/sisu.ut.ee\/wp-content\/uploads\/sites\/464\/mg_1308_copy_2-scaled.jpg\" alt=\"\" class=\"wp-ima&gt;&lt;\/figcaption&gt;&lt;\/figure&gt;&lt;figure class=\" wp-block-image size-large><\/a><a href=\"https:\/\/sisu.ut.ee\/wp-content\/uploads\/sites\/464\/mg_1328_copy-scaled.jpg\"><img decoding=\"async\" data-id=\"121\" src=\"https:\/\/sisu.ut.ee\/wp-content\/uploads\/sites\/464\/mg_1328_copy-scaled.jpg\" alt=\"\" class=\"wp-ima&gt;&lt;\/figcaption&gt;&lt;\/figure&gt;&lt;figure class=\" wp-block-image size-large><\/a><a href=\"https:\/\/sisu.ut.ee\/wp-content\/uploads\/sites\/464\/mg_1552_copy_2-scaled.jpg\"><img decoding=\"async\" data-id=\"127\" src=\"https:\/\/sisu.ut.ee\/wp-content\/uploads\/sites\/464\/mg_1552_copy_2-scaled.jpg\" alt=\"\" class=\"wp-ima&gt;&lt;\/figcaption&gt;&lt;\/figure&gt;&lt;figure class=\" wp-block-image size-large><\/a><a href=\"https:\/\/sisu.ut.ee\/wp-content\/uploads\/sites\/464\/mg_1362_copy-scaled.jpg\"><img decoding=\"async\" data-id=\"123\" src=\"https:\/\/sisu.ut.ee\/wp-content\/uploads\/sites\/464\/mg_1362_copy-scaled.jpg\" alt=\"\" class=\"wp-ima&gt;&lt;\/figcaption&gt;&lt;\/figure&gt;&lt;figure class=\" wp-block-image size-large><\/a><a href=\"https:\/\/sisu.ut.ee\/wp-content\/uploads\/sites\/464\/mg_1386_copy-scaled.jpg\"><img decoding=\"async\" data-id=\"256\" src=\"https:\/\/sisu.ut.ee\/wp-content\/uploads\/sites\/464\/mg_1386_copy-scaled.jpg\" alt=\"\" class=\"wp-ima&gt;&lt;\/figcaption&gt;&lt;\/figure&gt;&lt;figure class=\" wp-block-image size-large><\/a><a href=\"https:\/\/sisu.ut.ee\/wp-content\/uploads\/sites\/464\/mg_1458_copy_2.jpg\"><img decoding=\"async\" data-id=\"124\" src=\"https:\/\/sisu.ut.ee\/wp-content\/uploads\/sites\/464\/mg_1458_copy_2.jpg\" alt=\"\" class=\"wp-ima&gt;&lt;\/figcaption&gt;&lt;\/figure&gt;&lt;figure class=\" wp-block-image size-large><\/a><a href=\"https:\/\/sisu.ut.ee\/wp-content\/uploads\/sites\/464\/mg_1488_jonas-scaled.jpg\"><img decoding=\"async\" data-id=\"258\" src=\"https:\/\/sisu.ut.ee\/wp-content\/uploads\/sites\/464\/mg_1488_jonas-scaled.jpg\" alt=\"\" class=\"wp-ima&gt;&lt;\/figcaption&gt;&lt;\/figure&gt;&lt;figure class=\" wp-block-image size-large><\/a><a href=\"https:\/\/sisu.ut.ee\/wp-content\/uploads\/sites\/464\/mg_1547_copy-scaled.jpg\"><img decoding=\"async\" data-id=\"126\" src=\"https:\/\/sisu.ut.ee\/wp-content\/uploads\/sites\/464\/mg_1547_copy-scaled.jpg\" alt=\"\" class=\"wp-ima&gt;&lt;\/figcaption&gt;&lt;\/figure&gt;&lt;figure class=\" wp-block-image size-large><\/a><a href=\"https:\/\/sisu.ut.ee\/wp-content\/uploads\/sites\/464\/gertrud_talvik.jpg\"><img decoding=\"async\" data-id=\"125\" src=\"https:\/\/sisu.ut.ee\/wp-content\/uploads\/sites\/464\/gertrud_talvik.jpg\" alt=\"\" class=\"wp-ima&gt;&lt;\/figcaption&gt;&lt;\/figure&gt;&lt;figure class=\" wp-block-image size-large><\/a><a href=\"https:\/\/sisu.ut.ee\/wp-content\/uploads\/sites\/464\/mg_1552_copy_2-scaled.jpg\"><img decoding=\"async\" data-id=\"127\" src=\"https:\/\/sisu.ut.ee\/wp-content\/uploads\/sites\/464\/mg_1552_copy_2-scaled.jpg\" alt=\"\" class=\"wp-ima&gt;&lt;\/figcaption&gt;&lt;\/figure&gt;&lt;\/figure&gt;\"><\/a><\/figure><\/figure>","protected":false},"excerpt":{"rendered":"<p>1. juunil kell 12.30 korraldab ESERO Eesti virtuaalse kosmoseharidus\u00fcrituse \u201cAstronaudi elukutse \u2013 miks, kes ja kuidas?\u201d.\u00a0Kas oled kunagi m\u00f5elnud, milline on astronaudi elukutse v\u00f5i kuidas astronaudiks saadakse? Oled muidu kosmose- v\u00f5i astronoomiahuviline v\u00f5i otsid lihtsalt p\u00f5nevat ajaviidet? Siis on kosmoseharidusp\u00e4ev &#8230;<\/p>\n","protected":false},"author":241,"featured_media":0,"parent":0,"menu_order":0,"comment_status":"closed","ping_status":"closed","template":"","meta":{"_acf_changed":false,"inline_featured_image":false,"footnotes":""},"class_list":["post-63","page","type-page","status-publish","hentry"],"acf":[],"_links":{"self":[{"href":"https:\/\/sisu.ut.ee\/esero\/wp-json\/wp\/v2\/pages\/63","targetHints":{"allow":["GET"]}}],"collection":[{"href":"https:\/\/sisu.ut.ee\/esero\/wp-json\/wp\/v2\/pages"}],"about":[{"href":"https:\/\/sisu.ut.ee\/esero\/wp-json\/wp\/v2\/types\/page"}],"author":[{"embeddable":true,"href":"https:\/\/sisu.ut.ee\/esero\/wp-json\/wp\/v2\/users\/241"}],"replies":[{"embeddable":true,"href":"https:\/\/sisu.ut.ee\/esero\/wp-json\/wp\/v2\/comments?post=63"}],"version-history":[{"count":2,"href":"https:\/\/sisu.ut.ee\/esero\/wp-json\/wp\/v2\/pages\/63\/revisions"}],"predecessor-version":[{"id":470,"href":"https:\/\/sisu.ut.ee\/esero\/wp-json\/wp\/v2\/pages\/63\/revisions\/470"}],"wp:attachment":[{"href":"https:\/\/sisu.ut.ee\/esero\/wp-json\/wp\/v2\/media?parent=63"}],"curies":[{"name":"wp","href":"https:\/\/api.w.org\/{rel}","templated":true}]}}