{"id":601,"date":"2024-05-22T15:46:18","date_gmt":"2024-05-22T12:46:18","guid":{"rendered":"https:\/\/sisu.ut.ee\/esero\/?page_id=601"},"modified":"2025-12-03T15:45:51","modified_gmt":"2025-12-03T13:45:51","slug":"laenutus","status":"publish","type":"page","link":"https:\/\/sisu.ut.ee\/esero\/laenutus\/","title":{"rendered":"Laenutus"},"content":{"rendered":"<div class=\"accordion-block mb-3\">\n\t\t<div class=\"accordion \" id=\"accordion-accordion-69e1ec44d46e5\">\n\t\t\t\t\t\t\t<div class=\"accordion-item accordion-item--yellow\">\n\t\t\t\t\t<h2 class=\"accordion-header\" id=\"accordion-69e1ec44d46e5-heading-1\">\n\t\t\t\t\t\t<button class=\"accordion-button collapsed\" type=\"button\" data-bs-toggle=\"collapse\" data-bs-target=\"#accordion-69e1ec44d46e5-collapse-1\" aria-expanded=\"true\" aria-controls=\"accordion-69e1ec44d46e5-collapse-1\">\n\t\t\t\t\t\t\tUUS!  R\u00e4ndn\u00e4itus \u201eKui ulme astub p\u00e4risellu\u201c\n\t\t\t\t\t\t<\/button>\n\t\t\t\t\t<\/h2>\n\t\t\t\t\t<div id=\"accordion-69e1ec44d46e5-collapse-1\" class=\"accordion-collapse collapse \" aria-labelledby=\"accordion-69e1ec44d46e5-heading-1\">\n\t\t\t\t\t\t<div class=\"accordion-body\">\n\t\t\t\t\t\t\t<p data-start=\"163\" data-end=\"570\">Ulmekirjanikud on sajandeid loonud kujutluspilte kosmoselaevadest, robotitest ja tehnikaimedest, mis suudavad \u00fcletada maailma f\u00fc\u00fcsilised piirid ja avada ukse tundmatutesse maailmadesse. Need lood ei ole olnud pelgalt meelelahutus \u2013 ulme ja teaduse vahel on alati toimunud vastastikune dialoog. Ulme innustab teadust, teadus omakorda toob ulmesse uusi ideid ning paneb kirjanikke k\u00fcsima: \u201eMis oleks, kui\u2026?\u201c<\/p>\n<p data-start=\"572\" data-end=\"894\">Aja jooksul on paljud ulmest s\u00fcndinud m\u00f5tted leidnud tee p\u00e4risellu. Esialgu v\u00f5imatuna n\u00e4ivad ideed on innustanud leiutajaid ja insenere looma lahendusi, mis t\u00e4na on osa meie igap\u00e4evaelust. Sellel n\u00e4itusel tutvustame, kuidas kujutlusv\u00f5ime on kujundanud teaduse arengut ning kuidas ulme on samm-sammult saanud reaalsuseks.<\/p>\n<p data-start=\"896\" data-end=\"1266\">Kirjanduses ja filmides n\u00e4htud kosmoselaevad, robotid ja nutikad seadmed pole j\u00e4\u00e4nud \u00fcksnes fantaasiaks. Tulevikun\u00e4gemused iseavanevatest ustest, virtuaalreaalsuse prillidest, universaalsetest sensoritest, taaskasutatavatest rakettidest ja kosmosejaamadest n\u00e4ivad t\u00e4nap\u00e4eval t\u00f5eliselt loomulikud. Veel m\u00f5ne p\u00f5lvkonna eest olid need aga pelgalt ulmekirjanike n\u00e4gemused.<\/p>\n<p data-start=\"896\" data-end=\"1266\">N\u00e4itust k\u00fclastades saad avastada, kuidas ulme ja teadus on \u00fcksteist kujundanud ning kuidas meie tulevik v\u00f5ib peituda t\u00e4naste lugude ja kujutluspiltide lehek\u00fclgedel. N\u00e4itust on v\u00f5imalik laenutada oma \u00f5ppeasutusse kahe n\u00e4dala kaupa.<\/p>\n<p data-start=\"896\" data-end=\"1266\">R\u00e4ndn\u00e4itus koosneb 9st kangaga kaetud kahepoolsest reklaamstendist, mis on lihtsasti ja kergesti \u00fclesseatavad mis tahes ruumis.<\/p>\n<p data-start=\"896\" data-end=\"1266\">N\u00e4ituse laenutamiseks palume kirjutada meiliaadressil <a href=\"mailto:tovisit@ut.ee\">tovisit@ut.ee<\/a>. Kooli panuseks j\u00e4\u00e4b n\u00e4ituse transport eelmisest kohast oma \u00f5ppeasutusse.<\/p>\n\n\t\t\t\t\t\t<\/div>\n\t\t\t\t\t<\/div>\n\t\t\t\t<\/div>\n\t\t\t\t\t\t\t<div class=\"accordion-item accordion-item--gray\">\n\t\t\t\t\t<h2 class=\"accordion-header\" id=\"accordion-69e1ec44d46e5-heading-2\">\n\t\t\t\t\t\t<button class=\"accordion-button collapsed\" type=\"button\" data-bs-toggle=\"collapse\" data-bs-target=\"#accordion-69e1ec44d46e5-collapse-2\" aria-expanded=\"true\" aria-controls=\"accordion-69e1ec44d46e5-collapse-2\">\n\t\t\t\t\t\t\tR\u00e4ndn\u00e4itus \u201cAatom ja Universum, teekond mikro- ja makromaailma s\u00fcgavustesse!\u201d\n\t\t\t\t\t\t<\/button>\n\t\t\t\t\t<\/h2>\n\t\t\t\t\t<div id=\"accordion-69e1ec44d46e5-collapse-2\" class=\"accordion-collapse collapse \" aria-labelledby=\"accordion-69e1ec44d46e5-heading-2\">\n\t\t\t\t\t\t<div class=\"accordion-body\">\n\t\t\t\t\t\t\t<p><img loading=\"lazy\" decoding=\"async\" class=\"alignright wp-image-147 \" src=\"https:\/\/sisu.ut.ee\/wp-content\/uploads\/sites\/464\/mmm_logo-287x300.jpg\" alt=\"MMM logo\" width=\"210\" height=\"219\" srcset=\"https:\/\/sisu.ut.ee\/wp-content\/uploads\/sites\/464\/mmm_logo-287x300.jpg 287w, https:\/\/sisu.ut.ee\/wp-content\/uploads\/sites\/464\/mmm_logo.jpg 635w\" sizes=\"auto, (max-width: 210px) 100vw, 210px\">Tartu \u00dclikooli Tartu observatooriumi k\u00fclastuskeskuse ja ESERO Eesti koost\u00f6\u00f6 tulemusena ning Eesti Teadusagentuuri kaasrahastusel on valminud mobiilne n\u00e4itus-\u00f5ppematerjal <strong>\u201cAatom ja Universum, teekond mikro- ja makromaailma s\u00fcgavustesse!\u201d<\/strong><\/p>\n<p>R\u00e4ndn\u00e4ituse eesm\u00e4rgiks on n\u00e4idata koolis \u00f5petatavate ainete interdistsiplinaarsust. Valminud n\u00e4itus visualiseerib meid \u00fcmbritseva maailma hoomamatut suurust. N\u00e4ituse erilisus seisneb eridistsipliinide (geograafia, bioloogia, f\u00fc\u00fcsika ja matemaatika) sidumisest \u00fcheks terviklikuks. Mobiilse n\u00e4ituse suureks eeliseks on asjaolu, et n\u00e4itust on v\u00f5imalik tellida kooli kohapeale ning k\u00fclastada kvaliteetset n\u00e4itust mugavalt koolimajast lahkumata ja seda k\u00f5ikide kooli klassidega.<\/p>\n<p>Suuruste skaala ekspositsioon selgitab suuruste muutumist ning arvude k\u00fcmnendastmetes kirjutamise viisi. Skaala algab k\u00f5ikidele inimestele teada olevast meetrist, millest \u00fchel pool kirjeldatakse aina suuremaid objekte ning teisel pool v\u00e4iksemaid objekte, andes seel\u00e4bi v\u00f5imaluse osaleda Universumi \u201ev\u00e4lja suumimisel\u201c v\u00f5i \u201esisse suumimisel\u201c. Liikudes iga sammuga erineva tabloo juurde ollakse eemaldunud planeet Maast m\u00f5ned tuhanded meetrid v\u00f5i vastupidi mindud aine sisse. N\u00e4ituse visuaalide juurde on koostatud harivad tekstid, mis kirjeldavad pildil n\u00e4htavaid objekte. N\u00e4itus laiendab \u00f5pilaste maailmapilti ning seob omavahel \u00f5pitud teadmisi \u00fcheks tervikuks.<\/p>\n<p>N\u00e4itus koosneb kolmeteistk\u00fcmnest kahepoolsest roll-up stiilis postrist, mida on kerge \u00fcles seada kooli koridori v\u00f5i saali ning lisaks kuulub n\u00e4ituse juurde ka t\u00f6\u00f6leht. T\u00f6\u00f6lehtedel olevate \u00fclesannete n\u00e4ol on tegemist \u00f5pilasi kaasava ning oma kodupiirkonnaga seoseid otsivate tegevustega. Lisaks on lihtsamaid ja juba varem \u00f5pitud teadmisi kinnistavaid \u00fclesandeid. Kahepoolne t\u00f6\u00f6leht moodustab t\u00e4itmise j\u00e4rel terviku, mis annab \u00f5pilasel hiljem v\u00f5imaluse kasutada seda kui \u00f5ppematerjali. T\u00f6\u00f6lehed saab alla laadida siitsamast kodulehelt ning \u00f5petajal on neid v\u00f5imalus ka vajadusel kohandada omale mugavamaks.<\/p>\n<p><strong>R\u00e4ndn\u00e4ituse t\u00f6\u00f6leht:<\/strong><span class=\"file media-element file-os-files-link\" data-file_info=\"%7B%22fid%22:72735,%22view_mode%22:%22os_files_link%22,%22type%22:%22media%22%7D\"> <strong><a href=\"https:\/\/sisu.ut.ee\/wp-content\/uploads\/sites\/464\/mikro-makro-mega_tooleht.docx\">mikro-makro-mega_tooleht.docx<\/a><\/strong><\/span><\/p>\n<p>R\u00e4ndn\u00e4itus on 2023\/24 \u00f5ppeaastaks t\u00e4ielikult v\u00e4lja laenutatud, laenutusgraafikut koos koolide kontaktisikuitega saab vaadata <strong><a href=\"https:\/\/sisu.ut.ee\/wp-content\/uploads\/sites\/464\/randnaituse_laenutus_2023_24.pdf\" data-fid=\"80250\">siit<\/a>.<\/strong><\/p>\n<p>K\u00f5igil koolidel, kes on huvitatud n\u00e4itusest 2024\/2025 \u00f5ppeaastaks palume kirjutada meiliaadressil <a href=\"mailto:tovisit@ut.ee\">tovisit@ut.ee<\/a>. Kooli panuseks j\u00e4\u00e4b n\u00e4ituse transport eelmisest kohast oma \u00f5ppeasutusse.<\/p>\n<p>Tartu observatoorium t\u00e4nab Tartu Tamme G\u00fcmnaasiumi bioloogia \u00f5petaja Urmas Tokkot ja T\u00dc molekulaar- ja rakubioloog Sulev Kuuske panustamast n\u00e4ituse valmimisse.<\/p>\n<p><img loading=\"lazy\" decoding=\"async\" class=\"alignleft wp-image-224\" src=\"https:\/\/sisu.ut.ee\/wp-content\/uploads\/sites\/464\/20220919_102124-1024x576.jpg\" alt=\"randnaitus_makro\" width=\"535\" height=\"301\" srcset=\"https:\/\/sisu.ut.ee\/wp-content\/uploads\/sites\/464\/20220919_102124-1024x576.jpg 1024w, https:\/\/sisu.ut.ee\/wp-content\/uploads\/sites\/464\/20220919_102124-300x169.jpg 300w, https:\/\/sisu.ut.ee\/wp-content\/uploads\/sites\/464\/20220919_102124-768x432.jpg 768w, https:\/\/sisu.ut.ee\/wp-content\/uploads\/sites\/464\/20220919_102124-1536x864.jpg 1536w, https:\/\/sisu.ut.ee\/wp-content\/uploads\/sites\/464\/20220919_102124-2048x1152.jpg 2048w, https:\/\/sisu.ut.ee\/wp-content\/uploads\/sites\/464\/20220919_102124-1920x1080.jpg 1920w\" sizes=\"auto, (max-width: 535px) 100vw, 535px\"> <img loading=\"lazy\" decoding=\"async\" class=\"alignright wp-image-223\" src=\"https:\/\/sisu.ut.ee\/wp-content\/uploads\/sites\/464\/20220919_104707-1024x576.jpg\" alt=\"ransnaitus_mikro\" width=\"535\" height=\"301\" srcset=\"https:\/\/sisu.ut.ee\/wp-content\/uploads\/sites\/464\/20220919_104707-1024x576.jpg 1024w, https:\/\/sisu.ut.ee\/wp-content\/uploads\/sites\/464\/20220919_104707-300x169.jpg 300w, https:\/\/sisu.ut.ee\/wp-content\/uploads\/sites\/464\/20220919_104707-768x432.jpg 768w, https:\/\/sisu.ut.ee\/wp-content\/uploads\/sites\/464\/20220919_104707-1536x864.jpg 1536w, https:\/\/sisu.ut.ee\/wp-content\/uploads\/sites\/464\/20220919_104707-2048x1152.jpg 2048w, https:\/\/sisu.ut.ee\/wp-content\/uploads\/sites\/464\/20220919_104707-1920x1080.jpg 1920w\" sizes=\"auto, (max-width: 535px) 100vw, 535px\"><\/p>\n<p>\u00a0<\/p>\n<p>\u00a0<\/p>\n<p>\u00a0<\/p>\n<p>\u00a0<\/p>\n<p>\u00a0<\/p>\n<p>\u00a0<\/p>\n<p>\u00a0<\/p>\n\n\t\t\t\t\t\t<\/div>\n\t\t\t\t\t<\/div>\n\t\t\t\t<\/div>\n\t\t\t\t\t<\/div>\n\t<\/div>\n\n\n<div class=\"accordion-block mb-3\">\n\t\t<div class=\"accordion \" id=\"accordion-accordion-69e1ec44d551b\">\n\t\t\t\t\t\t\t<div class=\"accordion-item accordion-item--gray\">\n\t\t\t\t\t<h2 class=\"accordion-header\" id=\"accordion-69e1ec44d551b-heading-1\">\n\t\t\t\t\t\t<button class=\"accordion-button collapsed\" type=\"button\" data-bs-toggle=\"collapse\" data-bs-target=\"#accordion-69e1ec44d551b-collapse-1\" aria-expanded=\"true\" aria-controls=\"accordion-69e1ec44d551b-collapse-1\">\n\t\t\t\t\t\t\tKosmoselaeva materjalide testimise komplekt\n\t\t\t\t\t\t<\/button>\n\t\t\t\t\t<\/h2>\n\t\t\t\t\t<div id=\"accordion-69e1ec44d551b-collapse-1\" class=\"accordion-collapse collapse \" aria-labelledby=\"accordion-69e1ec44d551b-heading-1\">\n\t\t\t\t\t\t<div class=\"accordion-body\">\n\t\t\t\t\t\t\t<p style=\"text-align: left;\"><img loading=\"lazy\" decoding=\"async\" class=\"alignright wp-image-604 \" src=\"https:\/\/sisu.ut.ee\/wp-content\/uploads\/sites\/464\/DSC7985-300x200.jpg\" alt=\"\" width=\"323\" height=\"215\" srcset=\"https:\/\/sisu.ut.ee\/wp-content\/uploads\/sites\/464\/DSC7985-300x200.jpg 300w, https:\/\/sisu.ut.ee\/wp-content\/uploads\/sites\/464\/DSC7985-1024x683.jpg 1024w, https:\/\/sisu.ut.ee\/wp-content\/uploads\/sites\/464\/DSC7985-768x512.jpg 768w, https:\/\/sisu.ut.ee\/wp-content\/uploads\/sites\/464\/DSC7985-1536x1024.jpg 1536w, https:\/\/sisu.ut.ee\/wp-content\/uploads\/sites\/464\/DSC7985-2048x1365.jpg 2048w, https:\/\/sisu.ut.ee\/wp-content\/uploads\/sites\/464\/DSC7985-1920x1280.jpg 1920w\" sizes=\"auto, (max-width: 323px) 100vw, 323px\">ESA kosmoselaeva materjalide komplekt on kasulik \u00f5ppevara, mille abil saab l\u00e4bi kosmoselaeva teema uurida mitmeid erinevaid materjale ja nende omadusi. \u00d5pilaste kasutuses on 9 erinevast materjalist kuubikut ning katsevahendid, mille abil saab uurida materjalide k\u00f5ige olulisemaid omadusi kosmoselaeva (nt nagu Orion) ehitamisel.<\/p>\n<p style=\"text-align: left;\">\u00d5pilased testivad ja uurivad kaheksat erinevat materjali. Neil on selleks kuubikud suurusega 2 cm x 2 cm x 2 cm j\u00e4rgmistest materjalidest: puit, kivi, alumiinium, vask, pol\u00fcst\u00fcreen, plast ning sulamid messing ja teras. Lisaks on\u00a0 materjalide komplektidele lisatud spetsiaalne \u00fcheksas materjal, sulam nimega Al6061 (mida kasutatakse tegelikes kosmoselaevades).<\/p>\n<p id=\"tw-target-text\" class=\"tw-data-text tw-text-large tw-ta\" dir=\"ltr\" style=\"text-align: left;\" data-placeholder=\"T\u00f5lge\"><span class=\"Y2IQFc\" lang=\"et\">Viiest tegevusest koosnev komplekt v\u00f5imaldab \u00f5pilastel tutvuda erinevate materjalide omadustega, v\u00f5rrelda ja r\u00fchmitada igap\u00e4evaseid materjale elektri- ja soojusjuhtivuse, massi, magnetismi ja kokkup\u00f5rgete alusel.<\/span><\/p>\n<p class=\"tw-data-text tw-text-large tw-ta\" dir=\"ltr\" data-placeholder=\"T\u00f5lge\">ESERO Eesti pakub koolidele v\u00f5imalust \u00f5ppet\u00f6\u00f6 toetamiseks kosmoselaeva materjalide komplekte laenutada.<\/p>\n<p class=\"tw-data-text tw-text-large tw-ta\" dir=\"ltr\" data-placeholder=\"T\u00f5lge\">\u00dcks materjalide kast sisaldab kuut karpi kaheksa erinevast materjalist kuubikuga, \u00fchte Al6061 kuubikut ning k\u00f5igiks katseteks vajalikke vahendeid. Seega sobib \u00fcks karp katsete tegemiseks kuuele \u00f5pilasele v\u00f5i \u00f5pilasr\u00fchmale. Kaste kokku on v\u00e4lja laenutamiseks kaheksa. Kastidega tulevad kaasa eestikeelsed juhendid nii \u00f5petajale kui \u00f5pilasele.<\/p>\n<p class=\"tw-data-text tw-text-large tw-ta\" dir=\"ltr\" data-placeholder=\"T\u00f5lge\"><a href=\"https:\/\/sisu.ut.ee\/wp-content\/uploads\/sites\/464\/Kosmoselaeva_materjalide_komplekt_juhendajale2024.pdf\" data-fid=\"73652\">Kosmoselaeva materjalide komplekti juhend \u00f5petajale<\/a><\/p>\n<p class=\"tw-data-text tw-text-large tw-ta\" dir=\"ltr\" data-placeholder=\"T\u00f5lge\"><a href=\"https:\/\/sisu.ut.ee\/wp-content\/uploads\/sites\/464\/Kosmoselaeva_materjalide_komplekt_2024_opilane.pdf\" data-fid=\"73653\">Kosmoselaeva materjalide komplekti t\u00f6\u00f6leht \u00f5pilasele<\/a><\/p>\n<p class=\"tw-data-text tw-text-large tw-ta\" dir=\"ltr\" data-placeholder=\"T\u00f5lge\"><strong>Kosmoselaeva materjalide komplekti laenutamiseks kirjuta esero@ut.ee.<\/strong><\/p>\n<p class=\"tw-data-text tw-text-large tw-ta\" dir=\"ltr\" data-placeholder=\"T\u00f5lge\">Komplekte laenutatakse v\u00e4lja tasuta, kooli kanda j\u00e4\u00e4b vaid karpide transpordikulu.<\/p>\n<p class=\"tw-data-text tw-text-large tw-ta\" dir=\"ltr\" data-placeholder=\"T\u00f5lge\">Rohkem infot katsekomplektide koha ning inglise keelsed \u00f5ppevideod on leitavad <a title=\"\" href=\"https:\/\/www.esa.int\/Education\/Teachers_Corner\/Spacecraft_materials_kit_-_Discovering_the_different_properties_of_materials_Teach_with_space_PR07\" target=\"_blank\" rel=\"noopener\" data-url=\"https:\/\/www.esa.int\/Education\/Teachers_Corner\/Spacecraft_materials_kit_-_Discovering_the_different_properties_of_materials_Teach_with_space_PR07\">siit<\/a>.<\/p>\n\n\t\t\t\t\t\t<\/div>\n\t\t\t\t\t<\/div>\n\t\t\t\t<\/div>\n\t\t\t\t\t<\/div>\n\t<\/div>\n\n\n<div class=\"accordion-block mb-3\">\n\t\t<div class=\"accordion \" id=\"accordion-accordion-69e1ec44d5b84\">\n\t\t\t\t\t\t\t<div class=\"accordion-item accordion-item--gray\">\n\t\t\t\t\t<h2 class=\"accordion-header\" id=\"accordion-69e1ec44d5b84-heading-1\">\n\t\t\t\t\t\t<button class=\"accordion-button collapsed\" type=\"button\" data-bs-toggle=\"collapse\" data-bs-target=\"#accordion-69e1ec44d5b84-collapse-1\" aria-expanded=\"true\" aria-controls=\"accordion-69e1ec44d5b84-collapse-1\">\n\t\t\t\t\t\t\tR\u00e4ndn\u00e4itus \"Tere, Maa!\"\n\t\t\t\t\t\t<\/button>\n\t\t\t\t\t<\/h2>\n\t\t\t\t\t<div id=\"accordion-69e1ec44d5b84-collapse-1\" class=\"accordion-collapse collapse \" aria-labelledby=\"accordion-69e1ec44d5b84-heading-1\">\n\t\t\t\t\t\t<div class=\"accordion-body\">\n\t\t\t\t\t\t\t<p>Keskkonnainvesteeringute Keskuse abil on Tartu observatooriumi teadlased kokku pannud n\u00e4ituse tutvustamaks \u00f6koloogilise tasakaalu olulisust l\u00e4bi t\u00e4nap\u00e4evase kosmosetehnoloogia rakenduse \u2013 satelliitkaugseire.<\/p>\n<p><b>R\u00e4ndn\u00e4itus koosneb<img loading=\"lazy\" decoding=\"async\" class=\"alignright wp-image-625 size-medium\" src=\"https:\/\/sisu.ut.ee\/wp-content\/uploads\/sites\/464\/tere_maa_naidis_kaevandused-300x267.jpg\" alt=\"\" width=\"300\" height=\"267\" srcset=\"https:\/\/sisu.ut.ee\/wp-content\/uploads\/sites\/464\/tere_maa_naidis_kaevandused-300x267.jpg 300w, https:\/\/sisu.ut.ee\/wp-content\/uploads\/sites\/464\/tere_maa_naidis_kaevandused-768x684.jpg 768w, https:\/\/sisu.ut.ee\/wp-content\/uploads\/sites\/464\/tere_maa_naidis_kaevandused.jpg 983w\" sizes=\"auto, (max-width: 300px) 100vw, 300px\"><img loading=\"lazy\" decoding=\"async\" class=\"size-medium wp-image-624 alignright\" src=\"https:\/\/sisu.ut.ee\/wp-content\/uploads\/sites\/464\/tere_maa_naidis_pollud-220x300.jpg\" alt=\"\" width=\"220\" height=\"300\" srcset=\"https:\/\/sisu.ut.ee\/wp-content\/uploads\/sites\/464\/tere_maa_naidis_pollud-220x300.jpg 220w, https:\/\/sisu.ut.ee\/wp-content\/uploads\/sites\/464\/tere_maa_naidis_pollud-749x1024.jpg 749w, https:\/\/sisu.ut.ee\/wp-content\/uploads\/sites\/464\/tere_maa_naidis_pollud-768x1049.jpg 768w, https:\/\/sisu.ut.ee\/wp-content\/uploads\/sites\/464\/tere_maa_naidis_pollud.jpg 794w\" sizes=\"auto, (max-width: 220px) 100vw, 220px\"><\/b><\/p>\n<ul>\n<li><strong>viiest\u00a0riputatavast postrist, mille m\u00f5\u00f5tmed on 1 m <\/strong>x\u00a0<strong>1,2 m, ja viiest\u00a0<em>roll-up-<\/em>stendist.\u00a0<\/strong>Materjali poolest on postrid k\u00fcllatki kerged ning kinnituseks on tagak\u00fcljel konksud. Kaasas on j\u00f5hvi n\u00e4ituse \u00fcles riputamiseks. N\u00e4ituse transpordiks on spetsiaalsed vutlarid;<\/li>\n<li><strong>m\u00e4lupulgast, millel on n\u00e4itust toetavad eestikeelsed videod\u00a0koos t\u00f6\u00f6lehtedega.\u00a0<\/strong>Videoid ja t\u00f6\u00f6lehti saab alla laadida ka allolevatel linkidel kl\u00f5psates.\n<ul>\n<li><a title=\"\" href=\"https:\/\/kaugseire.ee\/kaugseiret-tutvustavad-videod\" target=\"_blank\" rel=\"noopener\" data-url=\"https:\/\/kaugseire.ee\/kaugseiret-tutvustavad-videod\">Videod<\/a><\/li>\n<li><span class=\"file media-element file-os-files-link\" data-file_info=\"%7B%22fid%22:%2237606%22,%22view_mode%22:%22os_files_link%22,%22type%22:%22media%22%7D\"><img decoding=\"async\" class=\"file-icon lazy error\" src=\"https:\/\/kaugseire.ee\/profiles\/openscholar\/modules\/os\/modules\/os_files\/icons\/application-pdf.svg\" alt=\"\" data-src=\"\/profiles\/openscholar\/modules\/os\/modules\/os_files\/icons\/application-pdf.svg\" data-was-processed=\"true\"> <a href=\"https:\/\/sisu.ut.ee\/wp-content\/uploads\/sites\/340\/kaugseire_tooleht.pdf\">T\u00f6\u00f6lehed<\/a><\/span><\/li>\n<\/ul>\n<\/li>\n<\/ul>\n<p>Kooli kanda j\u00e4\u00e4vad kulud r\u00e4ndn\u00e4ituse oma \u00f5ppeasutusse toimetamiseks.<\/p>\n<p>N\u00e4itus j\u00e4\u00e4b kooli kaheks n\u00e4dalaks.<\/p>\n<p><strong>N\u00e4ituse tellimine: <\/strong> <a href=\"mailto:tovisit@ut.ee\">tovisit@ut.ee<\/a><\/p>\n\n\t\t\t\t\t\t<\/div>\n\t\t\t\t\t<\/div>\n\t\t\t\t<\/div>\n\t\t\t\t\t<\/div>\n\t<\/div>\n\n\n<div class=\"accordion-block mb-3\">\n\t\t<div class=\"accordion \" id=\"accordion-accordion-69e1ec44d639f\">\n\t\t\t\t\t\t\t<div class=\"accordion-item accordion-item--gray\">\n\t\t\t\t\t<h2 class=\"accordion-header\" id=\"accordion-69e1ec44d639f-heading-1\">\n\t\t\t\t\t\t<button class=\"accordion-button collapsed\" type=\"button\" data-bs-toggle=\"collapse\" data-bs-target=\"#accordion-69e1ec44d639f-collapse-1\" aria-expanded=\"true\" aria-controls=\"accordion-69e1ec44d639f-collapse-1\">\n\t\t\t\t\t\t\tR\u00e4ndn\u00e4itus \"Kosmosetehnoloogia meie elus\"\n\t\t\t\t\t\t<\/button>\n\t\t\t\t\t<\/h2>\n\t\t\t\t\t<div id=\"accordion-69e1ec44d639f-collapse-1\" class=\"accordion-collapse collapse \" aria-labelledby=\"accordion-69e1ec44d639f-heading-1\">\n\t\t\t\t\t\t<div class=\"accordion-body\">\n\t\t\t\t\t\t\t<p><strong>R\u00e4ndn\u00e4itus koosneb<\/strong><\/p>\n<ul>\n<li><strong>seitsmest\u00a0postrist, mille m\u00f5\u00f5tmed on 1 m x 1,2 m;<\/strong><\/li>\n<li><strong>m\u00e4lupulgast, millel on r\u00e4ndn\u00e4itust toetavad videod\u00a0eestikeelsete subtiitritega.<\/strong><\/li>\n<\/ul>\n<p>Postrid ning nende \u00fclesriputamise soovitatav j\u00e4rjekord on\u00a0j\u00e4rgmine:<\/p>\n<ol>\n<li>kaugseire,<\/li>\n<li>satelliidid,<\/li>\n<li>ESTCube-1,<\/li>\n<li>satelliitside,<\/li>\n<li>GNSS,<\/li>\n<li>kosmosetehnoloogia rakendused.<\/li>\n<\/ol>\n<p>Materjali poolest on postrid k\u00fcllatki kerged ning kinnituseks on tagak\u00fcljel konksud. Kaasas on j\u00f5hvi n\u00e4ituse \u00fcles riputamiseks. N\u00e4ituse transpordiks on spetsiaalne vutlar, kuhu tuleks postrid kahe kaupa \u201cn\u00e4gupidi\u201d kokku panna, v\u00e4hendamaks nende kahjustusi transpordil.<\/p>\n<p>Kooli kanda j\u00e4\u00e4vad kulud r\u00e4ndn\u00e4ituse oma kooli toimetamiseks. Reede p\u00e4eval\/\u00f5htul oleks k\u00f5ige m\u00f5istlikum n\u00e4itus maha v\u00f5tta ja edasi saata ning esmasp\u00e4eva\/teisip\u00e4eva hommikul \u2013 olenevalt kullerist \u2013 uues koolis \u00fcles riputada.<\/p>\n<p><strong>N\u00e4ituse tellimine:\u00a0<\/strong><a href=\"mailto:tovisit@ut.ee\">tovisit@ut.ee<\/a><\/p>\n<p><img loading=\"lazy\" decoding=\"async\" class=\"alignnone size-medium wp-image-633\" src=\"https:\/\/sisu.ut.ee\/wp-content\/uploads\/sites\/464\/kosmosetehnoloogia_meie_elus-300x200.jpg\" alt=\"\" width=\"300\" height=\"200\" srcset=\"https:\/\/sisu.ut.ee\/wp-content\/uploads\/sites\/464\/kosmosetehnoloogia_meie_elus-300x200.jpg 300w, https:\/\/sisu.ut.ee\/wp-content\/uploads\/sites\/464\/kosmosetehnoloogia_meie_elus-1024x683.jpg 1024w, https:\/\/sisu.ut.ee\/wp-content\/uploads\/sites\/464\/kosmosetehnoloogia_meie_elus-768x512.jpg 768w, https:\/\/sisu.ut.ee\/wp-content\/uploads\/sites\/464\/kosmosetehnoloogia_meie_elus-1536x1024.jpg 1536w, https:\/\/sisu.ut.ee\/wp-content\/uploads\/sites\/464\/kosmosetehnoloogia_meie_elus-2048x1365.jpg 2048w, https:\/\/sisu.ut.ee\/wp-content\/uploads\/sites\/464\/kosmosetehnoloogia_meie_elus-1920x1280.jpg 1920w\" sizes=\"auto, (max-width: 300px) 100vw, 300px\"> <img loading=\"lazy\" decoding=\"async\" class=\"alignnone size-medium wp-image-634\" src=\"https:\/\/sisu.ut.ee\/wp-content\/uploads\/sites\/464\/kosmosetehnoloogia_meie_elus_2-300x200.jpg\" alt=\"\" width=\"300\" height=\"200\" srcset=\"https:\/\/sisu.ut.ee\/wp-content\/uploads\/sites\/464\/kosmosetehnoloogia_meie_elus_2-300x200.jpg 300w, https:\/\/sisu.ut.ee\/wp-content\/uploads\/sites\/464\/kosmosetehnoloogia_meie_elus_2-1024x683.jpg 1024w, https:\/\/sisu.ut.ee\/wp-content\/uploads\/sites\/464\/kosmosetehnoloogia_meie_elus_2-768x512.jpg 768w, https:\/\/sisu.ut.ee\/wp-content\/uploads\/sites\/464\/kosmosetehnoloogia_meie_elus_2-1536x1024.jpg 1536w, https:\/\/sisu.ut.ee\/wp-content\/uploads\/sites\/464\/kosmosetehnoloogia_meie_elus_2-2048x1365.jpg 2048w, https:\/\/sisu.ut.ee\/wp-content\/uploads\/sites\/464\/kosmosetehnoloogia_meie_elus_2-1920x1280.jpg 1920w\" sizes=\"auto, (max-width: 300px) 100vw, 300px\"><\/p>\n<p>\u00a0<\/p>\n\n\t\t\t\t\t\t<\/div>\n\t\t\t\t\t<\/div>\n\t\t\t\t<\/div>\n\t\t\t\t\t<\/div>\n\t<\/div>\n","protected":false},"excerpt":{"rendered":"","protected":false},"author":241,"featured_media":0,"parent":0,"menu_order":0,"comment_status":"closed","ping_status":"closed","template":"","meta":{"_acf_changed":false,"inline_featured_image":false,"footnotes":""},"class_list":["post-601","page","type-page","status-publish","hentry"],"acf":[],"_links":{"self":[{"href":"https:\/\/sisu.ut.ee\/esero\/wp-json\/wp\/v2\/pages\/601","targetHints":{"allow":["GET"]}}],"collection":[{"href":"https:\/\/sisu.ut.ee\/esero\/wp-json\/wp\/v2\/pages"}],"about":[{"href":"https:\/\/sisu.ut.ee\/esero\/wp-json\/wp\/v2\/types\/page"}],"author":[{"embeddable":true,"href":"https:\/\/sisu.ut.ee\/esero\/wp-json\/wp\/v2\/users\/241"}],"replies":[{"embeddable":true,"href":"https:\/\/sisu.ut.ee\/esero\/wp-json\/wp\/v2\/comments?post=601"}],"version-history":[{"count":30,"href":"https:\/\/sisu.ut.ee\/esero\/wp-json\/wp\/v2\/pages\/601\/revisions"}],"predecessor-version":[{"id":3085,"href":"https:\/\/sisu.ut.ee\/esero\/wp-json\/wp\/v2\/pages\/601\/revisions\/3085"}],"wp:attachment":[{"href":"https:\/\/sisu.ut.ee\/esero\/wp-json\/wp\/v2\/media?parent=601"}],"curies":[{"name":"wp","href":"https:\/\/api.w.org\/{rel}","templated":true}]}}