{"id":58,"date":"2024-04-04T06:47:06","date_gmt":"2024-04-04T03:47:06","guid":{"rendered":"https:\/\/sisu.ut.ee\/esero\/missioon-x-treeni-nagu-astronaut\/"},"modified":"2025-10-16T13:54:27","modified_gmt":"2025-10-16T10:54:27","slug":"missioon-x","status":"publish","type":"page","link":"https:\/\/sisu.ut.ee\/esero\/missioon-x\/","title":{"rendered":"Missioon X: treeni nagu astronaut!"},"content":{"rendered":"<p style=\"margin-bottom: 0cm; text-align: justify;\"><a href=\"https:\/\/trainlikeanastronaut.org\/\"><img loading=\"lazy\" decoding=\"async\" width=\"1000\" height=\"1000\" class=\"alignnone wp-image-76\" style=\"width: 286px; height: 286px; float: right;\" title=\"mission_x_training_like_an_astronaut_key_visual.png\" src=\"https:\/\/sisu.ut.ee\/wp-content\/uploads\/sites\/464\/mission_x_training_like_an_astronaut_key_visual.png\" alt=\"missioonx\" srcset=\"https:\/\/sisu.ut.ee\/wp-content\/uploads\/sites\/464\/mission_x_training_like_an_astronaut_key_visual.png 1000w, https:\/\/sisu.ut.ee\/wp-content\/uploads\/sites\/464\/mission_x_training_like_an_astronaut_key_visual-300x300.png 300w, https:\/\/sisu.ut.ee\/wp-content\/uploads\/sites\/464\/mission_x_training_like_an_astronaut_key_visual-150x150.png 150w, https:\/\/sisu.ut.ee\/wp-content\/uploads\/sites\/464\/mission_x_training_like_an_astronaut_key_visual-768x768.png 768w\" sizes=\"auto, (max-width: 1000px) 100vw, 1000px\"><\/a><\/p>\n<p style=\"text-align: justify; background: white; margin: 0cm 0cm 18.0pt 0cm;\"><strong><span style=\"font-family: Rubik; color: #4b4b4b;\">MISSION X: treeni nagu astronaut<\/span><\/strong><span style=\"font-family: Rubik; color: #4b4b4b;\">\u00a0on kosmoseteadlaste, fitness-spetsialistide ja astronautide poolt <strong>kuni\u00a0<\/strong><strong style=\"box-sizing: border-box;\"><span style=\"font-family: Rubik;\">14-aastastele<\/span><\/strong>\u00a0noortele loodud rahvusvaheline haridusprogramm. \u00dcleskutse tegevustes osaledes areneb \u00f5pilastes: teaduslik\u00a0 m\u00f5tteviis, koost\u00f6\u00f6oskus, keha\u00a0 vastupidavus, koordinatsioon, tasakaal ja ruumitaju. Lisaks selgitatakse tervisliku toitumise ja liikumise olulisust nii astronautide kui ka meie igap\u00e4evaelus. \u00dcleskutse tegevusi lahendades on v\u00f5imalus koguda samme ning seel\u00e4bi aidata Mission X tegelastel Leol ja Lunal j\u00f5uda Kuule ehk k\u00f5ndida 384 400 kilomeetrit. Sammude hulka ja kogumise kiirust saab v\u00f5rrelda k\u00f5ikide osalejate vahel \u00fcle maailma.<\/span><\/p>\n<p><strong>2024\/2025 \u00f5ppeaastal pakume kiirematele osalevatele meeskondadele motivatsiooni hoidmiseks ja arengu j\u00e4lgimiseks metallist tegevustahvlit koos magnetiliste tegevusm\u00e4rgistega.<\/strong><\/p>\n<p>Tegevustahvli saamiseks tuleb meeskonnal end registreerida<strong>\u00a0<\/strong><a href=\"https:\/\/trainlikeanastronaut.org\/et\/\" target=\"_blank\" rel=\"noopener\"><strong>Mission X: train like an astronaut kodulehel<\/strong>\u00a0<\/a>ning teha l\u00e4bi ja sisestada<strong>\u00a0kolm tegevust\u00a0<\/strong>Mission X \u00f5ppematerjalide kogumikust.<\/p>\n<p>\u00dcleskutse sammude sisestamine algab\u00a0<strong>19. septembril 2025 <\/strong>ning kestab kuni\u00a0<strong>14. augustini\u00a0 2026<\/strong>.<\/p>\n<p>Osale julgelt, sest aktiivsemaid meeskondi tunnustame hooaja l\u00f5pus!<\/p>\n<hr>\n<p>Astronaudiks treenimise ja \u00fcleskutses osalemise paremaks j\u00e4lgimiseks oleme v\u00e4lja andnud eestikeelse <strong>\u00f5ppematerjalide kogumiku<\/strong>, mis sisaldab <strong>40 eriilmelist<\/strong> liikumise, loovuse ja uurimisega seotud \u00f5pitegevust. \u00d5ppematerjali sisukorras (lk 5-7) saab \u00fclevaate \u00f5pitegevuste sihtr\u00fchmast: alusharidus, I, II ja III kooliaste ning teemap\u00e4ev. \u00dcksikud tegevused on leitavad \u00f5ppematerjalide alt.<\/p>\n\n\n<div class=\"wp-block-buttons is-layout-flex wp-block-buttons-is-layout-flex\">\n<div class=\"wp-block-button has-custom-width wp-block-button__width-75 is-style-outline is-style-outline--1\"><a class=\"wp-block-button__link has-light-color has-secondary-background-color has-text-color has-background has-link-color has-regular-font-size has-custom-font-size wp-element-button\" href=\"https:\/\/sisu.ut.ee\/wp-content\/uploads\/sites\/464\/Mission-X-t2iskogumik-UUS.pdf\" style=\"border-radius:6px;padding-top:0;padding-right:var(--wp--preset--spacing--30);padding-bottom:0;padding-left:var(--wp--preset--spacing--30)\" target=\"_blank\" rel=\"noreferrer noopener\">Mission X: treeni nagu astronaut. \u00d5ppematerjalide kogumik.<\/a><\/div>\n<\/div>\n\n\n\n<p>Treenimise meeldetuletuseks on v\u00f5imalus printida <strong>Misson X plakat<\/strong>. Samuti v\u00f5ib seda kasutada ka nii klassiruumi kaunistamiseks kui t\u00e4helepanu haaramiseks. \u00d5pitegevuste edusammude j\u00e4lgimiseks ja j\u00e4rjepidamiseks saab printida vahva <strong>tegevustahvli<\/strong> koos pilkup\u00fc\u00fcdvate <strong>m\u00e4rgistega<\/strong>. Iga \u00f5pitegevuse kohta on \u00fcks m\u00e4rgis.<\/p>\n\n\n<div class=\"wp-block-group is-layout-constrained wp-block-group-is-layout-constrained\">\n<div class=\"wp-block-buttons has-custom-font-size has-regular-font-size is-content-justification-space-between is-layout-flex wp-container-core-buttons-is-layout-3d213aab wp-block-buttons-is-layout-flex\">\n<div class=\"wp-block-button has-custom-width wp-block-button__width-75 is-style-outline is-style-outline--2\"><a class=\"wp-block-button__link has-regular-font-size has-text-align-left has-custom-font-size wp-element-button\" href=\"https:\/\/sisu.ut.ee\/wp-content\/uploads\/sites\/464\/MissionX_plakat.pdf\" style=\"border-radius:6px;padding-top:0;padding-right:var(--wp--preset--spacing--30);padding-bottom:0;padding-left:var(--wp--preset--spacing--30)\" target=\"_blank\" rel=\"noreferrer noopener\">Mission X: treeni nagu astronaut. Reklaamplakat klassiuksele v\u00f5i seinale.<\/a><\/div>\n<\/div>\n<\/div>\n\n\n\n<div class=\"wp-block-buttons is-layout-flex wp-block-buttons-is-layout-flex\">\n<div class=\"wp-block-button has-custom-width wp-block-button__width-75 is-style-outline is-style-outline--3\"><a class=\"wp-block-button__link has-regular-font-size has-custom-font-size wp-element-button\" href=\"https:\/\/sisu.ut.ee\/wp-content\/uploads\/sites\/464\/MissionX_tegevuste_plakat.pdf\" style=\"border-radius:6px;padding-top:0;padding-right:var(--wp--preset--spacing--30);padding-bottom:0;padding-left:var(--wp--preset--spacing--30)\" target=\"_blank\" rel=\"noreferrer noopener\">Mission X: treeni nagu astronaut. Tegevustahvel \u00f5pitegevuste m\u00e4rkimiseks.<\/a><\/div>\n<\/div>\n\n\n\n<div class=\"wp-block-buttons is-layout-flex wp-block-buttons-is-layout-flex\">\n<div class=\"wp-block-button has-custom-width wp-block-button__width-75 is-style-outline is-style-outline--4\"><a class=\"wp-block-button__link has-regular-font-size has-custom-font-size wp-element-button\" href=\"https:\/\/sisu.ut.ee\/wp-content\/uploads\/sites\/464\/MissionX_tegevuste_margised.pdf\" style=\"border-radius:6px;padding-top:0;padding-right:var(--wp--preset--spacing--30);padding-bottom:0;padding-left:var(--wp--preset--spacing--30)\">Mission X: treeni nagu astronaut. Tegevustahvlile \u00f5pitegevuste m\u00e4rgised (42 tk).<\/a><\/div>\n<\/div>\n\n\n\n<p><\/p>\n\n\n\n<p><strong>Pane t\u00e4hele, et tegevused ja sammud l\u00e4hevad arvestusse ainult siis, kui need on sisestatud <a href=\"https:\/\/trainlikeanastronaut.org\/et\/\" target=\"_blank\" rel=\"noreferrer noopener\">Mission X: train like on astronaut kodulehel<\/a>!<\/strong><\/p>\n","protected":false},"excerpt":{"rendered":"<p>MISSION X: treeni nagu astronaut\u00a0on kosmoseteadlaste, fitness-spetsialistide ja astronautide poolt kuni\u00a014-aastastele\u00a0noortele loodud rahvusvaheline haridusprogramm. \u00dcleskutse tegevustes osaledes areneb \u00f5pilastes: teaduslik\u00a0 m\u00f5tteviis, koost\u00f6\u00f6oskus, keha\u00a0 vastupidavus, koordinatsioon, tasakaal ja ruumitaju. Lisaks selgitatakse tervisliku toitumise ja liikumise olulisust nii astronautide kui ka meie &#8230;<\/p>\n","protected":false},"author":241,"featured_media":985,"parent":0,"menu_order":0,"comment_status":"closed","ping_status":"closed","template":"","meta":{"_acf_changed":false,"inline_featured_image":false,"footnotes":""},"class_list":["post-58","page","type-page","status-publish","has-post-thumbnail","hentry"],"acf":[],"_links":{"self":[{"href":"https:\/\/sisu.ut.ee\/esero\/wp-json\/wp\/v2\/pages\/58","targetHints":{"allow":["GET"]}}],"collection":[{"href":"https:\/\/sisu.ut.ee\/esero\/wp-json\/wp\/v2\/pages"}],"about":[{"href":"https:\/\/sisu.ut.ee\/esero\/wp-json\/wp\/v2\/types\/page"}],"author":[{"embeddable":true,"href":"https:\/\/sisu.ut.ee\/esero\/wp-json\/wp\/v2\/users\/241"}],"replies":[{"embeddable":true,"href":"https:\/\/sisu.ut.ee\/esero\/wp-json\/wp\/v2\/comments?post=58"}],"version-history":[{"count":30,"href":"https:\/\/sisu.ut.ee\/esero\/wp-json\/wp\/v2\/pages\/58\/revisions"}],"predecessor-version":[{"id":2594,"href":"https:\/\/sisu.ut.ee\/esero\/wp-json\/wp\/v2\/pages\/58\/revisions\/2594"}],"wp:featuredmedia":[{"embeddable":true,"href":"https:\/\/sisu.ut.ee\/esero\/wp-json\/wp\/v2\/media\/985"}],"wp:attachment":[{"href":"https:\/\/sisu.ut.ee\/esero\/wp-json\/wp\/v2\/media?parent=58"}],"curies":[{"name":"wp","href":"https:\/\/api.w.org\/{rel}","templated":true}]}}