{"id":56,"date":"2024-04-04T06:47:06","date_gmt":"2024-04-04T03:47:06","guid":{"rendered":"https:\/\/sisu.ut.ee\/esero\/cansat\/"},"modified":"2025-11-17T15:32:16","modified_gmt":"2025-11-17T13:32:16","slug":"cansat","status":"publish","type":"page","link":"https:\/\/sisu.ut.ee\/esero\/cansat\/","title":{"rendered":"CanSat \u2013 purksatelliit"},"content":{"rendered":"<p><strong><img loading=\"lazy\" decoding=\"async\" class=\"alignright wp-image-959 \" src=\"https:\/\/sisu.ut.ee\/wp-content\/uploads\/sites\/464\/17_CanSat_sizing_1-883x1024.png\" alt=\"\" width=\"302\" height=\"350\" srcset=\"https:\/\/sisu.ut.ee\/wp-content\/uploads\/sites\/464\/17_CanSat_sizing_1-883x1024.png 883w, https:\/\/sisu.ut.ee\/wp-content\/uploads\/sites\/464\/17_CanSat_sizing_1-259x300.png 259w, https:\/\/sisu.ut.ee\/wp-content\/uploads\/sites\/464\/17_CanSat_sizing_1-768x890.png 768w, https:\/\/sisu.ut.ee\/wp-content\/uploads\/sites\/464\/17_CanSat_sizing_1.png 1242w\" sizes=\"auto, (max-width: 302px) 100vw, 302px\">CanSati \u00fcleskutse<\/strong> on purksatelliidi ehitamise ja lennutamise v\u00f5istlus,\u00a0kus\u00a0saavad osaleda <strong>14\u201419-aastased<\/strong> noored 3\u20146-liikmelise tiimina.<\/p>\n<p>V\u00f5istkonna \u00fclesandeks on ehitada ja lennutada purksatelliit \u2013 CanSat. See pisike satelliit simuleerib p\u00e4ris satelliiti, olles mahu ja kuju poolest sama suur kui karastusjoogi purk. \u00d5pilaste \u00fclesanne on mahutada k\u00f5ik peamised satelliidis olevad alams\u00fcsteemid, nagu n\u00e4iteks toite- ja sides\u00fcsteem ning andurid, pisikesse purki. CanSat saadetakse raketiga ligikaudu \u00fche kilomeetri k\u00f5rgusele v\u00f5i lastakse alla platvormilt, droonilt v\u00f5i kuuma\u00f5hupallist.<\/p>\n<p>Purksatelliit peab t\u00e4itma ka <strong>kahte \u00fclesannet ehk missiooni<\/strong>. Neist peamine, kohustuslik missioon eeldab, et \u00f5pilaste ehitatud satelliit m\u00f5\u00f5dab \u00f5hutemperatuuri ja -r\u00f5hku ning edastab andmed igal sekundi kohta maapealsele sidejaamale. Teise \u00fclesande v\u00f5ivad \u00f5pilased ise valida. See v\u00f5ib endast kujutada nii teadus- kui ka n\u00e4iteks insenertehnilist katset. <span class=\"TextRun SCXW162736391 BCX9\" lang=\"EN-US\" xml:lang=\"EN-US\" data-contrast=\"none\"><span class=\"NormalTextRun SCXW162736391 BCX9\">Osalejad v\u00f5ivad noppida ideid reaalsetest satelliitmissioonidest v\u00f5i koguda hoopiski teaduslikke andmeid m\u00f5ne konkreetse projekti tarbeks. Samuti on v\u00f5imalus teha demonstratsiooni \u00f5pilaste enda projekteeritud tehnoloogia<\/span><span class=\"NormalTextRun SCXW162736391 BCX9\">komponendile<\/span><span class=\"NormalTextRun SCXW162736391 BCX9\">. <a href=\"https:\/\/cansat.esa.int\/et\/\" target=\"_blank\" rel=\"noopener\">Loe l\u00e4hemalt siit.<\/a><\/span><\/span>\u00a0<\/p>\n\n\n<p><\/p>\n\n\n\n<p>L\u00f5ppv\u00f5istlusel selgitatakse v\u00e4lja Eesti parim v\u00f5istkond kelle <strong>peaauhinnaks on reis koos juhendajaga Hollandisse<\/strong> ESA ESTEC kosmosekeskusesse (reisikulud h\u00fcvitatakse 300 euro ulatuses, kohapeal \u00f6\u00f6bimine ja tegevused on tasuta). Auhinnareis v\u00f5itjatiimile toimub <strong>17-19 juuni 2026<\/strong>.<\/p>\n\n\n\n<p>Lisaks selguvad kohapeal ka teiste alavoorude parimad, kellele on samuti v\u00e4lja pandud m\u00f5nusad auhinnad. <\/p>\n\n\n\n<p>CanSat Eesti 2025\/2026 hooaja \u00fclekutses osalemiseks tuleb esitada k\u00f5ik n\u00f5utud t\u00f6\u00f6etapid \u00f5igeks t\u00e4htajaks. Esimese etapi aruande t\u00e4htaeg on <strong>28. november 2025<\/strong>, selleks on esialgse disaini esitamine. L\u00f5pparuande esitamise t\u00e4htaeg on <strong>27. veebruar 2026.<\/strong><\/p>\n\n\n<p>Kindlasti tutvuge ka \u00fcleskutsel osalemise t\u00e4psemate tingimustega, mis on k\u00f5ik v\u00e4lja toodud CanSati \u00fcleskutse juhendis.<\/p>\n\n\n<div class=\"wp-block-buttons is-layout-flex wp-block-buttons-is-layout-flex\">\n<div class=\"wp-block-button\"><a class=\"wp-block-button__link wp-element-button\" href=\"https:\/\/sisu.ut.ee\/wp-content\/uploads\/sites\/464\/CanSat_Eesti_juhend_2025-2026.pdf\" target=\"_blank\" rel=\"noreferrer noopener\">CanSati \u00fcleskutse juhend<\/a><\/div>\n<\/div>\n\n\n<p>CanSat aruannete tegemiseks oleme valmis meisterdanud aruande p\u00f5hja, mida saab mugavasti kasutada igas aruande etapis. Lihtsalt laadige fail alla ja t\u00e4itke oma meeskonna andmetega vastavalt juhendile.<\/p>\n\n\n<div class=\"wp-block-buttons is-layout-flex wp-block-buttons-is-layout-flex\">\n<div class=\"wp-block-button\"><a class=\"wp-block-button__link wp-element-button\" href=\"https:\/\/sisu.ut.ee\/wp-content\/uploads\/sites\/464\/CanSat_aruandevorm.docx\" target=\"_blank\" rel=\"noreferrer noopener\">CanSat aruande p\u00f5hi<\/a><\/div>\n<\/div>\n\n\n<p>Lisaks saavad k\u00f5ik osalised tutvuda ka \u017e\u00fcrii hindamistabeliga, et arvestada mille eest ning kui palju v\u00f5istlustel punkte jagatakse.<\/p>\n\n\n<div class=\"wp-block-buttons is-layout-flex wp-block-buttons-is-layout-flex\">\n<div class=\"wp-block-button\"><a class=\"wp-block-button__link wp-element-button\" href=\"https:\/\/sisu.ut.ee\/wp-content\/uploads\/sites\/464\/CanSat_hindamine_2025-2026.xlsx\" target=\"_blank\" rel=\"noreferrer noopener\">CanSat \u017e\u00fcrii hindamistabel<\/a><\/div>\n<\/div>\n\n\n<p>CanSat Eesti 2025\/2026 hooajale annab tuult tiibadesse <strong>Eesti Masinat\u00f6\u00f6stuse Liit<\/strong>.<br><a href=\"https:\/\/emliit.ee\/et\/\" target=\"_blank\" rel=\"noopener\"><img loading=\"lazy\" decoding=\"async\" class=\"alignleft wp-image-2602\" src=\"https:\/\/sisu.ut.ee\/wp-content\/uploads\/sites\/464\/EML-logo-vektoris-01.png\" alt=\"\" width=\"150\" height=\"105\"><\/a><\/p>\n<p>\u00a0<\/p>\n<p>\u00a0<\/p>\n<p>\u00a0<\/p>\n<p>Lisainformatsiooni saamiseks ja k\u00fcsimuste tekkimise korral v\u00f5tke \u00fchendust aadressil tonis.ruutel@ut.ee.<\/p>","protected":false},"excerpt":{"rendered":"<p>CanSati \u00fcleskutse on purksatelliidi ehitamise ja lennutamise v\u00f5istlus,\u00a0kus\u00a0saavad osaleda 14\u201419-aastased noored 3\u20146-liikmelise tiimina. V\u00f5istkonna \u00fclesandeks on ehitada ja lennutada purksatelliit \u2013 CanSat. See pisike satelliit simuleerib p\u00e4ris satelliiti, olles mahu ja kuju poolest sama suur kui karastusjoogi purk. \u00d5pilaste \u00fclesanne &#8230;<\/p>\n","protected":false},"author":241,"featured_media":982,"parent":0,"menu_order":0,"comment_status":"closed","ping_status":"closed","template":"","meta":{"_acf_changed":false,"inline_featured_image":false,"footnotes":""},"class_list":["post-56","page","type-page","status-publish","has-post-thumbnail","hentry"],"acf":[],"_links":{"self":[{"href":"https:\/\/sisu.ut.ee\/esero\/wp-json\/wp\/v2\/pages\/56","targetHints":{"allow":["GET"]}}],"collection":[{"href":"https:\/\/sisu.ut.ee\/esero\/wp-json\/wp\/v2\/pages"}],"about":[{"href":"https:\/\/sisu.ut.ee\/esero\/wp-json\/wp\/v2\/types\/page"}],"author":[{"embeddable":true,"href":"https:\/\/sisu.ut.ee\/esero\/wp-json\/wp\/v2\/users\/241"}],"replies":[{"embeddable":true,"href":"https:\/\/sisu.ut.ee\/esero\/wp-json\/wp\/v2\/comments?post=56"}],"version-history":[{"count":31,"href":"https:\/\/sisu.ut.ee\/esero\/wp-json\/wp\/v2\/pages\/56\/revisions"}],"predecessor-version":[{"id":3168,"href":"https:\/\/sisu.ut.ee\/esero\/wp-json\/wp\/v2\/pages\/56\/revisions\/3168"}],"wp:featuredmedia":[{"embeddable":true,"href":"https:\/\/sisu.ut.ee\/esero\/wp-json\/wp\/v2\/media\/982"}],"wp:attachment":[{"href":"https:\/\/sisu.ut.ee\/esero\/wp-json\/wp\/v2\/media?parent=56"}],"curies":[{"name":"wp","href":"https:\/\/api.w.org\/{rel}","templated":true}]}}