{"id":554,"date":"2024-04-29T11:19:58","date_gmt":"2024-04-29T08:19:58","guid":{"rendered":"https:\/\/sisu.ut.ee\/esero\/?page_id=554"},"modified":"2026-04-14T15:37:56","modified_gmt":"2026-04-14T12:37:56","slug":"uritused","status":"publish","type":"page","link":"https:\/\/sisu.ut.ee\/esero\/uritused\/","title":{"rendered":"\u00dcritused"},"content":{"rendered":"<p>ESERO Eesti korraldab \u00fcritusi, mille kohta saate t\u00e4psemalt lugeda k\u00f5rvalmen\u00fc\u00fcst.<\/p>\n\n\n<h2><strong>Hetkel toimumas:<\/strong><\/h2>\n\n<section class=\"page-cards-block page-section page-section--wide\">\n    <h2 class=\"visually-hidden\">Lehed<\/h2>\n    <div class=\"container-fluid g-0\">\n      <div class=\"row g-0\">\n                  <div class=\"col-md-4\">\n            <div class=\"page-card d-flex justify-content-center align-items-end w-100 position-relative\" style=\"background-image: url(https:\/\/sisu.ut.ee\/wp-content\/uploads\/sites\/464\/Paxi.png);\">\n  <div class=\"page-card__content text-center w-100 p-2 p-lg-4\">\n          <h3 class=\"h4 text-white mb-2\">PAXI KUNSTIV\u00d5ISTLUS<\/h3>\n        <a href=\"https:\/\/esero.ee\/paxi-kunstivoistlus\/\" class=\"btn btn-outline-light btn-icon\" target=\"_blank\">Loe l\u00e4hemalt<\/a>\n  <\/div>\n<\/div>\n          <\/div>\n                  <div class=\"col-md-4\">\n            <div class=\"page-card d-flex justify-content-center align-items-end w-100 position-relative\" style=\"background-image: url(https:\/\/sisu.ut.ee\/wp-content\/uploads\/sites\/464\/7896627-724x1024.png);\">\n  <div class=\"page-card__content text-center w-100 p-2 p-lg-4\">\n          <h3 class=\"h4 text-white mb-2\">CANSAT<\/h3>\n        <a href=\"https:\/\/sisu.ut.ee\/esero\/cansat\/\" class=\"btn btn-outline-light btn-icon\" target=\"_blank\">Loe l\u00e4hemalt<\/a>\n  <\/div>\n<\/div>\n          <\/div>\n                  <div class=\"col-md-4\">\n            <div class=\"page-card d-flex justify-content-center align-items-end w-100 position-relative\" style=\"background-image: url(https:\/\/sisu.ut.ee\/wp-content\/uploads\/sites\/464\/Copy-of-Untitled-Design-819x1024.jpg);\">\n  <div class=\"page-card__content text-center w-100 p-2 p-lg-4\">\n          <h3 class=\"h4 text-white mb-2\">KARJ\u00c4\u00c4RIP\u00c4EV<\/h3>\n        <a href=\"https:\/\/esero.ee\/karjaaripaev\/\" class=\"btn btn-outline-light btn-icon\" target=\"_blank\">Loe l\u00e4hemalt<\/a>\n  <\/div>\n<\/div>\n          <\/div>\n              <\/div>\n    <\/div>\n  <\/section>\n","protected":false},"excerpt":{"rendered":"<p>ESERO Eesti korraldab \u00fcritusi, mille kohta saate t\u00e4psemalt lugeda k\u00f5rvalmen\u00fc\u00fcst. Hetkel toimumas:<\/p>\n","protected":false},"author":280,"featured_media":0,"parent":0,"menu_order":0,"comment_status":"closed","ping_status":"closed","template":"","meta":{"_acf_changed":false,"inline_featured_image":false,"footnotes":""},"class_list":["post-554","page","type-page","status-publish","hentry"],"acf":[],"_links":{"self":[{"href":"https:\/\/sisu.ut.ee\/esero\/wp-json\/wp\/v2\/pages\/554","targetHints":{"allow":["GET"]}}],"collection":[{"href":"https:\/\/sisu.ut.ee\/esero\/wp-json\/wp\/v2\/pages"}],"about":[{"href":"https:\/\/sisu.ut.ee\/esero\/wp-json\/wp\/v2\/types\/page"}],"author":[{"embeddable":true,"href":"https:\/\/sisu.ut.ee\/esero\/wp-json\/wp\/v2\/users\/280"}],"replies":[{"embeddable":true,"href":"https:\/\/sisu.ut.ee\/esero\/wp-json\/wp\/v2\/comments?post=554"}],"version-history":[{"count":19,"href":"https:\/\/sisu.ut.ee\/esero\/wp-json\/wp\/v2\/pages\/554\/revisions"}],"predecessor-version":[{"id":3444,"href":"https:\/\/sisu.ut.ee\/esero\/wp-json\/wp\/v2\/pages\/554\/revisions\/3444"}],"wp:attachment":[{"href":"https:\/\/sisu.ut.ee\/esero\/wp-json\/wp\/v2\/media?parent=554"}],"curies":[{"name":"wp","href":"https:\/\/api.w.org\/{rel}","templated":true}]}}