{"id":55,"date":"2024-04-04T06:47:05","date_gmt":"2024-04-04T03:47:05","guid":{"rendered":"https:\/\/sisu.ut.ee\/esero\/kliimadetektiivid\/"},"modified":"2026-02-04T11:06:24","modified_gmt":"2026-02-04T09:06:24","slug":"kliimadetektiivid","status":"publish","type":"page","link":"https:\/\/sisu.ut.ee\/esero\/kliimadetektiivid\/","title":{"rendered":"Kliimadetektiivid"},"content":{"rendered":"<p><a href=\"https:\/\/climatedetectives.esa.int\/et\/\" target=\"_blank\" rel=\"noopener\"><img loading=\"lazy\" decoding=\"async\" class=\"alignnone wp-image-530 size-medium\" style=\"width: 250px; height: 202px; float: right; margin: 1px 4px;\" title=\"climate_detectives.png\" src=\"https:\/\/sisu.ut.ee\/wp-content\/uploads\/sites\/464\/ESA_Edu_ClimateDetectives_RGB-e1714376178579-300x300.png\" alt=\"\" width=\"300\" height=\"300\" srcset=\"https:\/\/sisu.ut.ee\/wp-content\/uploads\/sites\/464\/ESA_Edu_ClimateDetectives_RGB-e1714376178579-300x300.png 300w, https:\/\/sisu.ut.ee\/wp-content\/uploads\/sites\/464\/ESA_Edu_ClimateDetectives_RGB-e1714376178579-150x150.png 150w, https:\/\/sisu.ut.ee\/wp-content\/uploads\/sites\/464\/ESA_Edu_ClimateDetectives_RGB-e1714376178579.png 694w\" sizes=\"auto, (max-width: 300px) 100vw, 300px\"><\/a><\/p>\n<h4 data-start=\"0\" data-end=\"293\"><strong><span style=\"color: #0098db;\">\u00dcleskutses osalemine<\/span><\/strong><\/h4>\n<p data-start=\"0\" data-end=\"293\">Kliimadetektiivide \u00fcleskutse kutsub \u00f5pilasi uurima <strong>planeeti Maa ja selle kliimat<\/strong>, kasutades satelliidiandmeid ning kohalikke vaatlusi. Projekt \u00fchendab teadusliku m\u00f5tlemise ja igap\u00e4evaelu ning annab v\u00f5imaluse tegeleda p\u00e4ris kliimak\u00fcsimustega, arendades samal ajal <strong>uurimisoskusi<\/strong> ja <strong>anal\u00fc\u00fcsiv\u00f5imet<\/strong>.<\/p>\n<p data-start=\"295\" data-end=\"882\">Osalema on oodatud k\u00f5ik <strong>8\u201319-aastased \u00f5pilased<\/strong> nii p\u00f5hikoolist kui ka g\u00fcmnaasiumist. Uurimist\u00f6\u00f6d v\u00f5ib teha v\u00e4iksemas r\u00fchmas, valikgrupiga v\u00f5i terve klassiga. Grupiliikmete miinimumarvuks on kaks ning maksimumarvu pole m\u00e4\u00e4ratud.\u00a0 Tegevused on h\u00e4sti <strong>seostatavad Eesti riikliku \u00f5ppekava kohustuslike osadega<\/strong> ning sobivad muuhulgas ka 8. klassi <strong>loovt\u00f6\u00f6ks<\/strong> ning <strong>\u00f5pilasuurimuseks ja<\/strong> <strong>praktiliseks t\u00f6\u00f6ks<\/strong> g\u00fcmnaasiumis. \u00d5petaja roll projektis on olla juhendaja ja toetaja, aidates suunata teemat, t\u00e4psustada uurimisk\u00fcsimusi ning toetada t\u00f6\u00f6 valmimist. T\u00f6\u00f6 sisu s\u00fcnnib koost\u00f6\u00f6s \u00f5pilastega. Iga registreerunud meeskond saab soovi korral uurimisteemale <strong>tagasisidet<\/strong> oma ala eksperdilt. Osaleda v\u00f5ib ka t\u00f6\u00f6ga, mida on juba alustatud v\u00f5i mis on varem valminud, kui t\u00f6\u00f6 teema sobitub kliima- v\u00f5i keskkonnateemadega. <strong>\u00dcleskutses osalemiseks kirjuta e-postile esero@ut.ee.<\/strong><\/p>\n<p data-start=\"884\" data-end=\"1399\">Sellel aastal on uurimist\u00f6\u00f6de esitamise t\u00e4htaeg <strong>20 veebruar 2026<\/strong>. <strong>Tartu loodusmajas toimub 5. m\u00e4rtsil<\/strong> <strong>Eesti Kliimadetektiivide kokkutulek<\/strong>, kuhu on oodatud k\u00f5ik projektis osalejad. Kohtumisel vaadatakse \u00fcle esitatud t\u00f6\u00f6d, kuulatakse ettekandeid ja jagatakse kogemusi ning valitakse parim meeskond, kes saab v\u00f5imaluse <strong>esindada Eestit<\/strong> ESA rahvusvahelisel s\u00fcndmusel<strong> Climate Detectives Summit 2026 Itaalias. <\/strong>Rahvusvaheline s\u00fcndmus toimub ESA Maa seire keskuses ESRINis (Frascatis) ning koondab parimad kliimadetektiivide meeskonnad \u00fcle Euroopa. Kuigi t\u00f6\u00f6grupis osalejate arvu maksimumi ei piirata, tuleb siis arvestada sellega, et Eestit esindama saadetakse kuni <strong>5-liikmeline r\u00fchm*<\/strong>.<\/p>\n<p data-start=\"884\" data-end=\"1399\"><em>* Euroopa Kosmoseagentuur kompenseerib s\u00f5idukulud 5-le \u00f5pilasele ja kuni kahele juhendajale 300 euro ulatuses. Kohapealne majutus ja toitlustus on tasuta. Rohkem infot Itaalias toimuva \u00fcrituse kohta leiab <a href=\"https:\/\/climatedetectives.esa.int\/european-event\/?utm_source=chatgpt.com\" target=\"_blank\" rel=\"noopener\">kliimadetektiivide kodulehelt<\/a>.<\/em><\/p>\n<h4><span style=\"color: #0098db;\">Lisamatejal ja uurimisv\u00f5imalused<\/span><\/h4>\n<p>Uurimist\u00f6\u00f6de kavandamisel ja juhendamisel on sageli vaja tuge nii teema valikul kui ka uurimisprotsessi \u00fclesehitamisel. J\u00e4rgnevad videod pakuvad selleks erinevaid, kuid teineteist t\u00e4iendavaid vaatenurki, aidates siduda kliimateemad nii \u00fchiskondliku arutelu kui ka andmep\u00f5hise teadusliku l\u00e4henemisega. Need on m\u00f5eldud abimaterjaliks \u00f5petajatele ja \u00f5pilastele, kes soovivad oma uurimist\u00f6\u00f6d s\u00fcvendada ja sisuliselt edasi arendada.<\/p>\n<p aria-level=\"2\"><span style=\"color: #0098db;\"><b>Video: Liisi Jakobson \u2013 ideed ja teemad klassi uurimist\u00f6\u00f6ks<\/b>\u00a0<\/span><\/p>\n<p><span data-contrast=\"auto\">Allolev video annab hea ja praktilise l\u00e4htekoha, millest koos \u00f5pilastega alustada. <\/span><b><span data-contrast=\"auto\">Liisi Jakobson<\/span><\/b><span data-contrast=\"auto\"> avab kliimateemasid viisil, mis sobib h\u00e4sti klassis arutamiseks ning uurimisk\u00fcsimuste s\u00f5nastamiseks.<\/span><span data-ccp-props='{\"134233117\":true,\"134233118\":true,\"201341983\":0,\"335559740\":240}'>\u00a0<\/span><\/p>\n<p>Allolevast videost leiad n\u00e4iteid, kuidas koos \u00f5pilastega erinevaid teemasid uurida:<\/p>\n<ul>\n<li aria-setsize=\"-1\" data-leveltext=\"\uf0b7\" data-font=\"Symbol\" data-listid=\"6\" data-list-defn-props='{\"335552541\":1,\"335559685\":720,\"335559991\":360,\"469769226\":\"Symbol\",\"469769242\":[8226],\"469777803\":\"left\",\"469777804\":\"\uf0b7\",\"469777815\":\"multilevel\"}' data-aria-posinset=\"1\" data-aria-level=\"1\"><span data-contrast=\"auto\">kuidas kliimateemadel infot esitatakse ja milliseid <\/span><b><span data-contrast=\"auto\">manipuleerimisv\u00f5tteid<\/span><\/b><span data-contrast=\"auto\"> kasutatakse (nii tahtlikke kui tahtmatuid) ning miks on <\/span><b><span data-contrast=\"auto\">allikakriitilisus<\/span><\/b><span data-contrast=\"auto\"> oluline;<\/span><span data-ccp-props='{\"134233117\":true,\"134233118\":true,\"201341983\":0,\"335559740\":240}'>\u00a0<\/span><\/li>\n<\/ul>\n<ul>\n<li aria-setsize=\"-1\" data-leveltext=\"\uf0b7\" data-font=\"Symbol\" data-listid=\"6\" data-list-defn-props='{\"335552541\":1,\"335559685\":720,\"335559991\":360,\"469769226\":\"Symbol\",\"469769242\":[8226],\"469777803\":\"left\",\"469777804\":\"\uf0b7\",\"469777815\":\"multilevel\"}' data-aria-posinset=\"2\" data-aria-level=\"1\"><span data-contrast=\"auto\">mis on <\/span><b><span data-contrast=\"auto\">kliima\u00e4revus<\/span><\/b><span data-contrast=\"auto\">, kui levinud see on ning kuidas seda klassis, koolis v\u00f5i kogukonnas leevendada;<\/span><span data-ccp-props='{\"134233117\":true,\"134233118\":true,\"201341983\":0,\"335559740\":240}'>\u00a0<\/span><\/li>\n<\/ul>\n<ul>\n<li aria-setsize=\"-1\" data-leveltext=\"\uf0b7\" data-font=\"Symbol\" data-listid=\"6\" data-list-defn-props='{\"335552541\":1,\"335559685\":720,\"335559991\":360,\"469769226\":\"Symbol\",\"469769242\":[8226],\"469777803\":\"left\",\"469777804\":\"\uf0b7\",\"469777815\":\"multilevel\"}' data-aria-posinset=\"3\" data-aria-level=\"1\"><span data-contrast=\"auto\">kuidas ja miks on riikide <\/span><b><span data-contrast=\"auto\">osalemine kliimakokkulepetes<\/span><\/b><span data-contrast=\"auto\"> ajas muutunud;<\/span><span data-ccp-props='{\"134233117\":true,\"134233118\":true,\"201341983\":0,\"335559740\":240}'>\u00a0<\/span><\/li>\n<\/ul>\n<ul>\n<li aria-setsize=\"-1\" data-leveltext=\"\uf0b7\" data-font=\"Symbol\" data-listid=\"6\" data-list-defn-props='{\"335552541\":1,\"335559685\":720,\"335559991\":360,\"469769226\":\"Symbol\",\"469769242\":[8226],\"469777803\":\"left\",\"469777804\":\"\uf0b7\",\"469777815\":\"multilevel\"}' data-aria-posinset=\"4\" data-aria-level=\"1\"><span data-contrast=\"auto\">milline on enda, pere v\u00f5i s\u00f5pruskonna <\/span><b><span data-contrast=\"auto\">s\u00fcsinikujalaj\u00e4lg<\/span><\/b><span data-contrast=\"auto\"> ning millised muutused annaksid suurima m\u00f5ju;<\/span><span data-ccp-props='{\"134233117\":true,\"134233118\":true,\"201341983\":0,\"335559740\":240}'>\u00a0<\/span><\/li>\n<\/ul>\n<ul>\n<li aria-setsize=\"-1\" data-leveltext=\"\uf0b7\" data-font=\"Symbol\" data-listid=\"6\" data-list-defn-props='{\"335552541\":1,\"335559685\":720,\"335559991\":360,\"469769226\":\"Symbol\",\"469769242\":[8226],\"469777803\":\"left\",\"469777804\":\"\uf0b7\",\"469777815\":\"multilevel\"}' data-aria-posinset=\"5\" data-aria-level=\"1\"><span data-contrast=\"auto\">millised <\/span><b><span data-contrast=\"auto\">s\u00fcsinikukalkulaatorid<\/span><\/b><span data-contrast=\"auto\"> sobivad Eesti oludesse k\u00f5ige paremini;<\/span><span data-ccp-props='{\"134233117\":true,\"134233118\":true,\"201341983\":0,\"335559740\":240}'>\u00a0<\/span><\/li>\n<\/ul>\n<ul>\n<li aria-setsize=\"-1\" data-leveltext=\"\uf0b7\" data-font=\"Symbol\" data-listid=\"6\" data-list-defn-props='{\"335552541\":1,\"335559685\":720,\"335559991\":360,\"469769226\":\"Symbol\",\"469769242\":[8226],\"469777803\":\"left\",\"469777804\":\"\uf0b7\",\"469777815\":\"multilevel\"}' data-aria-posinset=\"6\" data-aria-level=\"1\"><span data-contrast=\"auto\">kuidas on Eesti elaniku v\u00f5i riigi s\u00fcsinikujalaj\u00e4lg viimastel aastatel muutunud ja millistes sektorites k\u00f5ige enam;<\/span><span data-ccp-props='{\"134233117\":true,\"134233118\":true,\"201341983\":0,\"335559740\":240}'>\u00a0<\/span><\/li>\n<\/ul>\n<ul>\n<li aria-setsize=\"-1\" data-leveltext=\"\uf0b7\" data-font=\"Symbol\" data-listid=\"6\" data-list-defn-props='{\"335552541\":1,\"335559685\":720,\"335559991\":360,\"469769226\":\"Symbol\",\"469769242\":[8226],\"469777803\":\"left\",\"469777804\":\"\uf0b7\",\"469777815\":\"multilevel\"}' data-aria-posinset=\"7\" data-aria-level=\"1\"><span data-contrast=\"auto\">kuidas Eesti n\u00e4itajad <\/span><b><span data-contrast=\"auto\">v\u00f5rreldes teiste riikidega<\/span><\/b><span data-contrast=\"auto\"> erinevad (\u00fcldiselt ja sektorite kaupa).<\/span><span data-ccp-props='{\"134233117\":true,\"134233118\":true,\"201341983\":0,\"335559740\":240}'>\u00a0<\/span><\/li>\n<\/ul>\n<p><\/p><div class=\"ratio ratio-16x9 mb-3\"><div class=\"video-placeholder-wrapper video-placeholder-wrapper--16x9\">\n\t\t\t    <div class=\"video-placeholder d-flex justify-content-center align-items-center\">\n\t\t\t        <div class=\"overlay text-white p-2 w-100 text-center d-block justify-content-center align-items-center\">\n\t\t\t            <div>Kolmandate osapoolte sisu n\u00e4gemiseks palun n\u00f5ustu k\u00fcpsistega.<\/div>\n\t\t\t            <button class=\"btn btn-secondary btn-sm mt-1 consent-change\">Muuda n\u00f5usolekut<\/button>\n\t\t\t        <\/div>\n\t\t\t    <\/div>\n\t\t\t<\/div>\n<\/div>\n<p aria-level=\"2\"><span style=\"color: #0098db;\"><b>Video: Erko Jakobson \u2013 kliimaandmed ja teaduslik vaade<\/b>\u00a0<\/span><\/p>\n<p><span data-contrast=\"auto\">Erko Jakobsoni video sobib eriti h\u00e4sti neile uurimist\u00f6\u00f6dele, kus fookus on <\/span><b><span data-contrast=\"auto\">andmetel, m\u00f5\u00f5tmistel ja teaduslikul l\u00e4henemisel<\/span><\/b><span data-contrast=\"auto\">.<\/span><span data-ccp-props='{\"134233117\":true,\"134233118\":true,\"201341983\":0,\"335559740\":240}'>\u00a0<\/span><\/p>\n<p>Allolevast videost leiad n\u00e4iteid, kuidas koos \u00f5pilastega erinevaid teemasid uurida:<\/p>\n<ul>\n<li aria-setsize=\"-1\" data-leveltext=\"\uf0b7\" data-font=\"Symbol\" data-listid=\"7\" data-list-defn-props='{\"335552541\":1,\"335559685\":720,\"335559991\":360,\"469769226\":\"Symbol\",\"469769242\":[8226],\"469777803\":\"left\",\"469777804\":\"\uf0b7\",\"469777815\":\"multilevel\"}' data-aria-posinset=\"1\" data-aria-level=\"1\"><span data-contrast=\"auto\">kasutada <strong>kliima- ja keskkonnaandmeid<\/strong> uurimisk\u00fcsimuste s\u00f5nastamiseks;<\/span><span data-ccp-props='{\"134233117\":true,\"134233118\":true,\"201341983\":0,\"335559740\":240}'>\u00a0<\/span><\/li>\n<\/ul>\n<ul>\n<li aria-setsize=\"-1\" data-leveltext=\"\uf0b7\" data-font=\"Symbol\" data-listid=\"7\" data-list-defn-props='{\"335552541\":1,\"335559685\":720,\"335559991\":360,\"469769226\":\"Symbol\",\"469769242\":[8226],\"469777803\":\"left\",\"469777804\":\"\uf0b7\",\"469777815\":\"multilevel\"}' data-aria-posinset=\"2\" data-aria-level=\"1\"><span data-contrast=\"auto\">siduda satelliidiandmeid kohalike vaatluste ja m\u00f5\u00f5tmistega;<\/span><span data-ccp-props='{\"134233117\":true,\"134233118\":true,\"201341983\":0,\"335559740\":240}'>\u00a0<\/span><\/li>\n<\/ul>\n<ul>\n<li aria-setsize=\"-1\" data-leveltext=\"\uf0b7\" data-font=\"Symbol\" data-listid=\"7\" data-list-defn-props='{\"335552541\":1,\"335559685\":720,\"335559991\":360,\"469769226\":\"Symbol\",\"469769242\":[8226],\"469777803\":\"left\",\"469777804\":\"\uf0b7\",\"469777815\":\"multilevel\"}' data-aria-posinset=\"3\" data-aria-level=\"1\"><span data-contrast=\"auto\"><strong>anal\u00fc\u00fcsida muutusi <\/strong>ajas ja ruumis;<\/span><span data-ccp-props='{\"134233117\":true,\"134233118\":true,\"201341983\":0,\"335559740\":240}'>\u00a0<\/span><\/li>\n<\/ul>\n<ul>\n<li aria-setsize=\"-1\" data-leveltext=\"\uf0b7\" data-font=\"Symbol\" data-listid=\"7\" data-list-defn-props='{\"335552541\":1,\"335559685\":720,\"335559991\":360,\"469769226\":\"Symbol\",\"469769242\":[8226],\"469777803\":\"left\",\"469777804\":\"\uf0b7\",\"469777815\":\"multilevel\"}' data-aria-posinset=\"4\" data-aria-level=\"1\"><span data-contrast=\"auto\">teha j\u00e4reldusi andmete, mitte arvamuste p\u00f5hjal;<\/span><span data-ccp-props='{\"134233117\":true,\"134233118\":true,\"201341983\":0,\"335559740\":240}'>\u00a0<\/span><\/li>\n<\/ul>\n<ul>\n<li aria-setsize=\"-1\" data-leveltext=\"\uf0b7\" data-font=\"Symbol\" data-listid=\"7\" data-list-defn-props='{\"335552541\":1,\"335559685\":720,\"335559991\":360,\"469769226\":\"Symbol\",\"469769242\":[8226],\"469777803\":\"left\",\"469777804\":\"\uf0b7\",\"469777815\":\"multilevel\"}' data-aria-posinset=\"5\" data-aria-level=\"1\"><span data-contrast=\"auto\">vormistada uurimist\u00f6\u00f6 nii, et see oleks arusaadav, p\u00f5hjendatud ja h\u00e4sti esitatav.<\/span><span data-ccp-props='{\"134233117\":true,\"134233118\":true,\"201341983\":0,\"335559740\":240}'>\u00a0<\/span><\/li>\n<\/ul>\n<p><\/p><div class=\"ratio ratio-16x9 mb-3\"><div class=\"video-placeholder-wrapper video-placeholder-wrapper--16x9\">\n\t\t\t    <div class=\"video-placeholder d-flex justify-content-center align-items-center\">\n\t\t\t        <div class=\"overlay text-white p-2 w-100 text-center d-block justify-content-center align-items-center\">\n\t\t\t            <div>Kolmandate osapoolte sisu n\u00e4gemiseks palun n\u00f5ustu k\u00fcpsistega.<\/div>\n\t\t\t            <button class=\"btn btn-secondary btn-sm mt-1 consent-change\">Muuda n\u00f5usolekut<\/button>\n\t\t\t        <\/div>\n\t\t\t    <\/div>\n\t\t\t<\/div>\n<\/div>\n<p><span style=\"color: #0098db;\"><b>Video: Ave Ansper-Toomsalu \u2013 satelliitpildid<\/b><\/span><\/p>\n<p><span class=\"yt-core-attributed-string yt-core-attributed-string--white-space-pre-wrap\" dir=\"auto\" role=\"text\"><span class=\"yt-core-attributed-string--link-inherit-color\" dir=\"auto\">Videos saab vastuse k\u00fcsimustele, et mis on <strong>kaugseire, kuidas leida ja t\u00f6\u00f6delda satelliitpilte<\/strong>.<\/span><\/span><\/p>\n<p><span class=\"yt-core-attributed-string yt-core-attributed-string--white-space-pre-wrap\" dir=\"auto\" role=\"text\"><span class=\"yt-core-attributed-string--link-inherit-color\" dir=\"auto\">T\u00e4psemalt vaatame, kuidas satelliitpiltide abil uurida j\u00e4rgmisi teemasid: <\/span><\/span><\/p>\n<ul>\n<li><span class=\"yt-core-attributed-string yt-core-attributed-string--white-space-pre-wrap\" dir=\"auto\" role=\"text\"><span class=\"yt-core-attributed-string--link-inherit-color\" dir=\"auto\">linnastumine\/hoonete ehitamine; <\/span><\/span><\/li>\n<li><span class=\"yt-core-attributed-string yt-core-attributed-string--white-space-pre-wrap\" dir=\"auto\" role=\"text\"><span class=\"yt-core-attributed-string--link-inherit-color\" dir=\"auto\">rohealade kadumine\/maastiku killustumine; <\/span><\/span><\/li>\n<li><span class=\"yt-core-attributed-string yt-core-attributed-string--white-space-pre-wrap\" dir=\"auto\" role=\"text\"><span class=\"yt-core-attributed-string--link-inherit-color\" dir=\"auto\">karj\u00e4\u00e4ride\/turbamaardlate kinni kasvamine\/rajamine; <\/span><\/span><\/li>\n<li><span class=\"yt-core-attributed-string yt-core-attributed-string--white-space-pre-wrap\" dir=\"auto\" role=\"text\"><span class=\"yt-core-attributed-string--link-inherit-color\" dir=\"auto\">metsa-alade v\u00e4henemine\/mis asemele tuleb; j\u00e4rvedel j\u00e4\u00e4 tuleku\/mineku aeg; <\/span><\/span><\/li>\n<li><span class=\"yt-core-attributed-string yt-core-attributed-string--white-space-pre-wrap\" dir=\"auto\" role=\"text\"><span class=\"yt-core-attributed-string--link-inherit-color\" dir=\"auto\">j\u00e4rvede kinni kasvamine; <\/span><\/span><\/li>\n<li><span class=\"yt-core-attributed-string yt-core-attributed-string--white-space-pre-wrap\" dir=\"auto\" role=\"text\"><span class=\"yt-core-attributed-string--link-inherit-color\" dir=\"auto\">\u00fcleujutusalade tuvastamine ja nende ulatus aastate l\u00f5ikes; <\/span><\/span><\/li>\n<li><span class=\"yt-core-attributed-string yt-core-attributed-string--white-space-pre-wrap\" dir=\"auto\" role=\"text\"><span class=\"yt-core-attributed-string--link-inherit-color\" dir=\"auto\">vetikate \u00f5itsengud ja nende ulatus; <\/span><\/span><\/li>\n<li><span class=\"yt-core-attributed-string yt-core-attributed-string--white-space-pre-wrap\" dir=\"auto\" role=\"text\"><span class=\"yt-core-attributed-string--link-inherit-color\" dir=\"auto\">maapinna temperatuuri muutused\/v\u00f5rdlus linnade maapiirkondade vahel taimestiku eluj\u00f5ulisuse muutused pikema perioodi v\u00e4ltel (NDVI indeks); <\/span><\/span><\/li>\n<li><span class=\"yt-core-attributed-string yt-core-attributed-string--white-space-pre-wrap\" dir=\"auto\" role=\"text\"><span class=\"yt-core-attributed-string--link-inherit-color\" dir=\"auto\">kohapeal vaadeldud\/m\u00f5\u00f5detud andmed ja nende v\u00f5rdlus satelliitandmetega.<\/span><\/span><\/li>\n<\/ul>\n<p><\/p><div class=\"ratio ratio-16x9 mb-3\"><div class=\"video-placeholder-wrapper video-placeholder-wrapper--16x9\">\n\t\t\t    <div class=\"video-placeholder d-flex justify-content-center align-items-center\">\n\t\t\t        <div class=\"overlay text-white p-2 w-100 text-center d-block justify-content-center align-items-center\">\n\t\t\t            <div>Kolmandate osapoolte sisu n\u00e4gemiseks palun n\u00f5ustu k\u00fcpsistega.<\/div>\n\t\t\t            <button class=\"btn btn-secondary btn-sm mt-1 consent-change\">Muuda n\u00f5usolekut<\/button>\n\t\t\t        <\/div>\n\t\t\t    <\/div>\n\t\t\t<\/div>\n<\/div>\n<p>Noorematele \u00f5pilastele (8-12 aastastele), kes ei soovi p\u00e4ris uurimust kirjutada, kuid kellel on huvi kliimatemaatika vastu, on avatud ka<strong> kliimadetekiivid \u201eKids\u201c.<\/strong>\u00a0 Sellest v\u00f5ib osa v\u00f5tta kasv\u00f5i kogu klassiga. L\u00f5busaid ja praktilisi tegevusi lahendades kogutakse m\u00e4rgiseid (tuleb lahendada v\u00e4hemalt kaks tegevust ja tulemused sisestada), et saada sertifitseeritud kliimadetektiivideks. Kliimadetektiiv \u201cKids\u201d \u00fcleskutse on avatud <strong>17. septembrist 2025 kuni 21. juulini 2026<\/strong>.<\/p>\n<p>Pakutavad tegevused, rohkem infot ja registreerimine on <strong><a title=\"\" href=\"https:\/\/climatedetectives.esa.int\/et\/climate-detectives-kids\/\" target=\"_blank\" rel=\"noopener\" data-url=\"https:\/\/climatedetectives.esa.int\/et\/climate-detectives-kids\/\">kliimadetektiivide kodulehel<\/a><\/strong>.<\/p>\n<p>K\u00fcsimuste korral v\u00f5ta julgelt \u00fchendust aadressil esero@ut.ee.<\/p>\n<p style=\"text-align: justify;\">\u00a0<\/p>\n\n\n<p><\/p>\n","protected":false},"excerpt":{"rendered":"<p>\u00dcleskutses osalemine Kliimadetektiivide \u00fcleskutse kutsub \u00f5pilasi uurima planeeti Maa ja selle kliimat, kasutades satelliidiandmeid ning kohalikke vaatlusi. Projekt \u00fchendab teadusliku m\u00f5tlemise ja igap\u00e4evaelu ning annab v\u00f5imaluse tegeleda p\u00e4ris kliimak\u00fcsimustega, arendades samal ajal uurimisoskusi ja anal\u00fc\u00fcsiv\u00f5imet. Osalema on oodatud k\u00f5ik 8\u201319-aastased &#8230;<\/p>\n","protected":false},"author":241,"featured_media":984,"parent":0,"menu_order":0,"comment_status":"closed","ping_status":"closed","template":"","meta":{"_acf_changed":false,"inline_featured_image":false,"footnotes":""},"class_list":["post-55","page","type-page","status-publish","has-post-thumbnail","hentry"],"acf":[],"_links":{"self":[{"href":"https:\/\/sisu.ut.ee\/esero\/wp-json\/wp\/v2\/pages\/55","targetHints":{"allow":["GET"]}}],"collection":[{"href":"https:\/\/sisu.ut.ee\/esero\/wp-json\/wp\/v2\/pages"}],"about":[{"href":"https:\/\/sisu.ut.ee\/esero\/wp-json\/wp\/v2\/types\/page"}],"author":[{"embeddable":true,"href":"https:\/\/sisu.ut.ee\/esero\/wp-json\/wp\/v2\/users\/241"}],"replies":[{"embeddable":true,"href":"https:\/\/sisu.ut.ee\/esero\/wp-json\/wp\/v2\/comments?post=55"}],"version-history":[{"count":20,"href":"https:\/\/sisu.ut.ee\/esero\/wp-json\/wp\/v2\/pages\/55\/revisions"}],"predecessor-version":[{"id":3265,"href":"https:\/\/sisu.ut.ee\/esero\/wp-json\/wp\/v2\/pages\/55\/revisions\/3265"}],"wp:featuredmedia":[{"embeddable":true,"href":"https:\/\/sisu.ut.ee\/esero\/wp-json\/wp\/v2\/media\/984"}],"wp:attachment":[{"href":"https:\/\/sisu.ut.ee\/esero\/wp-json\/wp\/v2\/media?parent=55"}],"curies":[{"name":"wp","href":"https:\/\/api.w.org\/{rel}","templated":true}]}}