{"id":54,"date":"2024-04-04T06:47:05","date_gmt":"2024-04-04T03:47:05","guid":{"rendered":"https:\/\/sisu.ut.ee\/esero\/astro-pii\/"},"modified":"2025-10-16T15:30:07","modified_gmt":"2025-10-16T12:30:07","slug":"astro-pii","status":"publish","type":"page","link":"https:\/\/sisu.ut.ee\/esero\/astro-pii\/","title":{"rendered":"Euroopa Astro Pii \u00fcleskutse"},"content":{"rendered":"<p><img loading=\"lazy\" decoding=\"async\" width=\"1067\" height=\"1038\" class=\"alignnone wp-image-77\" style=\"width: 250px; height: 243px; float: right;\" title=\"Astro Pii\" src=\"https:\/\/sisu.ut.ee\/wp-content\/uploads\/sites\/464\/astropii.png\" alt=\"AstroPii\" srcset=\"https:\/\/sisu.ut.ee\/wp-content\/uploads\/sites\/464\/astropii.png 1067w, https:\/\/sisu.ut.ee\/wp-content\/uploads\/sites\/464\/astropii-300x292.png 300w, https:\/\/sisu.ut.ee\/wp-content\/uploads\/sites\/464\/astropii-1024x996.png 1024w, https:\/\/sisu.ut.ee\/wp-content\/uploads\/sites\/464\/astropii-768x747.png 768w\" sizes=\"auto, (max-width: 1067px) 100vw, 1067px\"><\/p>\n<p>Kas oled kunagi soovinud l\u00e4bi viia p\u00e4ris kosmoseeksperimenti v\u00f5i unistanud, et sinu loodud programm oleks kasutuses Rahvusvahelises kosmosejaamas? Kui jah, siis siin on n\u00fc\u00fcd sinu v\u00f5imalus!<\/p>\n<p><strong>Euroopa Astro Pii \u00fcleskutse<\/strong> on ESA hariduslik projekt koost\u00f6\u00f6s Raspberry Pi fondiga. \u00dclesanne pakub \u00f5pilastele ja noorukitele erakordse v\u00f5imaluse teha kosmoses teaduslikke uurimusi, kirjutades programme Raspberry Pi arvutile, mis paikneb Rahvusvahelises kosmosejaamas (ISS).<\/p>\n<p>\u00dclesanne on jagatud kaheks eri raskusastmega missiooniks:<br>\n\u2022\u00a0\u00a0\u00a0 <strong>Missioon Null<\/strong> (Mission Zero) \u2013 <strong>annab noortele v\u00f5imaluse saata oma kood kosmosesse!<\/strong><\/p>\n<p>\u00dclesandeks on kirjuta lihtne programm, mis loeb v\u00e4rvi- ja valgussensori andmeid Astro Pi arvutist, mis asub Rahvusvahelises Kosmosejaamas. Neid andmeid kasutatakse, et m\u00e4\u00e4rata taustav\u00e4rv isikup\u00e4rasele pildile, mida astronautidel on v\u00f5imalus n\u00e4ha oma igap\u00e4evatoimetuste k\u00e4igus.<\/p>\n<p>See \u00fclesanne sobib algajatele programmeerijatele ja\/v\u00f5i algkooliealistele lastele. Selle saab l\u00e4bida \u00fche 60-minutilise seansina mis tahes interneti-\u00fchendusega arvutis. Spetsiaalset riistvara ega eelnevaid kodeerimisoskusi pole vaja. K\u00f5ike saab teha veebibrauseris. \u00dcleskutsest on oodatud osa v\u00f5tma k\u00f5ik kuni 19-aastased \u00f5pilased.<\/p>\n<p>Rohkem infot ja samm-sammuline juhend on leitav <strong><a title=\"\" href=\"https:\/\/projects.raspberrypi.org\/et-EE\/projects\/astro-pi-mission-zero\" target=\"_blank\" rel=\"noopener\" data-url=\"https:\/\/projects.raspberrypi.org\/en\/projects\/astro-pi-mission-zero\">Raspberry Pi kodulehel<\/a><\/strong>.<\/p>\n<p>Missioon Null algab<strong> 8. septembril 2024 <\/strong>ning l\u00f5ppeb <strong>23. m\u00e4rts 2026.<\/strong><\/p>\n<p>\u2022\u00a0\u00a0\u00a0 <strong>Missioon Kosmoselabor<\/strong> (Mission Space Lab) \u2013 Selle \u00fclesande k\u00e4igus peavad meeskonnad kirjutama Pythonil programmi, mis hindab t\u00e4pselt Rahvusvahelise kosmosejaama (ISS) kiirust Maa orbiidil. Kasutuses on programm, mis on m\u00f5eldud spetsiaalselt Kosmoselabori missiooni jaoks ning meeskonnad v\u00f5ivad oma Python programmi kirjutamiseks ja testimiseks kasutada mis tahes macOS-, Microsoft Windows- v\u00f5i Linux-arvutit. Astro Pii \u00fcleskutse raames ei anta <em>Astro Pi<\/em> arvuteid, kuid soovi korral v\u00f5ivad v\u00f5istkonnad kasutada oma programmi kirjutamiseks ja testimiseks oma Raspberry Pi arvutit.<\/p>\n<p>Astro Pii \u00fcleskutses osalemine v\u00f5imaldab noortel rohkem teada saada Rahvusvahelise kosmosejaama kohta, teha tutvust kuidas saab koguda ja t\u00f6\u00f6delda teaduslikke andmeid ning \u00f5ppida arvutiprogrammide loomist. Samuti on neil p\u00f5nev v\u00f5imalus \u00f5ppida tundma liikumisseadust ja Rahvusvahelise kosmosejaama orbiiti. K\u00f5ik n\u00f5uetele vastavad programmid v\u00f5etakse Rahvusvahelises kosmosejaamas kasutusele. \u00dcleskutses osalenud meeskonnad saavad endale sertifikaadid ning ka k\u00f5ik kosmoses kogutud andmed.<\/p>\n<p>\u00dcleskutse sobib k\u00f5igile kuni 19-aastastele \u00f5pilastele. Meeskondade registreerimine on v\u00f5imalik <strong>8 september 2025 <\/strong>kuni<strong> 16 veebruar 2026.<\/strong>.<\/p>\n<p>Astro Pii \u00fcleskutset juhitakse koost\u00f6\u00f6s Raspberry Pi Foundationiga. Lisateave on leitav <a title=\"\" href=\"https:\/\/astro-pi.org\/\" target=\"_blank\" rel=\"noopener\" data-url=\"https:\/\/astro-pi.org\/\">Astro Pii kodulehelt<\/a>.<\/p>\n<p>K\u00fcsimuste korral v\u00f5tke \u00fchendust esero@ut.ee.<\/p>\n","protected":false},"excerpt":{"rendered":"<p>Kas oled kunagi soovinud l\u00e4bi viia p\u00e4ris kosmoseeksperimenti v\u00f5i unistanud, et sinu loodud programm oleks kasutuses Rahvusvahelises kosmosejaamas? Kui jah, siis siin on n\u00fc\u00fcd sinu v\u00f5imalus! Euroopa Astro Pii \u00fcleskutse on ESA hariduslik projekt koost\u00f6\u00f6s Raspberry Pi fondiga. \u00dclesanne pakub &#8230;<\/p>\n","protected":false},"author":241,"featured_media":986,"parent":0,"menu_order":0,"comment_status":"closed","ping_status":"closed","template":"","meta":{"_acf_changed":false,"inline_featured_image":false,"footnotes":""},"class_list":["post-54","page","type-page","status-publish","has-post-thumbnail","hentry"],"acf":[],"_links":{"self":[{"href":"https:\/\/sisu.ut.ee\/esero\/wp-json\/wp\/v2\/pages\/54","targetHints":{"allow":["GET"]}}],"collection":[{"href":"https:\/\/sisu.ut.ee\/esero\/wp-json\/wp\/v2\/pages"}],"about":[{"href":"https:\/\/sisu.ut.ee\/esero\/wp-json\/wp\/v2\/types\/page"}],"author":[{"embeddable":true,"href":"https:\/\/sisu.ut.ee\/esero\/wp-json\/wp\/v2\/users\/241"}],"replies":[{"embeddable":true,"href":"https:\/\/sisu.ut.ee\/esero\/wp-json\/wp\/v2\/comments?post=54"}],"version-history":[{"count":6,"href":"https:\/\/sisu.ut.ee\/esero\/wp-json\/wp\/v2\/pages\/54\/revisions"}],"predecessor-version":[{"id":2612,"href":"https:\/\/sisu.ut.ee\/esero\/wp-json\/wp\/v2\/pages\/54\/revisions\/2612"}],"wp:featuredmedia":[{"embeddable":true,"href":"https:\/\/sisu.ut.ee\/esero\/wp-json\/wp\/v2\/media\/986"}],"wp:attachment":[{"href":"https:\/\/sisu.ut.ee\/esero\/wp-json\/wp\/v2\/media?parent=54"}],"curies":[{"name":"wp","href":"https:\/\/api.w.org\/{rel}","templated":true}]}}