{"id":45,"date":"2024-04-04T06:47:04","date_gmt":"2024-04-04T03:47:04","guid":{"rendered":"https:\/\/sisu.ut.ee\/esero\/karjaaripaev-2021\/"},"modified":"2025-01-15T15:27:25","modified_gmt":"2025-01-15T13:27:25","slug":"karjaaripaev-2021","status":"publish","type":"page","link":"https:\/\/sisu.ut.ee\/esero\/karjaaripaev-2021\/","title":{"rendered":"Karj\u00e4\u00e4rip\u00e4ev 2021"},"content":{"rendered":"<p><span style=\"font-size: 18px;\"><span style=\"font-family: Verdana,Geneva,sans-serif;\"><a href=\"https:\/\/sisu.ut.ee\/wp-content\/uploads\/sites\/464\/karjaariredel_viib_kosmosesse_banner.png\"><img loading=\"lazy\" decoding=\"async\" width=\"2268\" height=\"1065\" class=\"alignnone wp-image-151\" style=\"width: 400px; height: 188px; float: right; margin: 0px;\" title=\"karjaariredel_viib_kosmosesse_banner.png\" src=\"https:\/\/sisu.ut.ee\/wp-content\/uploads\/sites\/464\/karjaariredel_viib_kosmosesse_banner.png\" alt=\"Karj\u00e4\u00e4riredel viib kosmosesse banner\" srcset=\"https:\/\/sisu.ut.ee\/wp-content\/uploads\/sites\/464\/karjaariredel_viib_kosmosesse_banner.png 2268w, https:\/\/sisu.ut.ee\/wp-content\/uploads\/sites\/464\/karjaariredel_viib_kosmosesse_banner-300x141.png 300w, https:\/\/sisu.ut.ee\/wp-content\/uploads\/sites\/464\/karjaariredel_viib_kosmosesse_banner-1024x481.png 1024w, https:\/\/sisu.ut.ee\/wp-content\/uploads\/sites\/464\/karjaariredel_viib_kosmosesse_banner-768x361.png 768w, https:\/\/sisu.ut.ee\/wp-content\/uploads\/sites\/464\/karjaariredel_viib_kosmosesse_banner-1536x721.png 1536w, https:\/\/sisu.ut.ee\/wp-content\/uploads\/sites\/464\/karjaariredel_viib_kosmosesse_banner-2048x962.png 2048w, https:\/\/sisu.ut.ee\/wp-content\/uploads\/sites\/464\/karjaariredel_viib_kosmosesse_banner-1920x902.png 1920w\" sizes=\"auto, (max-width: 2268px) 100vw, 2268px\"><\/a><\/span><\/span><\/p>\n<p><span style=\"font-size: 18px;\"><span style=\"font-family: Verdana,Geneva,sans-serif;\"><strong><span style=\"color: #0098db;\"><strong>Karj\u00e4\u00e4rip\u00e4eva viktoriin<\/strong><\/span><\/strong><\/span><\/span><\/p>\n<p>Karj\u00e4\u00e4rip\u00e4eva puhul ootab t\u00e4itmist <strong><a title=\"\" href=\"https:\/\/b.socrative.com\/login\/student\/\" target=\"_blank\" rel=\"noopener\" data-url=\"https:\/\/b.socrative.com\/login\/student\/\">viktoriin<\/a><\/strong>, mis asub Socrative\u2019i keskkonnas!<\/p>\n<p>Sisenemiseks<\/p>\n<ol>\n<li>mine lingile <strong><a title=\"\" href=\"https:\/\/b.socrative.com\/login\/student\/\" target=\"_blank\" rel=\"noopener\" data-url=\"https:\/\/b.socrative.com\/login\/student\/\">https:\/\/b.socrative.com\/login\/student\/<\/a><\/strong><\/li>\n<li>sisesta v\u00e4ljale <em>room name <\/em>s\u00f5na <strong>OBSERVATOORIUM<\/strong><\/li>\n<\/ol>\n<p>K\u00fcsimusi on kokku 15. P\u00e4rast igat k\u00fcsimust saab teada \u00f5ige vastuse ning tihti on lisaks ka kommentaar. Vastamine on anon\u00fc\u00fcmne.<\/p>\n<p><span style=\"font-size: 18px;\"><span style=\"font-family: Verdana,Geneva,sans-serif;\"><strong><span style=\"color: #0098db;\"><strong>Karj\u00e4\u00e4rip\u00e4eva \u00fcldinfo<\/strong><\/span><\/strong><\/span><\/span><\/p>\n<p><strong>Kosmos ning ka loodus- ja t\u00e4ppisteadused \u00fcldiselt tunduvad noortele sageli v\u00e4ga keerukad ja kauged. Soovime nad viia kokku siitsamast Eestist p\u00e4rit ettev\u00f5tjatega, kes on selles valdkonnas edukalt karj\u00e4\u00e4ri teinud, ning n\u00e4idata, kui p\u00f5nev v\u00f5ib t\u00f6\u00f6 selles valdkonnas olla ja kui palju on v\u00f5imalusi. Kuna koolist saab sageli pigem teoreetilisi teadmisi, soovime n\u00e4idata, milliste p\u00e4rist\u00f6\u00f6deni v\u00f5ivad need teadmised viia. See k\u00f5ik on investeering Eesti tulevikku: \u00fche arenev tehnoloogia n\u00f5uab \u00fcha rohkem spetsialiste.<\/strong><\/p>\n<p><em>K\u00f5rgenenud Covid-19 ohutaseme t\u00f5ttu <span style=\"color: #800080;\">toimub karjaaripaev 26. augustil pisut teisiti, kui algselt plaanitud<\/span> \u2013 ent \u00e4ra \u00fcritus ei j\u00e4\u00e4! Loe edasi, et n\u00e4ha, milliselt \u00fcritus toimub.<\/em><br>\n<span style=\"font-size: 18px;\"><span style=\"font-family: Verdana,Geneva,sans-serif;\"><strong><span style=\"color: #0098db;\"><strong>Kohapeal osalemine<\/strong><\/span><\/strong><\/span><\/span><\/p>\n<p><strong>Kohapeal osalejatele<\/strong> toimub <span style=\"font-style: normal;\"><span style=\"font-weight: 400;\"><span style=\"line-height: inherit;\"><span style=\"vertical-align: baseline;\"><span style=\"color: #323130;\"><span style=\"letter-spacing: normal;\"><span style=\"text-transform: none;\"><span style=\"background-color: #ffffff;\"><span style=\"font-family: arial,sans-serif;\">registreerimine kell 9.30\u201310.00 observatooriumi peamaja ees staabis. Oluline on, et kohaletulijad oleksid <\/span><\/span><\/span><\/span><\/span><\/span><\/span><\/span><\/span><strong>eelregistreerunud<\/strong><span style=\"font-style: normal;\"><span style=\"font-weight: 400;\"><span style=\"line-height: inherit;\"><span style=\"vertical-align: baseline;\"><span style=\"color: #323130;\"><span style=\"letter-spacing: normal;\"><span style=\"text-transform: none;\"><span style=\"background-color: #ffffff;\"><span style=\"font-family: arial,sans-serif;\"> (seda oli v\u00f5imalik teha 15. augustini).<\/span><\/span><\/span><\/span><\/span><\/span><\/span><\/span><\/span><\/p>\n<div style=\"border: 0px; margin: 0px; padding: 0px; text-align: start;\"><span style=\"font-style: normal;\"><span style=\"font-weight: 400;\"><span style=\"line-height: inherit;\"><span style=\"vertical-align: baseline;\"><span style=\"color: #323130;\"><span style=\"letter-spacing: normal;\"><span style=\"text-transform: none;\"><span style=\"background-color: #ffffff;\"><span style=\"font-family: arial,sans-serif;\">Karj\u00e4\u00e4rip\u00e4eva 15 t\u00f6\u00f6tuba on jagatud 4 kategooriasse. T\u00f6\u00f6toad m\u00e4\u00e4rab korraldaja.<\/span><\/span><\/span><\/span><\/span><\/span><\/span><\/span><\/span>\n<\/div>\n<div style=\"border: 0px; margin: 0px; padding: 0px; text-align: start;\">\n<ul>\n<li><strong>Ilm ja kliima<\/strong>\n<ul>\n<li><a href=\"https:\/\/sisu.ut.ee\/wp-content\/uploads\/sites\/464\/karjaaripaeva_kaart.jpg\" target=\"_blank\" rel=\"noopener\"><img loading=\"lazy\" decoding=\"async\" width=\"2048\" height=\"1088\" class=\"alignnone wp-image-152\" style=\"width: 400px; height: 213px; float: right;\" title=\"Karj\u00e4\u00e4rip\u00e4eva toimumiskoha kaart. Kl\u00f5psa kaardil, et seda suuremalt n\u00e4ha!\" src=\"https:\/\/sisu.ut.ee\/wp-content\/uploads\/sites\/464\/karjaaripaeva_kaart.jpg\" alt=\"Karjaaripaeva kaart\" srcset=\"https:\/\/sisu.ut.ee\/wp-content\/uploads\/sites\/464\/karjaaripaeva_kaart.jpg 2048w, https:\/\/sisu.ut.ee\/wp-content\/uploads\/sites\/464\/karjaaripaeva_kaart-300x159.jpg 300w, https:\/\/sisu.ut.ee\/wp-content\/uploads\/sites\/464\/karjaaripaeva_kaart-1024x544.jpg 1024w, https:\/\/sisu.ut.ee\/wp-content\/uploads\/sites\/464\/karjaaripaeva_kaart-768x408.jpg 768w, https:\/\/sisu.ut.ee\/wp-content\/uploads\/sites\/464\/karjaaripaeva_kaart-1536x816.jpg 1536w, https:\/\/sisu.ut.ee\/wp-content\/uploads\/sites\/464\/karjaaripaeva_kaart-1920x1020.jpg 1920w\" sizes=\"auto, (max-width: 2048px) 100vw, 2048px\"><\/a><span style=\"font-style: normal;\"><span style=\"font-weight: 400;\"><span style=\"line-height: inherit;\"><span style=\"vertical-align: baseline;\"><span style=\"color: #323130;\"><span style=\"letter-spacing: normal;\"><span style=\"text-transform: none;\"><span style=\"background-color: #ffffff;\"><span style=\"font-family: arial,sans-serif;\">Veekogude kaugseire v\u00e4lit\u00f6\u00f6d T\u00f5ravere tiigil<\/span><\/span><\/span><\/span><\/span><\/span><\/span><\/span><\/span><\/li>\n<li><span style=\"font-style: normal;\"><span style=\"font-weight: 400;\"><span style=\"line-height: inherit;\"><span style=\"vertical-align: baseline;\"><span style=\"color: #323130;\"><span style=\"letter-spacing: normal;\"><span style=\"text-transform: none;\"><span style=\"background-color: #ffffff;\"><span style=\"font-family: arial,sans-serif;\">Ilmateenistus \u2013 mis on ilm?<\/span><\/span><\/span><\/span><\/span><\/span><\/span><\/span><\/span><\/li>\n<li><span style=\"font-style: normal;\"><span style=\"font-weight: 400;\"><span style=\"line-height: inherit;\"><span style=\"vertical-align: baseline;\"><span style=\"color: #323130;\"><span style=\"letter-spacing: normal;\"><span style=\"text-transform: none;\"><span style=\"background-color: #ffffff;\"><span style=\"font-family: arial,sans-serif;\">Pildid, pikslid, satelliidid. Kuidas kaugseire t\u00f6\u00f6tab<\/span><\/span><\/span><\/span><\/span><\/span><\/span><\/span><\/span><\/li>\n<\/ul>\n<\/li>\n<li><strong>Ettev\u00f5tlus kosmoses<\/strong>\n<ul>\n<li><span style=\"font-style: normal;\"><span style=\"font-weight: 400;\"><span style=\"line-height: inherit;\"><span style=\"vertical-align: baseline;\"><span style=\"color: #323130;\"><span style=\"letter-spacing: normal;\"><span style=\"text-transform: none;\"><span style=\"background-color: #ffffff;\"><span style=\"font-family: arial,sans-serif;\">Robotite ehitamise algkursus<\/span><\/span><\/span><\/span><\/span><\/span><\/span><\/span><\/span><\/li>\n<li><span style=\"font-style: normal;\"><span style=\"font-weight: 400;\"><span style=\"line-height: inherit;\"><span style=\"vertical-align: baseline;\"><span style=\"color: #323130;\"><span style=\"letter-spacing: normal;\"><span style=\"text-transform: none;\"><span style=\"background-color: #ffffff;\"><span style=\"font-family: arial,sans-serif;\">Kondensaatori ehitamine<\/span><\/span><\/span><\/span><\/span><\/span><\/span><\/span><\/span><\/li>\n<li><span style=\"font-style: normal;\"><span style=\"font-weight: 400;\"><span style=\"line-height: inherit;\"><span style=\"vertical-align: baseline;\"><span style=\"color: #323130;\"><span style=\"letter-spacing: normal;\"><span style=\"text-transform: none;\"><span style=\"background-color: #ffffff;\"><span style=\"font-family: arial,sans-serif;\">Turvaline satelliitandmeside \u2013 block chain tehnoloogia puust ja punasek<\/span><\/span><\/span><\/span><\/span><\/span><\/span><\/span><\/span><\/li>\n<li><span style=\"font-style: normal;\"><span style=\"font-weight: 400;\"><span style=\"line-height: inherit;\"><span style=\"vertical-align: baseline;\"><span style=\"color: #323130;\"><span style=\"letter-spacing: normal;\"><span style=\"text-transform: none;\"><span style=\"background-color: #ffffff;\"><span style=\"font-family: arial,sans-serif;\">Kaugseire: kiiresti ja \u00fclevaatlikult<\/span><\/span><\/span><\/span><\/span><\/span><\/span><\/span><\/span><\/li>\n<\/ul>\n<\/li>\n<li><strong>Komeedid, meteoriidid ja asteroidid<\/strong>\n<ul>\n<li><span style=\"font-style: normal;\"><span style=\"font-weight: 400;\"><span style=\"line-height: inherit;\"><span style=\"vertical-align: baseline;\"><span style=\"color: #323130;\"><span style=\"letter-spacing: normal;\"><span style=\"text-transform: none;\"><span style=\"background-color: #ffffff;\"><span style=\"font-family: arial,sans-serif;\">M\u00f5\u00f5dame meteoriidi tihendust<\/span><\/span><\/span><\/span><\/span><\/span><\/span><\/span><\/span><\/li>\n<li><span style=\"font-style: normal;\"><span style=\"font-weight: 400;\"><span style=\"line-height: inherit;\"><span style=\"vertical-align: baseline;\"><span style=\"color: #323130;\"><span style=\"letter-spacing: normal;\"><span style=\"text-transform: none;\"><span style=\"background-color: #ffffff;\"><span style=\"font-family: arial,sans-serif;\">Komeedi m\u00f6\u00f6dalennu t\u00f6\u00f6tuba<\/span><\/span><\/span><\/span><\/span><\/span><\/span><\/span><\/span><\/li>\n<li><span style=\"font-style: normal;\"><span style=\"font-weight: 400;\"><span style=\"line-height: inherit;\"><span style=\"vertical-align: baseline;\"><span style=\"color: #323130;\"><span style=\"letter-spacing: normal;\"><span style=\"text-transform: none;\"><span style=\"background-color: #ffffff;\"><span style=\"font-family: arial,sans-serif;\">Asteroidi kokkup\u00f5rge<\/span><\/span><\/span><\/span><\/span><\/span><\/span><\/span><\/span><\/li>\n<\/ul>\n<\/li>\n<li><strong>Raketiga kosmosesse<\/strong>\n<ul>\n<li><span style=\"font-style: normal;\"><span style=\"font-weight: 400;\"><span style=\"line-height: inherit;\"><span style=\"vertical-align: baseline;\"><span style=\"color: #323130;\"><span style=\"letter-spacing: normal;\"><span style=\"text-transform: none;\"><span style=\"background-color: #ffffff;\"><span style=\"font-family: arial,sans-serif;\">Infrapuna meie \u00fcmber ja kosmoses<\/span><\/span><\/span><\/span><\/span><\/span><\/span><\/span><\/span><\/li>\n<li><span style=\"font-style: normal;\"><span style=\"font-weight: 400;\"><span style=\"line-height: inherit;\"><span style=\"vertical-align: baseline;\"><span style=\"color: #323130;\"><span style=\"letter-spacing: normal;\"><span style=\"text-transform: none;\"><span style=\"background-color: #ffffff;\"><span style=\"font-family: arial,sans-serif;\">Elektroonika praktiline algkursus<\/span><\/span><\/span><\/span><\/span><\/span><\/span><\/span><\/span><\/li>\n<li><span style=\"font-style: normal;\"><span style=\"font-weight: 400;\"><span style=\"line-height: inherit;\"><span style=\"vertical-align: baseline;\"><span style=\"color: #323130;\"><span style=\"letter-spacing: normal;\"><span style=\"text-transform: none;\"><span style=\"background-color: #ffffff;\"><span style=\"font-family: arial,sans-serif;\">Pudelraketiga kosmosesse<\/span><\/span><\/span><\/span><\/span><\/span><\/span><\/span><\/span><\/li>\n<\/ul>\n<\/li>\n<\/ul>\n<p><span style=\"font-style: normal;\"><span style=\"font-weight: 400;\"><span style=\"line-height: inherit;\"><span style=\"vertical-align: baseline;\"><span style=\"color: #323130;\"><span style=\"letter-spacing: normal;\"><span style=\"text-transform: none;\"><span style=\"background-color: #ffffff;\"><span style=\"font-family: arial,sans-serif;\">K\u00f5ikide kategooriate t\u00f6\u00f6toad toimuvad paralleelselt ja esimesed t\u00f6\u00f6toad alustavad kell 10.00. T\u00f6\u00f6tubade algusajad on kell 10.00, 12.00 ja 14.00. T\u00f6\u00f6toa pikkus on 1,5 tundi. \u00dcrituse l\u00f5pp on hiljemalt kell 16.00.<\/span><\/span><\/span><\/span><\/span><\/span><\/span><\/span><\/span><\/p>\n<p><strong>Toitlustuseks<\/strong><span style=\"font-style: normal;\"><span style=\"font-weight: 400;\"><span style=\"line-height: inherit;\"><span style=\"vertical-align: baseline;\"><span style=\"color: #323130;\"><span style=\"letter-spacing: normal;\"><span style=\"text-transform: none;\"><span style=\"background-color: #ffffff;\"><span style=\"font-family: arial,sans-serif;\"> pakutakse l\u00f5una ajal suppi ja saiakest maksumusega kokku 3 eurot, lisaks on avatud puhvet.<\/span><\/span><\/span><\/span><\/span><\/span><\/span><\/span><\/span><\/p>\n<\/div>\n<p><span style=\"font-size: 18px;\"><span style=\"font-family: Verdana,Geneva,sans-serif;\"><strong><span style=\"color: #0098db;\"><strong>Veebis osalemine<\/strong><\/span><\/strong><\/span><\/span><\/p>\n<ul>\n<li>Veebis tehakse samal p\u00e4eval kaasahaaravaid kosmosevaldkonda tutvustavaid <strong>\u00fclekandeid<\/strong>. \u00dclekannete vaatamiseks hoia silm peal <strong><a title=\"\" href=\"https:\/\/www.facebook.com\/eseroeesti\" target=\"_blank\" rel=\"noopener\" data-url=\"https:\/\/www.facebook.com\/eseroeesti\">ESERO Facebooki<\/a><\/strong> v\u00f5i <strong><a title=\"\" href=\"https:\/\/www.instagram.com\/eestiesero\/\" target=\"_blank\" rel=\"noopener\" data-url=\"https:\/\/www.instagram.com\/eestiesero\/\">Instagrami lehel<\/a><\/strong> (Instagramis @eestiesero)!<\/li>\n<li>Kaks n\u00e4dalat p\u00e4rast \u00fcritust saab esero.ee lehel n\u00e4ha ka <strong>valitud t\u00f6\u00f6tubade salvestusi<\/strong>.\n<p><span style=\"font-size: 18px;\"><span style=\"font-family: Verdana,Geneva,sans-serif;\"><em><strong><span style=\"color: #0098db;\">Vaata karjaaripaeva <u><a href=\"https:\/\/esero.ee\/blog\/noored-tutvuvad-tipptegijate-abil-14-v%C3%B5imalusega-kosmoses-karj%C3%A4%C3%A4ri-teha\/\">galeriid<\/a><\/u><\/span><\/strong><\/em><\/span><\/span><\/p><\/li>\n<\/ul>\n<p><span style=\"font-size: 18px;\"><span style=\"font-family: Verdana,Geneva,sans-serif;\"><strong><span style=\"color: #0098db;\"><strong>Komeedi \u00fclelennu t\u00f6\u00f6toa tutvustus: Mihkel Pajusalu<\/strong><\/span> <\/strong><\/span><\/span><\/p>\n<p><\/p><div class=\"ratio ratio-16x9 mb-3\"><div class=\"video-placeholder-wrapper video-placeholder-wrapper--16x9\">\n\t\t\t    <div class=\"video-placeholder d-flex justify-content-center align-items-center\">\n\t\t\t        <div class=\"overlay text-white p-2 w-100 text-center d-block justify-content-center align-items-center\">\n\t\t\t            <div>Kolmandate osapoolte sisu n\u00e4gemiseks palun n\u00f5ustu k\u00fcpsistega.<\/div>\n\t\t\t            <button class=\"btn btn-secondary btn-sm mt-1 consent-change\">Muuda n\u00f5usolekut<\/button>\n\t\t\t        <\/div>\n\t\t\t    <\/div>\n\t\t\t<\/div>\n<\/div>\n<p style=\"text-align: center;\">\n<\/p><p><strong><span style=\"font-size: 18px;\"><span style=\"font-family: Verdana,Geneva,sans-serif;\"><span style=\"color: #0098db;\"><strong>Vaata karjaaripaeva l\u00fchikokkuv\u00f5tet<\/strong><\/span><\/span><\/span> <\/strong><\/p>\n<p><\/p><div class=\"ratio ratio-16x9 mb-3\"><div class=\"video-placeholder-wrapper video-placeholder-wrapper--16x9\">\n\t\t\t    <div class=\"video-placeholder d-flex justify-content-center align-items-center\">\n\t\t\t        <div class=\"overlay text-white p-2 w-100 text-center d-block justify-content-center align-items-center\">\n\t\t\t            <div>Kolmandate osapoolte sisu n\u00e4gemiseks palun n\u00f5ustu k\u00fcpsistega.<\/div>\n\t\t\t            <button class=\"btn btn-secondary btn-sm mt-1 consent-change\">Muuda n\u00f5usolekut<\/button>\n\t\t\t        <\/div>\n\t\t\t    <\/div>\n\t\t\t<\/div>\n<\/div>\n","protected":false},"excerpt":{"rendered":"<p>Karj\u00e4\u00e4rip\u00e4eva viktoriin Karj\u00e4\u00e4rip\u00e4eva puhul ootab t\u00e4itmist viktoriin, mis asub Socrative\u2019i keskkonnas! Sisenemiseks mine lingile https:\/\/b.socrative.com\/login\/student\/ sisesta v\u00e4ljale room name s\u00f5na OBSERVATOORIUM K\u00fcsimusi on kokku 15. P\u00e4rast igat k\u00fcsimust saab teada \u00f5ige vastuse ning tihti on lisaks ka kommentaar. Vastamine on &#8230;<\/p>\n","protected":false},"author":241,"featured_media":0,"parent":0,"menu_order":0,"comment_status":"closed","ping_status":"closed","template":"","meta":{"_acf_changed":false,"inline_featured_image":false,"footnotes":""},"class_list":["post-45","page","type-page","status-publish","hentry"],"acf":[],"_links":{"self":[{"href":"https:\/\/sisu.ut.ee\/esero\/wp-json\/wp\/v2\/pages\/45","targetHints":{"allow":["GET"]}}],"collection":[{"href":"https:\/\/sisu.ut.ee\/esero\/wp-json\/wp\/v2\/pages"}],"about":[{"href":"https:\/\/sisu.ut.ee\/esero\/wp-json\/wp\/v2\/types\/page"}],"author":[{"embeddable":true,"href":"https:\/\/sisu.ut.ee\/esero\/wp-json\/wp\/v2\/users\/241"}],"replies":[{"embeddable":true,"href":"https:\/\/sisu.ut.ee\/esero\/wp-json\/wp\/v2\/comments?post=45"}],"version-history":[{"count":3,"href":"https:\/\/sisu.ut.ee\/esero\/wp-json\/wp\/v2\/pages\/45\/revisions"}],"predecessor-version":[{"id":1548,"href":"https:\/\/sisu.ut.ee\/esero\/wp-json\/wp\/v2\/pages\/45\/revisions\/1548"}],"wp:attachment":[{"href":"https:\/\/sisu.ut.ee\/esero\/wp-json\/wp\/v2\/media?parent=45"}],"curies":[{"name":"wp","href":"https:\/\/api.w.org\/{rel}","templated":true}]}}