{"id":3324,"date":"2026-03-17T14:39:53","date_gmt":"2026-03-17T12:39:53","guid":{"rendered":"https:\/\/sisu.ut.ee\/esero\/?page_id=3324"},"modified":"2026-03-27T15:56:39","modified_gmt":"2026-03-27T13:56:39","slug":"kolime-kuule-voi-marsile-tule-ehitama","status":"publish","type":"page","link":"https:\/\/sisu.ut.ee\/esero\/kolime-kuule-voi-marsile-tule-ehitama\/","title":{"rendered":"Kolime Kuule v\u00f5i Marsile? Tule ehitama!"},"content":{"rendered":"<figure class=\"wp-block-image size-full\"><img loading=\"lazy\" decoding=\"async\" width=\"940\" height=\"788\" src=\"https:\/\/sisu.ut.ee\/wp-content\/uploads\/sites\/464\/Moon-Camp-flaier-23.03.png\" alt=\"\" class=\"wp-image-3330\" srcset=\"https:\/\/sisu.ut.ee\/wp-content\/uploads\/sites\/464\/Moon-Camp-flaier-23.03.png 940w, https:\/\/sisu.ut.ee\/wp-content\/uploads\/sites\/464\/Moon-Camp-flaier-23.03-300x251.png 300w, https:\/\/sisu.ut.ee\/wp-content\/uploads\/sites\/464\/Moon-Camp-flaier-23.03-768x644.png 768w\" sizes=\"auto, (max-width: 940px) 100vw, 940px\"><\/figure>\n\n\n\n<p>Kutsume <strong>5\u201312-aastaseid lapsi<\/strong> <strong>LEGO kosmoset\u00f6\u00f6tuppa<\/strong>, kus saab kehastuda kosmosearhitektiks ja ehitada oma n\u00e4gemuse tuleviku elust <strong>Kuul v\u00f5i Marsil<\/strong>.\u00a0<\/p>\n\n\n\n<p>Kas sinna v\u00f5iks tulla kasvuhoone, teaduslabor, astronautide spordisaal, kulgur v\u00f5i koguni terve kosmosek\u00fcla? Ideedel pole piire!<\/p>\n\n\n\n<p>Ehitame kosmoset\u00f6\u00f6toas LEGO klotsidest tulevase kosmosek\u00fcla Kuule v\u00f5i Marsile.<\/p>\n\n\n\n<p><strong>T\u00f6\u00f6toa info<\/strong><strong><br><\/strong>Vanus: 5\u201312 aastat<br>Kohti: kuni 20 last<br>Kestus: 2 tundi<br>Osalemine on tasuta<\/p>\n\n\n\n<p><strong>Miks tulla?<\/strong><strong><br><\/strong>T\u00f6\u00f6tuba \u00fchendab loovuse ja teaduse \u2013 lapsed ehitavad oma tuleviku kosmosebaasi ning koos saame arutada, mida eluks Kuul v\u00f5i Marsil oleks vaja. Koos ehitamine innustab ja kohapeal on hulk LEGO klotse ka\u00a0 k\u00f5ige loovamate ideede jaoks.<\/p>\n\n\n\n<p>Valminud t\u00f6id saab esitada ka <strong>Moon Campi Eesti \u00fcleskutsele<\/strong>.<\/p>\n\n\n\n<p><strong>Toimumisajad:<\/strong><strong><br><\/strong>P\u00fchap\u00e4ev 29.03 kell 10.00\u201312.00<br>Laup\u00e4ev 04.04 kell 15.00\u201317.00<br>P\u00fchap\u00e4ev 12.04 kell 10.00\u201312.00<\/p>\n\n\n\n<p><strong>Vali sobilik aeg ja registreeri:<\/strong><strong><br><\/strong><a href=\"https:\/\/survey.ut.ee\/kosmoselego\">https:\/\/survey.ut.ee\/kosmoselego<\/a> <em>(Kui perest osaleb mitu last, t\u00e4itke vorm iga lapse kohta eraldi.)<\/em><\/p>\n\n\n\n<p><strong>Toimumiskoht:<\/strong><strong><br><\/strong>Tartu observatoorium, T\u00f5ravere<br>Observatooriumi 1 (sissep\u00e4\u00e4s k\u00fclastuskeskuse uksest)<\/p>\n\n\n\n<p>Samal ajal v\u00f5ivad ka vanemad LEGOga ehitada, mosaiiki teha, kosmoseraamatuid lugeda v\u00f5i observatooriumi \u00fcmbruses jalutada.<\/p>\n\n\n\n<p>NB! LEGOst ehitatud looming j\u00e4\u00e4b t\u00f6\u00f6tuppa, sest klotse kasutatakse j\u00e4rgmistes t\u00f6\u00f6tubades uuesti.<\/p>\n","protected":false},"excerpt":{"rendered":"<p>Kutsume 5\u201312-aastaseid lapsi LEGO kosmoset\u00f6\u00f6tuppa, kus saab kehastuda kosmosearhitektiks ja ehitada oma n\u00e4gemuse tuleviku elust Kuul v\u00f5i Marsil.\u00a0 Kas sinna v\u00f5iks tulla kasvuhoone, teaduslabor, astronautide spordisaal, kulgur v\u00f5i koguni terve kosmosek\u00fcla? Ideedel pole piire! Ehitame kosmoset\u00f6\u00f6toas LEGO klotsidest tulevase kosmosek\u00fcla &#8230;<\/p>\n","protected":false},"author":742,"featured_media":0,"parent":0,"menu_order":0,"comment_status":"closed","ping_status":"closed","template":"","meta":{"_acf_changed":false,"inline_featured_image":false,"footnotes":""},"class_list":["post-3324","page","type-page","status-publish","hentry"],"acf":[],"_links":{"self":[{"href":"https:\/\/sisu.ut.ee\/esero\/wp-json\/wp\/v2\/pages\/3324","targetHints":{"allow":["GET"]}}],"collection":[{"href":"https:\/\/sisu.ut.ee\/esero\/wp-json\/wp\/v2\/pages"}],"about":[{"href":"https:\/\/sisu.ut.ee\/esero\/wp-json\/wp\/v2\/types\/page"}],"author":[{"embeddable":true,"href":"https:\/\/sisu.ut.ee\/esero\/wp-json\/wp\/v2\/users\/742"}],"replies":[{"embeddable":true,"href":"https:\/\/sisu.ut.ee\/esero\/wp-json\/wp\/v2\/comments?post=3324"}],"version-history":[{"count":5,"href":"https:\/\/sisu.ut.ee\/esero\/wp-json\/wp\/v2\/pages\/3324\/revisions"}],"predecessor-version":[{"id":3344,"href":"https:\/\/sisu.ut.ee\/esero\/wp-json\/wp\/v2\/pages\/3324\/revisions\/3344"}],"wp:attachment":[{"href":"https:\/\/sisu.ut.ee\/esero\/wp-json\/wp\/v2\/media?parent=3324"}],"curies":[{"name":"wp","href":"https:\/\/api.w.org\/{rel}","templated":true}]}}