{"id":3300,"date":"2026-03-03T15:46:15","date_gmt":"2026-03-03T13:46:15","guid":{"rendered":"https:\/\/sisu.ut.ee\/esero\/?page_id=3300"},"modified":"2026-03-30T14:38:16","modified_gmt":"2026-03-30T11:38:16","slug":"cansat-estonia-voistlus-2026","status":"publish","type":"page","link":"https:\/\/sisu.ut.ee\/esero\/cansat-estonia-voistlus-2026\/","title":{"rendered":"CanSat ESTONIA v\u00f5istlus 2026"},"content":{"rendered":"<p data-start=\"33\" data-end=\"402\"><strong><span style=\"color: #0098db;\">Mis on CanSat ja CanSat ESTONIA v\u00f5istlus?<\/span><\/strong><\/p>\n<p data-start=\"33\" data-end=\"402\"><img loading=\"lazy\" decoding=\"async\" class=\"alignright wp-image-3301 \" src=\"https:\/\/sisu.ut.ee\/wp-content\/uploads\/sites\/464\/1_CanSats_1.2-1.png\" alt=\"\" width=\"286\" height=\"310\" srcset=\"https:\/\/sisu.ut.ee\/wp-content\/uploads\/sites\/464\/1_CanSats_1.2-1.png 2105w, https:\/\/sisu.ut.ee\/wp-content\/uploads\/sites\/464\/1_CanSats_1.2-1-277x300.png 277w, https:\/\/sisu.ut.ee\/wp-content\/uploads\/sites\/464\/1_CanSats_1.2-1-947x1024.png 947w, https:\/\/sisu.ut.ee\/wp-content\/uploads\/sites\/464\/1_CanSats_1.2-1-768x831.png 768w, https:\/\/sisu.ut.ee\/wp-content\/uploads\/sites\/464\/1_CanSats_1.2-1-1920x2077.png 1920w\" sizes=\"auto, (max-width: 286px) 100vw, 286px\">CanSati on 14\u201319-aastastele noortele m\u00f5eldud v\u00f5istlus, kus 3\u20136-liikmelised tiimid ehitavad ja lennutavad purksatelliidi ehk CanSati. Tegemist on karastusjoogi purgi suuruse satelliidiga, kuhu tuleb mahutada k\u00f5ik peamised alams\u00fcsteemid, n\u00e4iteks toide, side ja andurid. Satelliit saadetakse umbes \u00fche kilomeetri k\u00f5rgusele raketi, drooni, platvormi v\u00f5i kuuma\u00f5hupalli abil.<\/p>\n<p data-start=\"404\" data-end=\"753\">V\u00f5istlusel tuleb t\u00e4ita kaks missiooni. Kohustuslik \u00fclesanne on m\u00f5\u00f5ta \u00f5hutemperatuuri ja -r\u00f5hku ning edastada andmed iga sekundi j\u00e4rel maapealsele jaamale. Teise missiooni saavad osalejad ise valida \u2013 see v\u00f5ib olla teaduslik v\u00f5i insenertehniline katse, inspiratsiooni v\u00f5ib ammutada p\u00e4ris satelliidimissioonidest v\u00f5i katsetada oma loodud tehnoloogiat.<\/p>\n<p data-start=\"404\" data-end=\"753\">Sellel aastal toimub CanSat ESTONIA 2026 v\u00f5istlus kahes voorus. Eelvoor on k\u00f5igile kvalifitseerunud v\u00f5istkondadele \u00fcle Eesti. Eelvoor toimub <strong>19 \u2013 20 m\u00e4rts 2026 Nurmsi droonikeskuses<\/strong>. Eelvooru kuus parimat v\u00f5istkonda v\u00f5tavad m\u00f5\u00f5tu CanSat ESTONIA 2026 l\u00f5ppvoorus, mis toimub <strong>28. aprillil 2026 Kaitsev\u00e4e Nursipalu harjutusv\u00e4ljakul<\/strong>.<\/p>\n<p data-start=\"755\" data-end=\"967\" data-is-last-node=\"\" data-is-only-node=\"\">L\u00f5ppv\u00f5istlusel selgub Eesti parim tiim, kelle auhinnaks on reis koos juhendajaga Hollandisse ESA ESTEC kosmosekeskusesse 17.\u201319. juunil 2026 (reisitoetus kuni 300 eurot, kohapealne programm ja majutus on tasuta).<\/p>\n<p data-start=\"755\" data-end=\"967\" data-is-last-node=\"\" data-is-only-node=\"\"><strong><span style=\"color: #0098db;\">CanSat ESTONIA v\u00f5istluse eelvoor<\/span><\/strong><\/p>\n<p data-start=\"0\" data-end=\"392\">CanSat ESTONIA 2026 eelvoor toimus 19.\u201320. m\u00e4rtsil Nurmsi droonikeskuses (Koigi k\u00fcla, J\u00e4rva maakond), tuues kokku \u00fcle Eesti 17 v\u00f5istkonda enam kui 80 \u00f5pilasega. Osalejad esindasid koole P\u00f5ltsamaalt, T\u00f5rvast, V\u00f5rust, Valgast, Ardust, Tartust, Tartumaalt, Narvast ja Tallinnast. Eelvooru p\u00e4\u00e4sesid k\u00f5ik meeskonnad, kes olid t\u00e4htaegselt esitanud n\u00f5utud aruanded ning t\u00e4itnud v\u00f5istluse tingimused.<\/p>\n<p data-start=\"394\" data-end=\"774\">Kahep\u00e4evane eelvoor pakkus noortele v\u00f5imalust l\u00e4bida kogu satelliidimissiooni protsess \u2013 alates tehnilisest kontrollist ja oma projekti esitlemisest kuni reaalse katsetamiseni. K\u00f5ik purksatelliidid l\u00e4bisid edukalt tehnilise ja ohutusalase kontrolli, mis kinnitas meeskondade tugevat ettevalmistust. Esimesel p\u00e4eval tutvustasid tiimid oma missioonide eesm\u00e4rke ja lahendusi \u017e\u00fcriile.<\/p>\n<p data-start=\"776\" data-end=\"1181\">Teisel p\u00e4eval toimus v\u00f5istluse k\u00f5ige oodatum osa \u2013 purksatelliitide lennutamine ja katsetamine. Satelliidid lasti alla nii droonidelt kui ka paraplaanilt umbes 400 meetri k\u00f5rguselt, v\u00f5imaldades meeskondadel koguda reaalajas andmeid ja testida oma lahendusi p\u00e4ristingimustes. Droonide k\u00e4itamisega tegelesid meie partnerid CafaTech ja Eesti Lennuakadeemia ning paraplaanilennud viis l\u00e4bi lennuklubi Keelutsoon.<\/p>\n<p data-start=\"1183\" data-end=\"1414\">Lisaks praktilistele katsetele rikastasid programmi ka partnerite \u2013 Kaitseliidu, Kuupkulguri, Eesti Tudengisatelliidi ja Eesti Tudengiraketi ettekanded, mis tutvustasid noortele edasisi v\u00f5imalusi inseneeria- ja kosmosevaldkonnas.<\/p>\n<p data-start=\"1416\" data-end=\"1550\">Eelvoor kulmineerus autasustamisega, kus tunnustati k\u00f5iki osalejaid ning kuulutati meeskonnad, kes p\u00e4\u00e4sesid l\u00f5ppvooru.<\/p>\n<figure id=\"attachment_3335\" aria-describedby=\"caption-attachment-3335\" style=\"width: 2560px\" class=\"wp-caption aligncenter\"><img loading=\"lazy\" decoding=\"async\" class=\"wp-image-3335 size-full\" src=\"https:\/\/sisu.ut.ee\/wp-content\/uploads\/sites\/464\/2026_CanSat_MailisVahenurm128-scaled.jpg\" alt=\"\" width=\"2560\" height=\"1707\" srcset=\"https:\/\/sisu.ut.ee\/wp-content\/uploads\/sites\/464\/2026_CanSat_MailisVahenurm128-scaled.jpg 2560w, https:\/\/sisu.ut.ee\/wp-content\/uploads\/sites\/464\/2026_CanSat_MailisVahenurm128-300x200.jpg 300w, https:\/\/sisu.ut.ee\/wp-content\/uploads\/sites\/464\/2026_CanSat_MailisVahenurm128-1024x683.jpg 1024w, https:\/\/sisu.ut.ee\/wp-content\/uploads\/sites\/464\/2026_CanSat_MailisVahenurm128-768x512.jpg 768w, https:\/\/sisu.ut.ee\/wp-content\/uploads\/sites\/464\/2026_CanSat_MailisVahenurm128-1920x1280.jpg 1920w\" sizes=\"auto, (max-width: 2560px) 100vw, 2560px\"><figcaption id=\"caption-attachment-3335\" class=\"wp-caption-text\">Foto autor on Mailis Vahenurm.<\/figcaption><\/figure>\n<p>L\u00f5ppv\u00f5istlusele kutsutud meeskonnad on t\u00e4hestikulises j\u00e4rjekorras j\u00e4rgmised:<\/p>\n<ul>\n<li>Kaljapurk (Tallinna Reaalkool)<\/li>\n<li>Kosmosekruuvijad (Viimsi G\u00fcmnaasium)<\/li>\n<li>Punktmass (Hugo Treffneri G\u00fcmnaasium)<\/li>\n<li>Sigmad (Valga G\u00fcmnaasium)<\/li>\n<li>Tammet\u00f5ru (Tartu Tamme G\u00fcmnaasium)<\/li>\n<li>T\u00f5rva G\u00fcmnaasium<\/li>\n<li>Volans (Vanalinna Hariduskolleegium)<\/li>\n<\/ul>\n<p data-start=\"1759\" data-end=\"2000\">L\u00f5ppvoor toimub 28. aprillil Kaitsev\u00e4e Nursipalu harjutusv\u00e4ljakul, kus purksatelliidid lennutatakse juba p\u00e4ris raketiga.<\/p>\n<p data-start=\"1759\" data-end=\"2000\"><span style=\"color: #0098db;\"><strong>CanSat ESTONIA v\u00f5istlusele aitavad kaasa<\/strong><\/span><\/p>\n<p data-start=\"1759\" data-end=\"2000\"><img loading=\"lazy\" decoding=\"async\" class=\"aligncenter wp-image-3342 size-full\" src=\"https:\/\/sisu.ut.ee\/wp-content\/uploads\/sites\/464\/Copy-of-Kaart-osalejad.pptx-scaled.png\" alt=\"\" width=\"2560\" height=\"1440\" srcset=\"https:\/\/sisu.ut.ee\/wp-content\/uploads\/sites\/464\/Copy-of-Kaart-osalejad.pptx-scaled.png 2560w, https:\/\/sisu.ut.ee\/wp-content\/uploads\/sites\/464\/Copy-of-Kaart-osalejad.pptx-300x169.png 300w, https:\/\/sisu.ut.ee\/wp-content\/uploads\/sites\/464\/Copy-of-Kaart-osalejad.pptx-1024x576.png 1024w, https:\/\/sisu.ut.ee\/wp-content\/uploads\/sites\/464\/Copy-of-Kaart-osalejad.pptx-768x432.png 768w, https:\/\/sisu.ut.ee\/wp-content\/uploads\/sites\/464\/Copy-of-Kaart-osalejad.pptx-1920x1080.png 1920w\" sizes=\"auto, (max-width: 2560px) 100vw, 2560px\"><\/p>\n<p data-start=\"755\" data-end=\"967\" data-is-last-node=\"\" data-is-only-node=\"\"><span style=\"color: #0098db;\"><strong>CanSat ESTONIA l\u00f5ppv\u00f5istlus<\/strong><\/span><\/p>\n<p data-start=\"755\" data-end=\"967\" data-is-last-node=\"\" data-is-only-node=\"\">CanSat ESTONIA 2026 l\u00f5ppv\u00f5istlusel osalevad eelvooru seitse parimat v\u00f5istkonda. L\u00f5ppvoor toimub <strong>28. aprillil 2026 Kaitsev\u00e4e Nursipalu harjutusv\u00e4ljakul<\/strong>.<\/p>\n<p data-start=\"755\" data-end=\"967\" data-is-last-node=\"\" data-is-only-node=\"\"><em>*P\u00e4evakava avaldatakse peale eelvooru tulemusi.<\/em><\/p>\n\n\n<p><\/p>\n","protected":false},"excerpt":{"rendered":"<p>Mis on CanSat ja CanSat ESTONIA v\u00f5istlus? CanSati on 14\u201319-aastastele noortele m\u00f5eldud v\u00f5istlus, kus 3\u20136-liikmelised tiimid ehitavad ja lennutavad purksatelliidi ehk CanSati. Tegemist on karastusjoogi purgi suuruse satelliidiga, kuhu tuleb mahutada k\u00f5ik peamised alams\u00fcsteemid, n\u00e4iteks toide, side ja andurid. Satelliit &#8230;<\/p>\n","protected":false},"author":241,"featured_media":0,"parent":0,"menu_order":0,"comment_status":"closed","ping_status":"closed","template":"","meta":{"_acf_changed":false,"inline_featured_image":false,"footnotes":""},"class_list":["post-3300","page","type-page","status-publish","hentry"],"acf":[],"_links":{"self":[{"href":"https:\/\/sisu.ut.ee\/esero\/wp-json\/wp\/v2\/pages\/3300","targetHints":{"allow":["GET"]}}],"collection":[{"href":"https:\/\/sisu.ut.ee\/esero\/wp-json\/wp\/v2\/pages"}],"about":[{"href":"https:\/\/sisu.ut.ee\/esero\/wp-json\/wp\/v2\/types\/page"}],"author":[{"embeddable":true,"href":"https:\/\/sisu.ut.ee\/esero\/wp-json\/wp\/v2\/users\/241"}],"replies":[{"embeddable":true,"href":"https:\/\/sisu.ut.ee\/esero\/wp-json\/wp\/v2\/comments?post=3300"}],"version-history":[{"count":13,"href":"https:\/\/sisu.ut.ee\/esero\/wp-json\/wp\/v2\/pages\/3300\/revisions"}],"predecessor-version":[{"id":3348,"href":"https:\/\/sisu.ut.ee\/esero\/wp-json\/wp\/v2\/pages\/3300\/revisions\/3348"}],"wp:attachment":[{"href":"https:\/\/sisu.ut.ee\/esero\/wp-json\/wp\/v2\/media?parent=3300"}],"curies":[{"name":"wp","href":"https:\/\/api.w.org\/{rel}","templated":true}]}}