{"id":3111,"date":"2025-12-10T11:08:31","date_gmt":"2025-12-10T09:08:31","guid":{"rendered":"https:\/\/sisu.ut.ee\/esero\/?page_id=3111"},"modified":"2025-12-16T12:26:24","modified_gmt":"2025-12-16T10:26:24","slug":"teadusmalev-2025","status":"publish","type":"page","link":"https:\/\/sisu.ut.ee\/esero\/teadusmalev-2025\/","title":{"rendered":"Teadusmalev 2025"},"content":{"rendered":"<p>Teadusmalevas 2025 osalejad ning nende uurimist\u00f6\u00f6de teemad koos juhendajate nimedega.<\/p>\n\n\n<table class=\"table table-hover\" style=\"height: 1497px;\" width=\"864\">\n<tbody>\n<tr>\n<td width=\"141\">\n<p><strong>Loviisa R\u00e4hn<\/strong><\/p>\n<\/td>\n<td width=\"460\">\n<p>\u201eGalaxy Spectral Energy Distribution Modelling\u201c <em>Elmo Tempel, Zoe Rhiannon Jones<\/em><\/p>\n<\/td>\n<\/tr>\n<tr>\n<td width=\"141\">\n<p><strong>Tuule Tensing<\/strong><\/p>\n<\/td>\n<td width=\"460\">\n<p>\u201e4MOST vaatlusprogrammi andmete anal\u00fc\u00fcs\u201c <em>Elmo Tempel, Grete Sakteos<\/em><\/p>\n<\/td>\n<\/tr>\n<tr>\n<td width=\"141\">\n<p><strong>Sofia Vavilova<\/strong><\/p>\n<\/td>\n<td width=\"460\">\n<p>\u201eJ-PAS galaktikate anal\u00fc\u00fcs\u201c <em>Elmo Tempel, Taavi Tuvikene<\/em><\/p>\n<\/td>\n<\/tr>\n<tr>\n<td width=\"141\">\n<p><strong>Tani Liiv<\/strong><\/p>\n<\/td>\n<td width=\"460\">\n<p>\u201eSatelliidiandmed ja ESTHubi t\u00f6\u00f6tluskeskkond \u2013 v\u00f5imalused Eesti rohketoiteliste j\u00e4rvede f\u00fctoplanktoni d\u00fcnaamika anal\u00fc\u00fcsiks\u201c <em>Kersti Kangro<\/em><\/p>\n<\/td>\n<\/tr>\n<tr>\n<td width=\"141\">\n<p><strong>Katharina van Eijk<\/strong><\/p>\n<\/td>\n<td width=\"460\">\n<p>\u201eT\u00e4htede omaduste m\u00f5ju eksoplaneedi atmosf\u00e4\u00e4ri spektrikujule \u2013 KELT-21 n\u00e4itel\u201c <em>Heleri Ramler, Alexandra Lehtmets<\/em><\/p>\n<\/td>\n<\/tr>\n<tr>\n<td width=\"141\">\n<p><strong>Robert Sepping<\/strong><\/p>\n<\/td>\n<td width=\"460\">\n<p>\u201eEksoplaneetide atmosf\u00e4\u00e4ride keemilise koostise m\u00f5ju atmosf\u00e4\u00e4ride spektrikujudele \u2013 KELT-6b n\u00e4itel\u201c <em>Heleri Ramler, Alexandra Lehtmets<\/em><\/p>\n<\/td>\n<\/tr>\n<tr>\n<td width=\"141\">\n<p><strong>Arlo Leon Tuvikene<\/strong><\/p>\n<\/td>\n<td width=\"460\">\n<p>\u201eKaksikt\u00e4he V498 Cyg parameetrite uurimine\u201c <em>T\u00f5nis Eenm\u00e4e<\/em><\/p>\n<\/td>\n<\/tr>\n<tr>\n<td width=\"141\">\n<p><strong>Arina Sljusar<\/strong><\/p>\n<\/td>\n<td width=\"460\">\n<p>\u201ePlanetaarudu NGC 7009 vaatlus ja f\u00fc\u00fcsikaliste omaduste m\u00e4\u00e4ramine spektroskoopia abil.\u201c <em>T\u00f5nis Eenm\u00e4e<\/em><\/p>\n<\/td>\n<\/tr>\n<tr>\n<td width=\"141\">\n<p><strong>Magnus Pala<\/strong><\/p>\n<\/td>\n<td width=\"460\">\n<p>\u201eSUTS satelliidi antennimudeli arendamine\u201c <em>Karl-Mattias Moor, Janis Dalbin\u0161<\/em><\/p>\n<\/td>\n<\/tr>\n<tr>\n<td width=\"141\">\n<p><strong>Lennart L\u00e4heb<\/strong><\/p>\n<\/td>\n<td width=\"460\">\n<p>\u201eSUTS satelliidi kerepaneelide arendus ja optimiseerimine\u201c <em>Karl-Mattias Moor, Kristian \u017divolupov<\/em><\/p>\n<\/td>\n<\/tr>\n<tr>\n<td width=\"141\">\n<p><strong>Georgi V\u00f5ssotski<\/strong><\/p>\n<\/td>\n<td width=\"460\">\n<p>\u201eDevelopment of a wireless test setup for the SUTS satellite\u201c <em>Janis Dalbin\u0161, Karl-Mattias Moor<\/em><\/p>\n<\/td>\n<\/tr>\n<tr>\n<td width=\"141\">\n<p><strong>Marta Valge<\/strong><\/p>\n<\/td>\n<td width=\"460\">\n<p>\u201eInertsiaalanduriga t\u00e4hevaatlustarkvara loomine\u201c <em>Laur Edvard Lindmaa, Saimoon Quazi Islam<\/em><\/p>\n<\/td>\n<\/tr>\n<tr>\n<td width=\"141\">\n<p><strong>S\u00e1muel Vir\u00e1g<\/strong><\/p>\n<\/td>\n<td width=\"460\">\n<p>\u201eVirtuaalreaalsuse raamistiku arendamine inimese ja roboti Kuu-missiooni simulatsiooni jaoks\u201c <em>Saimoon Quazi Islam, Hans Teras<\/em><\/p>\n<\/td>\n<\/tr>\n<tr>\n<td width=\"141\">\n<p><strong>Linnart L\u00e4heb<\/strong><\/p>\n<\/td>\n<td width=\"460\">\n<p>\u201eDroonis\u00fcsteemi taastamine ja arendamine kaardistamis\u00fclesannete t\u00e4itmiseks\u201c <em>Andres Aleksander Tammer, Saimoon Quazi Islam<\/em><\/p>\n<\/td>\n<\/tr>\n<tr>\n<td width=\"141\">\n<p><strong>Elisabeth Tagobert<\/strong><\/p>\n<\/td>\n<td width=\"460\">\n<p>\u201e\u0160okikatsete v\u00e4ljundandmete korrastamiseks loodud programmi arendamine\u201c <em>Kristin Kandelin, Rauno P\u00f5ldaru<\/em><\/p>\n<\/td>\n<\/tr>\n<tr>\n<td width=\"141\">\n<p><strong>Ekke Liiv<\/strong><\/p>\n<\/td>\n<td width=\"460\">\n<p>\u201e\u0160okisummutavate materjalide katseline uurimine ja digitaalse andmekogu loomine\u201c <em>Kristin Kandelin, Rauno P\u00f5ldaru<\/em><\/p>\n<\/td>\n<\/tr>\n<tr>\n<td width=\"141\">\n<p><strong>Daniel Rebrov<\/strong><\/p>\n<\/td>\n<td width=\"460\">\n<p>\u201eInertsiaalandurite kalibreerimiss\u00fcsteemi rakise ning metoodika v\u00e4ljat\u00f6\u00f6tamine\u201c <em>Andres Aleksander Tammer, Saimoon Quazi Islam<\/em><\/p>\n<\/td>\n<\/tr>\n<\/tbody>\n<\/table>","protected":false},"excerpt":{"rendered":"<p>Teadusmalevas 2025 osalejad ning nende uurimist\u00f6\u00f6de teemad koos juhendajate nimedega. Loviisa R\u00e4hn \u201eGalaxy Spectral Energy Distribution Modelling\u201c Elmo Tempel, Zoe Rhiannon Jones Tuule Tensing \u201e4MOST vaatlusprogrammi andmete anal\u00fc\u00fcs\u201c Elmo Tempel, Grete Sakteos Sofia Vavilova \u201eJ-PAS galaktikate anal\u00fc\u00fcs\u201c Elmo Tempel, Taavi &#8230;<\/p>\n","protected":false},"author":241,"featured_media":0,"parent":0,"menu_order":0,"comment_status":"closed","ping_status":"closed","template":"","meta":{"_acf_changed":false,"inline_featured_image":false,"footnotes":""},"class_list":["post-3111","page","type-page","status-publish","hentry"],"acf":[],"_links":{"self":[{"href":"https:\/\/sisu.ut.ee\/esero\/wp-json\/wp\/v2\/pages\/3111","targetHints":{"allow":["GET"]}}],"collection":[{"href":"https:\/\/sisu.ut.ee\/esero\/wp-json\/wp\/v2\/pages"}],"about":[{"href":"https:\/\/sisu.ut.ee\/esero\/wp-json\/wp\/v2\/types\/page"}],"author":[{"embeddable":true,"href":"https:\/\/sisu.ut.ee\/esero\/wp-json\/wp\/v2\/users\/241"}],"replies":[{"embeddable":true,"href":"https:\/\/sisu.ut.ee\/esero\/wp-json\/wp\/v2\/comments?post=3111"}],"version-history":[{"count":5,"href":"https:\/\/sisu.ut.ee\/esero\/wp-json\/wp\/v2\/pages\/3111\/revisions"}],"predecessor-version":[{"id":3122,"href":"https:\/\/sisu.ut.ee\/esero\/wp-json\/wp\/v2\/pages\/3111\/revisions\/3122"}],"wp:attachment":[{"href":"https:\/\/sisu.ut.ee\/esero\/wp-json\/wp\/v2\/media?parent=3111"}],"curies":[{"name":"wp","href":"https:\/\/api.w.org\/{rel}","templated":true}]}}