{"id":2741,"date":"2025-11-25T15:01:46","date_gmt":"2025-11-25T13:01:46","guid":{"rendered":"https:\/\/sisu.ut.ee\/esero\/?page_id=2741"},"modified":"2025-12-10T10:59:14","modified_gmt":"2025-12-10T08:59:14","slug":"karjaaripaev-2025","status":"publish","type":"page","link":"https:\/\/sisu.ut.ee\/esero\/karjaaripaev-2025\/","title":{"rendered":"Karj\u00e4\u00e4rip\u00e4ev 2025"},"content":{"rendered":"<p><span style=\"color: #0098db;\"><strong>Karj\u00e4\u00e4rip\u00e4eva \u00fcldinfo<\/strong><\/span><\/p>\n\n\n\n<figure class=\"wp-block-image alignright wp-image-2742\"><img loading=\"lazy\" decoding=\"async\" width=\"2560\" height=\"1707\" src=\"https:\/\/sisu.ut.ee\/wp-content\/uploads\/sites\/464\/2025_10_09_Karjaaripaev_MailisVahenurm23-scaled.jpg\" alt=\"\" class=\"wp-image-2742\" srcset=\"https:\/\/sisu.ut.ee\/wp-content\/uploads\/sites\/464\/2025_10_09_Karjaaripaev_MailisVahenurm23-scaled.jpg 2560w, https:\/\/sisu.ut.ee\/wp-content\/uploads\/sites\/464\/2025_10_09_Karjaaripaev_MailisVahenurm23-300x200.jpg 300w, https:\/\/sisu.ut.ee\/wp-content\/uploads\/sites\/464\/2025_10_09_Karjaaripaev_MailisVahenurm23-1024x683.jpg 1024w, https:\/\/sisu.ut.ee\/wp-content\/uploads\/sites\/464\/2025_10_09_Karjaaripaev_MailisVahenurm23-768x512.jpg 768w, https:\/\/sisu.ut.ee\/wp-content\/uploads\/sites\/464\/2025_10_09_Karjaaripaev_MailisVahenurm23-1536x1024.jpg 1536w, https:\/\/sisu.ut.ee\/wp-content\/uploads\/sites\/464\/2025_10_09_Karjaaripaev_MailisVahenurm23-2048x1366.jpg 2048w, https:\/\/sisu.ut.ee\/wp-content\/uploads\/sites\/464\/2025_10_09_Karjaaripaev_MailisVahenurm23-1920x1280.jpg 1920w\" sizes=\"auto, (max-width: 2560px) 100vw, 2560px\"><figcaption class=\"wp-element-caption\">Karj\u00e4\u00e4rip\u00e4ev 2025. Foto autor Mailis Vahenurm.<\/figcaption><\/figure>\n\n\n\n<p>Karj\u00e4\u00e4rip\u00e4ev <strong data-start=\"13\" data-end=\"48\">\u201eKarj\u00e4\u00e4riredel viib kosmosesse\u201c<\/strong> toimus 2025. aasta 9. oktoobril Tartu Tamme G\u00fcmnaasiumis ning Tartu \u00dclikooli Maarjav\u00e4lja alal, tuues kokku ligi <strong data-start=\"161\" data-end=\"197\">350 \u00f5pilast 30 erinevast koolist<\/strong> \u00fcle Eesti. \u00dcrituse eesm\u00e4rk oli tuua kosmos ning loodus- ja t\u00e4ppisteadused noortele l\u00e4hemale, tutvustades Eesti ettev\u00f5tjaid ja teadlasi, kes on selles valdkonnas edukalt karj\u00e4\u00e4ri teinud. Nii avanes osalejatele v\u00f5imalus n\u00e4ha, kui mitmekesine ja p\u00f5nev v\u00f5ib olla t\u00f6\u00f6 kosmosevaldkonnas ning kuidas koolis omandatud teoreetilised teadmised p\u00e4riselus rakenduvad.<\/p>\n\n\n\n<p>P\u00e4eva jooksul osalesid noored mitmek\u00fclgsetes ja praktilistes t\u00f6\u00f6tubades, mis pakkusid k\u00e4ed-k\u00fclge kogemusi ja uusi teadmisi. Esmakordselt oli avatud ka messiala, kus ettev\u00f5tted ja organisatsioonid tutvustasid oma tegemisi ning innustasid noori tulevasi karj\u00e4\u00e4rivalikuid tegema. Kuna osalemine oli k\u00f5igile tasuta, said k\u00f5ik soovijad 9.\u201312. klassi teadushuvilised \u00fcritusest osa v\u00f5tta. Sedasorti karj\u00e4\u00e4rip\u00e4ev on oluline panus Eesti tulevikku, r\u00f5hutades samaaegselt seda, kuidas kiiresti arenev tehnoloogia vajab uusi spetsialiste kui ka seda, kui palju v\u00f5imalusi kosmosevaldkond tegelikult pakub.<\/p>\n\n\n\n<p>Karj\u00e4\u00e4rip\u00e4ev algas kogunemise ja registreerimisega, millele j\u00e4rgnes avamine ning v\u00f5imalus messialal ringi vaadata. Hommikupoolikul toimusid esimesed t\u00f6\u00f6toad, p\u00e4rast mida said osalejad l\u00f5unapausi ajal taas messialaga tutvuda. P\u00e4rastl\u00f5unal j\u00e4tkus programm teiste t\u00f6\u00f6tubadega ning p\u00e4ev l\u00f5ppes l\u00fchikese l\u00f5petamisega.<\/p>\n\n\n\n<p><span style=\"color: #0098db;\"><strong>Karj\u00e4\u00e4rip\u00e4eva t\u00f6\u00f6toad<\/strong><\/span><\/p>\n\n\n\n<figure class=\"wp-block-image alignleft wp-image-2743\"><img loading=\"lazy\" decoding=\"async\" width=\"2560\" height=\"1707\" src=\"https:\/\/sisu.ut.ee\/wp-content\/uploads\/sites\/464\/2025_10_09_Karjaaripaev_MailisVahenurm7-scaled.jpg\" alt=\"\" class=\"wp-image-2743\" srcset=\"https:\/\/sisu.ut.ee\/wp-content\/uploads\/sites\/464\/2025_10_09_Karjaaripaev_MailisVahenurm7-scaled.jpg 2560w, https:\/\/sisu.ut.ee\/wp-content\/uploads\/sites\/464\/2025_10_09_Karjaaripaev_MailisVahenurm7-300x200.jpg 300w, https:\/\/sisu.ut.ee\/wp-content\/uploads\/sites\/464\/2025_10_09_Karjaaripaev_MailisVahenurm7-1024x683.jpg 1024w, https:\/\/sisu.ut.ee\/wp-content\/uploads\/sites\/464\/2025_10_09_Karjaaripaev_MailisVahenurm7-768x512.jpg 768w, https:\/\/sisu.ut.ee\/wp-content\/uploads\/sites\/464\/2025_10_09_Karjaaripaev_MailisVahenurm7-1536x1024.jpg 1536w, https:\/\/sisu.ut.ee\/wp-content\/uploads\/sites\/464\/2025_10_09_Karjaaripaev_MailisVahenurm7-2048x1366.jpg 2048w, https:\/\/sisu.ut.ee\/wp-content\/uploads\/sites\/464\/2025_10_09_Karjaaripaev_MailisVahenurm7-1920x1280.jpg 1920w\" sizes=\"auto, (max-width: 2560px) 100vw, 2560px\"><figcaption class=\"wp-element-caption\">Foto autor Mailis Vahenurm.<\/figcaption><\/figure>\n\n\n\n<p>Nagu traditsiooniks saanud, on k\u00f5ik karj\u00e4\u00e4rip\u00e4eva t\u00f6\u00f6toad praktilise suunitlusega ja tihedalt seotud kosmose valdkonnaga. ESERO Eesti eesm\u00e4rk on innustada noori avastama, kui p\u00f5nev, mitmekesine ja k\u00e4egakatsutav v\u00f5ib olla karj\u00e4\u00e4r tulevikus kosmosega seotud valdkondades. T\u00f6\u00f6tubade kaudu avaneb v\u00f5imalus tutvuda erinevate ametite ja tegevustega, mis aitavad m\u00f5ista, millised haridus- ja t\u00f6\u00f6v\u00f5imalused ootavad ees selles kiiresti arenevas valdkonnas. Iga t\u00f6\u00f6tuba kestab 1,5 tundi ning p\u00e4eva jooksul toimub kaks t\u00f6\u00f6tubade plokki, mis annab igale \u00f5pilasgrupile v\u00f5imaluse osaleda <strong>kahes erinevas<\/strong> t\u00f6\u00f6toas.<\/p>\n\n\n\n<div style=\"height:0px\" aria-hidden=\"true\" class=\"wp-block-spacer\"><\/div>\n\n\n\n<p><strong data-wp-editing=\"1\">T\u00f6\u00f6tubade nimekiri\u00a0<\/strong> <em>(p\u00f5hjalikke kirjeldusi saab lugeda registreerimislingilt <a href=\"https:\/\/karjaaripaev.esero.ee\/\" target=\"_blank\" rel=\"noopener\">siit<\/a>)<\/em>:<\/p>\n\n\n\n<ul class=\"wp-block-list\">\n<li>Vesinikurakett<\/li>\n\n\n\n<li>Kosmosetoidu disain<\/li>\n\n\n\n<li>Vesi kosmoses: k\u00fctus, \u00f5hk ja elekter \u00fchest molekulist<\/li>\n\n\n\n<li>Elektroonika praktiline algkursus<\/li>\n\n\n\n<li>Kondensaatori ehitamine<\/li>\n\n\n\n<li>Droonide komplekteerimine<\/li>\n\n\n\n<li>P\u00e4ikeses\u00fcsteemi programmeerimine Pythonis<\/li>\n\n\n\n<li>Meteoriidid<\/li>\n\n\n\n<li>KuupKulgur (inglisekeelne)<\/li>\n\n\n\n<li>Ehitame reaktiivmootoriga auto<\/li>\n\n\n\n<li>Infojahi t\u00f6\u00f6tuba. Mina internetis \u2013 spioon v\u00f5i sihtm\u00e4rk?<\/li>\n\n\n\n<li>Elektritehnika: Kosmosejaama raadioside- ehita oma raadio!<\/li>\n\n\n\n<li>Masinaehitus- Kavanda oma kosmosekomponent \u2013 CADist CNC-ni<\/li>\n\n\n\n<li>Veeproovid on segi \u2013 kas suudad v\u00e4lja selgitada, kust need p\u00e4rinevad?<\/li>\n\n\n\n<li>MoonCamp \u2013 kuidas elada Kuul?<\/li>\n\n\n\n<li>Komeedid: teeme ja uurime<\/li>\n\n\n\n<li>Kosmiliste kauguste redel<\/li>\n\n\n\n<li>LEGO spike prime kosmose t\u00f6\u00f6tuba<\/li>\n\n\n\n<li>Jootmise t\u00f6\u00f6tuba<\/li>\n\n\n\n<li>\u201eEn + zyme\u201c proovilepanek, olgu Maal v\u00f5i kosmoses<\/li>\n\n\n\n<li>Avasta UV \u2013 n\u00e4htamatu kiirguse teadus<\/li>\n\n\n\n<li>Koroona \u2013 viirus v\u00f5i satelliidi mootor<\/li>\n\n\n\n<li>Kosmos r\u00e4\u00e4gib: kuidas signaal liigub?<\/li>\n\n\n\n<li>Galaktika radadel: Jaan Einasto elu arhiivi universumis<\/li>\n\n\n\n<li>Objektituvastusest kosmoses<\/li>\n\n\n\n<li>Esimesed sammud 3D modelleerimises ja fotogramm-meetrias<\/li>\n\n\n\n<li>Raketiinsener<\/li>\n\n\n\n<li>Planeetide loomine graafikakaardil<\/li>\n\n\n\n<li>Kosmosekiirgus ja tervishoid<\/li>\n\n\n\n<li>P\u00e4ikeseenergia kosmoses<\/li>\n<\/ul>\n\n\n\n<p><span style=\"color: #0098db;\"><strong>Karj\u00e4\u00e4rip\u00e4eva messiala<\/strong><\/span><\/p>\n\n\n\n<p>2025. aasta karj\u00e4\u00e4rip\u00e4eval <strong data-start=\"27\" data-end=\"62\">\u201eKarj\u00e4\u00e4riredel viib kosmosesse\u201c<\/strong> avanes osalejatele esmakordselt t\u00e4iesti uus ja eriline <strong data-start=\"118\" data-end=\"130\">messiala<\/strong>, mis osutus kogu\u00fcrituse \u00fcheks olulisemaks t\u00f5mbenumbriks. Messiala oli \u00fcles seatud Tartu Tamme G\u00fcmnaasiumi aatriumisse ning pakkus noortele v\u00f5imalust sukelduda teaduse, tehnoloogia ja kosmose p\u00f5nevasse maailma. See oli kui stardiplatvorm tulevikku \u2013 koht, kus teadlased, insenerid ja loovad m\u00f5tlejad tutvustasid, kuidas nende igap\u00e4evat\u00f6\u00f6 aitab maailma edasi viia.<\/p>\n\n\n\n<p>Messialal said noored ise proovida ja kogeda, mida t\u00e4hendab astuda samm l\u00e4hemale tulevikule, mis v\u00f5ib olla sama piirideta kui universum. Tutvuda sai erinevate valdkondadega alates k\u00fcberkaitsest ja robootikast kuni loodusteaduste ja tervishoiuni. Messiala oli avatud nii hommikul kui ka t\u00f6\u00f6tubade vaheajal, pakkudes rikkalikult v\u00f5imalusi uurimiseks, k\u00fcsimiseks ja inspiratsiooni kogumiseks.<\/p>\n\n\n\n<p><span style=\"color: #0098db;\"><strong>Karj\u00e4\u00e4rip\u00e4eva pildigalerii<br><\/strong><\/span><\/p>\n\n\n\n<p>Karj\u00e4\u00e4rip\u00e4eva melu aitasid j\u00e4\u00e4dvustada videograaf Ramon Jakobs ja fotograaf Mailis Vahenurm. Vaata emotsiooniderohket pildigaleriid ja l\u00fchivideot t\u00f6\u00f6tubadest.<\/p>\n\n\n\n<p><a href=\"https:\/\/sisu.ut.ee\/esero\/karjaaripaev-2025-galerii\/\" data-type=\"page\" data-id=\"2827\" target=\"_blank\" rel=\"noreferrer noopener\"><strong>Karj\u00e4\u00e4rip\u00e4ev 2025 pildigalerii<\/strong><\/a><\/p>\n\n\n\n<p><\/p>\n\n\n\n<figure class=\"wp-block-embed is-type-video is-provider-youtube wp-block-embed-youtube wp-embed-aspect-16-9 wp-has-aspect-ratio\"><div class=\"wp-block-embed__wrapper\">\n<div class=\"ratio ratio-16x9 mb-3\"><div class=\"video-placeholder-wrapper video-placeholder-wrapper--16x9\">\n\t\t\t    <div class=\"video-placeholder d-flex justify-content-center align-items-center\">\n\t\t\t        <div class=\"overlay text-white p-2 w-100 text-center d-block justify-content-center align-items-center\">\n\t\t\t            <div>Kolmandate osapoolte sisu n\u00e4gemiseks palun n\u00f5ustu k\u00fcpsistega.<\/div>\n\t\t\t            <button class=\"btn btn-secondary btn-sm mt-1 consent-change\">Muuda n\u00f5usolekut<\/button>\n\t\t\t        <\/div>\n\t\t\t    <\/div>\n\t\t\t<\/div>\n<\/div>\n<\/div><figcaption class=\"wp-element-caption\">Karj\u00e4\u00e4rip\u00e4eva \u201cKarj\u00e4\u00e4riredel voob kosmosesse\u201d 2025 aasta p\u00e4eva l\u00fchikokkuv\u00f5te. Video autor on Ramon Jakobs.<\/figcaption><\/figure>\n\n\n\n<p class=\"has-blue-active-color has-text-color has-link-color wp-elements-69427ad6da26b1b3488f92a93ee805c0\"><span style=\"color: #0098db;\"><strong>Karj\u00e4\u00e4rip\u00e4eva t<\/strong><\/span><strong>oetajad<\/strong><\/p>\n\n\n\n<p>T\u00e4name k\u00f5iki koost\u00f6\u00f6partnereid, kes aitasid karj\u00e4\u00e4rip\u00e4eva l\u00e4biviimisel. <\/p>\n\n\n\n<figure class=\"wp-block-image size-large\"><img loading=\"lazy\" decoding=\"async\" width=\"1024\" height=\"635\" src=\"https:\/\/sisu.ut.ee\/wp-content\/uploads\/sites\/464\/Sponsorid-karjaar2025-1024x635.png\" alt=\"\" class=\"wp-image-3097\" srcset=\"https:\/\/sisu.ut.ee\/wp-content\/uploads\/sites\/464\/Sponsorid-karjaar2025-1024x635.png 1024w, https:\/\/sisu.ut.ee\/wp-content\/uploads\/sites\/464\/Sponsorid-karjaar2025-300x186.png 300w, https:\/\/sisu.ut.ee\/wp-content\/uploads\/sites\/464\/Sponsorid-karjaar2025-768x476.png 768w, https:\/\/sisu.ut.ee\/wp-content\/uploads\/sites\/464\/Sponsorid-karjaar2025.png 1068w\" sizes=\"auto, (max-width: 1024px) 100vw, 1024px\"><\/figure>\n","protected":false},"excerpt":{"rendered":"<p>Karj\u00e4\u00e4rip\u00e4eva \u00fcldinfo Karj\u00e4\u00e4rip\u00e4ev \u201eKarj\u00e4\u00e4riredel viib kosmosesse\u201c toimus 2025. aasta 9. oktoobril Tartu Tamme G\u00fcmnaasiumis ning Tartu \u00dclikooli Maarjav\u00e4lja alal, tuues kokku ligi 350 \u00f5pilast 30 erinevast koolist \u00fcle Eesti. \u00dcrituse eesm\u00e4rk oli tuua kosmos ning loodus- ja t\u00e4ppisteadused noortele l\u00e4hemale, &#8230;<\/p>\n","protected":false},"author":241,"featured_media":1890,"parent":0,"menu_order":0,"comment_status":"closed","ping_status":"closed","template":"","meta":{"_acf_changed":false,"inline_featured_image":false,"footnotes":""},"class_list":["post-2741","page","type-page","status-publish","has-post-thumbnail","hentry"],"acf":[],"_links":{"self":[{"href":"https:\/\/sisu.ut.ee\/esero\/wp-json\/wp\/v2\/pages\/2741","targetHints":{"allow":["GET"]}}],"collection":[{"href":"https:\/\/sisu.ut.ee\/esero\/wp-json\/wp\/v2\/pages"}],"about":[{"href":"https:\/\/sisu.ut.ee\/esero\/wp-json\/wp\/v2\/types\/page"}],"author":[{"embeddable":true,"href":"https:\/\/sisu.ut.ee\/esero\/wp-json\/wp\/v2\/users\/241"}],"replies":[{"embeddable":true,"href":"https:\/\/sisu.ut.ee\/esero\/wp-json\/wp\/v2\/comments?post=2741"}],"version-history":[{"count":11,"href":"https:\/\/sisu.ut.ee\/esero\/wp-json\/wp\/v2\/pages\/2741\/revisions"}],"predecessor-version":[{"id":3098,"href":"https:\/\/sisu.ut.ee\/esero\/wp-json\/wp\/v2\/pages\/2741\/revisions\/3098"}],"wp:featuredmedia":[{"embeddable":true,"href":"https:\/\/sisu.ut.ee\/esero\/wp-json\/wp\/v2\/media\/1890"}],"wp:attachment":[{"href":"https:\/\/sisu.ut.ee\/esero\/wp-json\/wp\/v2\/media?parent=2741"}],"curies":[{"name":"wp","href":"https:\/\/api.w.org\/{rel}","templated":true}]}}