{"id":2700,"date":"2025-11-17T15:58:23","date_gmt":"2025-11-17T13:58:23","guid":{"rendered":"https:\/\/sisu.ut.ee\/esero\/?page_id=2700"},"modified":"2025-11-17T16:07:34","modified_gmt":"2025-11-17T14:07:34","slug":"linnutee-taht-2025","status":"publish","type":"page","link":"https:\/\/sisu.ut.ee\/esero\/linnutee-taht-2025\/","title":{"rendered":"Linnutee T\u00e4ht 2025"},"content":{"rendered":"<p><strong>Tartu \u00dclikooli Tartu observatooriumi ja <\/strong><strong>ESRO Eesti<\/strong><strong> tunnustuse Linnutee T\u00e4ht p\u00e4lvis t\u00e4navu N\u00f5mme G\u00fcmnaasiumi f\u00fc\u00fcsika\u00f5petaja Erkki Piisang.<\/strong><\/p>\n\n\n<figure class=\"wp-block-image alignleft size-large is-resized\"><img loading=\"lazy\" decoding=\"async\" width=\"1024\" height=\"576\" src=\"https:\/\/sisu.ut.ee\/wp-content\/uploads\/sites\/464\/erkki.piisang_linnutee_taht-1024x576.jpg\" alt=\"\" class=\"wp-image-2701\" style=\"width:498px;height:auto\" srcset=\"https:\/\/sisu.ut.ee\/wp-content\/uploads\/sites\/464\/erkki.piisang_linnutee_taht-1024x576.jpg 1024w, https:\/\/sisu.ut.ee\/wp-content\/uploads\/sites\/464\/erkki.piisang_linnutee_taht-300x169.jpg 300w, https:\/\/sisu.ut.ee\/wp-content\/uploads\/sites\/464\/erkki.piisang_linnutee_taht-768x432.jpg 768w, https:\/\/sisu.ut.ee\/wp-content\/uploads\/sites\/464\/erkki.piisang_linnutee_taht.jpg 1280w\" sizes=\"auto, (max-width: 1024px) 100vw, 1024px\"><figcaption class=\"wp-element-caption\">Linnutee T\u00e4ht 2025 laureaat Tallinna N\u00f5mme G\u00fcmnaasiumi f\u00fc\u00fcsika\u00f5petaja Erkki Piisang. Foto autor: Oliver Sepp.<\/figcaption><\/figure>\n\n\n<p><a href=\"https:\/\/kosmos.ut.ee\/et\/sisu\/linnutee-taht\">Linnutee T\u00e4ht<\/a> on tunnustus, millega p\u00e4rjatakse inimest v\u00f5i asutust, kes on osalenud Euroopa Kosmoseagentuuri hariduskontorite v\u00f5rgustiku ESERO tegevuste elluviimisel ja andnud sellega m\u00e4rkimisv\u00e4\u00e4rse panuse loodus- ja t\u00e4ppisteaduste populariseerimisse kosmosevaldkonna kaudu. Tunnustusega k\u00e4ib kaasas klaasist meene ja rahaline preemia 1000 eurot.<\/p>\n<p>T\u00e4navuse Linnutee T\u00e4he laureaadi t\u00e4nuv\u00e4\u00e4rne panus on huvi t\u00f5stmine teaduse ja tehnoloogia vastu kooli ja kogukonna tasandil, muutes kosmoseteemad k\u00e4ttesaadavaks ja praktiliseks osaks koolitundidest. Erkki Piisang on enda tegevusega oluliselt m\u00f5jutanud Tallinna N\u00f5mme G\u00fcmnaasiumi \u00f5pikeskonda, luues v\u00f5imalusi \u00f5ppet\u00f6\u00f6 mitmekesistamiseks ning noorte suunamiseks teaduse ja tehnoloogia juurde. Erkki \u00fchendab teadmised, kogemused ja inimliku hoolivuse nii loomulikul moel, et tema k\u00f5rval kasvavad noored mitte ainult targemaks, vaid ka julgemaks. Tema juhendamisel osales kooli v\u00f5istkond ESERO Eesti <a class=\"ext\" title=\"(opens in a new window)\" href=\"https:\/\/sisu.ut.ee\/esero\/cansat\/\" target=\"_blank\" rel=\"noopener noreferrer\" data-extlink=\"\">CanSat \u00fcleskutses<\/a>, kus N\u00f5mme G\u00fcmnaasiumi meeskond tuli v\u00f5itjaks \u2013 see on selge t\u00f5estus tema p\u00fchendumusest ja inspireerivast eeskujust.<\/p>\n<p>\u00a0<\/p>\n\n\n<figure class=\"wp-block-image aligncenter size-large is-resized\"><img loading=\"lazy\" decoding=\"async\" width=\"1024\" height=\"683\" src=\"https:\/\/sisu.ut.ee\/wp-content\/uploads\/sites\/464\/Teaduskommunikatsiooni-konverents-2025_MailisVahenurm218-1024x683.jpg\" alt=\"\" class=\"wp-image-2704\" style=\"width:462px;height:auto\" srcset=\"https:\/\/sisu.ut.ee\/wp-content\/uploads\/sites\/464\/Teaduskommunikatsiooni-konverents-2025_MailisVahenurm218-1024x683.jpg 1024w, https:\/\/sisu.ut.ee\/wp-content\/uploads\/sites\/464\/Teaduskommunikatsiooni-konverents-2025_MailisVahenurm218-300x200.jpg 300w, https:\/\/sisu.ut.ee\/wp-content\/uploads\/sites\/464\/Teaduskommunikatsiooni-konverents-2025_MailisVahenurm218-768x512.jpg 768w, https:\/\/sisu.ut.ee\/wp-content\/uploads\/sites\/464\/Teaduskommunikatsiooni-konverents-2025_MailisVahenurm218-1536x1024.jpg 1536w, https:\/\/sisu.ut.ee\/wp-content\/uploads\/sites\/464\/Teaduskommunikatsiooni-konverents-2025_MailisVahenurm218-2048x1366.jpg 2048w, https:\/\/sisu.ut.ee\/wp-content\/uploads\/sites\/464\/Teaduskommunikatsiooni-konverents-2025_MailisVahenurm218-1920x1280.jpg 1920w\" sizes=\"auto, (max-width: 1024px) 100vw, 1024px\"><figcaption class=\"wp-element-caption\">Linnutee T\u00e4he tunnustuse p\u00e4lvinud Erkki Piisang (paremal). Pildil koos Tartu observatooriumi direktori Antti Tamme ja ESERO Eesti juhi Heli L\u00e4tiga. Foto autor: Mailis Vahenurm.<\/figcaption><\/figure>\n\n\n<p>Auhinna andsid \u00fcle <a href=\"https:\/\/kosmos.ut.ee\/et\" target=\"_blank\" rel=\"noopener\">Tartu observatooriumi<\/a> direktor Antti Tamm ja ESERO Eesti juht Heli L\u00e4tt <strong>18. Eesti Teadusagentuuri<a href=\"https:\/\/etag.ee\/uritus\/teaduskommunikatsiooni-konverents-2025\/\" target=\"_blank\" rel=\"noopener\"> teaduskommunikatsiooni aastakonverentsil<\/a><\/strong> 12. novembril Tallinnas.<\/p>\n\n\n<p><\/p>\n","protected":false},"excerpt":{"rendered":"<p>Tartu \u00dclikooli Tartu observatooriumi ja ESRO Eesti tunnustuse Linnutee T\u00e4ht p\u00e4lvis t\u00e4navu N\u00f5mme G\u00fcmnaasiumi f\u00fc\u00fcsika\u00f5petaja Erkki Piisang. Linnutee T\u00e4ht on tunnustus, millega p\u00e4rjatakse inimest v\u00f5i asutust, kes on osalenud Euroopa Kosmoseagentuuri hariduskontorite v\u00f5rgustiku ESERO tegevuste elluviimisel ja andnud sellega m\u00e4rkimisv\u00e4\u00e4rse &#8230;<\/p>\n","protected":false},"author":241,"featured_media":0,"parent":0,"menu_order":0,"comment_status":"closed","ping_status":"closed","template":"","meta":{"_acf_changed":false,"inline_featured_image":false,"footnotes":""},"class_list":["post-2700","page","type-page","status-publish","hentry"],"acf":[],"_links":{"self":[{"href":"https:\/\/sisu.ut.ee\/esero\/wp-json\/wp\/v2\/pages\/2700","targetHints":{"allow":["GET"]}}],"collection":[{"href":"https:\/\/sisu.ut.ee\/esero\/wp-json\/wp\/v2\/pages"}],"about":[{"href":"https:\/\/sisu.ut.ee\/esero\/wp-json\/wp\/v2\/types\/page"}],"author":[{"embeddable":true,"href":"https:\/\/sisu.ut.ee\/esero\/wp-json\/wp\/v2\/users\/241"}],"replies":[{"embeddable":true,"href":"https:\/\/sisu.ut.ee\/esero\/wp-json\/wp\/v2\/comments?post=2700"}],"version-history":[{"count":4,"href":"https:\/\/sisu.ut.ee\/esero\/wp-json\/wp\/v2\/pages\/2700\/revisions"}],"predecessor-version":[{"id":2707,"href":"https:\/\/sisu.ut.ee\/esero\/wp-json\/wp\/v2\/pages\/2700\/revisions\/2707"}],"wp:attachment":[{"href":"https:\/\/sisu.ut.ee\/esero\/wp-json\/wp\/v2\/media?parent=2700"}],"curies":[{"name":"wp","href":"https:\/\/api.w.org\/{rel}","templated":true}]}}