{"id":25,"date":"2024-04-04T06:47:02","date_gmt":"2024-04-04T03:47:02","guid":{"rendered":"https:\/\/sisu.ut.ee\/esero\/teadusmalev-2022\/"},"modified":"2025-12-16T12:27:31","modified_gmt":"2025-12-16T10:27:31","slug":"teadusmalev-2022","status":"publish","type":"page","link":"https:\/\/sisu.ut.ee\/esero\/teadusmalev-2022\/","title":{"rendered":"Teadusmalev 2022"},"content":{"rendered":"<p>Teadusmalevas 2022 osalejate nimed koos nende uurimist\u00f6\u00f6de teemadega.<\/p>\n<table class=\"table table-hover\" style=\"width: 1023px; margin-left: 21.05pt; border-collapse: collapse; height: 753px;\" width=\"593\">\n<tbody>\n<tr>\n<td style=\"width: 106.3pt;\" width=\"142\">\n<p style=\"margin-top: 0cm; text-align: left; padding: 0cm5.4pt0cm5.4pt;\" align=\"left\"><b>Raian Kleemann<\/b><\/p>\n<\/td>\n<td style=\"width: 338.75pt;\" width=\"452\">\n<p style=\"margin-top: 0cm; text-align: left; padding: 0cm5.4pt0cm5.4pt;\" align=\"left\">Galaktikate gruppide v\u00f5rdlemine: gama vs Tartu<\/p>\n<\/td>\n<\/tr>\n<tr>\n<td style=\"width: 106.3pt;\" width=\"142\">\n<p style=\"margin-top: 0cm; text-align: left; padding: 0cm5.4pt0cm5.4pt;\" align=\"left\"><b>Geteli Hanni<\/b><\/p>\n<\/td>\n<td style=\"width: 338.75pt;\" width=\"452\">\n<p style=\"text-align: left; padding: 0cm5.4pt0cm5.4pt;\" align=\"left\">Komeetide piltide katalogiseerimine komeedip\u00fc\u00fcduri projekti jaoks<\/p>\n<\/td>\n<\/tr>\n<tr>\n<td style=\"width: 106.3pt;\" width=\"142\">\n<p style=\"margin: 0cm; margin-bottom: .0001pt; text-align: left; padding: 0cm5.4pt0cm5.4pt;\" align=\"left\"><b>Kristo Tammeleht<\/b><\/p>\n<\/td>\n<td style=\"width: 338.75pt;\" width=\"452\">\n<p style=\"margin-top: 0cm; text-align: left; padding: 0cm5.4pt0cm5.4pt;\" align=\"left\">P\u00f5rutuskindluse katsetamise s\u00fcsteem<\/p>\n<\/td>\n<\/tr>\n<tr>\n<td style=\"width: 106.3pt;\" width=\"142\">\n<p style=\"margin-top: 0cm; text-align: left; padding: 0cm5.4pt0cm5.4pt;\" align=\"left\"><b>Katarina Aas<\/b><\/p>\n<\/td>\n<td style=\"width: 338.75pt;\" width=\"452\">\n<p style=\"text-align: left; padding: 0cm5.4pt0cm5.4pt;\" align=\"left\">ESTCube-2 taaskasutamisest ESTCube-3 tarbeks<\/p>\n<\/td>\n<\/tr>\n<tr>\n<td style=\"width: 106.3pt;\" width=\"142\">\n<p style=\"margin-top: 0cm; text-align: left; padding: 0cm5.4pt0cm5.4pt;\" align=\"left\"><b>Monika Siim<\/b><\/p>\n<\/td>\n<td style=\"width: 338.75pt;\" width=\"452\">\n<p style=\"margin-top: 0cm; text-align: left; padding: 0cm5.4pt0cm5.4pt;\" align=\"left\">Kasvuhoonegaaside suhteline osakaal kasvuhooneefektis<\/p>\n<\/td>\n<\/tr>\n<tr>\n<td style=\"width: 106.3pt;\" width=\"142\">\n<p style=\"margin: 0cm; margin-bottom: .0001pt; text-align: left; padding: 0cm5.4pt0cm5.4pt;\" align=\"left\"><b>Kaisa Talts<\/b><\/p>\n<\/td>\n<td style=\"width: 338.75pt;\" width=\"452\">\n<p style=\"margin-top: 0cm; text-align: left; padding: 0cm5.4pt0cm5.4pt;\" align=\"left\">Galaktikagruppide algoritmi anal\u00fc\u00fcs<\/p>\n<\/td>\n<\/tr>\n<tr>\n<td style=\"width: 106.3pt;\" width=\"142\">\n<p style=\"margin-top: 0cm; text-align: left; padding: 0cm5.4pt0cm5.4pt;\" align=\"left\"><b>Silver Nikkel<\/b><\/p>\n<\/td>\n<td style=\"width: 338.75pt;\" width=\"452\">\n<p style=\"margin-top: 0cm; text-align: left; padding: 0cm5.4pt0cm5.4pt;\" align=\"left\">Kaugseire<\/p>\n<\/td>\n<\/tr>\n<tr>\n<td style=\"width: 106.3pt;\" width=\"142\">\n<p style=\"margin-top: 0cm; text-align: left; padding: 0cm5.4pt0cm5.4pt;\" align=\"left\"><b>Kristofer Andres<\/b><\/p>\n<\/td>\n<td style=\"width: 338.75pt;\" width=\"452\">\n<p style=\"text-align: left; padding: 0cm5.4pt0cm5.4pt;\" align=\"left\">Kaugseire \u00e4pp<\/p>\n<\/td>\n<\/tr>\n<tr>\n<td style=\"width: 106.3pt;\" width=\"142\">\n<p style=\"margin: 0cm; margin-bottom: .0001pt; text-align: left; padding: 0cm5.4pt0cm5.4pt;\" align=\"left\"><b>Alexander Marsh<\/b><\/p>\n<\/td>\n<td style=\"width: 338.75pt;\" width=\"452\">\n<p style=\"margin-top: 0cm; text-align: left; padding: 0cm5.4pt0cm5.4pt;\" align=\"left\">LeafAngle Rakenduse Katsetamine<\/p>\n<\/td>\n<\/tr>\n<tr>\n<td style=\"width: 106.3pt;\" width=\"142\">\n<p style=\"margin-top: 0cm; text-align: left; padding: 0cm5.4pt0cm5.4pt;\" align=\"left\"><b>Mark Vilbiks<\/b><\/p>\n<\/td>\n<td style=\"width: 338.75pt;\" width=\"452\">\n<p style=\"text-align: left; padding: 0cm5.4pt0cm5.4pt;\" align=\"left\">TVAC soojusvaheti m\u00f5\u00f5tmine<\/p>\n<\/td>\n<\/tr>\n<tr>\n<td style=\"width: 106.3pt;\" width=\"142\">\n<p style=\"margin-top: 0cm; text-align: left; padding: 0cm5.4pt0cm5.4pt;\" align=\"left\"><b>Stefan Saks<\/b><\/p>\n<\/td>\n<td style=\"width: 338.75pt;\" width=\"452\">\n<p style=\"margin-top: 0cm; text-align: left; padding: 0cm5.4pt0cm5.4pt;\" align=\"left\">Vibratsiooni katsed<\/p>\n<\/td>\n<\/tr>\n<tr>\n<td style=\"width: 106.3pt;\" width=\"142\">\n<p style=\"margin-top: 0cm; text-align: left; padding: 0cm5.4pt0cm5.4pt;\" align=\"left\"><b>Laura-Liisa Kiis<\/b><\/p>\n<\/td>\n<td style=\"width: 338.75pt;\" width=\"452\">\n<p style=\"text-align: left; padding: 0cm5.4pt0cm5.4pt;\" align=\"left\">Mustade aukude teema k\u00e4sitlemine kooliprogrammis<\/p>\n<\/td>\n<\/tr>\n<tr>\n<td style=\"width: 106.3pt;\" width=\"142\">\n<p style=\"margin-top: 0cm; text-align: left; padding: 0cm5.4pt0cm5.4pt;\" align=\"left\"><b>Teele Tempel<\/b><\/p>\n<\/td>\n<td style=\"width: 338.75pt;\" width=\"452\">\n<p style=\"margin-top: 0cm; text-align: left; padding: 0cm5.4pt0cm5.4pt;\" align=\"left\"><span class=\"ui-provider\">Galaktikate kataloogi koostamine WAVES vaatluste jaoks<\/span><\/p>\n<\/td>\n<\/tr>\n<\/tbody>\n<\/table>\n","protected":false},"excerpt":{"rendered":"<p>Teadusmalevas 2022 osalejate nimed koos nende uurimist\u00f6\u00f6de teemadega. Raian Kleemann Galaktikate gruppide v\u00f5rdlemine: gama vs Tartu Geteli Hanni Komeetide piltide katalogiseerimine komeedip\u00fc\u00fcduri projekti jaoks Kristo Tammeleht P\u00f5rutuskindluse katsetamise s\u00fcsteem Katarina Aas ESTCube-2 taaskasutamisest ESTCube-3 tarbeks Monika Siim Kasvuhoonegaaside suhteline osakaal &#8230;<\/p>\n","protected":false},"author":241,"featured_media":0,"parent":0,"menu_order":0,"comment_status":"closed","ping_status":"closed","template":"","meta":{"_acf_changed":false,"inline_featured_image":false,"footnotes":""},"class_list":["post-25","page","type-page","status-publish","hentry"],"acf":[],"_links":{"self":[{"href":"https:\/\/sisu.ut.ee\/esero\/wp-json\/wp\/v2\/pages\/25","targetHints":{"allow":["GET"]}}],"collection":[{"href":"https:\/\/sisu.ut.ee\/esero\/wp-json\/wp\/v2\/pages"}],"about":[{"href":"https:\/\/sisu.ut.ee\/esero\/wp-json\/wp\/v2\/types\/page"}],"author":[{"embeddable":true,"href":"https:\/\/sisu.ut.ee\/esero\/wp-json\/wp\/v2\/users\/241"}],"replies":[{"embeddable":true,"href":"https:\/\/sisu.ut.ee\/esero\/wp-json\/wp\/v2\/comments?post=25"}],"version-history":[{"count":2,"href":"https:\/\/sisu.ut.ee\/esero\/wp-json\/wp\/v2\/pages\/25\/revisions"}],"predecessor-version":[{"id":3124,"href":"https:\/\/sisu.ut.ee\/esero\/wp-json\/wp\/v2\/pages\/25\/revisions\/3124"}],"wp:attachment":[{"href":"https:\/\/sisu.ut.ee\/esero\/wp-json\/wp\/v2\/media?parent=25"}],"curies":[{"name":"wp","href":"https:\/\/api.w.org\/{rel}","templated":true}]}}