{"id":24,"date":"2024-04-04T06:47:02","date_gmt":"2024-04-04T03:47:02","guid":{"rendered":"https:\/\/sisu.ut.ee\/esero\/teadusmalev-2023\/"},"modified":"2025-12-16T12:27:13","modified_gmt":"2025-12-16T10:27:13","slug":"teadusmalev-2023","status":"publish","type":"page","link":"https:\/\/sisu.ut.ee\/esero\/teadusmalev-2023\/","title":{"rendered":"Teadusmalev 2023"},"content":{"rendered":"<p>Teadusmalevas 2023 osalejad ning nende uurimist\u00f6\u00f6de teemad koos juhendajate nimedega.<\/p>\n<table class=\"table table-hover\" style=\"width: 1003px; margin-left: -7.35pt; border-collapse: collapse; height: 1235px;\" width=\"593\">\n<tbody>\n<tr>\n<td style=\"width: 106.3pt;\" width=\"142\">\n<p style=\"margin-top: 0cm; padding: 0cm5.4pt0cm5.4pt;\"><span style=\"line-height: normal;\"><b>Kert Vahtre<\/b><\/span><\/p>\n<\/td>\n<td style=\"width: 338.75pt;\" width=\"452\">\n<p style=\"margin-top: 0cm; padding: 0cm5.4pt0cm5.4pt;\"><span style=\"line-height: normal;\">\u201eKahe masside hindamise meetodi v\u00f5rdlus galaktikagruppides\u201c <i>Moorits Mihkel Muru<\/i><\/span><\/p>\n<\/td>\n<\/tr>\n<tr>\n<td style=\"width: 106.3pt;\" width=\"142\">\n<p style=\"margin-top: 0cm; padding: 0cm5.4pt0cm5.4pt;\"><span style=\"line-height: normal;\"><b>Uku Nael<\/b><\/span><\/p>\n<\/td>\n<td style=\"width: 338.75pt;\" width=\"452\">\n<p style=\"margin-top: 0cm; padding: 0cm5.4pt0cm5.4pt;\"><span style=\"line-height: normal;\">\u201eErinevate atmosf\u00e4\u00e4ris leiduvate gaaside kiirgussunni osam\u00e4\u00e4ra arvutava programmi kirjutamine\u201c <i>Erko Jakobson<\/i><\/span><\/p>\n<\/td>\n<\/tr>\n<tr>\n<td style=\"width: 106.3pt;\" width=\"142\">\n<p style=\"margin: 0cm; margin-bottom: .0001pt; padding: 0cm5.4pt0cm5.4pt;\"><span style=\"line-height: normal;\"><b>Eliise Siimon<\/b><\/span><\/p>\n<\/td>\n<td style=\"width: 338.75pt;\" width=\"452\">\n<p style=\"margin-top: 0cm; padding: 0cm5.4pt0cm5.4pt;\"><span style=\"line-height: normal;\">\u201eKeemilite elementide sisalduse hindamine t\u00e4hes HD21997\u201c <i>Heleri Ramler, Sandipan Borthakur<\/i><\/span><\/p>\n<\/td>\n<\/tr>\n<tr>\n<td style=\"width: 106.3pt;\" width=\"142\">\n<p style=\"margin-top: 0cm; padding: 0cm5.4pt0cm5.4pt;\"><span style=\"line-height: normal;\"><b>Oliver Mihkel Mertelsmann<\/b><\/span><\/p>\n<\/td>\n<td style=\"width: 338.75pt;\" width=\"452\">\n<p style=\"margin-top: 0cm; padding: 0cm5.4pt0cm5.4pt;\"><span style=\"line-height: normal;\">\u201eTumeaine t\u00f5estamine Linnutees\u201c <i>Mar\u00eda Benito<\/i><\/span><\/p>\n<\/td>\n<\/tr>\n<tr>\n<td style=\"width: 106.3pt;\" width=\"142\">\n<p style=\"margin-top: 0cm; padding: 0cm5.4pt0cm5.4pt;\"><span style=\"line-height: normal;\"><b>Annette Bogdanov<\/b><\/span><\/p>\n<\/td>\n<td style=\"width: 338.75pt;\" width=\"452\">\n<p style=\"margin-top: 0cm; padding: 0cm5.4pt0cm5.4pt;\"><span style=\"line-height: normal;\">\u201e4MOST vaatlusprojekti simulatsioonide uurimine\u201c <i>Elmo Tempel, Taavi Tuvikene<\/i><\/span><\/p>\n<\/td>\n<\/tr>\n<tr>\n<td style=\"width: 106.3pt;\" width=\"142\">\n<p style=\"margin: 0cm; margin-bottom: .0001pt; padding: 0cm5.4pt0cm5.4pt;\"><span style=\"line-height: normal;\"><b>Taavet Siimon<\/b><\/span><\/p>\n<\/td>\n<td style=\"width: 338.75pt;\" width=\"452\">\n<p style=\"margin-top: 0cm; padding: 0cm5.4pt0cm5.4pt;\"><span style=\"line-height: normal;\">\u201eMultispektraalsete kaugseire andmetega Viljandi linna ja selle \u00fcmbruse muutuste uurimine\u201c <i>Mihkel Kaha<\/i><\/span><\/p>\n<\/td>\n<\/tr>\n<tr>\n<td style=\"width: 106.3pt;\" width=\"142\">\n<p style=\"margin-top: 0cm; padding: 0cm5.4pt0cm5.4pt;\"><span style=\"line-height: normal;\"><b>Elise Lota V\u00e4lba<\/b><\/span><\/p>\n<\/td>\n<td style=\"width: 338.75pt;\" width=\"452\">\n<p style=\"margin-top: 0cm; padding: 0cm5.4pt0cm5.4pt;\"><span style=\"line-height: normal;\">\u201eSN2023ixf supernoova vesinik alfa joonte uurimine\u201c <i>Anni Kasikov<\/i><\/span><\/p>\n<\/td>\n<\/tr>\n<tr>\n<td style=\"width: 106.3pt;\" width=\"142\">\n<p style=\"margin-top: 0cm; padding: 0cm5.4pt0cm5.4pt;\"><span style=\"line-height: normal;\"><b>Kaarel Toomet<\/b><\/span><\/p>\n<\/td>\n<td style=\"width: 338.75pt;\" width=\"452\">\n<p style=\"margin-top: 0cm; padding: 0cm5.4pt0cm5.4pt;\"><span style=\"line-height: normal;\">\u201eSatelliitkaugseire ja fikseeritud automaatm\u00f5\u00f5tejaama HYPSTAR radiomeetriliste andmete v\u00f5rdlus madalas eutroofses V\u00f5rtsj\u00e4rves\u201c <i>Kersti Kangro<\/i><\/span><\/p>\n<\/td>\n<\/tr>\n<tr>\n<td style=\"width: 106.3pt;\" width=\"142\">\n<p style=\"margin: 0cm; margin-bottom: .0001pt; padding: 0cm5.4pt0cm5.4pt;\"><span style=\"line-height: normal;\"><b>Miina Loore Kask <\/b><\/span><\/p>\n<\/td>\n<td style=\"width: 338.75pt;\" width=\"452\">\n<p style=\"margin-top: 0cm; padding: 0cm5.4pt0cm5.4pt;\"><span style=\"line-height: normal;\">\u201eGalaktikagruppide tuvastamine\u201c <i>Elmo Tempel<\/i><\/span><\/p>\n<\/td>\n<\/tr>\n<tr>\n<td style=\"width: 106.3pt;\" width=\"142\">\n<p style=\"margin-top: 0cm; padding: 0cm5.4pt0cm5.4pt;\"><span style=\"line-height: normal;\"><b>Uku Sarap<\/b><\/span><\/p>\n<\/td>\n<td style=\"width: 338.75pt;\" width=\"452\">\n<p style=\"margin-top: 0cm; padding: 0cm5.4pt0cm5.4pt;\"><span style=\"line-height: normal;\">\u201eP\u00f5rutuskindluse katses\u00fcsteemi mehaaniliste parameetrite muutmine, katsete l\u00e4biviimine ja tulemuste anal\u00fc\u00fcs\u201c <i>Mari Allik, Silver P\u00f5lgaste<\/i><\/span><\/p>\n<\/td>\n<\/tr>\n<tr>\n<td style=\"width: 106.3pt;\" width=\"142\">\n<p style=\"margin-top: 0cm; padding: 0cm5.4pt0cm5.4pt;\"><span style=\"line-height: normal;\"><b>Jegor Novosjolov <\/b><\/span><\/p>\n<\/td>\n<td style=\"width: 338.75pt;\" width=\"452\">\n<p style=\"margin-top: 0cm; padding: 0cm5.4pt0cm5.4pt;\"><span style=\"line-height: normal;\">\u201eEksoplaneedi \u00fclemineku heledusk\u00f5vera anal\u00fc\u00fcs\u201c <i>Anni Kasikov<\/i><\/span><\/p>\n<\/td>\n<\/tr>\n<tr>\n<td style=\"width: 106.3pt;\" width=\"142\">\n<p style=\"margin-top: 0cm; padding: 0cm5.4pt0cm5.4pt;\"><span style=\"line-height: normal;\"><b>Artur Andreson<\/b><\/span><\/p>\n<\/td>\n<td style=\"width: 338.75pt;\" width=\"452\">\n<p style=\"margin-top: 0cm; padding: 0cm5.4pt0cm5.4pt;\"><span style=\"line-height: normal;\">\u201eKuu regoliidi kogumine KuupKulguriga\u201c <i>Hans Teras<\/i><\/span><\/p>\n<\/td>\n<\/tr>\n<tr>\n<td style=\"width: 106.3pt;\" width=\"142\">\n<p style=\"margin-top: 0cm; padding: 0cm5.4pt0cm5.4pt;\"><span style=\"line-height: normal;\"><b>Keiu Vakmann<\/b><\/span><\/p>\n<\/td>\n<td style=\"width: 338.75pt;\" width=\"452\">\n<p style=\"margin-top: 0cm; padding: 0cm5.4pt0cm5.4pt;\"><span style=\"line-height: normal;\">\u201eKuu regoliidi kogumine KuupKulguriga\u201c <i>Hans Teras<\/i><\/span><\/p>\n<\/td>\n<\/tr>\n<tr>\n<td style=\"width: 106.3pt;\" width=\"142\">\n<p style=\"margin-top: 0cm; padding: 0cm5.4pt0cm5.4pt;\"><span style=\"line-height: normal;\"><b>Tobias Salla<\/b><\/span><\/p>\n<\/td>\n<td style=\"width: 338.75pt;\" width=\"452\">\n<p style=\"margin-top: 0cm; padding: 0cm5.4pt0cm5.4pt;\"><span style=\"line-height: normal;\">\u201eVibratsiooni katsete m\u00f5\u00f5tem\u00e4\u00e4rmatuse komponentide korratavus ja korduvus hindamine\u201c <i>Mari Allik, Silver P\u00f5lgaste<\/i><\/span><\/p>\n<\/td>\n<\/tr>\n<tr>\n<td style=\"width: 106.3pt;\" width=\"142\">\n<p style=\"margin-top: 0cm; padding: 0cm5.4pt0cm5.4pt;\"><span style=\"line-height: normal;\"><b>Martin Pukk<\/b><\/span><\/p>\n<\/td>\n<td style=\"width: 338.75pt;\" width=\"452\">\n<p style=\"margin-top: 0cm; padding: 0cm5.4pt0cm5.4pt;\"><span style=\"line-height: normal;\">\u201eKuupKulguri jaoks erinevate Kuu pinnase kaevandamise lahenduste otsimine\u201c <i>Hans Teras<\/i><\/span><\/p>\n<\/td>\n<\/tr>\n<\/tbody>\n<\/table>\n","protected":false},"excerpt":{"rendered":"<p>Teadusmalevas 2023 osalejad ning nende uurimist\u00f6\u00f6de teemad koos juhendajate nimedega. Kert Vahtre \u201eKahe masside hindamise meetodi v\u00f5rdlus galaktikagruppides\u201c Moorits Mihkel Muru Uku Nael \u201eErinevate atmosf\u00e4\u00e4ris leiduvate gaaside kiirgussunni osam\u00e4\u00e4ra arvutava programmi kirjutamine\u201c Erko Jakobson Eliise Siimon \u201eKeemilite elementide sisalduse hindamine &#8230;<\/p>\n","protected":false},"author":241,"featured_media":0,"parent":0,"menu_order":0,"comment_status":"closed","ping_status":"closed","template":"","meta":{"_acf_changed":false,"inline_featured_image":false,"footnotes":""},"class_list":["post-24","page","type-page","status-publish","hentry"],"acf":[],"_links":{"self":[{"href":"https:\/\/sisu.ut.ee\/esero\/wp-json\/wp\/v2\/pages\/24","targetHints":{"allow":["GET"]}}],"collection":[{"href":"https:\/\/sisu.ut.ee\/esero\/wp-json\/wp\/v2\/pages"}],"about":[{"href":"https:\/\/sisu.ut.ee\/esero\/wp-json\/wp\/v2\/types\/page"}],"author":[{"embeddable":true,"href":"https:\/\/sisu.ut.ee\/esero\/wp-json\/wp\/v2\/users\/241"}],"replies":[{"embeddable":true,"href":"https:\/\/sisu.ut.ee\/esero\/wp-json\/wp\/v2\/comments?post=24"}],"version-history":[{"count":2,"href":"https:\/\/sisu.ut.ee\/esero\/wp-json\/wp\/v2\/pages\/24\/revisions"}],"predecessor-version":[{"id":3123,"href":"https:\/\/sisu.ut.ee\/esero\/wp-json\/wp\/v2\/pages\/24\/revisions\/3123"}],"wp:attachment":[{"href":"https:\/\/sisu.ut.ee\/esero\/wp-json\/wp\/v2\/media?parent=24"}],"curies":[{"name":"wp","href":"https:\/\/api.w.org\/{rel}","templated":true}]}}