{"id":2343,"date":"2025-09-16T14:43:24","date_gmt":"2025-09-16T11:43:24","guid":{"rendered":"https:\/\/sisu.ut.ee\/esero\/?page_id=2343"},"modified":"2025-10-29T14:43:21","modified_gmt":"2025-10-29T12:43:21","slug":"tunnustus","status":"publish","type":"page","link":"https:\/\/sisu.ut.ee\/esero\/tunnustus\/","title":{"rendered":"Aasta hariduse s\u00f5ber 2025"},"content":{"rendered":"<p><strong>Kosmosehariduskeskus ESERO Eesti p\u00e4lvis aasta hariduse s\u00f5bra tiitli.<\/strong><\/p>\n<p><strong>4. oktoobril toimunud aasta \u00f5petaja galal valiti aasta hariduse s\u00f5bra laureaadiks Euroopa Kosmoseagentuuri ESERO v\u00f5rgustiku Eesti harukontor.<\/strong><\/p>\n<div>\n<div>\n<figure id=\"attachment_2621\" aria-describedby=\"caption-attachment-2621\" style=\"width: 593px\" class=\"wp-caption alignright\"><img loading=\"lazy\" decoding=\"async\" class=\"wp-image-2621\" src=\"https:\/\/sisu.ut.ee\/wp-content\/uploads\/sites\/464\/DSC1857-scaled.jpg\" alt=\"\" width=\"593\" height=\"395\" srcset=\"https:\/\/sisu.ut.ee\/wp-content\/uploads\/sites\/464\/DSC1857-scaled.jpg 2560w, https:\/\/sisu.ut.ee\/wp-content\/uploads\/sites\/464\/DSC1857-300x200.jpg 300w, https:\/\/sisu.ut.ee\/wp-content\/uploads\/sites\/464\/DSC1857-1024x683.jpg 1024w, https:\/\/sisu.ut.ee\/wp-content\/uploads\/sites\/464\/DSC1857-768x512.jpg 768w, https:\/\/sisu.ut.ee\/wp-content\/uploads\/sites\/464\/DSC1857-1536x1024.jpg 1536w, https:\/\/sisu.ut.ee\/wp-content\/uploads\/sites\/464\/DSC1857-2048x1365.jpg 2048w, https:\/\/sisu.ut.ee\/wp-content\/uploads\/sites\/464\/DSC1857-1920x1280.jpg 1920w\" sizes=\"auto, (max-width: 593px) 100vw, 593px\"><figcaption id=\"caption-attachment-2621\" class=\"wp-caption-text\">Foto autor Karin Pai<\/figcaption><\/figure>\n<p data-wp-editing=\"1\">ESERO (European Space Education Resource Office) eesm\u00e4rk on tuua kosmoseteemad koolidesse ning innustada selle kaudu noori avastama loodusteadusi, tehnoloogiat, inseneeriat ja matemaatikat. Eestis tegutseb ESERO alates 2020. aastast, pakkudes \u00f5petajatele koolitusi ja tasuta \u00f5ppematerjale ning korraldades \u00f5pilastele praktilisi projekte ja v\u00f5istlusi.<\/p>\n<\/div>\n<div>\n<p>Aasta hariduse s\u00f5bra tiitel antakse organisatsioonidele v\u00f5i isikutele, kes on viimase kolme aasta jooksul m\u00e4rkimisv\u00e4\u00e4rselt toetanud \u00f5ppijate arengut, aidanud kaasa \u00f5ppe kaasajastamisele ja v\u00e4\u00e4rtustanud haridust \u00fchiskonnas. ESERO Eesti p\u00e4lvis tiitli tugeva ja j\u00e4rjepideva panuse eest noorte teadushuvi toetamisel ja \u00f5petajate innustamisel.<\/p>\n<\/div>\n<div>\n<p>\u201eESERO Eesti\u00a0tegevuse ulatus ja silmapaistvus n\u00e4itab, kui oluline on \u00f5petajaid toetada ning \u00f5pilasi harida, et suurendada nende huvi loodus- ja t\u00e4ppisteaduste vastu, arendada nende oskusi ning julgustada neid muu hulgas kosmosevaldkonnas karj\u00e4\u00e4ri tegema,\u201c \u00fctles Tartu observatooriumi direktor Antti Tamm.<\/p>\n<\/div>\n<div>\n<p>ESERO Eesti juht ja Tartu observatooriumi k\u00fclastuskeskuse juhataja Heli L\u00e4tt peab saadud tiitlit v\u00e4ga suureks tunnustuseks. \u201eArvatavasti n\u00e4evad teisedki, et usume ise sellesse, mida teeme,\u201d s\u00f5nas ta.<\/p>\n<\/div>\n<div>\n<p>Viie aasta jooksul on ESERO Eesti korraldanud 60 koolitust ja koolitanud \u00fcle 1600 \u00f5petaja. 21 kooli on l\u00e4binud koolip\u00f5hise meeskonnakoolituse\u00a0<a class=\"ext\" title=\"(opens in a new window)\" href=\"https:\/\/esero.ee\/opetajakoolitus-kosmos-uhendab\/\" target=\"_blank\" rel=\"noopener noreferrer\" data-extlink=\"\">\u201eKosmos \u00fchendab\u201d<\/a>.<\/p>\n<\/div>\n<div>\n<p>Valminud on \u00fcle 70 eestikeelse materjali, mis toetavad riiklikku \u00f5ppekava ja aitavad \u00f5petajatel kosmosevaldkonda arusaadavalt ja p\u00f5nevalt \u00f5ppematerjali v\u00f5i huviharidusega siduda. \u00d5pilastel on olnud v\u00f5imalus osaleda rahvusvahelistel v\u00f5istlustel, sealhulgas\u00a0<a class=\"ext\" title=\"(opens in a new window)\" href=\"https:\/\/esero.ee\/cansat\/\" target=\"_blank\" rel=\"noopener noreferrer\" data-extlink=\"\">CanSati satelliidiprojektis<\/a>, kus noored kavandavad ja ehitavad karastusjoogipurki mahtuva satelliidi ning lennutavad seda.<\/p>\n<\/div>\n<div>\n<p>Suurs\u00fcndmuseks on ka igal aastal ESERO Eesti korraldatav karj\u00e4\u00e4rip\u00e4ev\u00a0<a class=\"ext\" title=\"(opens in a new window)\" href=\"https:\/\/esero.ee\/karjaaripaev-2\/\" target=\"_blank\" rel=\"noopener noreferrer\" data-extlink=\"\">\u201eKarj\u00e4\u00e4riredel viib kosmosesse\u201c<\/a>, mis on seni pakkunud \u00fcle 1230 \u00f5pilasele v\u00f5imalust kohtuda teadlaste, inseneride ja ettev\u00f5tetega ning saada nende juhendamisel osa praktilisest tegevusest. Kokku on ESERO Eesti inspireerinud erinevate ettev\u00f5tmiste kaudu juba \u00fcle 10 000 \u00f5pilase ning innustanud neid s\u00fcvenema teaduse ja tehnoloogia teemadesse.<\/p>\n<\/div>\n<div>\n<p>Alates 2023. aastast annab ESERO Eesti v\u00e4lja <a class=\"ext\" title=\"(opens in a new window)\" href=\"https:\/\/esero.ee\/linnutee-taht\/\" target=\"_blank\" rel=\"noopener noreferrer\" data-extlink=\"\">Linnutee T\u00e4he<\/a>\u00a0preemiat \u00f5petajatele, kes on m\u00e4rkimisv\u00e4\u00e4rselt edendanud loodus- ja t\u00e4ppisteaduste ning kosmoseteemade populariseerimist.<\/p>\n<\/div>\n<\/div>\n<p>Aasta \u00f5petaja gala 2025 ametlikku pressiteadet ja pildigaleriid n\u00e4eb <a href=\"https:\/\/www.hm.ee\/uudised\/selgusid-aasta-opetaja-konkursi-voitjad-ja-elutoopreemia-laureaat-0\" target=\"_blank\" rel=\"noopener\">Haridus- ja Teadusministreeriumi kodulehel<\/a>.<br>Otse\u00fclekanne galast oli n\u00e4htav ETV kanalilt ning seda saab j\u00e4rele vaadata <a href=\"https:\/\/jupiter.err.ee\/1609813156\/aasta-opetaja-gala-2025\" target=\"_blank\" rel=\"noopener\">ERR Jupiteri keskkonnast<\/a>.<\/p>\n\n\n<p><\/p>\n","protected":false},"excerpt":{"rendered":"<p>Kosmosehariduskeskus ESERO Eesti p\u00e4lvis aasta hariduse s\u00f5bra tiitli. 4. oktoobril toimunud aasta \u00f5petaja galal valiti aasta hariduse s\u00f5bra laureaadiks Euroopa Kosmoseagentuuri ESERO v\u00f5rgustiku Eesti harukontor. ESERO (European Space Education Resource Office) eesm\u00e4rk on tuua kosmoseteemad koolidesse ning innustada selle kaudu &#8230;<\/p>\n","protected":false},"author":241,"featured_media":0,"parent":0,"menu_order":0,"comment_status":"closed","ping_status":"closed","template":"","meta":{"_acf_changed":false,"inline_featured_image":false,"footnotes":""},"class_list":["post-2343","page","type-page","status-publish","hentry"],"acf":[],"_links":{"self":[{"href":"https:\/\/sisu.ut.ee\/esero\/wp-json\/wp\/v2\/pages\/2343","targetHints":{"allow":["GET"]}}],"collection":[{"href":"https:\/\/sisu.ut.ee\/esero\/wp-json\/wp\/v2\/pages"}],"about":[{"href":"https:\/\/sisu.ut.ee\/esero\/wp-json\/wp\/v2\/types\/page"}],"author":[{"embeddable":true,"href":"https:\/\/sisu.ut.ee\/esero\/wp-json\/wp\/v2\/users\/241"}],"replies":[{"embeddable":true,"href":"https:\/\/sisu.ut.ee\/esero\/wp-json\/wp\/v2\/comments?post=2343"}],"version-history":[{"count":5,"href":"https:\/\/sisu.ut.ee\/esero\/wp-json\/wp\/v2\/pages\/2343\/revisions"}],"predecessor-version":[{"id":2680,"href":"https:\/\/sisu.ut.ee\/esero\/wp-json\/wp\/v2\/pages\/2343\/revisions\/2680"}],"wp:attachment":[{"href":"https:\/\/sisu.ut.ee\/esero\/wp-json\/wp\/v2\/media?parent=2343"}],"curies":[{"name":"wp","href":"https:\/\/api.w.org\/{rel}","templated":true}]}}