{"id":22,"date":"2024-04-04T06:47:02","date_gmt":"2024-04-04T03:47:02","guid":{"rendered":"https:\/\/sisu.ut.ee\/esero\/malev\/"},"modified":"2026-01-08T09:32:44","modified_gmt":"2026-01-08T07:32:44","slug":"malev","status":"publish","type":"page","link":"https:\/\/sisu.ut.ee\/esero\/malev\/","title":{"rendered":"Teadusmalev"},"content":{"rendered":"<div class=\"field field-name-body field-type-text-with-summary field-label-hidden\">\n<div class=\"field-items\">\n<div class=\"field-item even\">\n<p style=\"text-align: justify;\"><span style=\"line-height: normal;\"><img loading=\"lazy\" decoding=\"async\" class=\"alignright wp-image-3140 \" src=\"https:\/\/sisu.ut.ee\/wp-content\/uploads\/sites\/464\/Teadusmalev_2026_a3-scaled.png\" alt=\"\" width=\"300\" height=\"425\" srcset=\"https:\/\/sisu.ut.ee\/wp-content\/uploads\/sites\/464\/Teadusmalev_2026_a3-scaled.png 1810w, https:\/\/sisu.ut.ee\/wp-content\/uploads\/sites\/464\/Teadusmalev_2026_a3-212x300.png 212w, https:\/\/sisu.ut.ee\/wp-content\/uploads\/sites\/464\/Teadusmalev_2026_a3-724x1024.png 724w, https:\/\/sisu.ut.ee\/wp-content\/uploads\/sites\/464\/Teadusmalev_2026_a3-768x1086.png 768w, https:\/\/sisu.ut.ee\/wp-content\/uploads\/sites\/464\/Teadusmalev_2026_a3-1920x2716.png 1920w\" sizes=\"auto, (max-width: 300px) 100vw, 300px\">Tartu \u00dclikooli Tartu observatoorium ja ESERO Eesti koost\u00f6\u00f6s Tartu Hansa Rotary klubiga korraldavad <strong>20. juulist \u2013 5. augustini 2026<\/strong>\u00a0T\u00f5raveres Teadusmalevat. See on suvine <strong>15\u201319aastaste<\/strong> koolinoorte teaduslaager, kus tavaliste malevat\u00f6\u00f6de asemel tehakse teadust\u00f6\u00f6d kosmosega seotud uurimissuundadel. <\/span><\/p>\n<p><span style=\"line-height: normal;\">Maleva eesm\u00e4rk on kirjutada uurimist\u00f6\u00f6 vabalt valitud teemal nendes Tartu observatooriumi teadusvaldkondades: <\/span><\/p>\n<ul>\n<li style=\"text-align: left;\"><span style=\"line-height: normal;\">astronoomia ehk t\u00e4heteadus; <\/span><\/li>\n<li style=\"text-align: left;\"><span style=\"line-height: normal;\">kosmoloogia ja galaktikate f\u00fc\u00fcsika; <\/span><\/li>\n<li style=\"text-align: left;\"><span style=\"line-height: normal;\">Maa ja keskkonna j\u00e4lgimine satelliitidelt;<\/span><\/li>\n<li>kliimamuutused;<\/li>\n<li style=\"text-align: left;\"><span style=\"line-height: normal;\">kosmosetehnoloogia ja laborid. <\/span><\/li>\n<\/ul>\n<p style=\"text-align: left;\" align=\"left\"><span style=\"line-height: normal;\">Meie pakume omalt poolt: <\/span><\/p>\n<ul>\n<li style=\"text-align: left;\"><span style=\"line-height: normal;\">igale osav\u00f5tjale <b>250 euro suurust stipendiumit<\/b>, mille paneb v\u00e4lja Tartu Hansa Rotary klubi; <\/span><\/li>\n<li style=\"text-align: left;\"><span style=\"line-height: normal;\">juhendajat T\u00dc Tartu observatooriumi teadlaste seast; <\/span><\/li>\n<li style=\"text-align: left;\"><span style=\"line-height: normal;\">vajalikke vahendid ja ligip\u00e4\u00e4su elektroonikalaboritele katsete l\u00e4biviimiseks, andmebaase satelliitidelt kogutud andmetega andmeanal\u00fc\u00fcsiks ja muud vajalikku tuge, mida on vaja uurimuse valmimiseks; <\/span><\/li>\n<li style=\"text-align: left;\"><span style=\"line-height: normal;\">T\u00dc Tartu observatooriumi teadussuundade tutvustust; <\/span><\/li>\n<li style=\"text-align: left;\"><span style=\"line-height: normal;\">\u00fchis\u00fcritusi ja vabaaja programmi; <\/span><\/li>\n<li style=\"text-align: left;\"><span style=\"line-height: normal;\">majutust N\u00f5o Reaalg\u00fcmnaasiumi \u00fchiselamus. <\/span><\/li>\n<\/ul>\n<p style=\"text-align: justify;\"><span style=\"line-height: normal;\">Kuna malevlasi juhendavad Tartu observatooriumi teadlased, siis on paljudel noortel v\u00f5imalus uurimist\u00f6\u00f6d tehes aidata p\u00e4riselt kaasa Tartu observatooriumi teadust\u00f6\u00f6le tehes n\u00e4iteks laborikatseid, kogudes informatsiooni v\u00f5i kirjutades arvutiprogramme. Teadusmalevasse on oodatud nii t\u00f5sised kosmoseentusiastid kui ka need, kes soovivad avardada oma silmaringi ja panna end proovile t\u00e4iesti uues valdkonnas. K\u00f5igi kandideerijate seast valitakse Teadusmalevas osalema 15 noort. K\u00f5igil malevasse valitud noortel palume t\u00e4ita ka n\u00f5usolekulehe koos teabevormiga, kus on p\u00f5hjalikumat korralduslikku infot maleva kohta. Teabevormiga saad tutvuda <a href=\"https:\/\/sisu.ut.ee\/wp-content\/uploads\/sites\/464\/Teadusmaleva-teabevorm-2026.pdf\" target=\"_blank\" rel=\"noopener\">siin<\/a>.<\/span><\/p>\n<p style=\"text-align: justify;\"><span style=\"line-height: normal;\">Maleva l\u00f5pus ootame igalt osalejalt 5-minutilist ettekannet oma uurimist\u00f6\u00f6st.<\/span><\/p>\n<\/div>\n<\/div>\n<\/div>\n\n\n<div class=\"wp-block-buttons is-layout-flex wp-block-buttons-is-layout-flex\">\n<div class=\"wp-block-button\"><a class=\"wp-block-button__link wp-element-button\" href=\"https:\/\/survey.ut.ee\/teadusmalev2026\" target=\"_blank\" rel=\"noreferrer noopener\"><strong>TEADUSMALEVASSE REGISTREERIMINE<\/strong><\/a><\/div>\n<\/div>\n\n\n<div class=\"field field-name-body field-type-text-with-summary field-label-hidden\">\n<div class=\"field-items\">\n<div class=\"field-item even\">\n<p><strong>Teadusmalevasse kandideerimise t\u00e4htaeg on 26 aprill 2026.<\/strong><\/p>\n<p style=\"text-align: justify;\"><span style=\"line-height: normal;\">Uurimist\u00f6\u00f6 j\u00e4\u00e4b koostajale ning seda on hiljem v\u00f5imalik esitada oma g\u00fcmnaasiumi uurimist\u00f6\u00f6na ja\/v\u00f5i <\/span><a title=\"\" href=\"https:\/\/etag.ee\/tegevused\/konkursid\/opilaste-teadustoode-konkurss\/\" target=\"_blank\" rel=\"noopener\" data-url=\"https:\/\/etag.ee\/tegevused\/konkursid\/opilaste-teadustoode-konkurss\/\">\u00f5pilaste teadusfestivali konkursile<\/a><span style=\"line-height: normal;\">.<\/span><\/p>\n<\/div>\n<\/div>\n<\/div>\n<p>K\u00fcsimuste korral v\u00f5ta \u00fchendust aadressil teadusmalev@ut.ee.<\/p>","protected":false},"excerpt":{"rendered":"<p>Tartu \u00dclikooli Tartu observatoorium ja ESERO Eesti koost\u00f6\u00f6s Tartu Hansa Rotary klubiga korraldavad 20. juulist \u2013 5. augustini 2026\u00a0T\u00f5raveres Teadusmalevat. See on suvine 15\u201319aastaste koolinoorte teaduslaager, kus tavaliste malevat\u00f6\u00f6de asemel tehakse teadust\u00f6\u00f6d kosmosega seotud uurimissuundadel. Maleva eesm\u00e4rk on kirjutada uurimist\u00f6\u00f6 &#8230;<\/p>\n","protected":false},"author":241,"featured_media":0,"parent":0,"menu_order":0,"comment_status":"closed","ping_status":"closed","template":"","meta":{"_acf_changed":false,"inline_featured_image":false,"footnotes":""},"class_list":["post-22","page","type-page","status-publish","hentry"],"acf":[],"_links":{"self":[{"href":"https:\/\/sisu.ut.ee\/esero\/wp-json\/wp\/v2\/pages\/22","targetHints":{"allow":["GET"]}}],"collection":[{"href":"https:\/\/sisu.ut.ee\/esero\/wp-json\/wp\/v2\/pages"}],"about":[{"href":"https:\/\/sisu.ut.ee\/esero\/wp-json\/wp\/v2\/types\/page"}],"author":[{"embeddable":true,"href":"https:\/\/sisu.ut.ee\/esero\/wp-json\/wp\/v2\/users\/241"}],"replies":[{"embeddable":true,"href":"https:\/\/sisu.ut.ee\/esero\/wp-json\/wp\/v2\/comments?post=22"}],"version-history":[{"count":25,"href":"https:\/\/sisu.ut.ee\/esero\/wp-json\/wp\/v2\/pages\/22\/revisions"}],"predecessor-version":[{"id":3147,"href":"https:\/\/sisu.ut.ee\/esero\/wp-json\/wp\/v2\/pages\/22\/revisions\/3147"}],"wp:attachment":[{"href":"https:\/\/sisu.ut.ee\/esero\/wp-json\/wp\/v2\/media?parent=22"}],"curies":[{"name":"wp","href":"https:\/\/api.w.org\/{rel}","templated":true}]}}