{"id":21,"date":"2024-04-04T06:47:02","date_gmt":"2024-04-04T03:47:02","guid":{"rendered":"https:\/\/sisu.ut.ee\/esero\/kliimadetektiivide-uleskutse-oppematerjalid\/"},"modified":"2025-05-15T14:47:25","modified_gmt":"2025-05-15T11:47:25","slug":"kliimadetektiivide-uleskutse-oppematerjalid","status":"publish","type":"page","link":"https:\/\/sisu.ut.ee\/esero\/kliimadetektiivide-uleskutse-oppematerjalid\/","title":{"rendered":"\u00d5ppematerjalid"},"content":{"rendered":"<p><img loading=\"lazy\" decoding=\"async\" width=\"702\" height=\"588\" class=\"alignnone wp-image-111\" style=\"width: 180px; height: 151px; float: right;\" title=\"kasvuhooneefekti_moistmine.jpg\" src=\"https:\/\/sisu.ut.ee\/wp-content\/uploads\/sites\/464\/kasvuhooneefekti_moistmine.jpg\" alt=\"Kasvuhooneefekti m\u00f5istmine\" srcset=\"https:\/\/sisu.ut.ee\/wp-content\/uploads\/sites\/464\/kasvuhooneefekti_moistmine.jpg 702w, https:\/\/sisu.ut.ee\/wp-content\/uploads\/sites\/464\/kasvuhooneefekti_moistmine-300x251.jpg 300w\" sizes=\"auto, (max-width: 702px) 100vw, 702px\"><\/p>\n<p><strong><span style=\"color: #0098db;\">Maa atmosf\u00e4\u00e4ri katte all: kasvuhooneefekti m\u00f5istmine<\/span><\/strong><\/p>\n<p style=\"text-align: justify;\">\u00d5pilased loovad mudeli ja anal\u00fc\u00fcsivad videot, et m\u00f5ista kasvuhooneefekti ja kasvuhoonegaaside taseme t\u00f5usu tagaj\u00e4rgi.<\/p>\n<p><strong><a href=\"https:\/\/sisu.ut.ee\/wp-content\/uploads\/sites\/464\/kasvuhooneefekti_moistmine.pdf\" data-fid=\"70919\">Laadi \u00f5ppematejal alla<\/a><\/strong><\/p>\n<hr>\n<p><strong><span style=\"color: #0098db;\"><img loading=\"lazy\" decoding=\"async\" class=\"alignright wp-image-1150 \" src=\"https:\/\/sisu.ut.ee\/wp-content\/uploads\/sites\/464\/Maa_pealt_ja_kosmosest_pilt-150x150.jpg\" alt=\"\" width=\"181\" height=\"181\">Maa pealt ja taevast<\/span><\/strong><\/p>\n<p>\u00d5pilastel on v\u00f5imalus n\u00e4ha, kuidas Maa paistab kosmosest ja seda v\u00f5rrelda Maa peal tehtud piltidega. Neil tuleb kokku viia Maa pealt, rahvusvahelisest kosmosejaamast ja satelliitidelt tehtud pildid. Piltidel on kujutatud silmapaistvaid geograafilisi objekte nagu m\u00e4ed, j\u00e4rved, j\u00f5ed, linnad, saared ja k\u00f5rbed.<\/p>\n<p><a href=\"https:\/\/sisu.ut.ee\/wp-content\/uploads\/sites\/464\/PR10a-Maa-pealt-ja-kosmosest_opetaja.pdf\" target=\"_blank\" rel=\"noopener\"><strong>Laadi alla juhendmaterjal \u00f5petajale<\/strong><\/a><\/p>\n<p><a href=\"https:\/\/sisu.ut.ee\/wp-content\/uploads\/sites\/464\/PR10b-Maa-pealt-ja-kosmosest_opilane.pdf\" target=\"_blank\" rel=\"noopener\"><strong>Laadi alla \u00f5pilase t\u00f6\u00f6leht<\/strong><\/a><\/p>\n<hr>\n<p><strong><span style=\"color: #0098db;\">Kasvuhooneefekt ja selle tagaj\u00e4rjed: uurides kliimasoojenemist<\/span><\/strong><\/p>\n<p><img loading=\"lazy\" decoding=\"async\" width=\"723\" height=\"609\" class=\"alignnone wp-image-109\" style=\"width: 200px; height: 168px; float: right;\" title=\"kasvuhooneefekt.png\" src=\"https:\/\/sisu.ut.ee\/wp-content\/uploads\/sites\/464\/kaas.png\" alt=\"Illustratsioon:kasvuhooneefekt\" srcset=\"https:\/\/sisu.ut.ee\/wp-content\/uploads\/sites\/464\/kaas.png 723w, https:\/\/sisu.ut.ee\/wp-content\/uploads\/sites\/464\/kaas-300x253.png 300w\" sizes=\"auto, (max-width: 723px) 100vw, 723px\">See tegevuste kogumik sisaldab praktilisi eksperimente ja satelliidipiltide t\u00f5lgendamist, et paremini m\u00f5ista kliimasoojenemise \u00fcldisi m\u00f5jusid. Tegevuses 1 valmistavad \u00f5pilased mudeli demonstreerimaks kasvuhooneefekti, n\u00e4idates kuidas k\u00f5rgem s\u00fcsihappegaasi (CO<sub>2<\/sub>) tase t\u00e4hendab k\u00f5rgemat temperatuuri. Eksperimenti t\u00e4iendab satelliidipiltide anal\u00fc\u00fcs, kus on n\u00e4ha erinevate perioodide Maa CO<sub>2<\/sub> tasemeid. Seej\u00e4rel hangivad \u00f5pilased teadmisi m\u00f5ningatest tagaj\u00e4rgedest, mis kaasnevad tugevnenud kasvuhooneefektiga \u2013 j\u00e4\u00e4 sulamine ning muutuvad albeedo v\u00e4\u00e4rtused.<\/p>\n<p><strong><a href=\"https:\/\/sisu.ut.ee\/wp-content\/uploads\/sites\/464\/kasvuhooneefekt.pdf\" data-fid=\"61024\">Laadi \u00f5ppematerjal alla<\/a><\/strong><\/p>\n<hr>\n<p><strong><span style=\"color: #0098db;\">Merej\u00e4\u00e4 kosmosest vaadatuna: uurides Arktika merej\u00e4\u00e4d ning selle seost kliimaga<\/span><\/strong><\/p>\n<p><img loading=\"lazy\" decoding=\"async\" width=\"564\" height=\"509\" class=\"alignnone wp-image-110\" style=\"width: 200px; height: 180px; float: right;\" title=\"merejaa.png\" src=\"https:\/\/sisu.ut.ee\/wp-content\/uploads\/sites\/464\/kaas-1.png\" alt=\"Illustratsioon:merej\u00e4\u00e4 kosmosest vaadatuna\" srcset=\"https:\/\/sisu.ut.ee\/wp-content\/uploads\/sites\/464\/kaas-1.png 564w, https:\/\/sisu.ut.ee\/wp-content\/uploads\/sites\/464\/kaas-1-300x271.png 300w\" sizes=\"auto, (max-width: 564px) 100vw, 564px\">Selles tegevuste kogumikus uurivad \u00f5pilased Arktika merej\u00e4\u00e4d. Esmalt kogevad nad vahetult, mis juhtub, \u201ekui ookean j\u00e4\u00e4tub\u201c. Seej\u00e4rel kasutavad nad satelliidipilte, et anal\u00fc\u00fcsida merej\u00e4\u00e4 kontsentratsiooni ja ulatust ning nende parameetrite muutumist viimaste aastak\u00fcmnete jooksul. Nad \u00f5pivad, millistes maailma paikades v\u00f5ib leida merej\u00e4\u00e4d ning anal\u00fc\u00fcsivad v\u00e4rskeid ning pikemaajalisi satelliidiandmeid Arktika merej\u00e4\u00e4 kontsentratsiooni kohta. See tegevus puudutab \u00fchte olulisemat indikaatorit, mis teadlastel kliimamuutuste ning selle v\u00f5imalike tagaj\u00e4rgede uurimiseks olemas on.<\/p>\n<p><strong><a href=\"https:\/\/sisu.ut.ee\/wp-content\/uploads\/sites\/464\/merejaa_kosmosest_vaadatuna.pdf\" data-fid=\"60332\">Laadi \u00f5ppematerjal alla<\/a><\/strong><\/p>\n<p><img loading=\"lazy\" decoding=\"async\" width=\"1220\" height=\"818\" class=\"alignnone wp-image-112\" style=\"width: 185px; height: 124px; float: right;\" title=\"peale_tormi.png\" src=\"https:\/\/sisu.ut.ee\/wp-content\/uploads\/sites\/464\/peale_tormi.png\" alt=\"peale_tormi\" srcset=\"https:\/\/sisu.ut.ee\/wp-content\/uploads\/sites\/464\/peale_tormi.png 1220w, https:\/\/sisu.ut.ee\/wp-content\/uploads\/sites\/464\/peale_tormi-300x201.png 300w, https:\/\/sisu.ut.ee\/wp-content\/uploads\/sites\/464\/peale_tormi-1024x687.png 1024w, https:\/\/sisu.ut.ee\/wp-content\/uploads\/sites\/464\/peale_tormi-768x515.png 768w\" sizes=\"auto, (max-width: 1220px) 100vw, 1220px\"><strong><span style=\"color: #0098db;\">Peale tormi: orkaan Matthew trajektoori kaardistamine ja m\u00f5jude hindamine<\/span><\/strong><\/p>\n<p>Orkaanide uurimiseks <span style=\"line-height: 90%;\"><span style=\"line-height: 90%;\"><span style=\"color: #231f20;\">v\u00f5etakse n\u00e4itena Matthew orkaan ning kaardistatakse kaugseire rakenduste abil selle trajektoor ning hinnatakse purustuste m\u00f5ju. \u00d5pilased saavad teada, kuidas orkaan areneb ja millist m\u00f5ju v\u00f5ib ekstreemne ilm \u00fchiskonnale avaldada. \u00d5pilased v\u00f5rdlevad selleks satelliidipilte.<\/span><\/span><\/span><span style=\"color: #231f20;\"> Tegevuse v\u00f5ib l\u00f5pule viia kas iseseisva t\u00f6\u00f6na IKT vahenditega v\u00f5i n\u00e4iteks koos arutledes klassiruumis.<\/span><\/p>\n<p><strong><a href=\"https:\/\/sisu.ut.ee\/wp-content\/uploads\/sites\/464\/peale_tormi.pdf\" data-fid=\"71519\">Laadi \u00f5ppematerjal alla<\/a><\/strong><\/p>\n<hr>\n<p><span style=\"font-size: 16px;\"><span style=\"font-family: Verdana,Geneva,sans-serif;\"><strong><span style=\"color: #0098db;\">Veeringe<\/span><\/strong><\/span><\/span><\/p>\n<p>\u00d5pilased \u00f5pivad tundma veeringet, mullas oleva vee k\u00e4itumist ning selle tundlikkust muutustele. Esimeses tegevuses kasutatakse veeringe kujutamiseks lumehelbe lugu. Praktiliste tegevuste kogum v\u00f5imaldab \u00f5pilastel l\u00e4hemalt uurida aurustumise ja kondenseerumise protsessi vee ja mulla pinnalt. Viimases tegevuses kasutavad \u00f5pilased t\u00f5elisi satelliidiandmeid, et uurida mullaniiskuse muutusi kogu maailmas.<\/p>\n<p><a href=\"https:\/\/sisu.ut.ee\/wp-content\/uploads\/sites\/464\/ESA_CCI_Veeringe.pdf\" target=\"_blank\" rel=\"noopener\"><strong>Laadi \u00f5ppematerjal alla<\/strong><\/a><\/p>\n<hr>\n<p><span style=\"font-size: 16px;\"><span style=\"font-family: Verdana,Geneva,sans-serif;\"><strong><span style=\"color: #0098db;\">Planeedi pulsi m\u00f5\u00f5tmine (raskusastmelt 11-14-aastastele)<\/span><\/strong><\/span><\/span><\/p>\n<p><span class=\"Bodytext1\"><span lang=\"et\">\u00d5ppematerjalis tutvustatakse, kuidas kasutatakse meie planeedi j\u00e4lgimiseks erinevaid elektromagnetkiirguse t\u00fc\u00fcpe. <\/span><\/span><span class=\"Bodytext1\"><span lang=\"et\">Esimeses tegevuses vaadeldakse elektromagnetspektri piirkondi ja kirjeldatakse, kuidas neid Maa seires kasutatakse. <\/span><\/span><span class=\"Bodytext1\"><span lang=\"et\">Teises tegevuses tegeletakse valev\u00e4rvikujutiste loomisega ja uuritakse, kus selliseid kujutisi kasutatakse. <\/span><\/span><span class=\"Bodytext1\"><span lang=\"et\">Viimases tegevuses koostavad \u00f5pilased valev\u00e4rvipiltide teadmiste p\u00f5hjal \u00fcksikasjaliku \u00fclevaate suure \u00fcleujutuse v\u00f5i p\u00f5ua kohta.<\/span><\/span><\/p>\n<p><a href=\"https:\/\/sisu.ut.ee\/wp-content\/uploads\/sites\/464\/ESA_CCI_Planeedi-pulsi-mootmine_11-14a.pdf\" target=\"_blank\" rel=\"noopener\"><strong>Laadi \u00f5ppematerjal alla<\/strong><\/a><\/p>\n<hr>\n<p><span style=\"font-size: 16px;\"><span style=\"font-family: Verdana,Geneva,sans-serif;\"><strong><span style=\"color: #0098db;\">Planeedi pulsi m\u00f5\u00f5tmine (raskusastmelt 14-16-aastastele)<\/span><\/strong><\/span><\/span><\/p>\n<p><span class=\"Bodytext1\"><span lang=\"et\">\u00d5ppematerjalis antakse \u00fclevaade sellest, kuidas andurid andmeid koguvad ja kuidas satelliidi orbiidist s\u00f5ltub \u00fcksikasjaliku info saadavus. <\/span><\/span><span class=\"Bodytext1\"><span lang=\"et\">Tutvustatakse kaugseire kontseptsioone ja otsitakse vastust k\u00fcsimusele, milliseid satelliite ja andureid eri rakenduste uurimiseks kasutada. <\/span><\/span><span class=\"Bodytext1\"><span lang=\"et\">Uuritakse erinevate tegurite m\u00f5ju satelliidipildi n\u00e4htavatele detailidele. <\/span><\/span><span class=\"Bodytext1\"><span lang=\"et\">\u00d5pilased uurivad veebirakenduse <\/span><\/span><span lang=\"et\">\u201e<span class=\"Bodytext1\">Climate from Space\u201c abil eri kliimamuutujaid El Ni\u00f1o ja La Ni\u00f1a n\u00e4htuste ajal.<\/span><\/span><\/p>\n<p><a href=\"https:\/\/sisu.ut.ee\/wp-content\/uploads\/sites\/464\/ESA_CCI_Planeedi-pulsi-mootmine_14-16a.pdf\" target=\"_blank\" rel=\"noopener\"><strong>Laadi \u00f5ppematerjal alla<\/strong><\/a><\/p>\n<hr>\n<p><span style=\"color: #0098db;\"><strong>Kosmosekarud. Laborikogemus loimuritega<\/strong><\/span><\/p>\n<p>\u00d5pilased uurivad loimurite (nimetatakse vahel ka veekarudeks) elluj\u00e4\u00e4misv\u00f5imet. K\u00f5igepealt uuritakse, kuidas saab veekarusid koguda ja milliseid \u00e4\u00e4rmuslikke tingimusi saab laboris simuleerida. Seej\u00e4rel panevad \u00f5pilased loimurid nendesse \u00e4\u00e4rmuslikesse tingimustesse ja vaatavad, millistes tingimustes suudavad loimurid ellu j\u00e4\u00e4da. Eesm\u00e4rk on testida loimurite vastupidavust \u00e4\u00e4rmuslikes tingimustes, mis on omased ka kosmosele.\u00a0<span class=\"Bodytext1\"><span lang=\"et\">Enne selle tegevuse alustamist soovitame l\u00e4bida \u00f5ppematerjali \u00e4\u00e4rmuslike tingimuste kohta (<em>Elu v\u00f5imalikkus kosmose \u00e4\u00e4rmuslikes tingimustes<\/em>).<\/span><\/span><\/p>\n<p><a href=\"https:\/\/sisu.ut.ee\/wp-content\/uploads\/sites\/464\/B10-Kosmosekarud.pdf\" target=\"_blank\" rel=\"noopener\"><strong>Laadi \u00f5ppematerjal alla<\/strong><\/a><\/p>\n<hr>\n<p><span style=\"font-size: 16px;\"><span style=\"font-family: Verdana,Geneva,sans-serif;\"><strong><span style=\"color: #0098db;\">Uurime \u00f5husaastet<\/span><\/strong><\/span><\/span><\/p>\n<p>See juhtumiuuring tegeleb \u00f5husaaste ja kliima teemadega. \u00d5pilased uurivad, kuidas transport m\u00f5jutab \u00f5husaastet ja kliimamuutusi. T\u00f6\u00f6lehel on soovitused \u00f5petajale, kuidas t\u00f6\u00f6d l\u00e4bi viia ning milliseid andmeid anal\u00fc\u00fcsida. L\u00fchikese juhtumiuuringu \u00fclesandeid ja soovitusi v\u00f5ib \u00f5petaja vajadusel muuta. Juhtumiuuring ei ole m\u00f5eldud \u00f5pilasele \u00fcksinda kasutamiseks, \u00f5petaja juhendamine ja selgitused on olulised.<\/p>\n<p><a href=\"https:\/\/sisu.ut.ee\/wp-content\/uploads\/sites\/464\/Uurime-ohusaastet_luhike-juhtumiuuring.pdf\" target=\"_blank\" rel=\"noopener\"><strong>Laadi \u00f5ppematerjal alla<\/strong><\/a><\/p>\n<hr>\n<p><span style=\"font-size: 16px;\"><span style=\"font-family: Verdana,Geneva,sans-serif;\"><strong><span style=\"color: #0098db;\">Uurime lund<\/span><\/strong><\/span><\/span><\/p>\n<p>See juhtumiuuring tegeleb lume ja kliima teemadega. \u00d5pilased uurivad seoseid lumesaju, lumikatte ja kliimamuutuste vahel. T\u00f6\u00f6lehel on soovitused \u00f5petajale, milliseid andmeid v\u00f5iksid \u00f5pilased koguda ja anal\u00fc\u00fcsida. L\u00fchikese juhtumiuuringu \u00fclesandeid ja soovitusi v\u00f5ib \u00f5petaja vajadusel muuta. Juhtumiuuringu juurde k\u00e4ib <a href=\"https:\/\/climatedetectives.esa.int\/wp-content\/uploads\/2023\/09\/Climate-detectives_teacher-guide_2023.pdf\" target=\"_blank\" rel=\"noopener\">\u00f5petajajuhend (inglise keeles)<\/a>.<\/p>\n<p><a href=\"https:\/\/sisu.ut.ee\/wp-content\/uploads\/sites\/464\/Uurime-lund_luhike-juhtumiuuring.pdf\" target=\"_blank\" rel=\"noopener\"><strong>Laadi \u00f5ppematerjal alla<\/strong><\/a><\/p>\n<hr>\n<p><span style=\"font-size: 16px;\"><span style=\"font-family: Verdana,Geneva,sans-serif;\"><strong><span style=\"color: #0098db;\">Uurime vee kvaliteeti<\/span><\/strong><\/span><\/span><\/p>\n<p>See juhtumiuuring on p\u00fchendatud vee kvaliteedi teemale. \u00d5pilased uurivad, kuidas kliimamuutused v\u00f5ivad m\u00f5jutada j\u00e4rve vee kvaliteeti ts\u00fcanobakterite (sinivetikate) osas. T\u00f6\u00f6lehel on soovitused \u00f5petajale selle kohta, milliseid andmeid v\u00f5iksid \u00f5pilased koguda ja anal\u00fc\u00fcsida. L\u00fchikese juhtumiuuringu \u00fclesandeid ja soovitusi v\u00f5ib \u00f5petaja vajadusel muuta. Juhtumiuuringu juurde k\u00e4ib <a href=\"https:\/\/climatedetectives.esa.int\/teacher-guide\/\">\u00f5petajajuhend (inglise keeles)<\/a>.<\/p>\n<p><a href=\"https:\/\/sisu.ut.ee\/wp-content\/uploads\/sites\/464\/Uurime-vee-kvaliteeti_luhike-juhtumiuuring.pdf\" target=\"_blank\" rel=\"noopener\"><strong>Laadi \u00f5ppematerjal alla<\/strong><\/a><\/p>\n","protected":false},"excerpt":{"rendered":"<p>Maa atmosf\u00e4\u00e4ri katte all: kasvuhooneefekti m\u00f5istmine \u00d5pilased loovad mudeli ja anal\u00fc\u00fcsivad videot, et m\u00f5ista kasvuhooneefekti ja kasvuhoonegaaside taseme t\u00f5usu tagaj\u00e4rgi. Laadi \u00f5ppematejal alla Maa pealt ja taevast \u00d5pilastel on v\u00f5imalus n\u00e4ha, kuidas Maa paistab kosmosest ja seda v\u00f5rrelda Maa peal &#8230;<\/p>\n","protected":false},"author":241,"featured_media":0,"parent":0,"menu_order":0,"comment_status":"closed","ping_status":"closed","template":"","meta":{"_acf_changed":false,"inline_featured_image":false,"footnotes":""},"class_list":["post-21","page","type-page","status-publish","hentry"],"acf":[],"_links":{"self":[{"href":"https:\/\/sisu.ut.ee\/esero\/wp-json\/wp\/v2\/pages\/21","targetHints":{"allow":["GET"]}}],"collection":[{"href":"https:\/\/sisu.ut.ee\/esero\/wp-json\/wp\/v2\/pages"}],"about":[{"href":"https:\/\/sisu.ut.ee\/esero\/wp-json\/wp\/v2\/types\/page"}],"author":[{"embeddable":true,"href":"https:\/\/sisu.ut.ee\/esero\/wp-json\/wp\/v2\/users\/241"}],"replies":[{"embeddable":true,"href":"https:\/\/sisu.ut.ee\/esero\/wp-json\/wp\/v2\/comments?post=21"}],"version-history":[{"count":10,"href":"https:\/\/sisu.ut.ee\/esero\/wp-json\/wp\/v2\/pages\/21\/revisions"}],"predecessor-version":[{"id":1973,"href":"https:\/\/sisu.ut.ee\/esero\/wp-json\/wp\/v2\/pages\/21\/revisions\/1973"}],"wp:attachment":[{"href":"https:\/\/sisu.ut.ee\/esero\/wp-json\/wp\/v2\/media?parent=21"}],"curies":[{"name":"wp","href":"https:\/\/api.w.org\/{rel}","templated":true}]}}