{"id":2076,"date":"2025-06-17T18:49:27","date_gmt":"2025-06-17T15:49:27","guid":{"rendered":"https:\/\/sisu.ut.ee\/esero\/?page_id=2076"},"modified":"2026-04-02T09:37:37","modified_gmt":"2026-04-02T06:37:37","slug":"cansat-juhendaja-koolitus","status":"publish","type":"page","link":"https:\/\/sisu.ut.ee\/esero\/cansat-juhendaja-koolitus\/","title":{"rendered":"CanSat juhendaja koolitused Tallinnas ja T\u00f5raveres"},"content":{"rendered":"<p><\/p>\n\n\n\n<p>Euroopa kosmoseagentuuri haridusprogramm ESERO on igal aastal korraldamas <strong>CanSat`i<\/strong> ehk <strong>purksatelliidi<\/strong> ehitamise \u00fclemaailmset v\u00f5istlust. Eesm\u00e4rgiks on ehitada ja lennutada karastusjoogi purgi suurune satelliit. V\u00f5istlus on suunatud <strong>14-19-aastastele noortele<\/strong>, osalemiseks tule kokku panna <strong>3-6-liikmeline tiim<\/strong>, keda saadab juhendaja. <a href=\"https:\/\/sisu.ut.ee\/wp-content\/uploads\/sites\/464\/CanSat_Eesti_juhend_2024-2025.pdf\" target=\"_blank\" rel=\"noreferrer noopener\"><strong>Loe l\u00e4hemalt<\/strong> <\/a>CanSati v\u00f5istlusest ja selle missioonidest.<\/p>\n\n\n\n<p>T\u00dc Tartu observatoorium koost\u00f6\u00f6s ESERO Eestiga pakuvad k\u00f5igile juhendajatele v\u00f5imalust osaleda <strong>TASUTA<\/strong> koolitusel, mille eesm\u00e4rk on jagada vajalikke teadmisi ja oskusi \u00f5pilaste edukaks osalemiseks CanSat`i\u00a0 v\u00f5istlusel.<\/p>\n\n\n\n<figure class=\"wp-block-image alignright\"><img loading=\"lazy\" decoding=\"async\" width=\"2560\" height=\"1707\" src=\"https:\/\/sisu.ut.ee\/wp-content\/uploads\/sites\/464\/DSC7305-scaled.jpg\" alt=\"\" class=\"wp-image-1942\" srcset=\"https:\/\/sisu.ut.ee\/wp-content\/uploads\/sites\/464\/DSC7305-scaled.jpg 2560w, https:\/\/sisu.ut.ee\/wp-content\/uploads\/sites\/464\/DSC7305-300x200.jpg 300w, https:\/\/sisu.ut.ee\/wp-content\/uploads\/sites\/464\/DSC7305-1024x683.jpg 1024w, https:\/\/sisu.ut.ee\/wp-content\/uploads\/sites\/464\/DSC7305-768x512.jpg 768w, https:\/\/sisu.ut.ee\/wp-content\/uploads\/sites\/464\/DSC7305-1536x1024.jpg 1536w, https:\/\/sisu.ut.ee\/wp-content\/uploads\/sites\/464\/DSC7305-2048x1365.jpg 2048w, https:\/\/sisu.ut.ee\/wp-content\/uploads\/sites\/464\/DSC7305-1920x1280.jpg 1920w\" sizes=\"auto, (max-width: 2560px) 100vw, 2560px\"><\/figure>\n\n\n\n<p>J\u00e4rgmise hooaja juhendajate koolitused tulevad augustis 2026. Avame registreereerimise siin lehel niipea, kui koolituse aeg ja koht on teada.<\/p>\n\n\n\n<p><strong>Koolitus annab v\u00f5imaluse t\u00e4iendada oma teadmisi ja oskusi j\u00e4rgmistel teemadel:<\/strong><\/p>\n\n\n\n<ul class=\"wp-block-list\">\n<li>elektroonika<\/li>\n\n\n\n<li>programmeerimine<\/li>\n\n\n\n<li>3D-printimine<\/li>\n\n\n\n<li>tehisintellekti kasutamine<\/li>\n\n\n\n<li>avalik esinemine<\/li>\n\n\n\n<li>meeskonnat\u00f6\u00f6<\/li>\n<\/ul>\n\n\n\n<p><strong>Miks osaleda koolitusel?<\/strong><\/p>\n\n\n\n<ul class=\"wp-block-list\">\n<li><strong>T\u00f5sta oma \u00f5petamise kvaliteeti<\/strong>: Saad uusi oskusi ja teadmisi, mida klassiruumis rakendada.<\/li>\n\n\n\n<li><strong>Valmista oma \u00f5pilasi ette v\u00f5istluseks<\/strong>: Annad \u00f5pilastele parimad v\u00f5imalused edukaks osalemiseks purksatelliidi ehitamise v\u00f5istlusel.<\/li>\n\n\n\n<li><strong>V\u00f5rgustu<\/strong>: Kohtu teiste entusiastlike \u00f5petajatega ja jaga parimaid praktikaid. Tutvu Tartu \u00a0observatooriumi kosmoseinseneridega, kes \u00fchtlasi juhendavad ka koolitusel praktilisi tegevusi.<\/li>\n\n\n\n<li>P\u00e4rast koolitust tagatakse juhendajatele ka tehniline tugi.<\/li>\n<\/ul>\n\n\n\n<p>K\u00f5ik <strong>\u00f5igeaegselt aruande esitanud<\/strong> v\u00f5iskonnad on oodatud osalema kas Tallinna v\u00f5i Tartu CanSat eelvoorus. Eelvoorude parimad v\u00f5tavad omavahel m\u00f5\u00f5tu CanSat 2026 l\u00f5ppv\u00f5istlusel, mis toimub 2026nda aasta aprilli l\u00f5pus.<\/p>\n\n\n\n<p>CanSat Estonia 2026 v\u00f5itja v\u00f5istkonna <strong>peaauhinnaks on reis koos juhendajaga Hollandisse<\/strong>\u00a0ESA ESTEC kosmosekeskusesse (reisikulud h\u00fcvitatakse 300 euro ulatuses, kohapeal \u00f6\u00f6bimine ja tegevused on tasuta).<\/p>\n\n\n\n<p>Aga see pole veel k\u00f5ik, sest suurel l\u00f5ppv\u00f5istlusel jagatakse ka v\u00e4gevaid <strong>eriauhindu<\/strong> meie koost\u00f6\u00f6partneritelt.<\/p>\n\n\n\n<p><strong>Seega tule ja saa osa millestki erakordsest \u2013 viime noored kosmosesse!<\/strong><\/p>\n\n\n\n<p><em>*Varasem kokkupuude elektroonika ja programmeerimisega ei ole vajalik, aga tuleb kasuks.<\/em><\/p>\n\n\n\n<p>CanSati v\u00f5istluse kohta saad rohkem teavet <a href=\"https:\/\/cansat.esa.int\/et\/\">siit<\/a>.<\/p>\n\n\n\n<p>Lisainfo: T\u00f5nis R\u00fc\u00fctel tonis.ruutel@ut.ee<\/p>\n\n\n\n<p><strong>CanSat purksatelliite aitavad lennutada:<\/strong><\/p>\n\n\n\n<figure class=\"wp-block-image aligncenter\"><img loading=\"lazy\" decoding=\"async\" width=\"3000\" height=\"900\" src=\"https:\/\/sisu.ut.ee\/wp-content\/uploads\/sites\/464\/Untitled-21-x-21-cm3.png\" alt=\"\" class=\"wp-image-1907\" srcset=\"https:\/\/sisu.ut.ee\/wp-content\/uploads\/sites\/464\/Untitled-21-x-21-cm3.png 3000w, https:\/\/sisu.ut.ee\/wp-content\/uploads\/sites\/464\/Untitled-21-x-21-cm3-300x90.png 300w, https:\/\/sisu.ut.ee\/wp-content\/uploads\/sites\/464\/Untitled-21-x-21-cm3-1024x307.png 1024w, https:\/\/sisu.ut.ee\/wp-content\/uploads\/sites\/464\/Untitled-21-x-21-cm3-768x230.png 768w, https:\/\/sisu.ut.ee\/wp-content\/uploads\/sites\/464\/Untitled-21-x-21-cm3-1536x461.png 1536w, https:\/\/sisu.ut.ee\/wp-content\/uploads\/sites\/464\/Untitled-21-x-21-cm3-2048x614.png 2048w, https:\/\/sisu.ut.ee\/wp-content\/uploads\/sites\/464\/Untitled-21-x-21-cm3-1920x576.png 1920w\" sizes=\"auto, (max-width: 3000px) 100vw, 3000px\"><\/figure>\n","protected":false},"excerpt":{"rendered":"<p>Euroopa kosmoseagentuuri haridusprogramm ESERO on igal aastal korraldamas CanSat`i ehk purksatelliidi ehitamise \u00fclemaailmset v\u00f5istlust. Eesm\u00e4rgiks on ehitada ja lennutada karastusjoogi purgi suurune satelliit. V\u00f5istlus on suunatud 14-19-aastastele noortele, osalemiseks tule kokku panna 3-6-liikmeline tiim, keda saadab juhendaja. Loe l\u00e4hemalt CanSati &#8230;<\/p>\n","protected":false},"author":241,"featured_media":0,"parent":0,"menu_order":0,"comment_status":"closed","ping_status":"closed","template":"","meta":{"_acf_changed":false,"inline_featured_image":false,"footnotes":""},"class_list":["post-2076","page","type-page","status-publish","hentry"],"acf":[],"_links":{"self":[{"href":"https:\/\/sisu.ut.ee\/esero\/wp-json\/wp\/v2\/pages\/2076","targetHints":{"allow":["GET"]}}],"collection":[{"href":"https:\/\/sisu.ut.ee\/esero\/wp-json\/wp\/v2\/pages"}],"about":[{"href":"https:\/\/sisu.ut.ee\/esero\/wp-json\/wp\/v2\/types\/page"}],"author":[{"embeddable":true,"href":"https:\/\/sisu.ut.ee\/esero\/wp-json\/wp\/v2\/users\/241"}],"replies":[{"embeddable":true,"href":"https:\/\/sisu.ut.ee\/esero\/wp-json\/wp\/v2\/comments?post=2076"}],"version-history":[{"count":7,"href":"https:\/\/sisu.ut.ee\/esero\/wp-json\/wp\/v2\/pages\/2076\/revisions"}],"predecessor-version":[{"id":3435,"href":"https:\/\/sisu.ut.ee\/esero\/wp-json\/wp\/v2\/pages\/2076\/revisions\/3435"}],"wp:attachment":[{"href":"https:\/\/sisu.ut.ee\/esero\/wp-json\/wp\/v2\/media?parent=2076"}],"curies":[{"name":"wp","href":"https:\/\/api.w.org\/{rel}","templated":true}]}}