{"id":20,"date":"2024-04-04T06:47:02","date_gmt":"2024-04-04T03:47:02","guid":{"rendered":"https:\/\/sisu.ut.ee\/esero\/oppematerjalid-0\/"},"modified":"2024-06-21T13:30:33","modified_gmt":"2024-06-21T10:30:33","slug":"oppematerjalid-0","status":"publish","type":"page","link":"https:\/\/sisu.ut.ee\/esero\/oppematerjalid-0\/","title":{"rendered":"\u00d5ppematerjalid"},"content":{"rendered":"<p><strong><span style=\"color: #0098db;\">Tutvume arduinoga<\/span><\/strong><\/p>\n<p><img loading=\"lazy\" decoding=\"async\" width=\"636\" height=\"451\" class=\"alignnone wp-image-106\" style=\"width: 200px; height: 142px; float: right;\" title=\"arduino_pilt.png\" src=\"https:\/\/sisu.ut.ee\/wp-content\/uploads\/sites\/464\/arduino_pilt.png\" alt=\"Arduino_pilt\" srcset=\"https:\/\/sisu.ut.ee\/wp-content\/uploads\/sites\/464\/arduino_pilt.png 636w, https:\/\/sisu.ut.ee\/wp-content\/uploads\/sites\/464\/arduino_pilt-300x213.png 300w\" sizes=\"auto, (max-width: 636px) 100vw, 636px\">\u00d5pilased \u00f5pivad kasutama tehnoloogiaid, mis on kasutusel kosmoses l\u00e4bi Arduino seadme. Nad ehitavad vooluringe, mille abil valgusdioode vilkuma panna ning temperatuuri, r\u00f5hku ja k\u00f5rgust m\u00f5\u00f5ta. \u00d5pilased tutvuvad programmeerimise algt\u00f5dedega C++ keeles Arduino IDE (integreeritud arenduskeskkond) tarkvara abil. K\u00e4esolevad tegevused on heaks l\u00e4htepunktiks, et tulevikus osaleda CanSat v\u00f5istlusel<\/p>\n<p><strong><a href=\"https:\/\/sisu.ut.ee\/wp-content\/uploads\/sites\/464\/arduino.pdf\" data-fid=\"60332\">Laadi \u00f5ppematerjal alla<\/a><\/strong><\/p>\n<p><strong><span style=\"color: #0098db;\">CanSati ehitamisega alustamine: p\u00f5himissiooni juhend<\/span><\/strong><\/p>\n<p><img loading=\"lazy\" decoding=\"async\" width=\"859\" height=\"596\" class=\"alignnone wp-image-107\" style=\"width: 185px; height: 128px; float: right;\" title=\"cansati_ehitamisega_alustamine.jpg\" src=\"https:\/\/sisu.ut.ee\/wp-content\/uploads\/sites\/464\/cansati_ehitamisega_alustamine.jpg\" alt=\"cansati_ehitamisega_alustamine\" srcset=\"https:\/\/sisu.ut.ee\/wp-content\/uploads\/sites\/464\/cansati_ehitamisega_alustamine.jpg 859w, https:\/\/sisu.ut.ee\/wp-content\/uploads\/sites\/464\/cansati_ehitamisega_alustamine-300x208.jpg 300w, https:\/\/sisu.ut.ee\/wp-content\/uploads\/sites\/464\/cansati_ehitamisega_alustamine-768x533.jpg 768w\" sizes=\"auto, (max-width: 859px) 100vw, 859px\">See moodul kirjeldab CanSati p\u00f5himissiooni peamiseid tunnuseid. P\u00f5himissioonil peavad meeskonnad m\u00f5\u00f5tma temperatuuri ja r\u00f5hku ning edastama andmed oma maajaama. \u00d5pilased saavad teada, kuidas erinevad andurid, mida nad saavad kasutada teineteisest erinevad ja millised v\u00e4ljakutsed neid p\u00f5himissiooni l\u00e4biviimisel ees ootavad. Moodul on v\u00e4lja t\u00f6\u00f6tatud koosk\u00f5las erinevate juhenditega, et toetada kogu CanSati missiooni.<\/p>\n<p><strong><a href=\"https:\/\/sisu.ut.ee\/wp-content\/uploads\/sites\/464\/cansati_ehitamisega_alustamine.pdf\" data-fid=\"71004\">Laadi \u00f5ppematerjal alla<\/a><\/strong><\/p>\n<p><strong><span style=\"color: #0098db;\">Kujundage oma langevari: juhend CanSati ohutuks maandumiseks<\/span><\/strong><\/p>\n<p><img loading=\"lazy\" decoding=\"async\" width=\"921\" height=\"668\" class=\"alignnone wp-image-108\" style=\"width: 185px; height: 134px; float: right;\" title=\"cansati_ohutuks_maandumiseks.jpg\" src=\"https:\/\/sisu.ut.ee\/wp-content\/uploads\/sites\/464\/cansati_ohutuks_maandumiseks.jpg\" alt=\"cansati_ohutuks_maandumiseks\" srcset=\"https:\/\/sisu.ut.ee\/wp-content\/uploads\/sites\/464\/cansati_ohutuks_maandumiseks.jpg 921w, https:\/\/sisu.ut.ee\/wp-content\/uploads\/sites\/464\/cansati_ohutuks_maandumiseks-300x218.jpg 300w, https:\/\/sisu.ut.ee\/wp-content\/uploads\/sites\/464\/cansati_ohutuks_maandumiseks-768x557.jpg 768w\" sizes=\"auto, (max-width: 921px) 100vw, 921px\">See juhend annab \u00f5pilastele l\u00fchikese \u00fclevaate erinevatest olemasolevatest v\u00f5imalustest CanSati langevarju ehitamiseks. \u00d5pilased \u00f5pivad tundma langevarjude p\u00f5hif\u00fc\u00fcsikat ja nende disaini ning kuidas oma CanSati kiirust kontrollida.<\/p>\n<p><strong><a href=\"https:\/\/sisu.ut.ee\/wp-content\/uploads\/sites\/464\/kujundage_oma_langevari.pdf\" data-fid=\"71318\">Laadi \u00f5ppematerjal alla<\/a><\/strong><\/p>\n<p><span style=\"color: #0098db;\"><strong>Raadio teel suhtlemine. Maajaama ja CanSati vaheline suhtlus.<\/strong><\/span><\/p>\n<p><img loading=\"lazy\" decoding=\"async\" class=\"wp-image-931 alignright\" src=\"https:\/\/sisu.ut.ee\/wp-content\/uploads\/sites\/464\/Raadio-teel-suhtlemine-300x296.jpg\" alt=\"\" width=\"157\" height=\"155\" srcset=\"https:\/\/sisu.ut.ee\/wp-content\/uploads\/sites\/464\/Raadio-teel-suhtlemine-300x296.jpg 300w, https:\/\/sisu.ut.ee\/wp-content\/uploads\/sites\/464\/Raadio-teel-suhtlemine-768x757.jpg 768w, https:\/\/sisu.ut.ee\/wp-content\/uploads\/sites\/464\/Raadio-teel-suhtlemine.jpg 872w\" sizes=\"auto, (max-width: 157px) 100vw, 157px\">Selles tegevuste plokis Selleks, et m\u00f5ista, kuidas appeased seadmed nagu mobiiltelefonid, ruuterid ja satelliidid, t\u00f6\u00f6tavad, peame m\u00f5istma, mis on raadiolained ja kuidas nende abil teavet edastada. Raadioside on meie CanSati \u00fcks t\u00e4htsamaid elemente. K\u00f5ik meie teadusliku eksperimendi jaoks vajalikud andmed saadetakse CanSatilt meie maajaama raadiolainete kaudu, kui CanSat on \u00fcles lennutatud.<\/p>\n<p><span style=\"color: #0098db;\"><strong><a href=\"https:\/\/sisu.ut.ee\/wp-content\/uploads\/sites\/464\/T11_Raadio_teel_suhtlemine.pdf\">Laadi \u00f5ppematerjal alla<\/a><\/strong><\/span><\/p>\n","protected":false},"excerpt":{"rendered":"<p>Tutvume arduinoga \u00d5pilased \u00f5pivad kasutama tehnoloogiaid, mis on kasutusel kosmoses l\u00e4bi Arduino seadme. Nad ehitavad vooluringe, mille abil valgusdioode vilkuma panna ning temperatuuri, r\u00f5hku ja k\u00f5rgust m\u00f5\u00f5ta. \u00d5pilased tutvuvad programmeerimise algt\u00f5dedega C++ keeles Arduino IDE (integreeritud arenduskeskkond) tarkvara abil. K\u00e4esolevad &#8230;<\/p>\n","protected":false},"author":241,"featured_media":0,"parent":0,"menu_order":0,"comment_status":"closed","ping_status":"closed","template":"","meta":{"_acf_changed":false,"inline_featured_image":false,"footnotes":""},"class_list":["post-20","page","type-page","status-publish","hentry"],"acf":[],"_links":{"self":[{"href":"https:\/\/sisu.ut.ee\/esero\/wp-json\/wp\/v2\/pages\/20","targetHints":{"allow":["GET"]}}],"collection":[{"href":"https:\/\/sisu.ut.ee\/esero\/wp-json\/wp\/v2\/pages"}],"about":[{"href":"https:\/\/sisu.ut.ee\/esero\/wp-json\/wp\/v2\/types\/page"}],"author":[{"embeddable":true,"href":"https:\/\/sisu.ut.ee\/esero\/wp-json\/wp\/v2\/users\/241"}],"replies":[{"embeddable":true,"href":"https:\/\/sisu.ut.ee\/esero\/wp-json\/wp\/v2\/comments?post=20"}],"version-history":[{"count":4,"href":"https:\/\/sisu.ut.ee\/esero\/wp-json\/wp\/v2\/pages\/20\/revisions"}],"predecessor-version":[{"id":934,"href":"https:\/\/sisu.ut.ee\/esero\/wp-json\/wp\/v2\/pages\/20\/revisions\/934"}],"wp:attachment":[{"href":"https:\/\/sisu.ut.ee\/esero\/wp-json\/wp\/v2\/media?parent=20"}],"curies":[{"name":"wp","href":"https:\/\/api.w.org\/{rel}","templated":true}]}}