{"id":19,"date":"2024-04-04T06:47:02","date_gmt":"2024-04-04T03:47:02","guid":{"rendered":"https:\/\/sisu.ut.ee\/esero\/oppematerjalid-2\/"},"modified":"2024-07-30T11:46:20","modified_gmt":"2024-07-30T08:46:20","slug":"oppematerjalid-2","status":"publish","type":"page","link":"https:\/\/sisu.ut.ee\/esero\/oppematerjalid-2\/","title":{"rendered":"\u00d5ppematerjalid"},"content":{"rendered":"<p>\n\t<img loading=\"lazy\" decoding=\"async\" width=\"917\" height=\"774\" class=\"alignnone wp-image-105\" style=\"width: 180px;height: 152px;float: right\" src=\"https:\/\/sisu.ut.ee\/wp-content\/uploads\/sites\/464\/infrapuna.png\" title=\"infrapuna.png\" alt=\"infrapuna\" srcset=\"https:\/\/sisu.ut.ee\/wp-content\/uploads\/sites\/464\/infrapuna.png 917w, https:\/\/sisu.ut.ee\/wp-content\/uploads\/sites\/464\/infrapuna-300x253.png 300w, https:\/\/sisu.ut.ee\/wp-content\/uploads\/sites\/464\/infrapuna-768x648.png 768w\" sizes=\"auto, (max-width: 917px) 100vw, 917px\">\n<\/p>\n<p>\n\t<span style=\"font-size:16px\"><span style=\"font-family:Verdana,Geneva,sans-serif\"><strong><span style=\"color:#0098db\">Infrapuna veebikaamera h\u00e4kkimine<\/span><\/strong><\/span><\/span>\n<\/p>\n<p>\n\t\u00d5ppematerjali tegevused aitavad \u00f5pilastel tundma \u00f5ppida elektromagnet-spektrit ja vaadelda odava muudetud veebikaamera abil infrapunakiirgust. See annab hea aluse arutlemiseks, kuidas kasutada infrapunakiirgust teabe saamiseks, mis ei ole k\u00e4ttesaadav n\u00e4htava valguse abil. \u00d5pilased anal\u00fc\u00fcsivad ka satelliidipilte, mis aitab neil m\u00f5ista, miks on kasulik infrapuna spektrialas \u201en\u00e4ha\u201c.\n<\/p>\n<p>\n\t<strong><a data-fid=\"77648\" href=\"https:\/\/sisu.ut.ee\/wp-content\/uploads\/sites\/464\/p15_infrapuna_veebikaamera_hakkimine.pdf\">Laadi \u00f5ppematerjal alla<\/a><\/strong><\/p>\n","protected":false},"excerpt":{"rendered":"<p>Infrapuna veebikaamera h\u00e4kkimine \u00d5ppematerjali tegevused aitavad \u00f5pilastel tundma \u00f5ppida elektromagnet-spektrit ja vaadelda odava muudetud veebikaamera abil infrapunakiirgust. See annab hea aluse arutlemiseks, kuidas kasutada infrapunakiirgust teabe saamiseks, mis ei ole k\u00e4ttesaadav n\u00e4htava valguse abil. \u00d5pilased anal\u00fc\u00fcsivad ka satelliidipilte, mis aitab &#8230;<\/p>\n","protected":false},"author":241,"featured_media":986,"parent":0,"menu_order":0,"comment_status":"closed","ping_status":"closed","template":"","meta":{"_acf_changed":false,"inline_featured_image":false,"footnotes":""},"class_list":["post-19","page","type-page","status-publish","has-post-thumbnail","hentry"],"acf":[],"_links":{"self":[{"href":"https:\/\/sisu.ut.ee\/esero\/wp-json\/wp\/v2\/pages\/19","targetHints":{"allow":["GET"]}}],"collection":[{"href":"https:\/\/sisu.ut.ee\/esero\/wp-json\/wp\/v2\/pages"}],"about":[{"href":"https:\/\/sisu.ut.ee\/esero\/wp-json\/wp\/v2\/types\/page"}],"author":[{"embeddable":true,"href":"https:\/\/sisu.ut.ee\/esero\/wp-json\/wp\/v2\/users\/241"}],"replies":[{"embeddable":true,"href":"https:\/\/sisu.ut.ee\/esero\/wp-json\/wp\/v2\/comments?post=19"}],"version-history":[{"count":3,"href":"https:\/\/sisu.ut.ee\/esero\/wp-json\/wp\/v2\/pages\/19\/revisions"}],"predecessor-version":[{"id":699,"href":"https:\/\/sisu.ut.ee\/esero\/wp-json\/wp\/v2\/pages\/19\/revisions\/699"}],"wp:featuredmedia":[{"embeddable":true,"href":"https:\/\/sisu.ut.ee\/esero\/wp-json\/wp\/v2\/media\/986"}],"wp:attachment":[{"href":"https:\/\/sisu.ut.ee\/esero\/wp-json\/wp\/v2\/media?parent=19"}],"curies":[{"name":"wp","href":"https:\/\/api.w.org\/{rel}","templated":true}]}}