{"id":1836,"date":"2025-03-30T18:17:03","date_gmt":"2025-03-30T15:17:03","guid":{"rendered":"https:\/\/sisu.ut.ee\/esero\/?page_id=1836"},"modified":"2025-10-29T14:53:52","modified_gmt":"2025-10-29T12:53:52","slug":"mission-x-treeni-nagu-astronaut-hooaja-lopuuritus","status":"publish","type":"page","link":"https:\/\/sisu.ut.ee\/esero\/mission-x-treeni-nagu-astronaut-hooaja-lopuuritus\/","title":{"rendered":"Mission X: treeni nagu astronaut hooaja l\u00f5pu\u00fcritus"},"content":{"rendered":"<p data-wp-editing=\"1\"><strong><img loading=\"lazy\" decoding=\"async\" class=\"alignright wp-image-2015 \" src=\"https:\/\/sisu.ut.ee\/wp-content\/uploads\/sites\/464\/DSC6708.png\" alt=\"\" width=\"473\" height=\"316\" srcset=\"https:\/\/sisu.ut.ee\/wp-content\/uploads\/sites\/464\/DSC6708.png 4000w, https:\/\/sisu.ut.ee\/wp-content\/uploads\/sites\/464\/DSC6708-300x200.png 300w, https:\/\/sisu.ut.ee\/wp-content\/uploads\/sites\/464\/DSC6708-1024x683.png 1024w, https:\/\/sisu.ut.ee\/wp-content\/uploads\/sites\/464\/DSC6708-768x512.png 768w, https:\/\/sisu.ut.ee\/wp-content\/uploads\/sites\/464\/DSC6708-1536x1024.png 1536w, https:\/\/sisu.ut.ee\/wp-content\/uploads\/sites\/464\/DSC6708-2048x1366.png 2048w, https:\/\/sisu.ut.ee\/wp-content\/uploads\/sites\/464\/DSC6708-1920x1280.png 1920w\" sizes=\"auto, (max-width: 473px) 100vw, 473px\">MISSION X: treeni nagu astronaut<\/strong>\u00a0on kosmoseteadlaste, fitness-spetsialistide ja astronautide poolt kuni\u00a0<strong>14-aastastele<\/strong>\u00a0noortele loodud rahvusvaheline haridusprogramm. \u00dcleskutse tegevustes osaledes areneb \u00f5pilastes: teaduslik\u00a0 m\u00f5tteviis, koost\u00f6\u00f6oskus, keha\u00a0 vastupidavus, koordinatsioon, tasakaal ja ruumitaju. Lisaks selgitatakse tervisliku toitumise ja liikumise olulisust nii astronautide kui ka meie igap\u00e4evaelus. L\u00e4hemalt saan \u00fcleskutse kohta lugeda <a href=\"https:\/\/esero.ee\/missioon-x-treeni-nagu-astronaut\/\">siit<\/a>.<\/p>\n<p>2024\/2025 aasta hooajal v\u00f5tsid Eesti koolinoored ja lasteaia mudilased Mission X \u00fcleskutsest v\u00e4ga agaralt osa. Suutsime sammusmiste tabelis j\u00f5uda Euroopa parimate hulka. Seoses sellega otsustasime hooaja l\u00f5ppu t\u00e4histada veidi suurejoonelisema \u00fcritusega. <strong>3. aprillil <\/strong>kutsusimegi 180 algklasside \u00f5pilast \u00fcle Eesti T\u00f5raverre, et koos t\u00e4histada v\u00f5idukat hooaja l\u00f5ppu, lustida koos ning tutvuda ka T\u00dc Tartu observatooriumi tegevustega. Ehk on m\u00f5ni nendest nutikatest laste tulevikus meisterdamas tulevikutehnoloogiat observatooriumi laborites, uurimas kaugeid galaktikaid v\u00f5i hoopis j\u00e4lgimas satelliitide abil meie metsade ja p\u00f5ldude tervist.<\/p>\n<p><strong><span style=\"color: #0098db;\">\u00dcrituse p\u00e4evakava:<\/span><\/strong><\/p>\n<table class=\"table table-hover\">\n<tbody>\n<tr>\n<td width=\"123\">9:45 \u2013 10:00<\/td>\n<td width=\"284\">Saabumine ja registreerimine<\/td>\n<\/tr>\n<tr>\n<td width=\"123\">10:00 \u2013 10:30<\/td>\n<td width=\"284\">Avas\u00f5nad ja p\u00e4evakava tutvustus<\/td>\n<\/tr>\n<tr>\n<td width=\"123\">10:30 \u2013 11:30<\/td>\n<td width=\"284\">Erinevad tegevused gruppides<\/td>\n<\/tr>\n<tr>\n<td width=\"123\">11:30 \u2013 12:00<\/td>\n<td width=\"284\">Kerge eine ja j\u00e4\u00e4tisega maiustamine<\/td>\n<\/tr>\n<tr>\n<td width=\"123\">12:00 \u2013 12:45<\/td>\n<td width=\"284\">AHHAA teadusteater<\/td>\n<\/tr>\n<tr>\n<td width=\"123\">12:45 \u2013 13:00<\/td>\n<td width=\"284\">Meenete jagamine ja pildistamine<\/td>\n<\/tr>\n<tr>\n<td width=\"123\">13:00 \u2013 14:00<\/td>\n<td width=\"284\">Erinevad tegevused gruppides<\/td>\n<\/tr>\n<tr>\n<td width=\"123\">14:00<\/td>\n<td width=\"284\">P\u00e4eva l\u00f5petamine<\/td>\n<\/tr>\n<\/tbody>\n<\/table>\n<p><strong><span style=\"color: #0098db;\"><br>\n\u00dcrituse kajastus:<br>\n<\/span><\/strong>Mission X: treeni nagu astronaut l\u00f5pu\u00fcritust kajastasid osalenud koolid oma sotiaalmeediaplatvormidel ja kodulehtedel. Kohal k\u00e4is ka reporter TV3 uudistekanalist ning allpool on ka link antud uudistel\u00f5igule.<\/p>\n<p><a href=\"https:\/\/www.youtube.com\/watch?v=Y8deQQo6oK8&amp;t=18s\" target=\"_blank\" rel=\"noopener\">TV3 uudistel\u00f5ik<\/a><br>\n<a href=\"https:\/\/www.valgapk.edu.ee\/uldinfo\/uudised\/uudised-202425\/uudis\/2025\/04\/07\/missioon-x--treeni-nagu-astronaut\/\" target=\"_blank\" rel=\"noopener\">Valga P\u00f5hikooli kodulehe uudislugu<\/a><br>\n<a href=\"https:\/\/nooruse.edu.ee\/meridiaan\/?s=7304\" target=\"_blank\" rel=\"noopener\">Kuressaare Nooruse Kooli ajalehe Nooruse Meridiaan artikkel<\/a><\/p>\n<p><a href=\"https:\/\/sisu.ut.ee\/esero\/mission-x-treeni-nagu-astronaut-2025-lopuurituse-pildigalerii\/\"><strong>Vaata ka vahvat pildigaleriid meie \u00fcritusest!<\/strong><\/a><\/p>\n","protected":false},"excerpt":{"rendered":"<p>MISSION X: treeni nagu astronaut\u00a0on kosmoseteadlaste, fitness-spetsialistide ja astronautide poolt kuni\u00a014-aastastele\u00a0noortele loodud rahvusvaheline haridusprogramm. \u00dcleskutse tegevustes osaledes areneb \u00f5pilastes: teaduslik\u00a0 m\u00f5tteviis, koost\u00f6\u00f6oskus, keha\u00a0 vastupidavus, koordinatsioon, tasakaal ja ruumitaju. Lisaks selgitatakse tervisliku toitumise ja liikumise olulisust nii astronautide kui ka meie &#8230;<\/p>\n","protected":false},"author":241,"featured_media":0,"parent":0,"menu_order":0,"comment_status":"closed","ping_status":"closed","template":"","meta":{"_acf_changed":false,"inline_featured_image":false,"footnotes":""},"class_list":["post-1836","page","type-page","status-publish","hentry"],"acf":[],"_links":{"self":[{"href":"https:\/\/sisu.ut.ee\/esero\/wp-json\/wp\/v2\/pages\/1836","targetHints":{"allow":["GET"]}}],"collection":[{"href":"https:\/\/sisu.ut.ee\/esero\/wp-json\/wp\/v2\/pages"}],"about":[{"href":"https:\/\/sisu.ut.ee\/esero\/wp-json\/wp\/v2\/types\/page"}],"author":[{"embeddable":true,"href":"https:\/\/sisu.ut.ee\/esero\/wp-json\/wp\/v2\/users\/241"}],"replies":[{"embeddable":true,"href":"https:\/\/sisu.ut.ee\/esero\/wp-json\/wp\/v2\/comments?post=1836"}],"version-history":[{"count":13,"href":"https:\/\/sisu.ut.ee\/esero\/wp-json\/wp\/v2\/pages\/1836\/revisions"}],"predecessor-version":[{"id":2682,"href":"https:\/\/sisu.ut.ee\/esero\/wp-json\/wp\/v2\/pages\/1836\/revisions\/2682"}],"wp:attachment":[{"href":"https:\/\/sisu.ut.ee\/esero\/wp-json\/wp\/v2\/media?parent=1836"}],"curies":[{"name":"wp","href":"https:\/\/api.w.org\/{rel}","templated":true}]}}