{"id":1832,"date":"2025-03-28T15:01:35","date_gmt":"2025-03-28T13:01:35","guid":{"rendered":"https:\/\/sisu.ut.ee\/esero\/?page_id=1832"},"modified":"2025-10-16T14:01:37","modified_gmt":"2025-10-16T11:01:37","slug":"cansat-eest-lopp-voistlus","status":"publish","type":"page","link":"https:\/\/sisu.ut.ee\/esero\/cansat-eest-lopp-voistlus\/","title":{"rendered":"CanSat Estonia l\u00f5ppv\u00f5istlus 2025"},"content":{"rendered":"<p><strong><img loading=\"lazy\" decoding=\"async\" class=\"alignright wp-image-1662 \" src=\"https:\/\/sisu.ut.ee\/wp-content\/uploads\/sites\/464\/3_National_competitions_1.2.png\" alt=\"\" width=\"283\" height=\"243\" srcset=\"https:\/\/sisu.ut.ee\/wp-content\/uploads\/sites\/464\/3_National_competitions_1.2.png 2297w, https:\/\/sisu.ut.ee\/wp-content\/uploads\/sites\/464\/3_National_competitions_1.2-300x257.png 300w, https:\/\/sisu.ut.ee\/wp-content\/uploads\/sites\/464\/3_National_competitions_1.2-1024x879.png 1024w, https:\/\/sisu.ut.ee\/wp-content\/uploads\/sites\/464\/3_National_competitions_1.2-768x659.png 768w, https:\/\/sisu.ut.ee\/wp-content\/uploads\/sites\/464\/3_National_competitions_1.2-1536x1318.png 1536w, https:\/\/sisu.ut.ee\/wp-content\/uploads\/sites\/464\/3_National_competitions_1.2-2048x1757.png 2048w, https:\/\/sisu.ut.ee\/wp-content\/uploads\/sites\/464\/3_National_competitions_1.2-1920x1648.png 1920w\" sizes=\"auto, (max-width: 283px) 100vw, 283px\"><\/strong><\/p>\n<p style=\"text-align: justify; background: white; margin: 0cm 0cm 18.0pt 0cm;\"><strong><span style=\"font-family: Rubik; color: #4b4b4b;\">CanSati \u00fcleskutse<\/span><\/strong><span style=\"font-family: Rubik; color: #4b4b4b;\">\u00a0on purksatelliidi ehitamise ja lennutamise v\u00f5istlus,\u00a0kus\u00a0saavad osaleda\u00a0<strong style=\"box-sizing: border-box;\"><span style=\"font-family: Rubik;\">14\u201419-aastased<\/span><\/strong>\u00a0noored 3\u20146-liikmelise tiimina. V\u00f5istkonna \u00fclesandeks on ehitada ja lennutada purksatelliit \u2013 CanSat. See pisike satelliit simuleerib p\u00e4ris satelliiti, olles mahu ja kuju poolest sama suur kui karastusjoogi purk. T\u00e4psemalt saad CanSati kohta lugeda\u00a0<a style=\"box-sizing: border-box; transition: color 0.2s ease-in-out;\" href=\"https:\/\/esero.ee\/cansat\/\"><span style=\"color: #1976d2; text-decoration: none; text-underline: none;\">siit<\/span><\/a>.<\/span><\/p>\n<p>Septembrist alates olid tublid koolinoorte meeskonnad \u00fcle Eesti usinalt valmistanud, testinud ja kokku pannud oma purksatelliite. Pika ja p\u00fchendunud t\u00f6\u00f6 tulemus kulmineerus <strong>24. aprillil Tallinna Teletornis<\/strong> toimunud suurejoonelisel <strong>CanSat Estonia 2025 l\u00f5ppv\u00f5istlusel<\/strong>, kus selgitati v\u00e4lja Eesti parimad purksatelliidi ehitajad ja lennutajad. ESERO Eesti ja T\u00dc Tartu observatooriumi korraldatud s\u00fcndmusel valitses t\u00f5eline teadus- ja tehnikahuviline melu. V\u00f5istkondade omavalmistatud minisatelliidid lennutati alla Tallinna Teletorni 170 meetri k\u00f5rguselt platvormilt. Oma lennu kestel t\u00e4itsid k\u00f5ik purksateliidid erinevaid teaduslikke missioone, mille taga peitus noorte nutikus, tehniline taip ja meeskonnat\u00f6\u00f6.<\/p>\n<p><strong><br>\n<span style=\"color: #0098db;\">24. aprilli P\u00c4EVAKAVA:<\/span><\/strong><\/p>\n<table class=\"table table-hover\" style=\"height: 243px;\" width=\"456\">\n<tbody>\n<tr>\n<td width=\"129\">08:30 \u2013 09:00<\/td>\n<td width=\"306\">Saabumine\u00a0Tallinna Teletornis<\/td>\n<\/tr>\n<tr>\n<td width=\"129\">09:00 \u2013 09:15<\/td>\n<td>P\u00e4eva avamine ja p\u00e4evakava tutvustus<\/td>\n<\/tr>\n<tr>\n<td width=\"129\">09:15 \u2013 10:30<\/td>\n<td>CanSat\u2019ide ettevalmistamine ja turvakontroll<\/td>\n<\/tr>\n<tr>\n<td width=\"129\">10:30 \u2013 12:00<\/td>\n<td>Satelliitide lennutamine<\/td>\n<\/tr>\n<tr>\n<td width=\"129\">12:00 \u2013 13:00<\/td>\n<td>L\u00f5unapaus<\/td>\n<\/tr>\n<tr>\n<td width=\"129\">13:00 \u2013 14:00<\/td>\n<td>Ettekannete ja raportite viimistlemine<\/td>\n<\/tr>\n<tr>\n<td width=\"129\">14:00 \u2013 15:00<\/td>\n<td>V\u00f5istkondade esitlused<\/td>\n<\/tr>\n<tr>\n<td width=\"129\">15:00 \u2013 15:15<\/td>\n<td>V\u00e4ike paus<\/td>\n<\/tr>\n<tr>\n<td width=\"129\">15:15 \u2013 15:30<\/td>\n<td>Tudengisatelliidi tutvustus<\/td>\n<\/tr>\n<tr>\n<td width=\"129\">15:30 \u2013 15:45<\/td>\n<td>KuuPkulguri tutvustus<\/td>\n<\/tr>\n<tr>\n<td width=\"129\">15:45 \u2013 16:00<\/td>\n<td>Auhinnatseremoonia<\/td>\n<\/tr>\n<tr>\n<td>16:00<\/td>\n<td>\u00dcrituse l\u00f5pp ja kohvilaud<\/td>\n<\/tr>\n<\/tbody>\n<\/table>\n<figure id=\"attachment_1921\" aria-describedby=\"caption-attachment-1921\" style=\"width: 364px\" class=\"wp-caption alignright\"><img loading=\"lazy\" decoding=\"async\" class=\"wp-image-1921\" src=\"https:\/\/sisu.ut.ee\/wp-content\/uploads\/sites\/464\/DSC8411-scaled.jpg\" alt=\"\" width=\"364\" height=\"242\" srcset=\"https:\/\/sisu.ut.ee\/wp-content\/uploads\/sites\/464\/DSC8411-scaled.jpg 2560w, https:\/\/sisu.ut.ee\/wp-content\/uploads\/sites\/464\/DSC8411-300x200.jpg 300w, https:\/\/sisu.ut.ee\/wp-content\/uploads\/sites\/464\/DSC8411-1024x683.jpg 1024w, https:\/\/sisu.ut.ee\/wp-content\/uploads\/sites\/464\/DSC8411-768x512.jpg 768w, https:\/\/sisu.ut.ee\/wp-content\/uploads\/sites\/464\/DSC8411-1536x1024.jpg 1536w, https:\/\/sisu.ut.ee\/wp-content\/uploads\/sites\/464\/DSC8411-2048x1365.jpg 2048w, https:\/\/sisu.ut.ee\/wp-content\/uploads\/sites\/464\/DSC8411-1920x1280.jpg 1920w\" sizes=\"auto, (max-width: 364px) 100vw, 364px\"><figcaption id=\"caption-attachment-1921\" class=\"wp-caption-text\">CanSat Estonia l\u00f5ppv\u00f5istluse 2025 v\u00f5itjameeskond N\u00f5mme.<\/figcaption><\/figure>\n<p><strong><span style=\"color: #0098db;\">Osalejad ja auhinnad:<\/span><\/strong><\/p>\n<p>CanSat Estonia 2025\u00a0 l\u00f5ppv\u00f5istlusel osales \u00fcle Eesti kokku <strong>seitse<\/strong> erinevat v\u00f5istkonda.<strong> Peaauhinna<\/strong> viis koju v\u00f5istkond <strong>N\u00f5mme<\/strong> Tallinna N\u00f5mme G\u00fcmnaasiumist (juhendaja <strong>Erkki Piisang<\/strong>). Nende muljetavaldav esitus ja insenertehniline lahendus t\u00f5i neile auhinnaks reisi koos juhendajaga <strong>Euroopa Kosmoseagentuuri ESTECi keskusesse Hollandis<\/strong>.<\/p>\n<p>Eriauhinnad jagunesid j\u00e4rgmiselt:<\/p>\n<ul>\n<li><strong>K\u00f5ige professionaalsema meeskonna<\/strong> tiitli p\u00e4lvis <strong>Kvanttikala<\/strong> Tallinna Soome Koolist (juhendaja <strong>Markku Leino<\/strong>).<\/li>\n<li><strong>Parima teavitustegevuse auhinna<\/strong>, <strong>KuupKulguri ja Eesti Tudengisatelliidi eriauhinna<\/strong> ning tiitli <strong>T\u00f5usev T\u00e4ht 2025<\/strong> sai meeskond <strong>TERAkesed<\/strong> TERA Peedu Koolist (juhendaja <strong>Anneli Armus-Juhkam<\/strong>).<\/li>\n<li><strong>Parima tehnilise saavutuse<\/strong> eest tunnustati meeskonda <strong>KJGLendurid<\/strong> Kohtla-J\u00e4rve G\u00fcmnaasiumist (juhendaja <strong>Sergei Pavlov<\/strong>).<\/li>\n<li><strong>V\u00e4ljapaistvaima teadusliku missiooni<\/strong> auhinna viis koju v\u00f5istkond <strong>SkyNERG<\/strong> Narva Eesti G\u00fcmnaasiumist (juhendaja <strong>Natalja Kurling<\/strong>).<\/li>\n<li><strong>Eesti Inseneride Liidu eriauhinna<\/strong> ja ettev\u00f5tte <strong>Spacedrip<\/strong> k\u00fclastuse v\u00f5itsid v\u00f5istkonnad <strong>A5<\/strong> Tsirguliina Koolist (juhendaja <strong>Tiivi R\u00fc\u00fctel<\/strong>) ja <strong>TG<\/strong> T\u00f5rva G\u00fcmnaasiumist (juhendajad <strong>Tiivi R\u00fc\u00fctel<\/strong> ja <strong>Margus Muttik<\/strong>).<\/li>\n<\/ul>\n<p><img loading=\"lazy\" decoding=\"async\" class=\"aligncenter wp-image-1920 \" src=\"https:\/\/sisu.ut.ee\/wp-content\/uploads\/sites\/464\/CanSat2025_Grupipilt.png\" alt=\"\" width=\"846\" height=\"564\" srcset=\"https:\/\/sisu.ut.ee\/wp-content\/uploads\/sites\/464\/CanSat2025_Grupipilt.png 3000w, https:\/\/sisu.ut.ee\/wp-content\/uploads\/sites\/464\/CanSat2025_Grupipilt-300x200.png 300w, https:\/\/sisu.ut.ee\/wp-content\/uploads\/sites\/464\/CanSat2025_Grupipilt-1024x683.png 1024w, https:\/\/sisu.ut.ee\/wp-content\/uploads\/sites\/464\/CanSat2025_Grupipilt-768x512.png 768w, https:\/\/sisu.ut.ee\/wp-content\/uploads\/sites\/464\/CanSat2025_Grupipilt-1536x1024.png 1536w, https:\/\/sisu.ut.ee\/wp-content\/uploads\/sites\/464\/CanSat2025_Grupipilt-2048x1365.png 2048w, https:\/\/sisu.ut.ee\/wp-content\/uploads\/sites\/464\/CanSat2025_Grupipilt-1920x1280.png 1920w\" sizes=\"auto, (max-width: 846px) 100vw, 846px\"><\/p>\n<p>T\u00e4name k\u00f5iki osalenud v\u00f5istkondi \u2013 teie p\u00fchendumus ja kirg kosmose vastu inspireeris nii publikut kui ka korraldajaid. Palju \u00f5nne v\u00f5itjatele ning edu k\u00f5igile tulevikumissioonideks! Suur t\u00e4nu ka k\u00f5igile, kes oma panusega aitasid kaasa v\u00f5istluse \u00f5nnestumisele!<\/p>\n<p>Vaata ka kokkuv\u00f5tvad videot CanSat Estonia 2025 v\u00f5istlusp\u00e4evast. Samuti saad \u00fclevaate v\u00f5istlusp\u00e4eva emotsioonidest meie <a href=\"https:\/\/sisu.ut.ee\/esero\/cansat-estonia-2025-loppvoistluse-pildigalerii\/\" target=\"_blank\" rel=\"noopener\">pildigaleriist<\/a>.<\/p>\n<p><\/p><div class=\"ratio ratio-16x9 mb-3\"><div class=\"video-placeholder-wrapper video-placeholder-wrapper--16x9\">\n\t\t\t    <div class=\"video-placeholder d-flex justify-content-center align-items-center\">\n\t\t\t        <div class=\"overlay text-white p-2 w-100 text-center d-block justify-content-center align-items-center\">\n\t\t\t            <div>Kolmandate osapoolte sisu n\u00e4gemiseks palun n\u00f5ustu k\u00fcpsistega.<\/div>\n\t\t\t            <button class=\"btn btn-secondary btn-sm mt-1 consent-change\">Muuda n\u00f5usolekut<\/button>\n\t\t\t        <\/div>\n\t\t\t    <\/div>\n\t\t\t<\/div>\n<\/div>\n<p><span style=\"color: #0098db;\"><strong>T\u00e4name toetajaid:<\/strong><\/span><\/p>\n<p><img loading=\"lazy\" decoding=\"async\" class=\"alignnone wp-image-1907 size-full\" src=\"https:\/\/sisu.ut.ee\/wp-content\/uploads\/sites\/464\/Untitled-21-x-21-cm3.png\" alt=\"\" width=\"3000\" height=\"900\" srcset=\"https:\/\/sisu.ut.ee\/wp-content\/uploads\/sites\/464\/Untitled-21-x-21-cm3.png 3000w, https:\/\/sisu.ut.ee\/wp-content\/uploads\/sites\/464\/Untitled-21-x-21-cm3-300x90.png 300w, https:\/\/sisu.ut.ee\/wp-content\/uploads\/sites\/464\/Untitled-21-x-21-cm3-1024x307.png 1024w, https:\/\/sisu.ut.ee\/wp-content\/uploads\/sites\/464\/Untitled-21-x-21-cm3-768x230.png 768w, https:\/\/sisu.ut.ee\/wp-content\/uploads\/sites\/464\/Untitled-21-x-21-cm3-1536x461.png 1536w, https:\/\/sisu.ut.ee\/wp-content\/uploads\/sites\/464\/Untitled-21-x-21-cm3-2048x614.png 2048w, https:\/\/sisu.ut.ee\/wp-content\/uploads\/sites\/464\/Untitled-21-x-21-cm3-1920x576.png 1920w\" sizes=\"auto, (max-width: 3000px) 100vw, 3000px\"><\/p>\n<p><span style=\"color: #0098db;\"><strong>CanSat Eesti l\u00f5ppv\u00f5istluse kajastus:<\/strong><\/span><\/p>\n<p>CanSat Eesti l\u00f5ppv\u00f5istlus on leidnud kajastust mitmetes meediakanalites, koolide kodulehtedel ning koost\u00f6\u00f6partnerite kodulehtedel. Allj\u00e4rgnevalt on koondatud valik artikleid ja videomaterjale, mis annavad \u00fclevaate v\u00f5istluse k\u00e4igust, tulemustest ning osalejate kogemustest.<\/p>\n<p><a href=\"https:\/\/www.err.ee\/1609674263\/tallinna-teletorni-otsast-loobiti-teadusvoistluse-raames-alla-purke\" target=\"_blank\" rel=\"noopener\">ERR uudisteportaal<\/a><br>\n<a href=\"https:\/\/jupiter.err.ee\/1609660472\/aktuaalne-kaamera-ilm?t=1849\" target=\"_blank\" rel=\"noopener\">Aktuaalne Kaamera (eesti keeles)<\/a><br>\n<a href=\"https:\/\/jupiterpluss.err.ee\/1609660508\/aktualnaja-kamera?t=1125\" target=\"_blank\" rel=\"noopener\">Aktuaalne Kaamera (vene keeles)<\/a><\/p>\n<p><a href=\"https:\/\/kosmos.ut.ee\/et\/uudis\/tahelepanu-tallinna-teletornist-sajab-satelliite\" target=\"_blank\" rel=\"noopener\">Tartu observatooriumi kodulehe artikkel<\/a><br>\n<a href=\"https:\/\/tng.ee\/tng-on-eesti-parim-cansati-kool\/\" target=\"_blank\" rel=\"noopener\">Tallinna N\u00f5mme G\u00fcmnaasiumi kodulehe uudislugu<\/a><br>\n<a href=\"https:\/\/www.torva.edu.ee\/et\/uudised\/tunnustame-ule-eestilisel-voistlusel-cansat-osalejaid\" target=\"_blank\" rel=\"noopener\">T\u00f5rva G\u00fcmnaasiumi kodulehe uudislugu<\/a><br>\n<a href=\"https:\/\/www.insener.ee\/torva-gumnaasium-ja-tsirguliina-kool-palvisid-eesti-inseneride-liidu-eriauhinna-eesti-cansat-voistlusel\/\" target=\"_blank\" rel=\"noopener\">Eesti Inseneride Liidu kodulehe uudislugu<\/a><\/p>\n","protected":false},"excerpt":{"rendered":"<p>CanSati \u00fcleskutse\u00a0on purksatelliidi ehitamise ja lennutamise v\u00f5istlus,\u00a0kus\u00a0saavad osaleda\u00a014\u201419-aastased\u00a0noored 3\u20146-liikmelise tiimina. V\u00f5istkonna \u00fclesandeks on ehitada ja lennutada purksatelliit \u2013 CanSat. See pisike satelliit simuleerib p\u00e4ris satelliiti, olles mahu ja kuju poolest sama suur kui karastusjoogi purk. T\u00e4psemalt saad CanSati kohta lugeda\u00a0siit. &#8230;<\/p>\n","protected":false},"author":241,"featured_media":0,"parent":0,"menu_order":0,"comment_status":"closed","ping_status":"closed","template":"","meta":{"_acf_changed":false,"inline_featured_image":false,"footnotes":""},"class_list":["post-1832","page","type-page","status-publish","hentry"],"acf":[],"_links":{"self":[{"href":"https:\/\/sisu.ut.ee\/esero\/wp-json\/wp\/v2\/pages\/1832","targetHints":{"allow":["GET"]}}],"collection":[{"href":"https:\/\/sisu.ut.ee\/esero\/wp-json\/wp\/v2\/pages"}],"about":[{"href":"https:\/\/sisu.ut.ee\/esero\/wp-json\/wp\/v2\/types\/page"}],"author":[{"embeddable":true,"href":"https:\/\/sisu.ut.ee\/esero\/wp-json\/wp\/v2\/users\/241"}],"replies":[{"embeddable":true,"href":"https:\/\/sisu.ut.ee\/esero\/wp-json\/wp\/v2\/comments?post=1832"}],"version-history":[{"count":30,"href":"https:\/\/sisu.ut.ee\/esero\/wp-json\/wp\/v2\/pages\/1832\/revisions"}],"predecessor-version":[{"id":2683,"href":"https:\/\/sisu.ut.ee\/esero\/wp-json\/wp\/v2\/pages\/1832\/revisions\/2683"}],"wp:attachment":[{"href":"https:\/\/sisu.ut.ee\/esero\/wp-json\/wp\/v2\/media?parent=1832"}],"curies":[{"name":"wp","href":"https:\/\/api.w.org\/{rel}","templated":true}]}}