{"id":1615,"date":"2025-01-28T12:05:19","date_gmt":"2025-01-28T10:05:19","guid":{"rendered":"https:\/\/sisu.ut.ee\/esero\/?page_id=1615"},"modified":"2026-04-06T14:48:34","modified_gmt":"2026-04-06T11:48:34","slug":"paxi-kunstivoistlus","status":"publish","type":"page","link":"https:\/\/sisu.ut.ee\/esero\/paxi-kunstivoistlus\/","title":{"rendered":"Paxi kunstiv\u00f5istlus"},"content":{"rendered":"<h3><span style=\"color: #0098db;\"><strong>Paxi kunstiv\u00f5istlus\n<p><\/p><\/strong><\/span><\/h3>\n<p data-start=\"53\" data-end=\"409\">H<img loading=\"lazy\" decoding=\"async\" class=\"alignright wp-image-3437 \" src=\"https:\/\/sisu.ut.ee\/wp-content\/uploads\/sites\/464\/Paxi_Space_Gallery_Competition_-_April_-_Space_Weather.jpg\" alt=\"\" width=\"399\" height=\"399\" srcset=\"https:\/\/sisu.ut.ee\/wp-content\/uploads\/sites\/464\/Paxi_Space_Gallery_Competition_-_April_-_Space_Weather.jpg 1080w, https:\/\/sisu.ut.ee\/wp-content\/uploads\/sites\/464\/Paxi_Space_Gallery_Competition_-_April_-_Space_Weather-300x300.jpg 300w, https:\/\/sisu.ut.ee\/wp-content\/uploads\/sites\/464\/Paxi_Space_Gallery_Competition_-_April_-_Space_Weather-1024x1024.jpg 1024w, https:\/\/sisu.ut.ee\/wp-content\/uploads\/sites\/464\/Paxi_Space_Gallery_Competition_-_April_-_Space_Weather-150x150.jpg 150w, https:\/\/sisu.ut.ee\/wp-content\/uploads\/sites\/464\/Paxi_Space_Gallery_Competition_-_April_-_Space_Weather-768x768.jpg 768w\" sizes=\"auto, (max-width: 399px) 100vw, 399px\">ei, kosmoseuurijad!\u00a0 Sel kuul t\u00e4histame \u00fche v\u00e4ga s\u00f5braliku satelliidi \u2013 Smile\u2019i \u2013 starti. See satelliit hakkab uurima p\u00e4ikesetuult. See ei ole tavaline tuul, vaid P\u00e4ikeselt suurel kiirusel liikuv imepisikeste osakeste voog. Seda v\u00f5ib ette kujutada nagu n\u00e4htamatut kosmilist vihma.<\/p>\n<p data-start=\"411\" data-end=\"672\">\u00d5nneks on Maal selle \u201cvihma\u201d vastu olemas hiiglaslik kaitsekilp \u2013 magnetosf\u00e4\u00e4r. Kuid nagu tugeva vihma korral v\u00f5ivad jalad m\u00e4rjaks saada isegi hea vihmavarjuga, nii v\u00f5ivad ka eriti tugeva p\u00e4ikesetuule korral m\u00f5ned osakesed siiski l\u00e4bi Maa magnetkilbi p\u00e4\u00e4seda.<\/p>\n<p data-start=\"674\" data-end=\"725\">Kui see juhtub, v\u00f5ib taevas n\u00e4ha imelisi n\u00e4htusi.<\/p>\n<p data-start=\"727\" data-end=\"986\">P\u00e4ikesetuul toob kaasa suure hulga energiat, mis paneb taeva s\u00e4rama kaunites virmalistes \u2013 nii p\u00f5hja- kui ka l\u00f5unavalguses, mida nimetatakse auroradeks. Samas v\u00f5ivad kosmoseilma n\u00e4htused tugevalt m\u00f5jutada ka tehnoloogiat, mida me Maal igap\u00e4evaselt kasutame.<\/p>\n<p data-start=\"988\" data-end=\"1162\">Smile\u2019i satelliit aitab meil leida vastuseid paljudele k\u00fcsimustele ja annab tervikliku pildi sellest, kuidas Maa kosmoseilmale reageerib. Mida sina arvad, mida Smile n\u00e4eb?<\/p>\n<p data-start=\"1164\" data-end=\"1306\">Kas see uurib virmalisi ja \u201ctantsib\u201d nende keskel? V\u00f5i peidab end Maa kaitsekilbi alla, otsides pisikesi osakesi, mis vihmana l\u00e4bi p\u00e4\u00e4sevad?<\/p>\n<p>Paxi kunstiv\u00f5istluse veebruarikuu teemaks on<strong> KOSMOSEILM.<\/strong><\/p>\n<p>Kunstiteoseks v\u00f5ib olla joonistus, maal, mudel, plakat v\u00f5i hoopis midagi muud \u2013 kasuta julgelt oma kujutlusv\u00f5imet!<\/p>\n<p>V\u00f5istlust\u00f6id on aega saata kuni\u00a0<strong> 30.\u00a0 aprill 2026.<\/strong><\/p>\n<p>Parimad t\u00f6\u00f6d valitakse v\u00e4lja kosmosegaleriisse ja k\u00fcmme parimat saavad Euroopa Kosmoseagentuurilt vahvad auhinnad.<\/p>\n<p>Konkursil saavad osaleda kuni 12-aastased (kaasa arvatud) lapsed. Osaleda v\u00f5ib nii meeskonnaga kui ka \u00fcksinda.<\/p>\n<p><a href=\"https:\/\/www.esa.int\/kids\/en\/things_to_do\/Space_Gallery_Competition\/Current\/Contest_Pixel_Art\" target=\"_blank\" rel=\"noopener\">Rohkem teavet ja t\u00f6\u00f6de \u00fcleslaadimine<\/a><\/p>\n","protected":false},"excerpt":{"rendered":"<p>Paxi kunstiv\u00f5istlus Hei, kosmoseuurijad!\u00a0 Sel kuul t\u00e4histame \u00fche v\u00e4ga s\u00f5braliku satelliidi \u2013 Smile\u2019i \u2013 starti. See satelliit hakkab uurima p\u00e4ikesetuult. See ei ole tavaline tuul, vaid P\u00e4ikeselt suurel kiirusel liikuv imepisikeste osakeste voog. Seda v\u00f5ib ette kujutada nagu n\u00e4htamatut kosmilist &#8230;<\/p>\n","protected":false},"author":241,"featured_media":0,"parent":0,"menu_order":0,"comment_status":"closed","ping_status":"closed","template":"","meta":{"_acf_changed":false,"inline_featured_image":false,"footnotes":""},"class_list":["post-1615","page","type-page","status-publish","hentry"],"acf":[],"_links":{"self":[{"href":"https:\/\/sisu.ut.ee\/esero\/wp-json\/wp\/v2\/pages\/1615","targetHints":{"allow":["GET"]}}],"collection":[{"href":"https:\/\/sisu.ut.ee\/esero\/wp-json\/wp\/v2\/pages"}],"about":[{"href":"https:\/\/sisu.ut.ee\/esero\/wp-json\/wp\/v2\/types\/page"}],"author":[{"embeddable":true,"href":"https:\/\/sisu.ut.ee\/esero\/wp-json\/wp\/v2\/users\/241"}],"replies":[{"embeddable":true,"href":"https:\/\/sisu.ut.ee\/esero\/wp-json\/wp\/v2\/comments?post=1615"}],"version-history":[{"count":26,"href":"https:\/\/sisu.ut.ee\/esero\/wp-json\/wp\/v2\/pages\/1615\/revisions"}],"predecessor-version":[{"id":3440,"href":"https:\/\/sisu.ut.ee\/esero\/wp-json\/wp\/v2\/pages\/1615\/revisions\/3440"}],"wp:attachment":[{"href":"https:\/\/sisu.ut.ee\/esero\/wp-json\/wp\/v2\/media?parent=1615"}],"curies":[{"name":"wp","href":"https:\/\/api.w.org\/{rel}","templated":true}]}}