{"id":16,"date":"2024-04-04T06:47:01","date_gmt":"2024-04-04T03:47:01","guid":{"rendered":"https:\/\/sisu.ut.ee\/esero\/kuuteemalised-oppevideod\/"},"modified":"2025-02-10T15:14:07","modified_gmt":"2025-02-10T13:14:07","slug":"kuuteemalised-oppevideod","status":"publish","type":"page","link":"https:\/\/sisu.ut.ee\/esero\/kuuteemalised-oppevideod\/","title":{"rendered":"Kuuteemalised \u00f5ppevideod"},"content":{"rendered":"<p><em>Sellele lehele on kokku kogutud p\u00f5nevad \u00f5ppevideod, mis annavad huvitavaid teadmisi, kuidas saaks tulevikus elada Kuul ning kuidas sealses keskkonnas toime tulla. K\u00f5ik videod on inglise keeles eestikeelsete subtiitritega. <\/em><\/p>\n<p><strong>Start kosmosesse. H\u00fcvasti Maa, tere tulemast Kuu!<\/strong><\/p>\n<p>Kuidas t\u00e4pselt t\u00f6\u00f6tab raketi mootor? Tutvu erinevate teguritega, mis m\u00f5jutavad kosmoselennukit ja kuidas projekteerida aerod\u00fcnaamiline rakett Kuule lendamiseks.<\/p>\n<p><\/p><div class=\"ratio ratio-16x9 mb-3\"><div class=\"video-placeholder-wrapper video-placeholder-wrapper--16x9\">\n\t\t\t    <div class=\"video-placeholder d-flex justify-content-center align-items-center\">\n\t\t\t        <div class=\"overlay text-white p-2 w-100 text-center d-block justify-content-center align-items-center\">\n\t\t\t            <div>Kolmandate osapoolte sisu n\u00e4gemiseks palun n\u00f5ustu k\u00fcpsistega.<\/div>\n\t\t\t            <button class=\"btn btn-secondary btn-sm mt-1 consent-change\">Muuda n\u00f5usolekut<\/button>\n\t\t\t        <\/div>\n\t\t\t    <\/div>\n\t\t\t<\/div>\n<\/div>\n<p><strong>Kuidas lennata kosmosesse?<\/strong><\/p>\n<p>Kuule lendamine on keeruline asi, eriti kuna sa ei saa lihtsalt otsejoonel lennata. Kuidas saab planeerida oma lennutrajektoori Kuule n\u00e4ed allolevast videost.<\/p>\n<p><strong><div class=\"ratio ratio-16x9 mb-3\"><div class=\"video-placeholder-wrapper video-placeholder-wrapper--16x9\">\n\t\t\t    <div class=\"video-placeholder d-flex justify-content-center align-items-center\">\n\t\t\t        <div class=\"overlay text-white p-2 w-100 text-center d-block justify-content-center align-items-center\">\n\t\t\t            <div>Kolmandate osapoolte sisu n\u00e4gemiseks palun n\u00f5ustu k\u00fcpsistega.<\/div>\n\t\t\t            <button class=\"btn btn-secondary btn-sm mt-1 consent-change\">Muuda n\u00f5usolekut<\/button>\n\t\t\t        <\/div>\n\t\t\t    <\/div>\n\t\t\t<\/div>\n<\/div><\/strong><\/p>\n<p><strong>Milline on parim koht Kuu peal elamiseks?<\/strong><\/p>\n<p>Kuule maandudes ootab teid ees t\u00e4iesti uus maastik. J\u00e4rgnevas vidoes vaatame mida tuleb arvestada oma Kuu-asula ehitamisel Kuule ja milline oleks asulale just sobilik asukoht.<\/p>\n<p><\/p><div class=\"ratio ratio-16x9 mb-3\"><div class=\"video-placeholder-wrapper video-placeholder-wrapper--16x9\">\n\t\t\t    <div class=\"video-placeholder d-flex justify-content-center align-items-center\">\n\t\t\t        <div class=\"overlay text-white p-2 w-100 text-center d-block justify-content-center align-items-center\">\n\t\t\t            <div>Kolmandate osapoolte sisu n\u00e4gemiseks palun n\u00f5ustu k\u00fcpsistega.<\/div>\n\t\t\t            <button class=\"btn btn-secondary btn-sm mt-1 consent-change\">Muuda n\u00f5usolekut<\/button>\n\t\t\t        <\/div>\n\t\t\t    <\/div>\n\t\t\t<\/div>\n<\/div>\n<p><strong>Kiirgus Kuu peal. Kui palju p\u00e4ikesekaitset on Kuu peal vaja?<\/strong><\/p>\n<p><\/p><div class=\"ratio ratio-16x9 mb-3\"><div class=\"video-placeholder-wrapper video-placeholder-wrapper--16x9\">\n\t\t\t    <div class=\"video-placeholder d-flex justify-content-center align-items-center\">\n\t\t\t        <div class=\"overlay text-white p-2 w-100 text-center d-block justify-content-center align-items-center\">\n\t\t\t            <div>Kolmandate osapoolte sisu n\u00e4gemiseks palun n\u00f5ustu k\u00fcpsistega.<\/div>\n\t\t\t            <button class=\"btn btn-secondary btn-sm mt-1 consent-change\">Muuda n\u00f5usolekut<\/button>\n\t\t\t        <\/div>\n\t\t\t    <\/div>\n\t\t\t<\/div>\n<\/div>\n<p><strong>Maandumine Kuul.<\/strong><\/p>\n<p>Mehitatud kosmoselaev vajab pehmet maandumist. Kuidas seda saavutada ning millega Kuule maandudes arvestada?<\/p>\n<p><\/p><div class=\"ratio ratio-16x9 mb-3\"><div class=\"video-placeholder-wrapper video-placeholder-wrapper--16x9\">\n\t\t\t    <div class=\"video-placeholder d-flex justify-content-center align-items-center\">\n\t\t\t        <div class=\"overlay text-white p-2 w-100 text-center d-block justify-content-center align-items-center\">\n\t\t\t            <div>Kolmandate osapoolte sisu n\u00e4gemiseks palun n\u00f5ustu k\u00fcpsistega.<\/div>\n\t\t\t            <button class=\"btn btn-secondary btn-sm mt-1 consent-change\">Muuda n\u00f5usolekut<\/button>\n\t\t\t        <\/div>\n\t\t\t    <\/div>\n\t\t\t<\/div>\n<\/div>\n<p><strong>Meteoriidid Kuul.<\/strong><\/p>\n<p>Igal aastal tekib Kuule umbes 180 kraatrit, r\u00e4\u00e4kimata sellest, et seda tabavad pidevalt golfipalli suurused meteoriidid kogu aasta jooksul. Kuidas me saaksime end Kuul kaitsta?<\/p>\n<p><\/p><div class=\"ratio ratio-16x9 mb-3\"><div class=\"video-placeholder-wrapper video-placeholder-wrapper--16x9\">\n\t\t\t    <div class=\"video-placeholder d-flex justify-content-center align-items-center\">\n\t\t\t        <div class=\"overlay text-white p-2 w-100 text-center d-block justify-content-center align-items-center\">\n\t\t\t            <div>Kolmandate osapoolte sisu n\u00e4gemiseks palun n\u00f5ustu k\u00fcpsistega.<\/div>\n\t\t\t            <button class=\"btn btn-secondary btn-sm mt-1 consent-change\">Muuda n\u00f5usolekut<\/button>\n\t\t\t        <\/div>\n\t\t\t    <\/div>\n\t\t\t<\/div>\n<\/div>\n<p><strong>Oma kuu-asula ehitamine.<\/strong><\/p>\n<p>Kuu-asulal on palju \u00fclesandeid: see on kodubaas mitte ainult magamiseks ja s\u00f6\u00f6miseks, vaid ka teadust\u00f6\u00f6ks ja eksperimentideks.<\/p>\n<p><\/p><div class=\"ratio ratio-16x9 mb-3\"><div class=\"video-placeholder-wrapper video-placeholder-wrapper--16x9\">\n\t\t\t    <div class=\"video-placeholder d-flex justify-content-center align-items-center\">\n\t\t\t        <div class=\"overlay text-white p-2 w-100 text-center d-block justify-content-center align-items-center\">\n\t\t\t            <div>Kolmandate osapoolte sisu n\u00e4gemiseks palun n\u00f5ustu k\u00fcpsistega.<\/div>\n\t\t\t            <button class=\"btn btn-secondary btn-sm mt-1 consent-change\">Muuda n\u00f5usolekut<\/button>\n\t\t\t        <\/div>\n\t\t\t    <\/div>\n\t\t\t<\/div>\n<\/div>\n<p><strong>Kuul energia saamine.<\/strong><\/p>\n<p>Kuu p\u00e4ev kestab 14 maapealset p\u00e4eva, umbes sama pikk on Kuul ka \u00f6\u00f6. Kuidas saab Kuul kasutada p\u00e4ikeseenergiat, mis selle juures arvesse peab v\u00f5tma ning kas see on meie parim valik Kuu-baasi varustamiseks energiaga?<\/p>\n<p><\/p><div class=\"ratio ratio-16x9 mb-3\"><div class=\"video-placeholder-wrapper video-placeholder-wrapper--16x9\">\n\t\t\t    <div class=\"video-placeholder d-flex justify-content-center align-items-center\">\n\t\t\t        <div class=\"overlay text-white p-2 w-100 text-center d-block justify-content-center align-items-center\">\n\t\t\t            <div>Kolmandate osapoolte sisu n\u00e4gemiseks palun n\u00f5ustu k\u00fcpsistega.<\/div>\n\t\t\t            <button class=\"btn btn-secondary btn-sm mt-1 consent-change\">Muuda n\u00f5usolekut<\/button>\n\t\t\t        <\/div>\n\t\t\t    <\/div>\n\t\t\t<\/div>\n<\/div>\n<p><strong>Kuidas saada Kuul hingamiseks \u00f5hku?<\/strong><\/p>\n<p>Hinge kinni hoidmine ei ole just parim lahendus, me vajame Kuul elu s\u00e4ilitamiseks hapnikuallikaid. J\u00e4rgnev video toob v\u00e4lja erinevad v\u00f5imalused, kuidas Kuul eluks vajalikku hapnikku saada.<\/p>\n<p><\/p><div class=\"ratio ratio-16x9 mb-3\"><div class=\"video-placeholder-wrapper video-placeholder-wrapper--16x9\">\n\t\t\t    <div class=\"video-placeholder d-flex justify-content-center align-items-center\">\n\t\t\t        <div class=\"overlay text-white p-2 w-100 text-center d-block justify-content-center align-items-center\">\n\t\t\t            <div>Kolmandate osapoolte sisu n\u00e4gemiseks palun n\u00f5ustu k\u00fcpsistega.<\/div>\n\t\t\t            <button class=\"btn btn-secondary btn-sm mt-1 consent-change\">Muuda n\u00f5usolekut<\/button>\n\t\t\t        <\/div>\n\t\t\t    <\/div>\n\t\t\t<\/div>\n<\/div>\n<p><strong>Kuidas saada Kuul toitu?<\/strong><\/p>\n<p>Kuule saab tuua vaid piiratud hulgal toidukaupu. Aga kuidas toota toitu juurde kohas, kus puudub \u00f5hk? J\u00e4rgnev \u00f5ppevideo r\u00e4\u00e4gibki Kuul toidu kasvatamisest.<\/p>\n<p><\/p><div class=\"ratio ratio-16x9 mb-3\"><div class=\"video-placeholder-wrapper video-placeholder-wrapper--16x9\">\n\t\t\t    <div class=\"video-placeholder d-flex justify-content-center align-items-center\">\n\t\t\t        <div class=\"overlay text-white p-2 w-100 text-center d-block justify-content-center align-items-center\">\n\t\t\t            <div>Kolmandate osapoolte sisu n\u00e4gemiseks palun n\u00f5ustu k\u00fcpsistega.<\/div>\n\t\t\t            <button class=\"btn btn-secondary btn-sm mt-1 consent-change\">Muuda n\u00f5usolekut<\/button>\n\t\t\t        <\/div>\n\t\t\t    <\/div>\n\t\t\t<\/div>\n<\/div>\n<p><strong>Millistest materjalidest ehitada Kuule oma kodu?<\/strong><\/p>\n<p>Kui me r\u00e4\u00e4gime ehitamisest, siis m\u00f5tlete t\u00f5en\u00e4oliselt telliskividele \u2013 kuid kuukivi on hoopis teistsugune materjal. Milline on siis parim viis Kuule kodu ehitamiseks?<\/p>\n<p><\/p><div class=\"ratio ratio-16x9 mb-3\"><div class=\"video-placeholder-wrapper video-placeholder-wrapper--16x9\">\n\t\t\t    <div class=\"video-placeholder d-flex justify-content-center align-items-center\">\n\t\t\t        <div class=\"overlay text-white p-2 w-100 text-center d-block justify-content-center align-items-center\">\n\t\t\t            <div>Kolmandate osapoolte sisu n\u00e4gemiseks palun n\u00f5ustu k\u00fcpsistega.<\/div>\n\t\t\t            <button class=\"btn btn-secondary btn-sm mt-1 consent-change\">Muuda n\u00f5usolekut<\/button>\n\t\t\t        <\/div>\n\t\t\t    <\/div>\n\t\t\t<\/div>\n<\/div>\n<p><strong>Vesi Kuu peal.<\/strong><\/p>\n<p>Kuna Kuu on sama kuiv kui Maa k\u00f5ige kuivem k\u00f5rb, peame me kogu vajaliku vee ise kaasa v\u00f5tma. Samas v\u00f5iks ka n\u00e4iteks ISSil kasutatav vee ringlussev\u00f5tu s\u00fcsteem aidata meie varusid hoida.<\/p>\n<p><\/p><div class=\"ratio ratio-16x9 mb-3\"><div class=\"video-placeholder-wrapper video-placeholder-wrapper--16x9\">\n\t\t\t    <div class=\"video-placeholder d-flex justify-content-center align-items-center\">\n\t\t\t        <div class=\"overlay text-white p-2 w-100 text-center d-block justify-content-center align-items-center\">\n\t\t\t            <div>Kolmandate osapoolte sisu n\u00e4gemiseks palun n\u00f5ustu k\u00fcpsistega.<\/div>\n\t\t\t            <button class=\"btn btn-secondary btn-sm mt-1 consent-change\">Muuda n\u00f5usolekut<\/button>\n\t\t\t        <\/div>\n\t\t\t    <\/div>\n\t\t\t<\/div>\n<\/div>\n<p><strong>Milliseid katseid saab Kuu peal l\u00e4bi viia.<\/strong><\/p>\n<p>Kuu missiooni k\u00f5ige t\u00e4htsam eesm\u00e4rk on uurida, kuidas oleks v\u00f5imalik elada teistel planeetidel. See t\u00e4hendab mitte ainult eksperimenteerimist keskkonna, vaid ka meie endi peal!<\/p>\n<p><\/p><div class=\"ratio ratio-16x9 mb-3\"><div class=\"video-placeholder-wrapper video-placeholder-wrapper--16x9\">\n\t\t\t    <div class=\"video-placeholder d-flex justify-content-center align-items-center\">\n\t\t\t        <div class=\"overlay text-white p-2 w-100 text-center d-block justify-content-center align-items-center\">\n\t\t\t            <div>Kolmandate osapoolte sisu n\u00e4gemiseks palun n\u00f5ustu k\u00fcpsistega.<\/div>\n\t\t\t            <button class=\"btn btn-secondary btn-sm mt-1 consent-change\">Muuda n\u00f5usolekut<\/button>\n\t\t\t        <\/div>\n\t\t\t    <\/div>\n\t\t\t<\/div>\n<\/div>\n<p><strong>Pr\u00fcgimajandus Kuul.<\/strong><\/p>\n<p>Naljatades v\u00f5ib \u00f6elda, et kosmoses on \u00fche maainimese pr\u00fcgi teise astronauti aare. \u00d5igete vahenditega saame me Kuu peal muuta j\u00e4\u00e4tmed v\u00e4\u00e4rtuslikeks soojus- ja k\u00fctuseallikateks ning taaskasutatavateks materjalideks.<\/p>\n<p><\/p><div class=\"ratio ratio-16x9 mb-3\"><div class=\"video-placeholder-wrapper video-placeholder-wrapper--16x9\">\n\t\t\t    <div class=\"video-placeholder d-flex justify-content-center align-items-center\">\n\t\t\t        <div class=\"overlay text-white p-2 w-100 text-center d-block justify-content-center align-items-center\">\n\t\t\t            <div>Kolmandate osapoolte sisu n\u00e4gemiseks palun n\u00f5ustu k\u00fcpsistega.<\/div>\n\t\t\t            <button class=\"btn btn-secondary btn-sm mt-1 consent-change\">Muuda n\u00f5usolekut<\/button>\n\t\t\t        <\/div>\n\t\t\t    <\/div>\n\t\t\t<\/div>\n<\/div>\n<p><strong>Kohalikud Kuu vaatamisv\u00e4\u00e4rtused.<\/strong><\/p>\n<p>J\u00e4rgnevast videost saad rohkem teada kohalike Kuu vaatamisv\u00e4\u00e4rtuste kohta!<\/p>\n<p><\/p><div class=\"ratio ratio-16x9 mb-3\"><div class=\"video-placeholder-wrapper video-placeholder-wrapper--16x9\">\n\t\t\t    <div class=\"video-placeholder d-flex justify-content-center align-items-center\">\n\t\t\t        <div class=\"overlay text-white p-2 w-100 text-center d-block justify-content-center align-items-center\">\n\t\t\t            <div>Kolmandate osapoolte sisu n\u00e4gemiseks palun n\u00f5ustu k\u00fcpsistega.<\/div>\n\t\t\t            <button class=\"btn btn-secondary btn-sm mt-1 consent-change\">Muuda n\u00f5usolekut<\/button>\n\t\t\t        <\/div>\n\t\t\t    <\/div>\n\t\t\t<\/div>\n<\/div>\n<p><strong>Reisimine Kuu peal.<\/strong><\/p>\n<p>Kuidas on k\u00f5ige parem reisida Kuu peal, kus oma teekonnalt v\u00f5id leida nii kive, lohukesesi kui ka kraatreid? Kui kuu-asulates saavad kuu-linnad, siis milline saab olema meie Kuu infrastruktuur?<\/p>\n<p><\/p><div class=\"ratio ratio-16x9 mb-3\"><div class=\"video-placeholder-wrapper video-placeholder-wrapper--16x9\">\n\t\t\t    <div class=\"video-placeholder d-flex justify-content-center align-items-center\">\n\t\t\t        <div class=\"overlay text-white p-2 w-100 text-center d-block justify-content-center align-items-center\">\n\t\t\t            <div>Kolmandate osapoolte sisu n\u00e4gemiseks palun n\u00f5ustu k\u00fcpsistega.<\/div>\n\t\t\t            <button class=\"btn btn-secondary btn-sm mt-1 consent-change\">Muuda n\u00f5usolekut<\/button>\n\t\t\t        <\/div>\n\t\t\t    <\/div>\n\t\t\t<\/div>\n<\/div>\n<p><strong>Kuurobotid.<\/strong><\/p>\n<p>Igap\u00e4evaeluga toimetulek Kuul n\u00f5uab rohkem pingutusi, kui esimesed asunikud suudavad ise teha. Seega kulub abi \u00e4ra, v\u00f5tame appi robotid.<\/p>\n<p><\/p><div class=\"ratio ratio-16x9 mb-3\"><div class=\"video-placeholder-wrapper video-placeholder-wrapper--16x9\">\n\t\t\t    <div class=\"video-placeholder d-flex justify-content-center align-items-center\">\n\t\t\t        <div class=\"overlay text-white p-2 w-100 text-center d-block justify-content-center align-items-center\">\n\t\t\t            <div>Kolmandate osapoolte sisu n\u00e4gemiseks palun n\u00f5ustu k\u00fcpsistega.<\/div>\n\t\t\t            <button class=\"btn btn-secondary btn-sm mt-1 consent-change\">Muuda n\u00f5usolekut<\/button>\n\t\t\t        <\/div>\n\t\t\t    <\/div>\n\t\t\t<\/div>\n<\/div>\n<p><strong>Kuidas suhelda Kuu peal?<\/strong><\/p>\n<p>Kuu peal elades muutub isegi igap\u00e4evane suhtlemine. Kas Kuul saaks r\u00e4\u00e4kida v\u00f5i milliseid kommunikatsioonivahendeid oleks m\u00f5ttekas kasutada n\u00e4ed all olevast videost.<\/p>\n<p><\/p><div class=\"ratio ratio-16x9 mb-3\"><div class=\"video-placeholder-wrapper video-placeholder-wrapper--16x9\">\n\t\t\t    <div class=\"video-placeholder d-flex justify-content-center align-items-center\">\n\t\t\t        <div class=\"overlay text-white p-2 w-100 text-center d-block justify-content-center align-items-center\">\n\t\t\t            <div>Kolmandate osapoolte sisu n\u00e4gemiseks palun n\u00f5ustu k\u00fcpsistega.<\/div>\n\t\t\t            <button class=\"btn btn-secondary btn-sm mt-1 consent-change\">Muuda n\u00f5usolekut<\/button>\n\t\t\t        <\/div>\n\t\t\t    <\/div>\n\t\t\t<\/div>\n<\/div>\n","protected":false},"excerpt":{"rendered":"<p>Sellele lehele on kokku kogutud p\u00f5nevad \u00f5ppevideod, mis annavad huvitavaid teadmisi, kuidas saaks tulevikus elada Kuul ning kuidas sealses keskkonnas toime tulla. K\u00f5ik videod on inglise keeles eestikeelsete subtiitritega. Start kosmosesse. H\u00fcvasti Maa, tere tulemast Kuu! Kuidas t\u00e4pselt t\u00f6\u00f6tab raketi &#8230;<\/p>\n","protected":false},"author":241,"featured_media":0,"parent":0,"menu_order":0,"comment_status":"closed","ping_status":"closed","template":"","meta":{"_acf_changed":false,"inline_featured_image":false,"footnotes":""},"class_list":["post-16","page","type-page","status-publish","hentry"],"acf":[],"_links":{"self":[{"href":"https:\/\/sisu.ut.ee\/esero\/wp-json\/wp\/v2\/pages\/16","targetHints":{"allow":["GET"]}}],"collection":[{"href":"https:\/\/sisu.ut.ee\/esero\/wp-json\/wp\/v2\/pages"}],"about":[{"href":"https:\/\/sisu.ut.ee\/esero\/wp-json\/wp\/v2\/types\/page"}],"author":[{"embeddable":true,"href":"https:\/\/sisu.ut.ee\/esero\/wp-json\/wp\/v2\/users\/241"}],"replies":[{"embeddable":true,"href":"https:\/\/sisu.ut.ee\/esero\/wp-json\/wp\/v2\/comments?post=16"}],"version-history":[{"count":2,"href":"https:\/\/sisu.ut.ee\/esero\/wp-json\/wp\/v2\/pages\/16\/revisions"}],"predecessor-version":[{"id":1765,"href":"https:\/\/sisu.ut.ee\/esero\/wp-json\/wp\/v2\/pages\/16\/revisions\/1765"}],"wp:attachment":[{"href":"https:\/\/sisu.ut.ee\/esero\/wp-json\/wp\/v2\/media?parent=16"}],"curies":[{"name":"wp","href":"https:\/\/api.w.org\/{rel}","templated":true}]}}