{"id":1510,"date":"2025-01-15T11:58:13","date_gmt":"2025-01-15T09:58:13","guid":{"rendered":"https:\/\/sisu.ut.ee\/esero\/?page_id=1510"},"modified":"2026-01-28T15:01:56","modified_gmt":"2026-01-28T13:01:56","slug":"karjaaripaev-2024","status":"publish","type":"page","link":"https:\/\/sisu.ut.ee\/esero\/karjaaripaev-2024\/","title":{"rendered":"Karj\u00e4\u00e4rip\u00e4ev 2024"},"content":{"rendered":"<div class=\"wp-block-columns is-layout-flex wp-container-core-columns-is-layout-1 wp-block-columns-is-layout-flex\">\n<div class=\"wp-block-column is-layout-flow wp-block-column-is-layout-flow\"><\/div>\n<\/div>\n<p><strong><img loading=\"lazy\" decoding=\"async\" class=\"alignright wp-image-1255 \" src=\"https:\/\/sisu.ut.ee\/wp-content\/uploads\/sites\/464\/DSC5652-scaled.jpg\" alt=\"\" width=\"446\" height=\"297\" srcset=\"https:\/\/sisu.ut.ee\/wp-content\/uploads\/sites\/464\/DSC5652-scaled.jpg 2560w, https:\/\/sisu.ut.ee\/wp-content\/uploads\/sites\/464\/DSC5652-300x200.jpg 300w, https:\/\/sisu.ut.ee\/wp-content\/uploads\/sites\/464\/DSC5652-1024x683.jpg 1024w, https:\/\/sisu.ut.ee\/wp-content\/uploads\/sites\/464\/DSC5652-768x512.jpg 768w, https:\/\/sisu.ut.ee\/wp-content\/uploads\/sites\/464\/DSC5652-1536x1024.jpg 1536w, https:\/\/sisu.ut.ee\/wp-content\/uploads\/sites\/464\/DSC5652-2048x1365.jpg 2048w, https:\/\/sisu.ut.ee\/wp-content\/uploads\/sites\/464\/DSC5652-1920x1280.jpg 1920w\" sizes=\"auto, (max-width: 446px) 100vw, 446px\"><\/strong><\/p>\n<p><strong>Kas oled kunagi m\u00f5elnud, milliseid p\u00f5nevaid v\u00f5imalusi pakub kosmosevaldkond? Karj\u00e4\u00e4rip\u00e4ev \u201cKarj\u00e4\u00e4riredel viib kosmosesse\u201d, mida korraldab T\u00dc Tartu observatoorium ESERO projekti raames, toob noored \u00fcle Eesti kokku teadlaste ja ettev\u00f5tjatega, kes on selles valdkonnas edukalt karj\u00e4\u00e4ri teinud. \u00dcrituse eesm\u00e4rk on n\u00e4idata, et kosmos ja t\u00e4ppisteadused pole kaugeltki keerulised ega k\u00e4ttesaamatud \u2013 vastupidi, need on t\u00e4is p\u00f5nevust ja praktilisi v\u00f5imalusi. Kuna koolist saab sageli pigem teoreetilisi teadmisi, siis meie soov on n\u00e4idata, milliste p\u00e4rist\u00f6\u00f6deni v\u00f5ivad need teadmised viia. See k\u00f5ik on investeering Eesti tulevikku: \u00fcha arenev tehnoloogia n\u00f5uab aina rohkem spetsialiste.<\/strong><\/p>\n<p><span style=\"color: #333333;\">Karj\u00e4\u00e4rip\u00e4ev 2024 \u201cKarj\u00e4\u00e4riredel viib kosmosesse\u201d<\/span> toimus <strong>2. \u2013 3. oktoobril 2024 <\/strong>T\u00f5raveres, T\u00dc Tartu observatooriumis. \u00dcritus oli sel korral pisut teistmoodi kui varem. Nimelt oli \u00fche p\u00e4eva asemel v\u00e4gevate t\u00f6\u00f6tubadega \u00e4ra sisustanud koguni kaks p\u00e4eva.\u00a0Kummalgi p\u00e4eval k\u00fclastas meid ligikaudu <strong>100\u00a0 teadushimulist \u00f5pilast<\/strong> \u00fcle Eesti.<\/p>\n<p><span style=\"color: #0098db;\"><strong>Registreerimine ja osalemine<\/strong><\/span><\/p>\n<p>\u00dcritusel sai nagu eelnevatelgi aastatel osaleda vaid <strong>eelregistreerimise<\/strong> alusel ning see oli sellel aastal suunatud vaid \u00f5pilasgruppidele. Oodatud olid k\u00f5ik noored teadushuvilised <strong>9. \u2013 12. klassini<\/strong>. \u00dchest koolist oli lubatud tulla vaid <strong>\u00fche<\/strong> \u00f5pilasgrupiga, et anda v\u00f5imalus osalemiseks v\u00f5imalikult paljudele erinevatele koolidele. \u00d5pilasgrupi suuruseks v\u00f5is olla <strong>10-20 \u00f5pilast<\/strong>. Karj\u00e4\u00e4rip\u00e4ev 2024 oli k\u00f5igile osalejatele <strong>tasuta<\/strong>!<\/p>\n<p><span style=\"color: #0098db;\"><strong>Karj\u00e4\u00e4rip\u00e4eva ajakava<\/strong><\/span><\/p>\n<table class=\"table table-hover\" width=\"691\">\n<tbody>\n<tr>\n<td width=\"301\">9:30 \u2013 10:00<\/td>\n<td width=\"301\">kogunemine, registreerimine<\/td>\n<\/tr>\n<tr>\n<td width=\"301\">10:00 \u2013 11.30<\/td>\n<td width=\"301\">esimesed t\u00f6\u00f6toad<\/td>\n<\/tr>\n<tr>\n<td width=\"301\">11:30 \u2013 13:00<\/td>\n<td width=\"301\">\u00a0l\u00f5una ja meelelahutus<\/td>\n<\/tr>\n<tr>\n<td width=\"301\">13:00 \u2013 14:30<\/td>\n<td width=\"301\">teised t\u00f6\u00f6toad<\/td>\n<\/tr>\n<tr>\n<td width=\"301\">14:30 \u2013 15:00<\/td>\n<td width=\"301\">l\u00f5petamine<\/td>\n<\/tr>\n<\/tbody>\n<\/table>\n<p>Aastal 2024 oli Tartu Euroopa kultuuripealinnaks ning selle raames toimus nii Tartus kui ka mujal L\u00f5una-Eestis palju erinevaid p\u00f5nevaid s\u00fcndmusi. Selle raamel oli ka meie Karj\u00e4\u00e4rip\u00e4ev 2024ndal aastal \u00fcheks v\u00e4ikeseks osaks <a href=\"https:\/\/valgusefestival.ee\/programm\/\" target=\"_blank\" rel=\"noopener noreferrer\">10. Valguse festivalist<\/a>. Selle noorte projekti raames toimusid Tartu observatooriumi juures minilavastused, kus astusid \u00fcles Tantsuklubi Triiniks ning Just Tantsukooli tantsijad. Lavastust juhisid Taani Ollerupi Spordiakadeemia tudengid.<\/p>\n<p><a href=\"https:\/\/valgusefestival.ee\/programm\/luhilavastus-kaugusesse-taani\/\" target=\"_blank\" rel=\"noopener noreferrer\"><strong>\u00a0L\u00fchilavastused \u201cKaugusesse\u201d<\/strong><\/a> oli v\u00f5imalik k\u00f5igil karj\u00e4\u00e4rip\u00e4eva osalistel nautida <strong>3. oktoobril<\/strong> kell 15\u201415:15 ja 17\u201417:15.<\/p>\n<p><span style=\"color: #0098db;\"><strong>Karj\u00e4\u00e4rip\u00e4eva t\u00f6\u00f6toad<\/strong><\/span><\/p>\n<div>K\u00f5ik karj\u00e4\u00e4rip\u00e4eva t\u00f6\u00f6toad olid nagu ikka praktilist laadi ning seotud kosmose valdkonnaga. <span style=\"font-weight: var(--bs-body-font-weight); text-align: var(--bs-body-text-align);\">ESERO Eesti \u00fcks eesm\u00e4rke on inspireerida noori n\u00e4gema, kui p\u00f5nev ja k\u00e4egakatsutav v\u00f5ib olla tulevik kosmoses. <\/span><span style=\"font-weight: var(--bs-body-font-weight); text-align: var(--bs-body-text-align);\">P\u00fc\u00fcame l\u00e4bi erinevate ametite ja tegevuste v\u00e4lja tuua, millised erinevad karj\u00e4\u00e4ri- ja \u00f5ppimisv\u00f5imalused on kosmose valdkonnas. T\u00f6\u00f6tubade pikkuseks oli 1,5 tundi ning t\u00f6\u00f6toa plokke oli p\u00e4evas kaks. Iga \u00f5pilasgrupp sai seega osaleda <strong>kahes t\u00f6\u00f6toas<\/strong>. L\u00f5unapausi ajal sai lisaks kuulata erinevaid esinejaid, s\u00fc\u00fca<strong> tasuta<\/strong> suppi, osaleda soovi korral T\u00dc Tartu observatooriumit tutvustaval ringk\u00e4igul ning m\u00e4ngida p\u00f5nevat kosmosebingot.<\/span><\/div>\n<div><\/div>\n<div><\/div>\n<div><\/div>\n<div>Teemavaldkonnad ja t\u00f6\u00f6tubade n\u00e4ited leiad allpool olevast loetelust:<\/div>\n<div><\/div>\n<div><\/div>\n<div>\n<ul>\n<li><strong>Ilm ja kliima<\/strong>\n<ul>\n<li>Kliima!? Kuidas edasi?<\/li>\n<li>Eesti ilm kliimap\u00f6\u00f6rises<\/li>\n<li>UV-kiirguse t\u00f6\u00f6tuba<\/li>\n<\/ul>\n<\/li>\n<li><strong>Ettev\u00f5tlus kosmoses ja infotehnoloogia<\/strong>\n<ul>\n<li>K\u00fcberp\u00f5genemistuba<\/li>\n<li>Pilved ja masin\u00f5pe<\/li>\n<li>Elektroonika praktiline algkursus<\/li>\n<\/ul>\n<\/li>\n<li><strong>Maa uurimine ja j\u00e4lgimine<\/strong>\n<ul>\n<li>Veekogude kaugseire<\/li>\n<li>Droonide programmeerimine ja lennutamine<\/li>\n<li>Elektroonika praktiline algkursus<\/li>\n<\/ul>\n<\/li>\n<li><strong>Astronoomia ja maailmaruum<\/strong>\n<ul>\n<li>DIY kodune meteoriidikraater<\/li>\n<li>T\u00e4hekaardi koostamine ja teleskoopide kokkupanek<\/li>\n<li>Kas Veenusel on elu?<\/li>\n<\/ul>\n<\/li>\n<li><strong>Elektroonika ja inseneriteadus<\/strong>\n<ul>\n<li>Reaktiivmootori t\u00f6\u00f6tuba<\/li>\n<li>Kondensaatori ehitamine<\/li>\n<li>Elektroonika praktiline algkursus<\/li>\n<\/ul>\n<\/li>\n<li><strong>Kosmosetehnoloogia ja missioonid<\/strong>\n<ul>\n<li>Kosmosematerjalide katsetamine<\/li>\n<li>Kerbal kosmoseprogramm<\/li>\n<li>Kuukulguri missiooni planeerimine<\/li>\n<\/ul>\n<\/li>\n<\/ul>\n<\/div>\n<div>\n<p>T\u00e4name k\u00f5iki koost\u00f6\u00f6partnereid, kes tulid meile appi nii t\u00f6\u00f6tubade tegemise kui ka toitlustamisel! Suur ait\u00e4h ka Tartu Hansa Rotary klubi v\u00e4gevatele naistele, kes olid meil j\u00e4tkuvalt abiks nii registreerumisel kui l\u00f5unapausi ajal!<\/p>\n<p><a href=\"https:\/\/sisu.ut.ee\/esero\/karjaaripaev-2024-pildigalerii\/\" target=\"_blank\" rel=\"noopener\"><strong>Vaata 2024 aasta karj\u00e4\u00e4rip\u00e4eva galeriid<\/strong><\/a><\/p>\n<\/div>\n","protected":false},"excerpt":{"rendered":"<p>Kas oled kunagi m\u00f5elnud, milliseid p\u00f5nevaid v\u00f5imalusi pakub kosmosevaldkond? Karj\u00e4\u00e4rip\u00e4ev \u201cKarj\u00e4\u00e4riredel viib kosmosesse\u201d, mida korraldab T\u00dc Tartu observatoorium ESERO projekti raames, toob noored \u00fcle Eesti kokku teadlaste ja ettev\u00f5tjatega, kes on selles valdkonnas edukalt karj\u00e4\u00e4ri teinud. \u00dcrituse eesm\u00e4rk on n\u00e4idata, &#8230;<\/p>\n","protected":false},"author":241,"featured_media":1124,"parent":0,"menu_order":0,"comment_status":"closed","ping_status":"closed","template":"","meta":{"_acf_changed":false,"inline_featured_image":false,"footnotes":""},"class_list":["post-1510","page","type-page","status-publish","has-post-thumbnail","hentry"],"acf":[],"_links":{"self":[{"href":"https:\/\/sisu.ut.ee\/esero\/wp-json\/wp\/v2\/pages\/1510","targetHints":{"allow":["GET"]}}],"collection":[{"href":"https:\/\/sisu.ut.ee\/esero\/wp-json\/wp\/v2\/pages"}],"about":[{"href":"https:\/\/sisu.ut.ee\/esero\/wp-json\/wp\/v2\/types\/page"}],"author":[{"embeddable":true,"href":"https:\/\/sisu.ut.ee\/esero\/wp-json\/wp\/v2\/users\/241"}],"replies":[{"embeddable":true,"href":"https:\/\/sisu.ut.ee\/esero\/wp-json\/wp\/v2\/comments?post=1510"}],"version-history":[{"count":15,"href":"https:\/\/sisu.ut.ee\/esero\/wp-json\/wp\/v2\/pages\/1510\/revisions"}],"predecessor-version":[{"id":3253,"href":"https:\/\/sisu.ut.ee\/esero\/wp-json\/wp\/v2\/pages\/1510\/revisions\/3253"}],"wp:featuredmedia":[{"embeddable":true,"href":"https:\/\/sisu.ut.ee\/esero\/wp-json\/wp\/v2\/media\/1124"}],"wp:attachment":[{"href":"https:\/\/sisu.ut.ee\/esero\/wp-json\/wp\/v2\/media?parent=1510"}],"curies":[{"name":"wp","href":"https:\/\/api.w.org\/{rel}","templated":true}]}}