{"id":1428,"date":"2024-12-13T13:42:40","date_gmt":"2024-12-13T11:42:40","guid":{"rendered":"https:\/\/sisu.ut.ee\/esero\/?page_id=1428"},"modified":"2024-12-13T14:08:13","modified_gmt":"2024-12-13T12:08:13","slug":"linnutee-taht-2024","status":"publish","type":"page","link":"https:\/\/sisu.ut.ee\/esero\/linnutee-taht-2024\/","title":{"rendered":"Linnutee T\u00e4ht 2024"},"content":{"rendered":"<p><strong>Linnutee T\u00e4he preemia anti 2024. aastal v\u00e4lja teist korda ja \u00fcleandmine toimus 17. Eesti Teadusagentuuri teaduskommunikatsiooni aastakonverentsil. Tartu \u00dclikooli Tartu observatooriumi ja <\/strong><a href=\"https:\/\/esero.ee\/\"><strong>ESERO Eesti<\/strong><\/a><strong> tunnustuse Linnutee T\u00e4ht p\u00e4lvis sel korral Aire Siinvert. <\/strong><strong>Aire Siinvert on Kuressaare Nooruse Kooli \u00f5ppejuht ja mitmek\u00fclgse taustaga haridust\u00f6\u00f6taja ning aktiivne \u00fchiskondliku elu edendaja Saaremaal.<\/strong>\u00a0<\/p>\n<p><img loading=\"lazy\" decoding=\"async\" class=\"wp-image-1430  aligncenter\" src=\"https:\/\/sisu.ut.ee\/wp-content\/uploads\/sites\/464\/DSC8026.jpg\" alt=\"\" width=\"639\" height=\"426\" srcset=\"https:\/\/sisu.ut.ee\/wp-content\/uploads\/sites\/464\/DSC8026.jpg 2160w, https:\/\/sisu.ut.ee\/wp-content\/uploads\/sites\/464\/DSC8026-300x200.jpg 300w, https:\/\/sisu.ut.ee\/wp-content\/uploads\/sites\/464\/DSC8026-1024x683.jpg 1024w, https:\/\/sisu.ut.ee\/wp-content\/uploads\/sites\/464\/DSC8026-768x512.jpg 768w, https:\/\/sisu.ut.ee\/wp-content\/uploads\/sites\/464\/DSC8026-1536x1024.jpg 1536w, https:\/\/sisu.ut.ee\/wp-content\/uploads\/sites\/464\/DSC8026-2048x1365.jpg 2048w, https:\/\/sisu.ut.ee\/wp-content\/uploads\/sites\/464\/DSC8026-1920x1280.jpg 1920w\" sizes=\"auto, (max-width: 639px) 100vw, 639px\"><\/p>\n<p>Linnutee T\u00e4ht on tunnustus, millega p\u00e4rjatakse inimest v\u00f5i asutust, kes on osalenud\u00a0Euroopa Kosmoseagentuuri hariduskontorite v\u00f5rgustiku ESERO\u00a0tegevuste elluviimisel ja andnud sellega m\u00e4rkimisv\u00e4\u00e4rse panuse loodus- ja t\u00e4ppisteaduste populariseerimisse kosmosevaldkonna kaudu.\u00a0<\/p>\n<p><img loading=\"lazy\" decoding=\"async\" class=\"alignleft wp-image-1429 \" src=\"https:\/\/sisu.ut.ee\/wp-content\/uploads\/sites\/464\/DSC7993.jpg\" alt=\"\" width=\"528\" height=\"352\" srcset=\"https:\/\/sisu.ut.ee\/wp-content\/uploads\/sites\/464\/DSC7993.jpg 2160w, https:\/\/sisu.ut.ee\/wp-content\/uploads\/sites\/464\/DSC7993-300x200.jpg 300w, https:\/\/sisu.ut.ee\/wp-content\/uploads\/sites\/464\/DSC7993-1024x683.jpg 1024w, https:\/\/sisu.ut.ee\/wp-content\/uploads\/sites\/464\/DSC7993-768x512.jpg 768w, https:\/\/sisu.ut.ee\/wp-content\/uploads\/sites\/464\/DSC7993-1536x1024.jpg 1536w, https:\/\/sisu.ut.ee\/wp-content\/uploads\/sites\/464\/DSC7993-2048x1365.jpg 2048w, https:\/\/sisu.ut.ee\/wp-content\/uploads\/sites\/464\/DSC7993-1920x1280.jpg 1920w\" sizes=\"auto, (max-width: 528px) 100vw, 528px\">Auhinna andsid \u00fcle <a href=\"https:\/\/kosmos.ut.ee\/et\">Tartu observatooriumi<\/a>\u00a0direktor\u00a0<strong>Antti Tamm<\/strong>\u00a0ja ESERO Eesti juht\u00a0<strong>Heli L\u00e4tt<\/strong>. \u201eSoovime esile t\u00f5sta inimest, kelle p\u00fchendunud t\u00f6\u00f6 on andnud suure panuse hariduskogukonna kaasamisse,\u201c selgitab Heli L\u00e4tt \u017e\u00fcrii valikut. T\u00e4navuse Linnutee T\u00e4he t\u00e4nuv\u00e4\u00e4rne panus on huvi t\u00f5stmine teaduse ja tehnoloogia vastu kooli ja kogukonna tasandil, muutes kosmoseteemad k\u00e4ttesaadavaks ja praktiliseks osaks koolitundidest. Aire Siinvert on enda tegevusega oluliselt m\u00f5jutanud Kuressaare piirkonda, luues uusi v\u00f5imalusi \u00f5ppet\u00f6\u00f6 mitmekesisemaks ning erinevate valdkondade ja \u00f5ppeainete p\u00f5imimiseks. Kuressaare Nooruse Kooli teadus- ja tehnoloogiaalane \u00f5pe on Aire Siinverti eestvedamisel hoogsalt arenenud:\u00a0\u201eAire eestvedamisel j\u00f5udis ESERO Eesti meeskond Kuressaare koolidesse, kus viidi 2023. aasta novembris l\u00e4bi inspireeriv \u00f5petajakoolitus. Koolituse positiivne m\u00f5ju julgustas teda korraldama \u00fclelinnalise teaduslaagri just kosmose teemadel. Laager \u201eK\u00e4i Kuu peale\u201c t\u00f5i kokku \u00fcle 100 \u00f5pilase,\u201c t\u00e4iendas L\u00e4tt. Ka rahvusvaheline kosmosehariduse kogukond on tunnustanud Saaremaa koolide aktiivse osalemist\u00a0\u00fcle-euroopalisel \u00fcleskutsel\u00a0<a href=\"https:\/\/esero.ee\/missioon-x-treeni-nagu-astronaut\/\">Mission X: treeni nagu astronaut<\/a>.\u00a0<\/p>\n\n\n\n<div class=\"wp-block-buttons is-layout-flex wp-block-buttons-is-layout-flex\">\n<div class=\"wp-block-button\"><a class=\"wp-block-button__link wp-element-button\" href=\"https:\/\/sisu.ut.ee\/esero\/linnutee-taht-aire-siinvert-julgustab-proovima-ja-katsetama\/\" target=\"_blank\" rel=\"noreferrer noopener\">Loe ka intervjuud Aire Siinvertiga<\/a><\/div>\n<\/div>\n","protected":false},"excerpt":{"rendered":"<p>Linnutee T\u00e4he preemia anti 2024. aastal v\u00e4lja teist korda ja \u00fcleandmine toimus 17. Eesti Teadusagentuuri teaduskommunikatsiooni aastakonverentsil. Tartu \u00dclikooli Tartu observatooriumi ja ESERO Eesti tunnustuse Linnutee T\u00e4ht p\u00e4lvis sel korral Aire Siinvert. Aire Siinvert on Kuressaare Nooruse Kooli \u00f5ppejuht ja &#8230;<\/p>\n","protected":false},"author":241,"featured_media":0,"parent":0,"menu_order":0,"comment_status":"closed","ping_status":"closed","template":"","meta":{"_acf_changed":false,"inline_featured_image":false,"footnotes":""},"class_list":["post-1428","page","type-page","status-publish","hentry"],"acf":[],"_links":{"self":[{"href":"https:\/\/sisu.ut.ee\/esero\/wp-json\/wp\/v2\/pages\/1428","targetHints":{"allow":["GET"]}}],"collection":[{"href":"https:\/\/sisu.ut.ee\/esero\/wp-json\/wp\/v2\/pages"}],"about":[{"href":"https:\/\/sisu.ut.ee\/esero\/wp-json\/wp\/v2\/types\/page"}],"author":[{"embeddable":true,"href":"https:\/\/sisu.ut.ee\/esero\/wp-json\/wp\/v2\/users\/241"}],"replies":[{"embeddable":true,"href":"https:\/\/sisu.ut.ee\/esero\/wp-json\/wp\/v2\/comments?post=1428"}],"version-history":[{"count":8,"href":"https:\/\/sisu.ut.ee\/esero\/wp-json\/wp\/v2\/pages\/1428\/revisions"}],"predecessor-version":[{"id":1463,"href":"https:\/\/sisu.ut.ee\/esero\/wp-json\/wp\/v2\/pages\/1428\/revisions\/1463"}],"wp:attachment":[{"href":"https:\/\/sisu.ut.ee\/esero\/wp-json\/wp\/v2\/media?parent=1428"}],"curies":[{"name":"wp","href":"https:\/\/api.w.org\/{rel}","templated":true}]}}