{"id":14,"date":"2024-04-04T06:47:01","date_gmt":"2024-04-04T03:47:01","guid":{"rendered":"https:\/\/sisu.ut.ee\/esero\/kulastuskeskus\/"},"modified":"2025-01-30T16:00:53","modified_gmt":"2025-01-30T14:00:53","slug":"kulastuskeskus","status":"publish","type":"page","link":"https:\/\/sisu.ut.ee\/esero\/kulastuskeskus\/","title":{"rendered":"K\u00fclastuskeskus"},"content":{"rendered":"<p><strong><a title=\"\" href=\"https:\/\/kosmos.ut.ee\/et\/sisu\/kulastuskeskus\" target=\"_blank\" rel=\"noopener\" data-url=\"https:\/\/kosmos.ut.ee\/et\/sisu\/kulastuskeskus\">T\u00dc Tartu observatooriumi k\u00fclastuskeskus <\/a><\/strong>on loodud eesm\u00e4rgiga tutvustada laiale \u00fcldsusele kosmoseteaduse ja -tehnoloogia uusimaid saavutusi ning teadlase elukutset.<\/p>\n<p>K\u00fclastuskeskus pakub:<\/p>\n<ul>\n<li>traditsioonilist ekskursiooni, mille raames liiguvad k\u00fclastajad giidi saatel observatooriumi peahoonest suure teleskoobi torni, kus k\u00fclastatakse spetsiaalselt huviliste jaoks sisustatud Stellaariumi ruumi ning tutvustatakse teleskoopi;<\/li>\n<li>koolidele astronoomia, kaugseire ja kosmosetehnoloogia teemalisi aktiiv\u00f5ppeprogramme, mille raames lahendavad \u00f5pilased iseseisvalt \u00fclesandeid, teevad ettekandeid ja osalevad praktilises t\u00f6\u00f6s;<\/li>\n<li>v\u00f5imalust korraldada meie ruumides seminare koos lisategevusega \u2013 loengud, praktiline tegevus, kohtumised teadlastega jne.<\/li>\n<\/ul>\n<p>L\u00e4hemalt saab uurida <strong><a title=\"\" href=\"https:\/\/kosmos.ut.ee\/et\/sisu\/kulastuskeskus\" target=\"_blank\" rel=\"noopener\" data-url=\"https:\/\/kosmos.ut.ee\/et\/sisu\/kulastuskeskus\">k\u00fclastuskeskuse kodulehelt<\/a>.<\/strong><\/p>\n","protected":false},"excerpt":{"rendered":"<p>T\u00dc Tartu observatooriumi k\u00fclastuskeskus on loodud eesm\u00e4rgiga tutvustada laiale \u00fcldsusele kosmoseteaduse ja -tehnoloogia uusimaid saavutusi ning teadlase elukutset. K\u00fclastuskeskus pakub: traditsioonilist ekskursiooni, mille raames liiguvad k\u00fclastajad giidi saatel observatooriumi peahoonest suure teleskoobi torni, kus k\u00fclastatakse spetsiaalselt huviliste jaoks sisustatud Stellaariumi &#8230;<\/p>\n","protected":false},"author":241,"featured_media":0,"parent":0,"menu_order":0,"comment_status":"closed","ping_status":"closed","template":"","meta":{"_acf_changed":false,"inline_featured_image":false,"footnotes":""},"class_list":["post-14","page","type-page","status-publish","hentry"],"acf":[],"_links":{"self":[{"href":"https:\/\/sisu.ut.ee\/esero\/wp-json\/wp\/v2\/pages\/14","targetHints":{"allow":["GET"]}}],"collection":[{"href":"https:\/\/sisu.ut.ee\/esero\/wp-json\/wp\/v2\/pages"}],"about":[{"href":"https:\/\/sisu.ut.ee\/esero\/wp-json\/wp\/v2\/types\/page"}],"author":[{"embeddable":true,"href":"https:\/\/sisu.ut.ee\/esero\/wp-json\/wp\/v2\/users\/241"}],"replies":[{"embeddable":true,"href":"https:\/\/sisu.ut.ee\/esero\/wp-json\/wp\/v2\/comments?post=14"}],"version-history":[{"count":2,"href":"https:\/\/sisu.ut.ee\/esero\/wp-json\/wp\/v2\/pages\/14\/revisions"}],"predecessor-version":[{"id":1680,"href":"https:\/\/sisu.ut.ee\/esero\/wp-json\/wp\/v2\/pages\/14\/revisions\/1680"}],"wp:attachment":[{"href":"https:\/\/sisu.ut.ee\/esero\/wp-json\/wp\/v2\/media?parent=14"}],"curies":[{"name":"wp","href":"https:\/\/api.w.org\/{rel}","templated":true}]}}