{"id":1358,"date":"2024-11-19T15:53:37","date_gmt":"2024-11-19T13:53:37","guid":{"rendered":"https:\/\/sisu.ut.ee\/esero\/?page_id=1358"},"modified":"2024-12-13T13:51:31","modified_gmt":"2024-12-13T11:51:31","slug":"linnutee-taht-2023_1","status":"publish","type":"page","link":"https:\/\/sisu.ut.ee\/esero\/linnutee-taht-2023_1\/","title":{"rendered":"Linnutee T\u00e4ht 2023"},"content":{"rendered":"<p><\/p>\n\n\n<p><strong><img loading=\"lazy\" decoding=\"async\" class=\"alignright wp-image-1359 \" src=\"https:\/\/sisu.ut.ee\/wp-content\/uploads\/sites\/464\/DSC3170.jpg\" alt=\"\" width=\"389\" height=\"259\" srcset=\"https:\/\/sisu.ut.ee\/wp-content\/uploads\/sites\/464\/DSC3170.jpg 472w, https:\/\/sisu.ut.ee\/wp-content\/uploads\/sites\/464\/DSC3170-300x200.jpg 300w\" sizes=\"auto, (max-width: 389px) 100vw, 389px\">Ingrid R\u00f5igas p\u00e4lvis Tartu \u00dclikooli Tartu observatooriumi ja ESERO Eesti tunnustuse Linnutee T\u00e4ht. Preemia anti v\u00e4lja esimest korda ja \u00fcleandmine toimus 16. Eesti Teadusagentuuri teaduskommunikatsiooni aastakonverentsil. \u00a0<\/strong><\/p>\n<p>Linnutee T\u00e4ht on tunnustus, millega p\u00e4rjatakse inimest v\u00f5i asutust, kes on oluliselt panustanud loodus- ja t\u00e4ppisteaduste populariseerimisse tegeledes kosmose teemadega. Tunnustusega k\u00e4ib kaasas klaasist meene ja rahaline preemia 1000 eurot. Ingrid R\u00f5igas on juba \u00fcle k\u00fcmne aasta panustanud koost\u00f6\u00f6s observatooriumiga \u00f5pilaste teadmiste laiendamisse kaasaegse kosmoseteaduse ja tehnoloogia suunal.\u00a0<\/p>\n<p>Auhinna andsid \u00fcle Tartu observatooriumi direktor Antti Tamm ja ESERO Eesti juht Heli L\u00e4tt. \u201eSellel aastal soovisime teha suure kummarduse \u00f5pilaste k\u00f5ige suurematele ja k\u00f5ige l\u00e4hemal seisvatele teaduse populariseerijatele ja suunamudijatele \u2014 \u00f5petajatele,\u201c\u00a0selgitab Heli L\u00e4tt \u017e\u00fcrii valiku tegemise l\u00e4htepunkte. L\u00e4ti hinnangul on Viimsi kooli teadus- ja tehnoloogiaalane \u00f5pe muutunud rikkalikumaks ja praktilisemaks Ingrid R\u00f5igase m\u00f5jutusel: \u201eTa k\u00fclastab regulaarselt Tartu obseravtooriumi aktiiv\u00f5ppeprogramme, et muuta oma ainetunnid huvitavamaks. Lisaks on igal aastal tema \u00f5pilaste seas noori, kes valivad oma uurimust\u00f6\u00f6 tegemise kohaks Eesti kosmosekeskuse T\u00f5raveres ja need uurimust\u00f6\u00f6d on saanud riiklikke tunnustusi. Eelmisel aastal osalesid tema \u00f5pilased edukalt Euroopa Kosmoseagentuuri poolt korraldatud \u00fcle-euroopalises noortele suunatud hariduslikus \u00fcleskutses MoonCamp.\u201c\u00a0<\/p>\n<p><img loading=\"lazy\" decoding=\"async\" class=\"wp-image-1360 alignleft\" src=\"https:\/\/sisu.ut.ee\/wp-content\/uploads\/sites\/464\/Heli-ja-Ingrid-300x200.jpg\" alt=\"\" width=\"324\" height=\"216\" srcset=\"https:\/\/sisu.ut.ee\/wp-content\/uploads\/sites\/464\/Heli-ja-Ingrid-300x200.jpg 300w, https:\/\/sisu.ut.ee\/wp-content\/uploads\/sites\/464\/Heli-ja-Ingrid.jpg 472w\" sizes=\"auto, (max-width: 324px) 100vw, 324px\">Haridusprojekt ESERO on Euroopa Kosmoseagentuuri (ESA) ja kohalike partnerite \u00fchine \u00fcldharidust toetav projekt, mille eesm\u00e4rk on suurendada huvi loodus- ja t\u00e4ppisteaduste vastu kosmosevaldkonna populariseerimise teel. ESERO Eesti haridusprojekti juhitakse T\u00f5raverest, Tartu \u00dclikooli Tartu observatooriumist.<\/p>\n<p>\u00a0<\/p>\n<p>\u00a0<\/p>\n\n\n<div class=\"wp-block-buttons has-custom-font-size has-regular-font-size is-content-justification-space-between is-layout-flex wp-container-core-buttons-is-layout-e1f24697 wp-block-buttons-is-layout-flex\">\n<div class=\"wp-block-button is-style-fill\"><a class=\"wp-block-button__link wp-element-button\" href=\"https:\/\/sisu.ut.ee\/esero\/linnutee-taht-2023\/\" target=\"_blank\" rel=\"noreferrer noopener\">Loe ka intervjuud Ingrid R\u00f5igasega<\/a><\/div>\n<\/div>\n","protected":false},"excerpt":{"rendered":"<p>Ingrid R\u00f5igas p\u00e4lvis Tartu \u00dclikooli Tartu observatooriumi ja ESERO Eesti tunnustuse Linnutee T\u00e4ht. Preemia anti v\u00e4lja esimest korda ja \u00fcleandmine toimus 16. Eesti Teadusagentuuri teaduskommunikatsiooni aastakonverentsil. \u00a0 Linnutee T\u00e4ht on tunnustus, millega p\u00e4rjatakse inimest v\u00f5i asutust, kes on oluliselt panustanud &#8230;<\/p>\n","protected":false},"author":241,"featured_media":0,"parent":0,"menu_order":0,"comment_status":"closed","ping_status":"closed","template":"","meta":{"_acf_changed":false,"inline_featured_image":false,"footnotes":""},"class_list":["post-1358","page","type-page","status-publish","hentry"],"acf":[],"_links":{"self":[{"href":"https:\/\/sisu.ut.ee\/esero\/wp-json\/wp\/v2\/pages\/1358","targetHints":{"allow":["GET"]}}],"collection":[{"href":"https:\/\/sisu.ut.ee\/esero\/wp-json\/wp\/v2\/pages"}],"about":[{"href":"https:\/\/sisu.ut.ee\/esero\/wp-json\/wp\/v2\/types\/page"}],"author":[{"embeddable":true,"href":"https:\/\/sisu.ut.ee\/esero\/wp-json\/wp\/v2\/users\/241"}],"replies":[{"embeddable":true,"href":"https:\/\/sisu.ut.ee\/esero\/wp-json\/wp\/v2\/comments?post=1358"}],"version-history":[{"count":11,"href":"https:\/\/sisu.ut.ee\/esero\/wp-json\/wp\/v2\/pages\/1358\/revisions"}],"predecessor-version":[{"id":1443,"href":"https:\/\/sisu.ut.ee\/esero\/wp-json\/wp\/v2\/pages\/1358\/revisions\/1443"}],"wp:attachment":[{"href":"https:\/\/sisu.ut.ee\/esero\/wp-json\/wp\/v2\/media?parent=1358"}],"curies":[{"name":"wp","href":"https:\/\/api.w.org\/{rel}","templated":true}]}}