{"id":12,"date":"2024-04-04T06:47:01","date_gmt":"2024-04-04T03:47:01","guid":{"rendered":"https:\/\/sisu.ut.ee\/esero\/esero-projekt\/"},"modified":"2025-09-09T14:26:22","modified_gmt":"2025-09-09T11:26:22","slug":"esero-projekt","status":"publish","type":"page","link":"https:\/\/sisu.ut.ee\/esero\/esero-projekt\/","title":{"rendered":"ESERO projekt"},"content":{"rendered":"<p><span style=\"color: #0098db;\"><strong><span style=\"font-size: 20px;\"><span style=\"font-family: Verdana,Geneva,sans-serif;\">Projekti v\u00e4ljundid:<\/span><\/span><\/strong><\/span><\/p>\n<ul>\n<li>ESA \u00fcldhariduskoolide \u00f5ppematerjalide repositooriumist valitakse, mugandatakse ja t\u00f5lgitakse eesti keelde <strong>21 \u00f5ppematerjali<\/strong>;<\/li>\n<li>koostatakse ise <strong>9 \u00f5ppematerjali<\/strong>;<\/li>\n<li>v\u00e4hemalt <strong>800 \u00f5petajat\u00a0koolitatakse<\/strong> valminud materjale kasutama;<\/li>\n<li>koordineeritakse ja toetatakse \u00f5petajate osav\u00f5ttu <strong>ESA hariduslikest\u00a0v\u00f5istlustest<\/strong>:\n<ul>\n<li>CanSat ehk purksatelliit, Missioon X, Kliimadetektiivid, Astro Pii, Moon Camp ehk Kuu-asula;<\/li>\n<\/ul>\n<\/li>\n<li>et Eestis loodus- ja t\u00e4ppisteaduste valdkonna haridust arendada, kaasatakse <strong>kosmosesektori ettev\u00f5tteid ja akadeemilisi asutusi<\/strong>.<\/li>\n<\/ul>\n","protected":false},"excerpt":{"rendered":"<p>Projekti v\u00e4ljundid: ESA \u00fcldhariduskoolide \u00f5ppematerjalide repositooriumist valitakse, mugandatakse ja t\u00f5lgitakse eesti keelde 21 \u00f5ppematerjali; koostatakse ise 9 \u00f5ppematerjali; v\u00e4hemalt 800 \u00f5petajat\u00a0koolitatakse valminud materjale kasutama; koordineeritakse ja toetatakse \u00f5petajate osav\u00f5ttu ESA hariduslikest\u00a0v\u00f5istlustest: CanSat ehk purksatelliit, Missioon X, Kliimadetektiivid, Astro Pii, Moon &#8230;<\/p>\n","protected":false},"author":241,"featured_media":0,"parent":0,"menu_order":0,"comment_status":"closed","ping_status":"closed","template":"","meta":{"_acf_changed":false,"inline_featured_image":false,"footnotes":""},"class_list":["post-12","page","type-page","status-publish","hentry"],"acf":[],"_links":{"self":[{"href":"https:\/\/sisu.ut.ee\/esero\/wp-json\/wp\/v2\/pages\/12","targetHints":{"allow":["GET"]}}],"collection":[{"href":"https:\/\/sisu.ut.ee\/esero\/wp-json\/wp\/v2\/pages"}],"about":[{"href":"https:\/\/sisu.ut.ee\/esero\/wp-json\/wp\/v2\/types\/page"}],"author":[{"embeddable":true,"href":"https:\/\/sisu.ut.ee\/esero\/wp-json\/wp\/v2\/users\/241"}],"replies":[{"embeddable":true,"href":"https:\/\/sisu.ut.ee\/esero\/wp-json\/wp\/v2\/comments?post=12"}],"version-history":[{"count":2,"href":"https:\/\/sisu.ut.ee\/esero\/wp-json\/wp\/v2\/pages\/12\/revisions"}],"predecessor-version":[{"id":2291,"href":"https:\/\/sisu.ut.ee\/esero\/wp-json\/wp\/v2\/pages\/12\/revisions\/2291"}],"wp:attachment":[{"href":"https:\/\/sisu.ut.ee\/esero\/wp-json\/wp\/v2\/media?parent=12"}],"curies":[{"name":"wp","href":"https:\/\/api.w.org\/{rel}","templated":true}]}}