{"id":1144,"date":"2024-09-30T10:39:15","date_gmt":"2024-09-30T07:39:15","guid":{"rendered":"https:\/\/sisu.ut.ee\/esero\/?page_id=1144"},"modified":"2025-11-17T15:34:36","modified_gmt":"2025-11-17T13:34:36","slug":"linnutee-taht","status":"publish","type":"page","link":"https:\/\/sisu.ut.ee\/esero\/linnutee-taht\/","title":{"rendered":"Linnutee T\u00e4ht"},"content":{"rendered":"<figure class=\"wp-block-image alignright size-medium is-resized\"><img loading=\"lazy\" decoding=\"async\" width=\"300\" height=\"200\" src=\"https:\/\/sisu.ut.ee\/wp-content\/uploads\/sites\/464\/Ingrit-ja-Heli-1-300x200.jpg\" alt=\"\" class=\"wp-image-1145\" style=\"width:354px;height:auto\" srcset=\"https:\/\/sisu.ut.ee\/wp-content\/uploads\/sites\/464\/Ingrit-ja-Heli-1-300x200.jpg 300w, https:\/\/sisu.ut.ee\/wp-content\/uploads\/sites\/464\/Ingrit-ja-Heli-1-1024x682.jpg 1024w, https:\/\/sisu.ut.ee\/wp-content\/uploads\/sites\/464\/Ingrit-ja-Heli-1-768x512.jpg 768w, https:\/\/sisu.ut.ee\/wp-content\/uploads\/sites\/464\/Ingrit-ja-Heli-1-1536x1024.jpg 1536w, https:\/\/sisu.ut.ee\/wp-content\/uploads\/sites\/464\/Ingrit-ja-Heli-1-1920x1280.jpg 1920w, https:\/\/sisu.ut.ee\/wp-content\/uploads\/sites\/464\/Ingrit-ja-Heli-1.jpg 2000w\" sizes=\"auto, (max-width: 300px) 100vw, 300px\"><figcaption class=\"wp-element-caption\">Linnutee T\u00e4ht tunnustuse p\u00e4lvinud Ingrid R\u00f5igas (vasakul) ja ESERO Eesti juhataja Heli L\u00e4tt (paremal).<\/figcaption><\/figure>\n\n\n<p><strong>10. septembrini saab esitada kandidaate Tartu observatooriumi tunnustusele <a href=\"https:\/\/kosmos.ut.ee\/et\/sisu\/linnutee-taht\">Linnutee T\u00e4ht<\/a>, millega p\u00e4rjatakse inimest v\u00f5i asutust, kes on osalenud <a href=\"https:\/\/esero.ee\/\" target=\"_blank\" rel=\"noreferrer noopener\">Euroopa Kosmoseagentuuri hariduskontorite v\u00f5rgustiku ESERO<\/a> tegevuste elluviimisel ja andnud sellega m\u00e4rkimisv\u00e4\u00e4rse panuse loodus- ja t\u00e4ppisteaduste populariseerimisse kosmosevaldkonna kaudu.<\/strong><\/p>\n<p><\/p>\n<p>Esita p\u00f5hjendatud ettepanek inimese v\u00f5i asutuse autasustamiseks Linnutee T\u00e4he tunnustusega\u00a0<br>hiljemalt 10. septembriks 2026 <strong><a href=\"https:\/\/survey.ut.ee\/LinnuteeT%C3%A4ht\" target=\"_blank\" rel=\"noreferrer noopener\">siin<\/a><\/strong><a href=\"https:\/\/survey.ut.ee\/LinnuteeT%C3%A4ht\" target=\"_blank\" rel=\"noreferrer noopener\"><strong>.<\/strong><\/a>\u00a0<br>Linnutee T\u00e4he tunnustust on v\u00f5imalik saada isikul v\u00f5i asutusel vaid <strong>\u00fcks kord<\/strong>.\u00a0<br>Tunnustuse saaja otsustab ESERO Eesti juhtkomitee.\u00a0<br>Linnutee T\u00e4he tunnustusega kaasnevad rahaline stipendium ja\u00a0klaasmeene.<\/p>\n<p>2025. aastal p\u00e4lvis Linnutee T\u00e4he tunnustuse Tallinna N\u00f5mme G\u00fcmnaasiumi f\u00fc\u00fcsika\u00f5petaja <strong>Erkki Piisang<\/strong>.<\/p>\n<p> <\/p>\n<p>2024. aastal p\u00e4lvis Linnutee T\u00e4he tunnustuse Kuressaare Nooruse Kooli \u00f5ppejuht <strong>Aire Siinvert<\/strong>.<\/p>\n<p> <\/p>\n<p>2023. aastal p\u00e4lvis Linnutee T\u00e4he tunnustuse Viimsi G\u00fcmnaasiumi \u00f5petaja<strong> Ingrid R\u00f5igas<\/strong>.<br>\u00a0<\/p>\n<p><\/p>\n\n\n<hr class=\"wp-block-separator has-alpha-channel-opacity\">\n\n\n\n<p>Tartu observatoorium teeb tunnustuse saaja teatavaks igal aastal Eesti Teadusagentuuri poolt korraldataval teaduskommunikatsiooni konverentsil.<\/p>\n\n\n\n<p><\/p>\n","protected":false},"excerpt":{"rendered":"<p>10. septembrini saab esitada kandidaate Tartu observatooriumi tunnustusele Linnutee T\u00e4ht, millega p\u00e4rjatakse inimest v\u00f5i asutust, kes on osalenud Euroopa Kosmoseagentuuri hariduskontorite v\u00f5rgustiku ESERO tegevuste elluviimisel ja andnud sellega m\u00e4rkimisv\u00e4\u00e4rse panuse loodus- ja t\u00e4ppisteaduste populariseerimisse kosmosevaldkonna kaudu. Esita p\u00f5hjendatud ettepanek inimese &#8230;<\/p>\n","protected":false},"author":241,"featured_media":1148,"parent":0,"menu_order":0,"comment_status":"closed","ping_status":"closed","template":"","meta":{"_acf_changed":false,"inline_featured_image":false,"footnotes":""},"class_list":["post-1144","page","type-page","status-publish","has-post-thumbnail","hentry"],"acf":[],"_links":{"self":[{"href":"https:\/\/sisu.ut.ee\/esero\/wp-json\/wp\/v2\/pages\/1144","targetHints":{"allow":["GET"]}}],"collection":[{"href":"https:\/\/sisu.ut.ee\/esero\/wp-json\/wp\/v2\/pages"}],"about":[{"href":"https:\/\/sisu.ut.ee\/esero\/wp-json\/wp\/v2\/types\/page"}],"author":[{"embeddable":true,"href":"https:\/\/sisu.ut.ee\/esero\/wp-json\/wp\/v2\/users\/241"}],"replies":[{"embeddable":true,"href":"https:\/\/sisu.ut.ee\/esero\/wp-json\/wp\/v2\/comments?post=1144"}],"version-history":[{"count":4,"href":"https:\/\/sisu.ut.ee\/esero\/wp-json\/wp\/v2\/pages\/1144\/revisions"}],"predecessor-version":[{"id":2699,"href":"https:\/\/sisu.ut.ee\/esero\/wp-json\/wp\/v2\/pages\/1144\/revisions\/2699"}],"wp:featuredmedia":[{"embeddable":true,"href":"https:\/\/sisu.ut.ee\/esero\/wp-json\/wp\/v2\/media\/1148"}],"wp:attachment":[{"href":"https:\/\/sisu.ut.ee\/esero\/wp-json\/wp\/v2\/media?parent=1144"}],"curies":[{"name":"wp","href":"https:\/\/api.w.org\/{rel}","templated":true}]}}