{"id":1024,"date":"2024-08-12T11:16:44","date_gmt":"2024-08-12T08:16:44","guid":{"rendered":"https:\/\/sisu.ut.ee\/esero\/?page_id=1024"},"modified":"2025-09-24T15:04:42","modified_gmt":"2025-09-24T12:04:42","slug":"mission-x-treeni-nagu-astronaut-oppematerjalide-kogumik","status":"publish","type":"page","link":"https:\/\/sisu.ut.ee\/esero\/mission-x-treeni-nagu-astronaut-oppematerjalide-kogumik\/","title":{"rendered":"Mission X: treeni nagu astronaut \u00f5ppematerjalide kogumik"},"content":{"rendered":"<p><strong>Mission X: treeni nagu astronaut<\/strong> eestikeelne \u00f5ppematejalide kogumik\u00a0sisaldab\u00a0<strong>40 eriilmelist<\/strong> liikumise, loovuse ja uurimisega seotud \u00f5pitegevust. \u00d5ppematerjali sisukorras (lk 5-7) saab \u00fclevaate \u00f5pitegevuste sihtr\u00fcmast: alusharidus, I, II ja III kooliaste ning teemap\u00e4ev. Tehes l\u00e4bi kogumikus olevaid tegevusi ning registreerides need <a href=\"https:\/\/trainlikeanastronaut.org\/et\/\"><strong>Mission X: train like an astronaut kodulehel<\/strong><\/a>, saate osa v\u00f5tta rahvusvahelisest \u00fcleskutsest. Aktiivsemaid osalejaid tunnustatakse iga hooaja l\u00f5pus meenetega.<\/p>\n\n\n\n<div class=\"wp-block-buttons is-layout-flex wp-block-buttons-is-layout-flex\">\n<div class=\"wp-block-button has-custom-width wp-block-button__width-100 is-style-outline is-style-outline--1\"><a class=\"wp-block-button__link has-regular-font-size has-custom-font-size wp-element-button\" href=\"https:\/\/sisu.ut.ee\/wp-content\/uploads\/sites\/464\/Mission-X-t2iskogumik-UUS.pdf\" style=\"border-radius:6px;padding-top:0;padding-right:var(--wp--preset--spacing--30);padding-bottom:0;padding-left:var(--wp--preset--spacing--30)\" target=\"_blank\" rel=\"noreferrer noopener\">Mission X: treeni nagu astronaut. \u00d5ppematerjalide kogumik.<\/a><\/div>\n<\/div>\n\n\n\n<p><\/p>\n\n\n\n<p>Lisaks \u00f5ppematerjalide kogumikule on v\u00f5imalus omale alla laadida ka \u00fcleskutse l\u00e4bimist toetavaid visuaalsed materjale. Valikus on vahva\u00a0 <strong>Misson X plakat<\/strong>, millega saab k\u00f5igile teada anda \u00fcleskutses osalemisest ning kosmiline <strong>tegevustahvel<\/strong>, kuhu saab eriliste\u00a0<strong>\u00f5pitegevuste m\u00e4rgiste<\/strong> abil oma \u00fclesannete l\u00e4bimise teekonna m\u00e4rkida.<\/p>\n\n\n\n<div class=\"wp-block-buttons is-layout-flex wp-block-buttons-is-layout-flex\">\n<div class=\"wp-block-button has-custom-width wp-block-button__width-100 is-style-outline is-style-outline--2\"><a class=\"wp-block-button__link has-regular-font-size has-text-align-left has-custom-font-size wp-element-button\" href=\"https:\/\/sisu.ut.ee\/wp-content\/uploads\/sites\/464\/MissionX_plakat.pdf\" style=\"border-radius:6px;padding-top:0;padding-right:var(--wp--preset--spacing--20);padding-bottom:0;padding-left:var(--wp--preset--spacing--20)\" target=\"_blank\" rel=\"noreferrer noopener\">Mission X: treeni nagu astronaut. Reklaamplakat klassiuksele v\u00f5i seinale.<\/a><\/div>\n<\/div>\n\n\n\n<div class=\"wp-block-buttons is-layout-flex wp-block-buttons-is-layout-flex\">\n<div class=\"wp-block-button has-custom-width wp-block-button__width-100 is-style-outline is-style-outline--3\"><a class=\"wp-block-button__link has-regular-font-size has-text-align-left has-custom-font-size wp-element-button\" href=\"https:\/\/sisu.ut.ee\/wp-content\/uploads\/sites\/464\/MissionX_tegevuste_plakat.pdf\" style=\"border-radius:6px;padding-top:0;padding-right:var(--wp--preset--spacing--20);padding-bottom:0;padding-left:var(--wp--preset--spacing--20)\" target=\"_blank\" rel=\"noreferrer noopener\">Mission X: treeni nagu astronaut. Tegevustahvel \u00f5pitegevuste m\u00e4rkimiseks.<\/a><\/div>\n<\/div>\n\n\n\n<div class=\"wp-block-buttons is-layout-flex wp-block-buttons-is-layout-flex\">\n<div class=\"wp-block-button has-custom-width wp-block-button__width-100 is-style-outline is-style-outline--4\"><a class=\"wp-block-button__link has-regular-font-size has-text-align-left has-custom-font-size wp-element-button\" href=\"https:\/\/sisu.ut.ee\/wp-content\/uploads\/sites\/464\/MissionX_tegevuste_margised.pdf\" style=\"border-radius:6px;padding-top:0;padding-right:var(--wp--preset--spacing--20);padding-bottom:0;padding-left:var(--wp--preset--spacing--20)\" target=\"_blank\" rel=\"noreferrer noopener\">Mission X: treeni nagu astronaut. Tegevustahvlile \u00f5pitegevuste m\u00e4rgised (42 tk).<\/a><\/div>\n<\/div>\n\n\n\n<p><\/p>\n\n\n\n<p>2024\/2025 \u00f5ppeaastal pakume kiirematele osalevatele meeskondadele motivatsiooni hoidmiseks ja arengu j\u00e4lgimiseks metallist tegevustahvlit koos magnetiliste tegevusm\u00e4rgistega. Tegevustahvli saamiseks tuleb meeskonnal end registreerida<strong> <a href=\"https:\/\/trainlikeanastronaut.org\/et\/\">Mission X: train like an astronaut kodulehel<\/a><\/strong> ning teha l\u00e4bi ja sisestada v\u00e4hemalt <strong>kolm<\/strong> tegevust Mission X \u00f5ppematerjalide kogumikust v\u00f5i \u00f5ppematerjali valikust. \u00dclekutsest saad p\u00f5hjalikumalt lugeda <strong><a href=\"https:\/\/esero.ee\/missioon-x\">siit<\/a><\/strong>.<\/p>\n\n\n\n<p><\/p>\n","protected":false},"excerpt":{"rendered":"<p>Mission X: treeni nagu astronaut eestikeelne \u00f5ppematejalide kogumik\u00a0sisaldab\u00a040 eriilmelist liikumise, loovuse ja uurimisega seotud \u00f5pitegevust. \u00d5ppematerjali sisukorras (lk 5-7) saab \u00fclevaate \u00f5pitegevuste sihtr\u00fcmast: alusharidus, I, II ja III kooliaste ning teemap\u00e4ev. Tehes l\u00e4bi kogumikus olevaid tegevusi ning registreerides need Mission &#8230;<\/p>\n","protected":false},"author":241,"featured_media":985,"parent":0,"menu_order":0,"comment_status":"closed","ping_status":"closed","template":"","meta":{"_acf_changed":false,"inline_featured_image":false,"footnotes":""},"class_list":["post-1024","page","type-page","status-publish","has-post-thumbnail","hentry"],"acf":[],"_links":{"self":[{"href":"https:\/\/sisu.ut.ee\/esero\/wp-json\/wp\/v2\/pages\/1024","targetHints":{"allow":["GET"]}}],"collection":[{"href":"https:\/\/sisu.ut.ee\/esero\/wp-json\/wp\/v2\/pages"}],"about":[{"href":"https:\/\/sisu.ut.ee\/esero\/wp-json\/wp\/v2\/types\/page"}],"author":[{"embeddable":true,"href":"https:\/\/sisu.ut.ee\/esero\/wp-json\/wp\/v2\/users\/241"}],"replies":[{"embeddable":true,"href":"https:\/\/sisu.ut.ee\/esero\/wp-json\/wp\/v2\/comments?post=1024"}],"version-history":[{"count":21,"href":"https:\/\/sisu.ut.ee\/esero\/wp-json\/wp\/v2\/pages\/1024\/revisions"}],"predecessor-version":[{"id":2365,"href":"https:\/\/sisu.ut.ee\/esero\/wp-json\/wp\/v2\/pages\/1024\/revisions\/2365"}],"wp:featuredmedia":[{"embeddable":true,"href":"https:\/\/sisu.ut.ee\/esero\/wp-json\/wp\/v2\/media\/985"}],"wp:attachment":[{"href":"https:\/\/sisu.ut.ee\/esero\/wp-json\/wp\/v2\/media?parent=1024"}],"curies":[{"name":"wp","href":"https:\/\/api.w.org\/{rel}","templated":true}]}}