{"id":10,"date":"2024-04-04T06:47:01","date_gmt":"2024-04-04T03:47:01","guid":{"rendered":"https:\/\/sisu.ut.ee\/esero\/meist\/"},"modified":"2026-01-23T16:16:35","modified_gmt":"2026-01-23T14:16:35","slug":"meist","status":"publish","type":"page","link":"https:\/\/sisu.ut.ee\/esero\/meist\/","title":{"rendered":"Meist"},"content":{"rendered":"<p><strong>ESERO Eesti<\/strong> (European Space Education Resource Office) on <strong><a href=\"https:\/\/kosmos.ut.ee\/et\/sisu\/kulastuskeskus\">Tartu observatooriumi<\/a> <\/strong>koordineeritav kosmoseharidusprogramm, mis kuulub Euroopa Kosmoseagentuuri (ESA) rahvusvahelisse ESERO v\u00f5rgustikku. Programmi eesm\u00e4rk on tuua kosmos ja sellega seotud teemad l\u00e4hemale Eesti koolidele ning kasutada neid inspiratsioonina loodus-, tehnoloogia-, inseneeria- ja matemaatika\u00f5ppe (STEM) rikastamiseks.<\/p>\n<p data-start=\"380\" data-end=\"799\">ESERO Eesti toetab \u00f5petajaid <strong>koolituste<\/strong> ja <strong>\u00f5ppematerjalidega<\/strong>, mis aitavad tuua kosmoseteemad eri \u00f5ppeainetesse ning muuta \u00f5ppet\u00f6\u00f6 mitmekesisemaks ja inspireerivamaks. \u00d5pilastele pakutakse v\u00f5imalust osaleda <strong>rahvusvahelistes projektides<\/strong> ja <strong>v\u00f5istlustel<\/strong>, kus saab end proovile panna n\u00e4iteks purksatelliidi ehitamises, Kuu-asula kavandamises, astronaudi treeningute l\u00e4bim\u00e4ngimises v\u00f5i programmeerimis\u00fclesannete lahendamises.<\/p>\n<p data-start=\"801\" data-end=\"1064\" data-is-last-node=\"\" data-is-only-node=\"\">ESERO Eesti tegevused avardavad noorte silmaringi, arendavad teadus- ja tehnoloogiahuvi ning loovad sidemeid hariduse ja kosmoseteaduse vahel. Nii s\u00fcnnib arusaam, et kosmos ei ole ainult uurimisobjekt, vaid osa meie igap\u00e4evasest maailmast ja tulevikuv\u00f5imalustest.<\/p>\n<p data-start=\"0\" data-end=\"239\">K\u00f5ige mugavam viis meiega \u00fchenduse v\u00f5tmiseks on kirjutada ESERO Eesti e-posti aadressile <strong data-start=\"89\" data-end=\"104\"><a class=\"decorated-link cursor-pointer\" rel=\"noopener\" data-start=\"91\" data-end=\"102\">esero@ut.ee<\/a><\/strong>. Samuti oleme k\u00e4ttesaadavad Tartu observatooriumi k\u00fclastuskeskuse kaudu aadressil <strong data-start=\"187\" data-end=\"204\"><a class=\"decorated-link cursor-pointer\" rel=\"noopener\" data-start=\"189\" data-end=\"202\">tovisit@ut.ee<\/a><\/strong> v\u00f5i telefonil <strong data-start=\"219\" data-end=\"236\">+372 737 4521<\/strong>.<br>\nOled oodatud ka meile k\u00fclla T\u00f5ravere maagiliste kuplite vahele, meie kontor asub T\u00dc Tartu observatooriumi peahoones. T\u00e4psemad juhised kohale j\u00f5udmiseks leiad <a href=\"https:\/\/kosmos.ut.ee\/et\/sisu\/kontakt\" target=\"_blank\" rel=\"noopener\">siit<\/a>.<\/p>\n<p data-start=\"241\" data-end=\"355\" data-is-last-node=\"\" data-is-only-node=\"\">Kui soovid p\u00f6\u00f6rduda otse m\u00f5ne meie s\u00e4rasilmse tiimiliikme poole, leiad nende kontaktandmed <a href=\"https:\/\/sisu.ut.ee\/esero\/inimesed\/\" target=\"_blank\" rel=\"noopener\">siit<\/a>.<\/p>\n","protected":false},"excerpt":{"rendered":"<p>ESERO Eesti (European Space Education Resource Office) on Tartu observatooriumi koordineeritav kosmoseharidusprogramm, mis kuulub Euroopa Kosmoseagentuuri (ESA) rahvusvahelisse ESERO v\u00f5rgustikku. Programmi eesm\u00e4rk on tuua kosmos ja sellega seotud teemad l\u00e4hemale Eesti koolidele ning kasutada neid inspiratsioonina loodus-, tehnoloogia-, inseneeria- ja &#8230;<\/p>\n","protected":false},"author":241,"featured_media":0,"parent":0,"menu_order":0,"comment_status":"closed","ping_status":"closed","template":"","meta":{"_acf_changed":false,"inline_featured_image":false,"footnotes":""},"class_list":["post-10","page","type-page","status-publish","hentry"],"acf":[],"_links":{"self":[{"href":"https:\/\/sisu.ut.ee\/esero\/wp-json\/wp\/v2\/pages\/10","targetHints":{"allow":["GET"]}}],"collection":[{"href":"https:\/\/sisu.ut.ee\/esero\/wp-json\/wp\/v2\/pages"}],"about":[{"href":"https:\/\/sisu.ut.ee\/esero\/wp-json\/wp\/v2\/types\/page"}],"author":[{"embeddable":true,"href":"https:\/\/sisu.ut.ee\/esero\/wp-json\/wp\/v2\/users\/241"}],"replies":[{"embeddable":true,"href":"https:\/\/sisu.ut.ee\/esero\/wp-json\/wp\/v2\/comments?post=10"}],"version-history":[{"count":8,"href":"https:\/\/sisu.ut.ee\/esero\/wp-json\/wp\/v2\/pages\/10\/revisions"}],"predecessor-version":[{"id":3195,"href":"https:\/\/sisu.ut.ee\/esero\/wp-json\/wp\/v2\/pages\/10\/revisions\/3195"}],"wp:attachment":[{"href":"https:\/\/sisu.ut.ee\/esero\/wp-json\/wp\/v2\/media?parent=10"}],"curies":[{"name":"wp","href":"https:\/\/api.w.org\/{rel}","templated":true}]}}