{"id":7,"date":"2024-04-04T08:39:19","date_gmt":"2024-04-04T05:39:19","guid":{"rendered":"https:\/\/sisu.ut.ee\/eptartuworkshop\/organising-committee\/"},"modified":"2024-04-04T08:39:55","modified_gmt":"2024-04-04T05:39:55","slug":"organising-committee","status":"publish","type":"page","link":"https:\/\/sisu.ut.ee\/eptartuworkshop\/organising-committee\/","title":{"rendered":"Organising committee"},"content":{"rendered":"<p>\n\t<strong>Scientific organising committee<\/strong>:\n<\/p>\n<ul>\n<li>\n\t\t<strong>Heleri Ramler<\/strong>, Tartu Observatory, Estonia; Co-Chair \/ heleri.ramler@ut.ee; +372 737 4539\n\t<\/li>\n<li>\n\t\t<strong>Gra\u017eina Tautvai\u0161ien\u0117<\/strong>, Vilnius University, Lithuania; Co-Chair\n\t<\/li>\n<li>\n\t\t<strong>Edyta Podlewska-Gaca<\/strong>, A. Mickiewicz University, Poland; Co-Chair\n\t<\/li>\n<li>\n\t\t<strong>Dagmara Oszkiewicz<\/strong>, A. Mickiewicz University\n\t<\/li>\n<\/ul>\n<p>\n\t\u00a0\n<\/p>\n<p>\n\t<strong>Local organising committee<\/strong>:\n<\/p>\n<ul>\n<li>\n\t\tHeleri Ramler, Tartu Observatory, Estonia; Chair\n\t<\/li>\n<li>\n\t\tT\u00f5nis Eenm\u00e4e, Tartu Observatory, Estonia\n\t<\/li>\n<li>\n\t\tMargit Ristolainen, Tartu Observatory, Estonia\n\t<\/li>\n<li>\n\t\tMerili Jauk, Tartu Observatory, Estonia\n\t<\/li>\n<li>\n\t\tAnni Kasikov, Tartu Observatory, Estonia\n\t<\/li>\n<li>\n\t\tSandipan Borthakur, Tartu Observatory, Estonia\u00a0\n\t<\/li>\n<\/ul>\n","protected":false},"excerpt":{"rendered":"<p>Scientific organising committee: Heleri Ramler, Tartu Observatory, Estonia; Co-Chair \/ heleri.ramler@ut.ee; +372 737 4539 Gra\u017eina Tautvai\u0161ien\u0117, Vilnius University, Lithuania; Co-Chair Edyta Podlewska-Gaca, A. Mickiewicz University, Poland; Co-Chair Dagmara Oszkiewicz, A. Mickiewicz University \u00a0 Local organising committee: Heleri Ramler, Tartu Observatory, &#8230;<\/p>\n","protected":false},"author":310,"featured_media":0,"parent":0,"menu_order":0,"comment_status":"closed","ping_status":"closed","template":"","meta":{"_acf_changed":false,"inline_featured_image":false,"footnotes":""},"class_list":["post-7","page","type-page","status-publish","hentry"],"acf":[],"_links":{"self":[{"href":"https:\/\/sisu.ut.ee\/eptartuworkshop\/wp-json\/wp\/v2\/pages\/7","targetHints":{"allow":["GET"]}}],"collection":[{"href":"https:\/\/sisu.ut.ee\/eptartuworkshop\/wp-json\/wp\/v2\/pages"}],"about":[{"href":"https:\/\/sisu.ut.ee\/eptartuworkshop\/wp-json\/wp\/v2\/types\/page"}],"author":[{"embeddable":true,"href":"https:\/\/sisu.ut.ee\/eptartuworkshop\/wp-json\/wp\/v2\/users\/310"}],"replies":[{"embeddable":true,"href":"https:\/\/sisu.ut.ee\/eptartuworkshop\/wp-json\/wp\/v2\/comments?post=7"}],"version-history":[{"count":1,"href":"https:\/\/sisu.ut.ee\/eptartuworkshop\/wp-json\/wp\/v2\/pages\/7\/revisions"}],"predecessor-version":[{"id":66,"href":"https:\/\/sisu.ut.ee\/eptartuworkshop\/wp-json\/wp\/v2\/pages\/7\/revisions\/66"}],"wp:attachment":[{"href":"https:\/\/sisu.ut.ee\/eptartuworkshop\/wp-json\/wp\/v2\/media?parent=7"}],"curies":[{"name":"wp","href":"https:\/\/api.w.org\/{rel}","templated":true}]}}