{"id":6,"date":"2024-04-04T08:39:19","date_gmt":"2024-04-04T05:39:19","guid":{"rendered":"https:\/\/sisu.ut.ee\/eptartuworkshop\/lecturers-and-instructors\/"},"modified":"2024-04-04T08:39:55","modified_gmt":"2024-04-04T05:39:55","slug":"lecturers-and-instructors","status":"publish","type":"page","link":"https:\/\/sisu.ut.ee\/eptartuworkshop\/lecturers-and-instructors\/","title":{"rendered":"Lecturers and instructors"},"content":{"rendered":"<p>\n\t<a data-url=\"https:\/\/www.etis.ee\/CV\/Heleri_Ramler\/eng\" href=\"https:\/\/www.etis.ee\/CV\/Heleri_Ramler\/eng\" target=\"_blank\" title=\"\" rel=\"noopener\">Heleri Ramler<\/a>; University of Tartu, Tartu Observatory; Estonia.\n<\/p>\n<p>\n\t<img loading=\"lazy\" decoding=\"async\" width=\"2560\" height=\"1707\" class=\"alignnone wp-image-30\" src=\"https:\/\/sisu.ut.ee\/wp-content\/uploads\/sites\/630\/bh9a9400-scaled.jpg\" title=\"bh9a9400.jpg\" alt=\"heleri\" srcset=\"https:\/\/sisu.ut.ee\/wp-content\/uploads\/sites\/630\/bh9a9400-scaled.jpg 2560w, https:\/\/sisu.ut.ee\/wp-content\/uploads\/sites\/630\/bh9a9400-300x200.jpg 300w, https:\/\/sisu.ut.ee\/wp-content\/uploads\/sites\/630\/bh9a9400-1024x683.jpg 1024w, https:\/\/sisu.ut.ee\/wp-content\/uploads\/sites\/630\/bh9a9400-768x512.jpg 768w, https:\/\/sisu.ut.ee\/wp-content\/uploads\/sites\/630\/bh9a9400-1536x1024.jpg 1536w, https:\/\/sisu.ut.ee\/wp-content\/uploads\/sites\/630\/bh9a9400-2048x1365.jpg 2048w, https:\/\/sisu.ut.ee\/wp-content\/uploads\/sites\/630\/bh9a9400-1920x1280.jpg 1920w\" sizes=\"auto, (max-width: 2560px) 100vw, 2560px\">\n<\/p>\n<hr>\n<p>\n\t<a data-url=\"https:\/\/www.etis.ee\/CV\/Anni_Kasikov\/eng\/\" href=\"https:\/\/www.etis.ee\/CV\/Anni_Kasikov\/eng\/\" target=\"_blank\" title=\"\" rel=\"noopener\">Anni Kasikov<\/a>; University of Tartu, Tartu Observatory; Estonia.\n<\/p>\n<p>\n\t<img loading=\"lazy\" decoding=\"async\" width=\"2560\" height=\"1707\" class=\"alignnone wp-image-26\" src=\"https:\/\/sisu.ut.ee\/wp-content\/uploads\/sites\/630\/dsc2023-scaled.jpg\" title=\"_dsc2023.jpg\" alt=\"annikasikov\" srcset=\"https:\/\/sisu.ut.ee\/wp-content\/uploads\/sites\/630\/dsc2023-scaled.jpg 2560w, https:\/\/sisu.ut.ee\/wp-content\/uploads\/sites\/630\/dsc2023-300x200.jpg 300w, https:\/\/sisu.ut.ee\/wp-content\/uploads\/sites\/630\/dsc2023-1024x683.jpg 1024w, https:\/\/sisu.ut.ee\/wp-content\/uploads\/sites\/630\/dsc2023-768x512.jpg 768w, https:\/\/sisu.ut.ee\/wp-content\/uploads\/sites\/630\/dsc2023-1536x1024.jpg 1536w, https:\/\/sisu.ut.ee\/wp-content\/uploads\/sites\/630\/dsc2023-2048x1365.jpg 2048w, https:\/\/sisu.ut.ee\/wp-content\/uploads\/sites\/630\/dsc2023-1920x1280.jpg 1920w\" sizes=\"auto, (max-width: 2560px) 100vw, 2560px\">\n<\/p>\n<hr>\n<p>\n\t<a data-url=\"https:\/\/www.etis.ee\/CV\/T%C3%B5nis_Eenm%C3%A4e\/eng\/\" href=\"https:\/\/www.etis.ee\/CV\/T%C3%B5nis_Eenm%C3%A4e\/eng\/\" target=\"_blank\" title=\"\" rel=\"noopener\">T\u00f5nis Eenm\u00e4e<\/a>; University of Tartu, Tartu Observatory; Estonia.\n<\/p>\n<p>\n\t<img loading=\"lazy\" decoding=\"async\" width=\"2560\" height=\"1707\" class=\"alignnone wp-image-27\" src=\"https:\/\/sisu.ut.ee\/wp-content\/uploads\/sites\/630\/tonis_eenmae-scaled.jpg\" title=\"tonis_eenmae.jpg\" alt=\"toniseenmae\" srcset=\"https:\/\/sisu.ut.ee\/wp-content\/uploads\/sites\/630\/tonis_eenmae-scaled.jpg 2560w, https:\/\/sisu.ut.ee\/wp-content\/uploads\/sites\/630\/tonis_eenmae-300x200.jpg 300w, https:\/\/sisu.ut.ee\/wp-content\/uploads\/sites\/630\/tonis_eenmae-1024x683.jpg 1024w, https:\/\/sisu.ut.ee\/wp-content\/uploads\/sites\/630\/tonis_eenmae-768x512.jpg 768w, https:\/\/sisu.ut.ee\/wp-content\/uploads\/sites\/630\/tonis_eenmae-1536x1024.jpg 1536w, https:\/\/sisu.ut.ee\/wp-content\/uploads\/sites\/630\/tonis_eenmae-2048x1365.jpg 2048w, https:\/\/sisu.ut.ee\/wp-content\/uploads\/sites\/630\/tonis_eenmae-1920x1280.jpg 1920w\" sizes=\"auto, (max-width: 2560px) 100vw, 2560px\">\n<\/p>\n<hr>\n<p>\n\t<a data-url=\"https:\/\/www.etis.ee\/CV\/Taavi_Tuvikene\/eng\" href=\"https:\/\/www.etis.ee\/CV\/Taavi_Tuvikene\/eng\" target=\"_blank\" title=\"\" rel=\"noopener\">Taavi Tuvikene<\/a>; University of Tartu, Tartu Observatory; Estonia.\n<\/p>\n<p>\n\t<img loading=\"lazy\" decoding=\"async\" width=\"2097\" height=\"1398\" class=\"alignnone wp-image-28\" src=\"https:\/\/sisu.ut.ee\/wp-content\/uploads\/sites\/630\/taavi.jpg\" title=\"taavi.jpg\" alt=\"taavituvikene\" srcset=\"https:\/\/sisu.ut.ee\/wp-content\/uploads\/sites\/630\/taavi.jpg 2097w, https:\/\/sisu.ut.ee\/wp-content\/uploads\/sites\/630\/taavi-300x200.jpg 300w, https:\/\/sisu.ut.ee\/wp-content\/uploads\/sites\/630\/taavi-1024x683.jpg 1024w, https:\/\/sisu.ut.ee\/wp-content\/uploads\/sites\/630\/taavi-768x512.jpg 768w, https:\/\/sisu.ut.ee\/wp-content\/uploads\/sites\/630\/taavi-1536x1024.jpg 1536w, https:\/\/sisu.ut.ee\/wp-content\/uploads\/sites\/630\/taavi-2048x1365.jpg 2048w, https:\/\/sisu.ut.ee\/wp-content\/uploads\/sites\/630\/taavi-1920x1280.jpg 1920w\" sizes=\"auto, (max-width: 2097px) 100vw, 2097px\">\n<\/p>\n<hr>\n<p>\n\tRauno Neito; University of Tartu;\u00a0Estonia.\n<\/p>\n<p>\n\t<img loading=\"lazy\" decoding=\"async\" width=\"236\" height=\"354\" class=\"alignnone wp-image-34\" src=\"https:\/\/sisu.ut.ee\/wp-content\/uploads\/sites\/630\/microsoftteams-image.png\" title=\"neito.png\" alt=\"neito\" srcset=\"https:\/\/sisu.ut.ee\/wp-content\/uploads\/sites\/630\/microsoftteams-image.png 236w, https:\/\/sisu.ut.ee\/wp-content\/uploads\/sites\/630\/microsoftteams-image-200x300.png 200w\" sizes=\"auto, (max-width: 236px) 100vw, 236px\">\n<\/p>\n<hr>\n<p>\n\tdr Edyta Podlewska-Gaca; Adam Mickiewicz University, Astronomical Observatory Institute; Poland.\n<\/p>\n<p>\n\t<img loading=\"lazy\" decoding=\"async\" width=\"710\" height=\"830\" class=\"alignnone wp-image-29\" src=\"https:\/\/sisu.ut.ee\/wp-content\/uploads\/sites\/630\/screenshot_2023-05-02_at_10.02.04.png\" title=\"screenshot_2023-05-02_at_10.02.04.png\" alt=\"edyta\" srcset=\"https:\/\/sisu.ut.ee\/wp-content\/uploads\/sites\/630\/screenshot_2023-05-02_at_10.02.04.png 710w, https:\/\/sisu.ut.ee\/wp-content\/uploads\/sites\/630\/screenshot_2023-05-02_at_10.02.04-257x300.png 257w\" sizes=\"auto, (max-width: 710px) 100vw, 710px\">\n<\/p>\n<hr>\n<p>\n\tDagmara Oszkiewicz; Adam Mickiewicz University; Poland\n<\/p>\n<p>\n\t<img loading=\"lazy\" decoding=\"async\" width=\"512\" height=\"512\" class=\"alignnone wp-image-31\" src=\"https:\/\/sisu.ut.ee\/wp-content\/uploads\/sites\/630\/dagmara-oszkiewicz.jpg\" title=\"dagmara-oszkiewicz.jpg\" alt=\"dagmara\" srcset=\"https:\/\/sisu.ut.ee\/wp-content\/uploads\/sites\/630\/dagmara-oszkiewicz.jpg 512w, https:\/\/sisu.ut.ee\/wp-content\/uploads\/sites\/630\/dagmara-oszkiewicz-300x300.jpg 300w, https:\/\/sisu.ut.ee\/wp-content\/uploads\/sites\/630\/dagmara-oszkiewicz-150x150.jpg 150w\" sizes=\"auto, (max-width: 512px) 100vw, 512px\">\n<\/p>\n<hr>\n<p dir=\"ltr\" style=\"line-height:1.2;margin-top:0pt;margin-bottom:0pt\">\n\t<span>Krzysztof Kami\u0144ski; <\/span>Adam Mickiewicz University; Poland.\n<\/p>\n<hr>\n<p>\n\t<a data-url=\"https:\/\/www.ff.vu.lt\/en\/itpa\/staff\/tautvaisiene\" href=\"https:\/\/www.ff.vu.lt\/en\/itpa\/staff\/tautvaisiene\" target=\"_blank\" title=\"\" rel=\"noopener\">Dr. habil.\u00a0Gra\u017eina Tautvai\u0161ien\u0117<\/a>;\u00a0<span>Vilnius University, Institute of Theoretical Physics and Astronomy; Lithuania.<\/span>\n<\/p>\n<p>\n\t<img loading=\"lazy\" decoding=\"async\" width=\"393\" height=\"374\" class=\"alignnone wp-image-24\" src=\"https:\/\/sisu.ut.ee\/wp-content\/uploads\/sites\/630\/grazina.png\" title=\"grazina.png\" alt=\"grazina-tautvaisiene\" srcset=\"https:\/\/sisu.ut.ee\/wp-content\/uploads\/sites\/630\/grazina.png 393w, https:\/\/sisu.ut.ee\/wp-content\/uploads\/sites\/630\/grazina-300x285.png 300w\" sizes=\"auto, (max-width: 393px) 100vw, 393px\">\n<\/p>\n<hr>\n<p>\n\t<a data-url=\"https:\/\/www.ff.vu.lt\/en\/itpa\/staff\/minkeviciute\" href=\"https:\/\/www.ff.vu.lt\/en\/itpa\/staff\/minkeviciute\" target=\"_blank\" title=\"\" rel=\"noopener\">Dr. Renata Minkevi\u010di\u016bt\u0117<\/a>;\u00a0<span>Vilnius University, Institute of Theoretical Physics and Astronomy; Lithuania.<\/span>\n<\/p>\n<p>\n\t<img loading=\"lazy\" decoding=\"async\" width=\"2560\" height=\"1706\" class=\"alignnone wp-image-22\" src=\"https:\/\/sisu.ut.ee\/wp-content\/uploads\/sites\/630\/renata-minkeviciute-10278411-scaled.jpeg\" title=\"renata-minkeviciute-10278411.jpeg\" alt=\"renata minkeviciute\" srcset=\"https:\/\/sisu.ut.ee\/wp-content\/uploads\/sites\/630\/renata-minkeviciute-10278411-scaled.jpeg 2560w, https:\/\/sisu.ut.ee\/wp-content\/uploads\/sites\/630\/renata-minkeviciute-10278411-300x200.jpeg 300w, https:\/\/sisu.ut.ee\/wp-content\/uploads\/sites\/630\/renata-minkeviciute-10278411-1024x683.jpeg 1024w, https:\/\/sisu.ut.ee\/wp-content\/uploads\/sites\/630\/renata-minkeviciute-10278411-768x512.jpeg 768w, https:\/\/sisu.ut.ee\/wp-content\/uploads\/sites\/630\/renata-minkeviciute-10278411-1536x1024.jpeg 1536w, https:\/\/sisu.ut.ee\/wp-content\/uploads\/sites\/630\/renata-minkeviciute-10278411-2048x1365.jpeg 2048w, https:\/\/sisu.ut.ee\/wp-content\/uploads\/sites\/630\/renata-minkeviciute-10278411-1920x1280.jpeg 1920w\" sizes=\"auto, (max-width: 2560px) 100vw, 2560px\">\n<\/p>\n<hr>\n<p>\n\t<a data-url=\"https:\/\/www.ff.vu.lt\/en\/itpa\/staff\/estonkute\" href=\"https:\/\/www.ff.vu.lt\/en\/itpa\/staff\/estonkute\" target=\"_blank\" title=\"\" rel=\"noopener\">Dr. Edita Stonkut\u0117<\/a>;\u00a0<span>Vilnius University, Institute of Theoretical Physics and Astronomy; Lithuania.<\/span>\n<\/p>\n<p>\n\t<img loading=\"lazy\" decoding=\"async\" width=\"1065\" height=\"709\" class=\"alignnone wp-image-23\" src=\"https:\/\/sisu.ut.ee\/wp-content\/uploads\/sites\/630\/edita.jpg\" title=\"edita.jpg\" alt=\"edita-stonkute\" srcset=\"https:\/\/sisu.ut.ee\/wp-content\/uploads\/sites\/630\/edita.jpg 1065w, https:\/\/sisu.ut.ee\/wp-content\/uploads\/sites\/630\/edita-300x200.jpg 300w, https:\/\/sisu.ut.ee\/wp-content\/uploads\/sites\/630\/edita-1024x682.jpg 1024w, https:\/\/sisu.ut.ee\/wp-content\/uploads\/sites\/630\/edita-768x511.jpg 768w\" sizes=\"auto, (max-width: 1065px) 100vw, 1065px\">\n<\/p>\n<hr>\n<p>\n\t<a data-url=\"http:\/\/nmosko.com\/\" href=\"http:\/\/nmosko.com\/\" target=\"_blank\" title=\"\" rel=\"noopener\">Nicholas Moskovitz<\/a>; Lowell Observatory.\n<\/p>\n<p>\n\t<img loading=\"lazy\" decoding=\"async\" width=\"300\" height=\"300\" class=\"alignnone wp-image-25\" src=\"https:\/\/sisu.ut.ee\/wp-content\/uploads\/sites\/630\/nickmosco.png\" title=\"nickmosco.png\" alt=\"nicholas moscowitz\" srcset=\"https:\/\/sisu.ut.ee\/wp-content\/uploads\/sites\/630\/nickmosco.png 300w, https:\/\/sisu.ut.ee\/wp-content\/uploads\/sites\/630\/nickmosco-150x150.png 150w\" sizes=\"auto, (max-width: 300px) 100vw, 300px\">\n<\/p>\n<hr>\n<p>\n\t<a data-url=\"https:\/\/samuelleejackson.co.uk\/\" href=\"https:\/\/samuelleejackson.co.uk\/\" target=\"_blank\" title=\"\" rel=\"noopener\">Samuel L. Jackson<\/a>; The Open University; UK.\n<\/p>\n<p>\n\t<img loading=\"lazy\" decoding=\"async\" width=\"1362\" height=\"1362\" class=\"alignnone wp-image-32\" src=\"https:\/\/sisu.ut.ee\/wp-content\/uploads\/sites\/630\/avatar.png\" title=\"avatar.png\" alt=\"samuel\" srcset=\"https:\/\/sisu.ut.ee\/wp-content\/uploads\/sites\/630\/avatar.png 1362w, https:\/\/sisu.ut.ee\/wp-content\/uploads\/sites\/630\/avatar-300x300.png 300w, https:\/\/sisu.ut.ee\/wp-content\/uploads\/sites\/630\/avatar-1024x1024.png 1024w, https:\/\/sisu.ut.ee\/wp-content\/uploads\/sites\/630\/avatar-150x150.png 150w, https:\/\/sisu.ut.ee\/wp-content\/uploads\/sites\/630\/avatar-768x768.png 768w\" sizes=\"auto, (max-width: 1362px) 100vw, 1362px\">\n<\/p>\n<hr>\n<p>\n\t<a data-url=\"https:\/\/researchportal.helsinki.fi\/en\/persons\/antti-penttil\u00e4\" href=\"https:\/\/researchportal.helsinki.fi\/en\/persons\/antti-penttil%C3%A4\" target=\"_blank\" title=\"\" rel=\"noopener\">Antti Penttil\u00e4<\/a>; University of Helsinki; Finland.\n<\/p>\n<p>\n\t<img loading=\"lazy\" decoding=\"async\" width=\"638\" height=\"640\" class=\"alignnone wp-image-33\" src=\"https:\/\/sisu.ut.ee\/wp-content\/uploads\/sites\/630\/screenshot_2023-05-02_at_10.20.17.png\" title=\"screenshot_2023-05-02_at_10.20.17.png\" alt=\"antti\" srcset=\"https:\/\/sisu.ut.ee\/wp-content\/uploads\/sites\/630\/screenshot_2023-05-02_at_10.20.17.png 638w, https:\/\/sisu.ut.ee\/wp-content\/uploads\/sites\/630\/screenshot_2023-05-02_at_10.20.17-300x300.png 300w, https:\/\/sisu.ut.ee\/wp-content\/uploads\/sites\/630\/screenshot_2023-05-02_at_10.20.17-150x150.png 150w\" sizes=\"auto, (max-width: 638px) 100vw, 638px\">\n<\/p>\n<p>\n\t\u00a0<\/p>\n","protected":false},"excerpt":{"rendered":"<p>Heleri Ramler; University of Tartu, Tartu Observatory; Estonia. Anni Kasikov; University of Tartu, Tartu Observatory; Estonia. T\u00f5nis Eenm\u00e4e; University of Tartu, Tartu Observatory; Estonia. Taavi Tuvikene; University of Tartu, Tartu Observatory; Estonia. Rauno Neito; University of Tartu;\u00a0Estonia. dr Edyta Podlewska-Gaca; &#8230;<\/p>\n","protected":false},"author":310,"featured_media":0,"parent":0,"menu_order":0,"comment_status":"closed","ping_status":"closed","template":"","meta":{"_acf_changed":false,"inline_featured_image":false,"footnotes":""},"class_list":["post-6","page","type-page","status-publish","hentry"],"acf":[],"_links":{"self":[{"href":"https:\/\/sisu.ut.ee\/eptartuworkshop\/wp-json\/wp\/v2\/pages\/6","targetHints":{"allow":["GET"]}}],"collection":[{"href":"https:\/\/sisu.ut.ee\/eptartuworkshop\/wp-json\/wp\/v2\/pages"}],"about":[{"href":"https:\/\/sisu.ut.ee\/eptartuworkshop\/wp-json\/wp\/v2\/types\/page"}],"author":[{"embeddable":true,"href":"https:\/\/sisu.ut.ee\/eptartuworkshop\/wp-json\/wp\/v2\/users\/310"}],"replies":[{"embeddable":true,"href":"https:\/\/sisu.ut.ee\/eptartuworkshop\/wp-json\/wp\/v2\/comments?post=6"}],"version-history":[{"count":1,"href":"https:\/\/sisu.ut.ee\/eptartuworkshop\/wp-json\/wp\/v2\/pages\/6\/revisions"}],"predecessor-version":[{"id":67,"href":"https:\/\/sisu.ut.ee\/eptartuworkshop\/wp-json\/wp\/v2\/pages\/6\/revisions\/67"}],"wp:attachment":[{"href":"https:\/\/sisu.ut.ee\/eptartuworkshop\/wp-json\/wp\/v2\/media?parent=6"}],"curies":[{"name":"wp","href":"https:\/\/api.w.org\/{rel}","templated":true}]}}