{"id":5,"date":"2024-04-04T02:50:15","date_gmt":"2024-04-03T23:50:15","guid":{"rendered":"https:\/\/sisu.ut.ee\/epaev\/e-kursuste-pakkumine\/"},"modified":"2024-04-04T02:50:31","modified_gmt":"2024-04-03T23:50:31","slug":"e-kursuste-pakkumine","status":"publish","type":"page","link":"https:\/\/sisu.ut.ee\/epaev\/e-kursuste-pakkumine\/","title":{"rendered":"E-kursused"},"content":{"rendered":"<p>\n\t<img loading=\"lazy\" decoding=\"async\" width=\"256\" height=\"300\" class=\"alignnone wp-image-31\" style=\"float: right;margin-left: 10px;margin-right: 10px\" src=\"https:\/\/sisu.ut.ee\/wp-content\/uploads\/sites\/175\/arvamused.png\" title=\"arvamused.png\" alt=\"arvamused.png\">Tartu \u00dclikool pakub tasulisi t\u00e4ielikult v\u00f5i osaliselt veebip\u00f5hiseid e-t\u00e4iendus\u00f5ppekursusi erinevatel teemadel. E-\u00f5ppes osalejate arv on aasta-aastalt kasvanud.\n<\/p>\n<div class=\"entry-content\">\n<p>\n\t\t2020. a. toimus t\u00e4iendus\u00f5ppena 485 osaliselt v\u00f5i t\u00e4ielikult veebip\u00f5hist kursust, millel osales kokku\u00a0<strong>28 602<\/strong> \u00f5ppijat.\n\t<\/p>\n<ul>\n<li>\n\t\t\t<strong>T\u00e4ielikult veebip\u00f5hine \u00f5pe \u2013<\/strong>\u00a0kogu kursuse \u00f5ppeprotsess (sisu edastamine, info levitamine, suhtlemine, \u00f5ppijate hindamine) toimub veebip\u00f5hiselt, auditoorseid kohtumisi ei ole.\n\t\t<\/li>\n<li>\n\t\t\t<strong>Osaliselt veebip\u00f5hine \u00f5pe<\/strong>\u00a0\u2013 kursuse \u00f5ppeprotsess toimub suures osas veebip\u00f5hiselt, kuid kursuse jooksul toimub ka auditoorseid loenguid, seminare v\u00f5i praktikume, kursuse veebip\u00f5hist \u00f5pikeskkonda kasutatakse n\u00e4iteks \u00f5ppe- ja juhendmaterjalide k\u00e4ttesaadavaks tegemiseks, kodut\u00f6\u00f6de esitamiseks vm.\n\t\t<\/li>\n<\/ul>\n<p>\n\t\tE-kursused toimuvad Moodle\u00b4i \u00f5pikeskkonnas aadressil\u00a0<a href=\"https:\/\/moodle.ut.ee\" target=\"_blank\" rel=\"noopener\">https:\/\/moodle.ut.ee<\/a>. Moodle\u00b4isse sisenemine toimub Tartu \u00dclikooli arvutiv\u00f5rgu kasutajatunnuse ja parooliga. V\u00e4ljastpoolt \u00fclikooli osalejatele saadetakse e-postiga kiri Moodle\u00b4i kasutajakonto andmetega.\n\t<\/p>\n<h3>\n\t\t<strong style=\"color: inherit;font-family: inherit;font-size: 18px\">E-t\u00e4iendus\u00f5ppekursuste pakkumine<\/strong><br>\n\t<\/h3>\n<p>\n\t\tTutvuge kogu Tartu \u00dclikooli e-t\u00e4iendus\u00f5ppe pakkumisega \u00f5ppeinfos\u00fcsteemis:\n\t<\/p>\n<ul>\n<li>\n\t\t\t<a href=\"https:\/\/www.is.ut.ee\/pls\/ois\/!tere.tulemast?leht=OK.AY.EL&amp;otsi_kl_opetamise_viis=2&amp;systeemi_seaded=10,1,12,1&amp;sessioon=0&amp;tegevus=otsi\" style=\"background-color: #ffffff\" target=\"_blank\" rel=\"noopener\">T\u00e4ielikult veebip\u00f5hised e-t\u00e4iendus\u00f5ppekursused<\/a>\n\t\t<\/li>\n<li>\n\t\t\t<a href=\"https:\/\/www.is.ut.ee\/pls\/ois\/!tere.tulemast?leht=OK.AY.EL&amp;otsi_kl_opetamise_viis=3&amp;systeemi_seaded=10,1,12,1&amp;sessioon=0&amp;tegevus=otsi\" style=\"background-color: #ffffff\" target=\"_blank\" rel=\"noopener\">Osaliselt veebip\u00f5hised e-t\u00e4iendus\u00f5ppekursused<\/a>\n\t\t<\/li>\n<\/ul>\n<\/div>\n","protected":false},"excerpt":{"rendered":"<p>Tartu \u00dclikool pakub tasulisi t\u00e4ielikult v\u00f5i osaliselt veebip\u00f5hiseid e-t\u00e4iendus\u00f5ppekursusi erinevatel teemadel. E-\u00f5ppes osalejate arv on aasta-aastalt kasvanud. 2020. a. toimus t\u00e4iendus\u00f5ppena 485 osaliselt v\u00f5i t\u00e4ielikult veebip\u00f5hist kursust, millel osales kokku\u00a028 602 \u00f5ppijat. T\u00e4ielikult veebip\u00f5hine \u00f5pe \u2013\u00a0kogu kursuse \u00f5ppeprotsess (sisu edastamine, &#8230;<\/p>\n","protected":false},"author":6,"featured_media":0,"parent":0,"menu_order":0,"comment_status":"closed","ping_status":"closed","template":"","meta":{"_acf_changed":false,"inline_featured_image":false,"footnotes":""},"class_list":["post-5","page","type-page","status-publish","hentry"],"acf":[],"_links":{"self":[{"href":"https:\/\/sisu.ut.ee\/epaev\/wp-json\/wp\/v2\/pages\/5","targetHints":{"allow":["GET"]}}],"collection":[{"href":"https:\/\/sisu.ut.ee\/epaev\/wp-json\/wp\/v2\/pages"}],"about":[{"href":"https:\/\/sisu.ut.ee\/epaev\/wp-json\/wp\/v2\/types\/page"}],"author":[{"embeddable":true,"href":"https:\/\/sisu.ut.ee\/epaev\/wp-json\/wp\/v2\/users\/6"}],"replies":[{"embeddable":true,"href":"https:\/\/sisu.ut.ee\/epaev\/wp-json\/wp\/v2\/comments?post=5"}],"version-history":[{"count":1,"href":"https:\/\/sisu.ut.ee\/epaev\/wp-json\/wp\/v2\/pages\/5\/revisions"}],"predecessor-version":[{"id":121,"href":"https:\/\/sisu.ut.ee\/epaev\/wp-json\/wp\/v2\/pages\/5\/revisions\/121"}],"wp:attachment":[{"href":"https:\/\/sisu.ut.ee\/epaev\/wp-json\/wp\/v2\/media?parent=5"}],"curies":[{"name":"wp","href":"https:\/\/api.w.org\/{rel}","templated":true}]}}