{"id":4,"date":"2024-04-04T02:50:15","date_gmt":"2024-04-03T23:50:15","guid":{"rendered":"https:\/\/sisu.ut.ee\/epaev\/e-taiendusope\/"},"modified":"2024-04-04T02:50:31","modified_gmt":"2024-04-03T23:50:31","slug":"e-taiendusope","status":"publish","type":"page","link":"https:\/\/sisu.ut.ee\/epaev\/e-taiendusope\/","title":{"rendered":"E-t\u00e4iendus\u00f5pe"},"content":{"rendered":"<p>\n\t<a href=\"http:\/\/epaev.ut.ee\/wp-content\/uploads\/2012\/05\/IMG_5671-1024x682.png\" style=\"background-color: #ffffff;color: #2a6496;text-decoration: underline\"><img loading=\"lazy\" decoding=\"async\" height=\"200\" src=\"https:\/\/sisu.ut.ee\/wp-content\/uploads\/sites\/175\/taiedusope.png\" style=\"margin-right: 10px;margin-left: 0px;float: right\" width=\"186\"><\/a>\n<\/p>\n<p>\n\t<strong><span>Mis on e-\u00f5pe?<\/span><\/strong>\n<\/p>\n<div class=\"entry-content\">\n<p>\n\t\tE-\u00f5ppeks nimetatakse igasugust \u00f5ppimist ja \u00f5petamist, mille puhul \u00f5ppeprotsess on osaliselt v\u00f5i t\u00e4ielikult veebip\u00f5hiselt \u00fcles ehitatud. Tegemist on t\u00e4nap\u00e4evase ja efektiivse eneset\u00e4iendamise viisiga, mis v\u00f5imaldab \u00f5ppijal endal m\u00e4\u00e4rata koha ja aja, kus ja millal \u00f5ppida. T\u00e4nu oma paindlikkusele ja v\u00f5imalusterohkusele kasutatakse e-\u00f5ppe v\u00f5imalusi \u00fcha enam nii \u00fclikoolide\u00a0taseme- kui ka t\u00e4iendus\u00f5ppes kogu maailmas.\n\t<\/p>\n<p>\n\t\t\u00a0\n\t<\/p>\n<p>\n\t\t<strong>Kellele on e-\u00f5pe m\u00f5eldud?<\/strong>\n\t<\/p>\n<p>\n\t\tE-\u00f5ppega v\u00f5ib tegeleda iga\u00fcks, kes on huvitatud eneset\u00e4iendamisest ja kel on olemas vastavad tehnilised tingimused (juurdep\u00e4\u00e4s Interneti \u00fchendusega arvutile). Eelk\u00f5ige on e-\u00f5pe suunatud t\u00e4iskasvanud \u00f5ppijale, kes on oma igap\u00e4evaelus samaaegselt v\u00e4ga mitmetes rollides: lisaks \u00f5ppimisele t\u00f6\u00f6tatakse sageli t\u00e4iskoormusega ning hoolitsetakse ka oma perekonna eest. E-\u00f5pe annab v\u00f5imaluse \u00f5ppida endale sobival ajal ning ei eelda loobumist harjumusp\u00e4rasest pere- ja t\u00f6\u00f6elust. Samuti sobib e-\u00f5pe suurtest keskustest ja \u00fclikoolilinnadest kaugel elavatele ning erivajadustega \u00f5ppijatele.\n\t<\/p>\n<p>\n\t\t\u00a0\n\t<\/p>\n<p>\n\t\t<strong>Kuidas e-kursustel \u00f5ppimine toimub?<\/strong>\n\t<\/p>\n<p>\n\t\t\u00d5pe e-kursustel toimub internetip\u00f5hises Moodle\u00b4i \u00f5pikeskkonnas. Kursused on kas t\u00e4ielikult v\u00f5i suures osas internetip\u00f5hised. Osaliselt internetip\u00f5histel kursustel toimub lisaks veebip\u00f5hisele \u00f5ppele v\u00e4hesel m\u00e4\u00e4ral ka auditoorset \u00f5ppet\u00f6\u00f6d, milles osalemiseks on vaja kohale s\u00f5ita \u00fclikooli.\n\t<\/p>\n<p>\n\t\t<\/p><div class=\"ratio ratio-16x9 mb-3\"><div class=\"video-placeholder-wrapper video-placeholder-wrapper--16x9\">\n\t\t\t    <div class=\"video-placeholder d-flex justify-content-center align-items-center\">\n\t\t\t        <div class=\"overlay text-white p-2 w-100 text-center d-block justify-content-center align-items-center\">\n\t\t\t            <div>Kolmandate osapoolte sisu n\u00e4gemiseks palun n\u00f5ustu k\u00fcpsistega.<\/div>\n\t\t\t            <button class=\"btn btn-secondary btn-sm mt-1 consent-change\">Muuda n\u00f5usolekut<\/button>\n\t\t\t        <\/div>\n\t\t\t    <\/div>\n\t\t\t<\/div>\n<\/div>\n\t\n<p style=\"text-align: center\">\n\t\t<strong>Video \u201cUsin e-\u00f5ppija\u201d<\/strong><br>(klipi tehniline teostus: T\u00dc infotehnoloogia osakonna multimeedia talitus)\n\t<\/p>\n<p>\n\t\tP\u00e4rast kursusele registreerumist ning osav\u00f5tumaksu tasumist saadetakse e-postiga kursusele sisenemise juhis. \u00d5pikeskkonnas on olemas kogu kursusega seotud info \u2013 \u00f5ppematerjalid, \u00fclesannete kirjeldused, \u00f5pijuhis jm \u00f5ppijale vajalik.\u00a0 Suhtlemine ja \u00fclesannete sooritamine toimub \u00fcldjuhul internetip\u00f5hiselt. E-kursused on k\u00fcll paindlikud ajalises ja ruumilises m\u00f5ttes, kuid kohustuslik on \u00fclesannete \u00f5igeaegne ja korrektne sooritamine.\n\t<\/p>\n<p>\n\t\tE-kursuste l\u00f5petanutele v\u00e4ljastatakse Tartu \u00dclikooli tunnistus ning\u00a0l\u00e4bitud kursusi saab arvestada taseme\u00f5ppe \u00f5ppekavade t\u00e4itmisel \u00f5piv\u00e4ljundite poolest sobiva ainekursuse olemasolul vastavas k\u00f5rgkoolis.\n\t<\/p>\n<p>\n\t\tSobiva e-kursuse leidmiseks\/kokkupanemiseks v\u00f5i t\u00e4psema info saamiseks v\u00f5tke palun \u00fchendust t\u00e4iendus\u00f5ppe programmijuhiga elukestva \u00f5ppe keskuses:<br>Esta Pilt<br>\u00dclikooli 18-234, 50090 Tartu<br>tel 737 5560<br>e-post\u00a0<a href=\"mailto:taiendusope@ut.ee\">taiendusope@ut.ee<\/a>\n\t<\/p>\n<\/div>\n","protected":false},"excerpt":{"rendered":"<p>Mis on e-\u00f5pe? E-\u00f5ppeks nimetatakse igasugust \u00f5ppimist ja \u00f5petamist, mille puhul \u00f5ppeprotsess on osaliselt v\u00f5i t\u00e4ielikult veebip\u00f5hiselt \u00fcles ehitatud. Tegemist on t\u00e4nap\u00e4evase ja efektiivse eneset\u00e4iendamise viisiga, mis v\u00f5imaldab \u00f5ppijal endal m\u00e4\u00e4rata koha ja aja, kus ja millal \u00f5ppida. T\u00e4nu oma &#8230;<\/p>\n","protected":false},"author":6,"featured_media":0,"parent":0,"menu_order":0,"comment_status":"closed","ping_status":"closed","template":"","meta":{"_acf_changed":false,"inline_featured_image":false,"footnotes":""},"class_list":["post-4","page","type-page","status-publish","hentry"],"acf":[],"_links":{"self":[{"href":"https:\/\/sisu.ut.ee\/epaev\/wp-json\/wp\/v2\/pages\/4","targetHints":{"allow":["GET"]}}],"collection":[{"href":"https:\/\/sisu.ut.ee\/epaev\/wp-json\/wp\/v2\/pages"}],"about":[{"href":"https:\/\/sisu.ut.ee\/epaev\/wp-json\/wp\/v2\/types\/page"}],"author":[{"embeddable":true,"href":"https:\/\/sisu.ut.ee\/epaev\/wp-json\/wp\/v2\/users\/6"}],"replies":[{"embeddable":true,"href":"https:\/\/sisu.ut.ee\/epaev\/wp-json\/wp\/v2\/comments?post=4"}],"version-history":[{"count":1,"href":"https:\/\/sisu.ut.ee\/epaev\/wp-json\/wp\/v2\/pages\/4\/revisions"}],"predecessor-version":[{"id":122,"href":"https:\/\/sisu.ut.ee\/epaev\/wp-json\/wp\/v2\/pages\/4\/revisions\/122"}],"wp:attachment":[{"href":"https:\/\/sisu.ut.ee\/epaev\/wp-json\/wp\/v2\/media?parent=4"}],"curies":[{"name":"wp","href":"https:\/\/api.w.org\/{rel}","templated":true}]}}