{"id":3,"date":"2024-04-04T02:50:15","date_gmt":"2024-04-03T23:50:15","guid":{"rendered":"https:\/\/sisu.ut.ee\/epaev\/avaleht\/"},"modified":"2024-04-09T20:56:43","modified_gmt":"2024-04-09T17:56:43","slug":"avaleht","status":"publish","type":"page","link":"https:\/\/sisu.ut.ee\/epaev\/","title":{"rendered":"Avaleht"},"content":{"rendered":"<h1 class=\"wp-block-heading\">E-\u00f5ppe kogemusseminar<\/h1>\n\n\n\n<p><strong>27. oktoobril 2021\u00a0kell 13-16<\/strong> toimus\u00a0veebiseminarina\u00a0<strong>\u201cE-praktikumid. E-\u00f5ppe kogemusseminar\u201d<\/strong>.<\/p>\n\n\n\n<p>Seminaril\u00a0tutvustati e-praktikumide kasutamise v\u00f5imalusi \u00f5ppet\u00f6\u00f6s.<\/p>\n\n\n\n<p>Seminari juhtis \u00f5ppeprorektor Aune Valk.<\/p>\n\n\n\n<p>Veebiseminar toimus\u00a0<b>Worksup\u00a0<\/b>rakendusega. Kuulajatel oli\u00a0v\u00f5imalik ettekandjatelt kirjalikult k\u00fcsimusi k\u00fcsida.<\/p>\n\n\n\n<h3 class=\"wp-block-heading\"><br>Salvestused ettekannete kaupa (salvestuse avamiseks kl\u00f5psake pealkirjal)<\/h3>\n\n\n<p><\/p><div class=\"accordion mb-3\">\n        <div class=\"accordion-item accordion-item--white\">\n        <h2 class=\"accordion-header\" id=\"accordion-69e096d27770d-heading\">\n            <button class=\"accordion-button collapsed\" type=\"button\" data-bs-toggle=\"collapse\" data-bs-target=\"#accordion-69e096d27770d-collapse\" aria-expanded=\"true\" aria-controls=\"accordion-69e096d27770d-collapse\">Sissejuhatus. Aune Valk, \u00f5ppeprorektor<\/button>\n        <\/h2>\n        <div id=\"accordion-69e096d27770d-collapse\" class=\"accordion-collapse collapse\" aria-labelledby=\"accordion-69e096d27770d-heading\">\n            <div class=\"accordion-body\"><div class=\"ratio ratio-16x9 mb-3\"><div class=\"video-placeholder-wrapper video-placeholder-wrapper--16x9\">\n\t\t\t    <div class=\"video-placeholder d-flex justify-content-center align-items-center\">\n\t\t\t        <div class=\"overlay text-white p-2 w-100 text-center d-block justify-content-center align-items-center\">\n\t\t\t            <div>Kolmandate osapoolte sisu n\u00e4gemiseks palun n\u00f5ustu k\u00fcpsistega.<\/div>\n\t\t\t            <button class=\"btn btn-secondary btn-sm mt-1 consent-change\">Muuda n\u00f5usolekut<\/button>\n\t\t\t        <\/div>\n\t\t\t    <\/div>\n\t\t\t<\/div>\n<\/div><\/div>\n        <\/div>\n        <\/div>\n    <\/div>\n\n\n<p><\/p><div class=\"accordion mb-3\">\n        <div class=\"accordion-item accordion-item--white\">\n        <h2 class=\"accordion-header\" id=\"accordion-69e096d277723-heading\">\n            <button class=\"accordion-button collapsed\" type=\"button\" data-bs-toggle=\"collapse\" data-bs-target=\"#accordion-69e096d277723-collapse\" aria-expanded=\"true\" aria-controls=\"accordion-69e096d277723-collapse\">E-praktikumide ideed laiast maailmast. Ly S\u00f5\u00f5rd,\u00a0elukestva \u00f5ppe keskuse \u00f5ppedisainer (loodus- ja t\u00e4ppisteaduste valdkond)<\/button>\n        <\/h2>\n        <div id=\"accordion-69e096d277723-collapse\" class=\"accordion-collapse collapse\" aria-labelledby=\"accordion-69e096d277723-heading\">\n            <div class=\"accordion-body\"><div class=\"ratio ratio-16x9 mb-3\"><div class=\"video-placeholder-wrapper video-placeholder-wrapper--16x9\">\n\t\t\t    <div class=\"video-placeholder d-flex justify-content-center align-items-center\">\n\t\t\t        <div class=\"overlay text-white p-2 w-100 text-center d-block justify-content-center align-items-center\">\n\t\t\t            <div>Kolmandate osapoolte sisu n\u00e4gemiseks palun n\u00f5ustu k\u00fcpsistega.<\/div>\n\t\t\t            <button class=\"btn btn-secondary btn-sm mt-1 consent-change\">Muuda n\u00f5usolekut<\/button>\n\t\t\t        <\/div>\n\t\t\t    <\/div>\n\t\t\t<\/div>\n<\/div><\/div>\n        <\/div>\n        <\/div>\n    <\/div>\n\n\n<p><\/p><div class=\"accordion mb-3\">\n        <div class=\"accordion-item accordion-item--white\">\n        <h2 class=\"accordion-header\" id=\"accordion-69e096d277727-heading\">\n            <button class=\"accordion-button collapsed\" type=\"button\" data-bs-toggle=\"collapse\" data-bs-target=\"#accordion-69e096d277727-collapse\" aria-expanded=\"true\" aria-controls=\"accordion-69e096d277727-collapse\">Digimikroskoopia lihtsustab distants\u00f5pet: patoloogilise anatoomia aine kogemus.\u00a0Ave Minajeva, bio- ja siirdemeditsiini instituudi patoloogilise anatoomia kaasprofessor<\/button>\n        <\/h2>\n        <div id=\"accordion-69e096d277727-collapse\" class=\"accordion-collapse collapse\" aria-labelledby=\"accordion-69e096d277727-heading\">\n            <div class=\"accordion-body\">\n<p><\/p><div class=\"ratio ratio-16x9 mb-3\"><div class=\"video-placeholder-wrapper video-placeholder-wrapper--16x9\">\n\t\t\t    <div class=\"video-placeholder d-flex justify-content-center align-items-center\">\n\t\t\t        <div class=\"overlay text-white p-2 w-100 text-center d-block justify-content-center align-items-center\">\n\t\t\t            <div>Kolmandate osapoolte sisu n\u00e4gemiseks palun n\u00f5ustu k\u00fcpsistega.<\/div>\n\t\t\t            <button class=\"btn btn-secondary btn-sm mt-1 consent-change\">Muuda n\u00f5usolekut<\/button>\n\t\t\t        <\/div>\n\t\t\t    <\/div>\n\t\t\t<\/div>\n<\/div>\n<p><\/p><\/div>\n        <\/div>\n        <\/div>\n    <\/div>\n\n\n<p><\/p><div class=\"accordion mb-3\">\n        <div class=\"accordion-item accordion-item--white\">\n        <h2 class=\"accordion-header\" id=\"accordion-69e096d27772b-heading\">\n            <button class=\"accordion-button collapsed\" type=\"button\" data-bs-toggle=\"collapse\" data-bs-target=\"#accordion-69e096d27772b-collapse\" aria-expanded=\"true\" aria-controls=\"accordion-69e096d27772b-collapse\">Herbaarium, luup ja taimede m\u00e4\u00e4ramine distants\u00f5ppel.\u00a0Ene Kook, \u00f6koloogia ja maateaduste instituudi botaanika lektor<\/button>\n        <\/h2>\n        <div id=\"accordion-69e096d27772b-collapse\" class=\"accordion-collapse collapse\" aria-labelledby=\"accordion-69e096d27772b-heading\">\n            <div class=\"accordion-body\"><div class=\"ratio ratio-16x9 mb-3\"><div class=\"video-placeholder-wrapper video-placeholder-wrapper--16x9\">\n\t\t\t    <div class=\"video-placeholder d-flex justify-content-center align-items-center\">\n\t\t\t        <div class=\"overlay text-white p-2 w-100 text-center d-block justify-content-center align-items-center\">\n\t\t\t            <div>Kolmandate osapoolte sisu n\u00e4gemiseks palun n\u00f5ustu k\u00fcpsistega.<\/div>\n\t\t\t            <button class=\"btn btn-secondary btn-sm mt-1 consent-change\">Muuda n\u00f5usolekut<\/button>\n\t\t\t        <\/div>\n\t\t\t    <\/div>\n\t\t\t<\/div>\n<\/div><\/div>\n        <\/div>\n        <\/div>\n    <\/div>\n\n\n<p><\/p><div class=\"accordion mb-3\">\n        <div class=\"accordion-item accordion-item--white\">\n        <h2 class=\"accordion-header\" id=\"accordion-69e096d27772e-heading\">\n            <button class=\"accordion-button collapsed\" type=\"button\" data-bs-toggle=\"collapse\" data-bs-target=\"#accordion-69e096d27772e-collapse\" aria-expanded=\"true\" aria-controls=\"accordion-69e096d27772e-collapse\">Virtuaalekskursioon Zoomis ja praktiliste \u00fclesannete esitamine videotena \u00f5ppeainetes \u201eToitlustusprotsesside juhtimine\u201c ja \u201eSpaatoitlustus\u201c.\u00a0Anne Roosip\u00f5ld, P\u00e4rnu kolled\u017ei turismiteenuste kaasprofessor<\/button>\n        <\/h2>\n        <div id=\"accordion-69e096d27772e-collapse\" class=\"accordion-collapse collapse\" aria-labelledby=\"accordion-69e096d27772e-heading\">\n            <div class=\"accordion-body\">\n<p><\/p><div class=\"ratio ratio-16x9 mb-3\"><div class=\"video-placeholder-wrapper video-placeholder-wrapper--16x9\">\n\t\t\t    <div class=\"video-placeholder d-flex justify-content-center align-items-center\">\n\t\t\t        <div class=\"overlay text-white p-2 w-100 text-center d-block justify-content-center align-items-center\">\n\t\t\t            <div>Kolmandate osapoolte sisu n\u00e4gemiseks palun n\u00f5ustu k\u00fcpsistega.<\/div>\n\t\t\t            <button class=\"btn btn-secondary btn-sm mt-1 consent-change\">Muuda n\u00f5usolekut<\/button>\n\t\t\t        <\/div>\n\t\t\t    <\/div>\n\t\t\t<\/div>\n<\/div>\n<p><\/p><\/div>\n        <\/div>\n        <\/div>\n    <\/div>\n\n\n<p><\/p><div class=\"accordion mb-3\">\n        <div class=\"accordion-item accordion-item--white\">\n        <h2 class=\"accordion-header\" id=\"accordion-69e096d277732-heading\">\n            <button class=\"accordion-button collapsed\" type=\"button\" data-bs-toggle=\"collapse\" data-bs-target=\"#accordion-69e096d277732-collapse\" aria-expanded=\"true\" aria-controls=\"accordion-69e096d277732-collapse\">E-praktikumide l\u00e4biviimine \u00f5ppeaines \u201cStatistiline modelleerimine\u201d.\u00a0Martin Kolnes, ps\u00fchholoogia instituudi eksperimentaalps\u00fchholoogia nooremteadur<\/button>\n        <\/h2>\n        <div id=\"accordion-69e096d277732-collapse\" class=\"accordion-collapse collapse\" aria-labelledby=\"accordion-69e096d277732-heading\">\n            <div class=\"accordion-body\"><div class=\"ratio ratio-16x9 mb-3\"><div class=\"video-placeholder-wrapper video-placeholder-wrapper--16x9\">\n\t\t\t    <div class=\"video-placeholder d-flex justify-content-center align-items-center\">\n\t\t\t        <div class=\"overlay text-white p-2 w-100 text-center d-block justify-content-center align-items-center\">\n\t\t\t            <div>Kolmandate osapoolte sisu n\u00e4gemiseks palun n\u00f5ustu k\u00fcpsistega.<\/div>\n\t\t\t            <button class=\"btn btn-secondary btn-sm mt-1 consent-change\">Muuda n\u00f5usolekut<\/button>\n\t\t\t        <\/div>\n\t\t\t    <\/div>\n\t\t\t<\/div>\n<\/div><\/div>\n        <\/div>\n        <\/div>\n    <\/div>\n\n\n<p><\/p><div class=\"accordion mb-3\">\n        <div class=\"accordion-item accordion-item--white\">\n        <h2 class=\"accordion-header\" id=\"accordion-69e096d277735-heading\">\n            <button class=\"accordion-button collapsed\" type=\"button\" data-bs-toggle=\"collapse\" data-bs-target=\"#accordion-69e096d277735-collapse\" aria-expanded=\"true\" aria-controls=\"accordion-69e096d277735-collapse\">STACK \u00fclesannete kasutamine e-\u00f5ppes. Evely Kirsiaed,\u00a0matemaatika ja statistika insituudi arvutusmeetodite lektor<\/button>\n        <\/h2>\n        <div id=\"accordion-69e096d277735-collapse\" class=\"accordion-collapse collapse\" aria-labelledby=\"accordion-69e096d277735-heading\">\n            <div class=\"accordion-body\"><div class=\"ratio ratio-16x9 mb-3\"><div class=\"video-placeholder-wrapper video-placeholder-wrapper--16x9\">\n\t\t\t    <div class=\"video-placeholder d-flex justify-content-center align-items-center\">\n\t\t\t        <div class=\"overlay text-white p-2 w-100 text-center d-block justify-content-center align-items-center\">\n\t\t\t            <div>Kolmandate osapoolte sisu n\u00e4gemiseks palun n\u00f5ustu k\u00fcpsistega.<\/div>\n\t\t\t            <button class=\"btn btn-secondary btn-sm mt-1 consent-change\">Muuda n\u00f5usolekut<\/button>\n\t\t\t        <\/div>\n\t\t\t    <\/div>\n\t\t\t<\/div>\n<\/div><\/div>\n        <\/div>\n        <\/div>\n    <\/div>\n\n\n<p><\/p><div class=\"accordion mb-3\">\n        <div class=\"accordion-item accordion-item--white\">\n        <h2 class=\"accordion-header\" id=\"accordion-69e096d27773a-heading\">\n            <button class=\"accordion-button collapsed\" type=\"button\" data-bs-toggle=\"collapse\" data-bs-target=\"#accordion-69e096d27773a-collapse\" aria-expanded=\"true\" aria-controls=\"accordion-69e096d27773a-collapse\">Programmeerimisharjutused Moodle-VPL (Virtual Programming Lab) keskkonnas. Kalmer Apinis, arvutiteaduse instituudi programmeerimiskeelte teadur<\/button>\n        <\/h2>\n        <div id=\"accordion-69e096d27773a-collapse\" class=\"accordion-collapse collapse\" aria-labelledby=\"accordion-69e096d27773a-heading\">\n            <div class=\"accordion-body\">\n<p><\/p><div class=\"ratio ratio-16x9 mb-3\"><div class=\"video-placeholder-wrapper video-placeholder-wrapper--16x9\">\n\t\t\t    <div class=\"video-placeholder d-flex justify-content-center align-items-center\">\n\t\t\t        <div class=\"overlay text-white p-2 w-100 text-center d-block justify-content-center align-items-center\">\n\t\t\t            <div>Kolmandate osapoolte sisu n\u00e4gemiseks palun n\u00f5ustu k\u00fcpsistega.<\/div>\n\t\t\t            <button class=\"btn btn-secondary btn-sm mt-1 consent-change\">Muuda n\u00f5usolekut<\/button>\n\t\t\t        <\/div>\n\t\t\t    <\/div>\n\t\t\t<\/div>\n<\/div>\n<p><\/p><\/div>\n        <\/div>\n        <\/div>\n    <\/div>\n\n\n<p><\/p><div class=\"accordion mb-3\">\n        <div class=\"accordion-item accordion-item--white\">\n        <h2 class=\"accordion-header\" id=\"accordion-69e096d27773c-heading\">\n            <button class=\"accordion-button collapsed\" type=\"button\" data-bs-toggle=\"collapse\" data-bs-target=\"#accordion-69e096d27773c-collapse\" aria-expanded=\"true\" aria-controls=\"accordion-69e096d27773c-collapse\">Praktikumid laborikohvrite abil \u00f5ppeaines \u201cArvuti arhitektuur ja riistvara I\u201d. J\u00fcri J\u00f5ul, \u00f5ppe\u00fclesande t\u00e4itja<\/button>\n        <\/h2>\n        <div id=\"accordion-69e096d27773c-collapse\" class=\"accordion-collapse collapse\" aria-labelledby=\"accordion-69e096d27773c-heading\">\n            <div class=\"accordion-body\"><div class=\"ratio ratio-16x9 mb-3\"><div class=\"video-placeholder-wrapper video-placeholder-wrapper--16x9\">\n\t\t\t    <div class=\"video-placeholder d-flex justify-content-center align-items-center\">\n\t\t\t        <div class=\"overlay text-white p-2 w-100 text-center d-block justify-content-center align-items-center\">\n\t\t\t            <div>Kolmandate osapoolte sisu n\u00e4gemiseks palun n\u00f5ustu k\u00fcpsistega.<\/div>\n\t\t\t            <button class=\"btn btn-secondary btn-sm mt-1 consent-change\">Muuda n\u00f5usolekut<\/button>\n\t\t\t        <\/div>\n\t\t\t    <\/div>\n\t\t\t<\/div>\n<\/div><\/div>\n        <\/div>\n        <\/div>\n    <\/div>\n\n\n<p><\/p><div class=\"accordion mb-3\">\n        <div class=\"accordion-item accordion-item--white\">\n        <h2 class=\"accordion-header\" id=\"accordion-69e096d27773e-heading\">\n            <button class=\"accordion-button collapsed\" type=\"button\" data-bs-toggle=\"collapse\" data-bs-target=\"#accordion-69e096d27773e-collapse\" aria-expanded=\"true\" aria-controls=\"accordion-69e096d27773e-collapse\">GIS arvutikaartide rakenduse praktikum e-\u00f5ppes. Alar Rosentau, \u00f6koloogia ja maateaduste instituudi rakendusgeoloogia professor<\/button>\n        <\/h2>\n        <div id=\"accordion-69e096d27773e-collapse\" class=\"accordion-collapse collapse\" aria-labelledby=\"accordion-69e096d27773e-heading\">\n            <div class=\"accordion-body\"><div class=\"ratio ratio-16x9 mb-3\"><div class=\"video-placeholder-wrapper video-placeholder-wrapper--16x9\">\n\t\t\t    <div class=\"video-placeholder d-flex justify-content-center align-items-center\">\n\t\t\t        <div class=\"overlay text-white p-2 w-100 text-center d-block justify-content-center align-items-center\">\n\t\t\t            <div>Kolmandate osapoolte sisu n\u00e4gemiseks palun n\u00f5ustu k\u00fcpsistega.<\/div>\n\t\t\t            <button class=\"btn btn-secondary btn-sm mt-1 consent-change\">Muuda n\u00f5usolekut<\/button>\n\t\t\t        <\/div>\n\t\t\t    <\/div>\n\t\t\t<\/div>\n<\/div><\/div>\n        <\/div>\n        <\/div>\n    <\/div>\n\n\n<p><\/p><div class=\"accordion mb-3\">\n        <div class=\"accordion-item accordion-item--white\">\n        <h2 class=\"accordion-header\" id=\"accordion-69e096d277740-heading\">\n            <button class=\"accordion-button collapsed\" type=\"button\" data-bs-toggle=\"collapse\" data-bs-target=\"#accordion-69e096d277740-collapse\" aria-expanded=\"true\" aria-controls=\"accordion-69e096d277740-collapse\">Praktikumid e-\u00f5ppes bioinformaatika kursuste n\u00e4itel. Reidar Andreson, molekulaar- ja rakubioloogia instituudi bioinformaatika teadur<\/button>\n        <\/h2>\n        <div id=\"accordion-69e096d277740-collapse\" class=\"accordion-collapse collapse\" aria-labelledby=\"accordion-69e096d277740-heading\">\n            <div class=\"accordion-body\"><div class=\"ratio ratio-16x9 mb-3\"><div class=\"video-placeholder-wrapper video-placeholder-wrapper--16x9\">\n\t\t\t    <div class=\"video-placeholder d-flex justify-content-center align-items-center\">\n\t\t\t        <div class=\"overlay text-white p-2 w-100 text-center d-block justify-content-center align-items-center\">\n\t\t\t            <div>Kolmandate osapoolte sisu n\u00e4gemiseks palun n\u00f5ustu k\u00fcpsistega.<\/div>\n\t\t\t            <button class=\"btn btn-secondary btn-sm mt-1 consent-change\">Muuda n\u00f5usolekut<\/button>\n\t\t\t        <\/div>\n\t\t\t    <\/div>\n\t\t\t<\/div>\n<\/div><\/div>\n        <\/div>\n        <\/div>\n    <\/div>\n\n\n<p><\/p><div class=\"accordion mb-3\">\n        <div class=\"accordion-item accordion-item--white\">\n        <h2 class=\"accordion-header\" id=\"accordion-69e096d277745-heading\">\n            <button class=\"accordion-button collapsed\" type=\"button\" data-bs-toggle=\"collapse\" data-bs-target=\"#accordion-69e096d277745-collapse\" aria-expanded=\"true\" aria-controls=\"accordion-69e096d277745-collapse\">Kokkuv\u00f5te. Aune Valk, Ly S\u00f5\u00f5rd, Triin Marandi<\/button>\n        <\/h2>\n        <div id=\"accordion-69e096d277745-collapse\" class=\"accordion-collapse collapse\" aria-labelledby=\"accordion-69e096d277745-heading\">\n            <div class=\"accordion-body\"><div class=\"ratio ratio-16x9 mb-3\"><div class=\"video-placeholder-wrapper video-placeholder-wrapper--16x9\">\n\t\t\t    <div class=\"video-placeholder d-flex justify-content-center align-items-center\">\n\t\t\t        <div class=\"overlay text-white p-2 w-100 text-center d-block justify-content-center align-items-center\">\n\t\t\t            <div>Kolmandate osapoolte sisu n\u00e4gemiseks palun n\u00f5ustu k\u00fcpsistega.<\/div>\n\t\t\t            <button class=\"btn btn-secondary btn-sm mt-1 consent-change\">Muuda n\u00f5usolekut<\/button>\n\t\t\t        <\/div>\n\t\t\t    <\/div>\n\t\t\t<\/div>\n<\/div><\/div>\n        <\/div>\n        <\/div>\n    <\/div>\n\n\n\n<h3 class=\"wp-block-heading\"><\/h3>\n\n\n\n<h3 class=\"wp-block-heading\">Varasemate aastate e-\u00f5ppe p\u00e4evad<\/h3>\n\n\n\n<p><a title=\"\" href=\"https:\/\/sisu.ut.ee\/epaev\/2020-e-nagu-eksam\" data-url=\"https:\/\/sisu.ut.ee\/epaev\/2020-e-nagu-eksam\">2020. aasta e-\u00f5ppe p\u00e4eval tutvustati e-eksamite v\u00f5imalusi<\/a><br><a title=\"\" href=\"https:\/\/sisu.ut.ee\/epaev\/e-ga-paremini-e-%C3%B5ppe-kogemusseminar\" data-url=\"https:\/\/sisu.ut.ee\/epaev\/e-ga-paremini-e-%C3%B5ppe-kogemusseminar\">2019. aasta e-\u00f5ppe p\u00e4ev keskendus e-\u00f5ppe kvaliteedile<\/a><br><a title=\"\" href=\"http:\/\/epaev.ut.ee\/2018-kogemusseminar\" data-url=\"http:\/\/epaev.ut.ee\/2018-kogemusseminar\">2018. aasta e-\u00f5ppe p\u00e4eval jagati e-\u00f5ppe kogemusi<\/a><br><a href=\"https:\/\/sisu.ut.ee\/epaev\/2017-ajajoon\" target=\"_parent\" rel=\"noopener\">2017. aasta e-\u00f5ppe p\u00e4eval meenutati e-\u00f5ppe ajalugu<\/a><br><a style=\"background-color: #ffffff;\" href=\"http:\/\/epaev.ut.ee\/e-%C3%B5ppe-p%C3%A4ev-keskendub-videotele\">2016. aasta e-\u00f5ppe p\u00e4ev keskendus videoloengutele<\/a><br><a style=\"background-color: #ffffff;\" href=\"http:\/\/epaev.ut.ee\/e-%C3%B5ppe-p%C3%A4ev-keskendub-e-portfooliotele\">2015. aasta e-\u00f5ppe p\u00e4ev keskendus e-portfooliotele<\/a>\u00a0<br><a style=\"background-color: #ffffff;\" href=\"http:\/\/epaev.ut.ee\/e-n%C3%A4gijad-m%C3%B5tlesid-e-%C3%B5ppe-tuleviku-%C3%BCle\">2014. aasta e-\u00f5ppe p\u00e4eval m\u00f5tlesid e-n\u00e4gijad e-\u00f5ppe tuleviku \u00fcle<\/a><br><a style=\"background-color: #ffffff;\" href=\"http:\/\/epaev.ut.ee\/tartu-%C3%BClikooli-e-%C3%B5ppe-p%C3%A4eval-kutsutakse-targalt-reisima\">2013. aasta e-\u00f5ppe p\u00e4ev keskendus e-\u00f5ppega seotud m\u00fc\u00fctidele<\/a><br><a style=\"background-color: #ffffff;\" href=\"http:\/\/epaev.ut.ee\/tartu-%C3%BClikooli-e-%C3%B5ppe-p%C3%A4ev-keskendub-e-t%C3%A4iendus%C3%B5ppele\">2012. aasta e-\u00f5ppe p\u00e4ev keskendus e-t\u00e4iendus\u00f5ppele<\/a><\/p>\n\n\n\n<div class=\"wp-block-group attached-files-group is-layout-constrained wp-block-group-is-layout-constrained\"><\/div>\n","protected":false},"excerpt":{"rendered":"<p>E-\u00f5ppe kogemusseminar 27. oktoobril 2021\u00a0kell 13-16 toimus\u00a0veebiseminarina\u00a0\u201cE-praktikumid. E-\u00f5ppe kogemusseminar\u201d. Seminaril\u00a0tutvustati e-praktikumide kasutamise v\u00f5imalusi \u00f5ppet\u00f6\u00f6s. Seminari juhtis \u00f5ppeprorektor Aune Valk. Veebiseminar toimus\u00a0Worksup\u00a0rakendusega. Kuulajatel oli\u00a0v\u00f5imalik ettekandjatelt kirjalikult k\u00fcsimusi k\u00fcsida. Salvestused ettekannete kaupa (salvestuse avamiseks kl\u00f5psake pealkirjal) Varasemate aastate e-\u00f5ppe p\u00e4evad 2020. aasta &#8230;<\/p>\n","protected":false},"author":6,"featured_media":0,"parent":0,"menu_order":0,"comment_status":"closed","ping_status":"closed","template":"","meta":{"_acf_changed":false,"inline_featured_image":false,"footnotes":""},"class_list":["post-3","page","type-page","status-publish","hentry"],"acf":[],"_links":{"self":[{"href":"https:\/\/sisu.ut.ee\/epaev\/wp-json\/wp\/v2\/pages\/3","targetHints":{"allow":["GET"]}}],"collection":[{"href":"https:\/\/sisu.ut.ee\/epaev\/wp-json\/wp\/v2\/pages"}],"about":[{"href":"https:\/\/sisu.ut.ee\/epaev\/wp-json\/wp\/v2\/types\/page"}],"author":[{"embeddable":true,"href":"https:\/\/sisu.ut.ee\/epaev\/wp-json\/wp\/v2\/users\/6"}],"replies":[{"embeddable":true,"href":"https:\/\/sisu.ut.ee\/epaev\/wp-json\/wp\/v2\/comments?post=3"}],"version-history":[{"count":8,"href":"https:\/\/sisu.ut.ee\/epaev\/wp-json\/wp\/v2\/pages\/3\/revisions"}],"predecessor-version":[{"id":134,"href":"https:\/\/sisu.ut.ee\/epaev\/wp-json\/wp\/v2\/pages\/3\/revisions\/134"}],"wp:attachment":[{"href":"https:\/\/sisu.ut.ee\/epaev\/wp-json\/wp\/v2\/media?parent=3"}],"curies":[{"name":"wp","href":"https:\/\/api.w.org\/{rel}","templated":true}]}}