{"id":22,"date":"2024-04-04T02:50:16","date_gmt":"2024-04-03T23:50:16","guid":{"rendered":"https:\/\/sisu.ut.ee\/epaev\/2017-ajajoon\/"},"modified":"2024-04-04T02:50:30","modified_gmt":"2024-04-03T23:50:30","slug":"2017-ajajoon","status":"publish","type":"page","link":"https:\/\/sisu.ut.ee\/epaev\/2017-ajajoon\/","title":{"rendered":"Esimestest arvutitest e-\u00f5ppeni &#8211; ajajoon"},"content":{"rendered":"<p>\n\tE-\u00f5pet on kasutatud juba aastak\u00fcmneid. 2017.a. e-\u00f5ppe p\u00e4eval teeme tagasivaate e-\u00f5ppe ajaloole. Koostasime ajajoone, mis annab \u00fclevaate e-\u00f5ppe kasutamisest Tartu \u00dclikoolis. Millal j\u00f5udis \u00fclikooli esimene arvuti? Millal hakati kasutama internetti ja Wi-Fi\u2019t? Mis aastal viidi l\u00e4bi \u00fclikooli esimene e-kursus? Ajajoonel on v\u00e4lja toodud uute e-\u00f5ppe v\u00f5imaluste kasutuselev\u00f5tuajad, olulised statistilised n\u00e4itajad jpm.\n<\/p>\n<h4 style=\"text-align: center\">\n\t<a href=\"https:\/\/ajajoon.etu.ut.ee\" target=\"_blank\" rel=\"noopener\">Ava e-\u00f5ppe ajajoon<\/a><br>\n<\/h4>\n<p>\n\t\u00a0<\/p>\n","protected":false},"excerpt":{"rendered":"<p>E-\u00f5pet on kasutatud juba aastak\u00fcmneid. 2017.a. e-\u00f5ppe p\u00e4eval teeme tagasivaate e-\u00f5ppe ajaloole. Koostasime ajajoone, mis annab \u00fclevaate e-\u00f5ppe kasutamisest Tartu \u00dclikoolis. Millal j\u00f5udis \u00fclikooli esimene arvuti? Millal hakati kasutama internetti ja Wi-Fi\u2019t? Mis aastal viidi l\u00e4bi \u00fclikooli esimene e-kursus? Ajajoonel &#8230;<\/p>\n","protected":false},"author":6,"featured_media":0,"parent":0,"menu_order":0,"comment_status":"closed","ping_status":"closed","template":"","meta":{"_acf_changed":false,"inline_featured_image":false,"footnotes":""},"class_list":["post-22","page","type-page","status-publish","hentry"],"acf":[],"_links":{"self":[{"href":"https:\/\/sisu.ut.ee\/epaev\/wp-json\/wp\/v2\/pages\/22","targetHints":{"allow":["GET"]}}],"collection":[{"href":"https:\/\/sisu.ut.ee\/epaev\/wp-json\/wp\/v2\/pages"}],"about":[{"href":"https:\/\/sisu.ut.ee\/epaev\/wp-json\/wp\/v2\/types\/page"}],"author":[{"embeddable":true,"href":"https:\/\/sisu.ut.ee\/epaev\/wp-json\/wp\/v2\/users\/6"}],"replies":[{"embeddable":true,"href":"https:\/\/sisu.ut.ee\/epaev\/wp-json\/wp\/v2\/comments?post=22"}],"version-history":[{"count":1,"href":"https:\/\/sisu.ut.ee\/epaev\/wp-json\/wp\/v2\/pages\/22\/revisions"}],"predecessor-version":[{"id":104,"href":"https:\/\/sisu.ut.ee\/epaev\/wp-json\/wp\/v2\/pages\/22\/revisions\/104"}],"wp:attachment":[{"href":"https:\/\/sisu.ut.ee\/epaev\/wp-json\/wp\/v2\/media?parent=22"}],"curies":[{"name":"wp","href":"https:\/\/api.w.org\/{rel}","templated":true}]}}