{"id":20,"date":"2024-04-04T02:50:16","date_gmt":"2024-04-03T23:50:16","guid":{"rendered":"https:\/\/sisu.ut.ee\/epaev\/e-oppe-paev-keskendub-videotele\/"},"modified":"2024-04-04T02:50:30","modified_gmt":"2024-04-03T23:50:30","slug":"e-oppe-paev-keskendub-videotele","status":"publish","type":"page","link":"https:\/\/sisu.ut.ee\/epaev\/e-oppe-paev-keskendub-videotele\/","title":{"rendered":"2016. aasta e-\u00f5ppe p\u00e4ev keskendub videoloengutele"},"content":{"rendered":"<h4><strong>Arutelu\u00a0\u201cRetsepte heaks videoloenguks\u201d<br><\/strong><\/h4>\n<p><span>T\u00dc haridusuuringute keskuse juhataja Anzori Barkalaja juhitavas arutelus r\u00e4\u00e4givad \u00f5ppej\u00f5ud Anneli Saro, Toomas Plank, Piret Luik ja Tauno Palts videoloengute loomisest ja kasutamisest \u00f5ppet\u00f6\u00f6s.\u00a0Samuti jagavad nad kasulikke n\u00f5uandeid ja t\u00e4helepanekuid hea videoloengu tegemiseks.\u00a0<\/span>Arutelu tugineb \u00f5ppijate arvamuslugudel videoloengute erinevatest aspektidest.<\/p>\n<p><span>\u201eVideoloeng on t\u00e4nap\u00e4eva \u00f5ppet\u00f6\u00f6s v\u00e4ga oluline, mille tervikliku hea tulemuse saavutamiseks on vaja k\u00f5ikide detailide \u00f5nnestunud kokkulangemist alates \u00f5ppej\u00f5u n\u00e4itlejameisterlikkusest, l\u00f5petades video tehnilise kvaliteedi ning \u00f5ppijate ootustega. Arutelu jooksul vaatame, mis on erinevate p\u00f5lvkondade jaoks m\u00e4\u00e4rav, et loeng pakuks neile pinget,\u201c \u00fctles Barkalaja.<\/span><\/p>\n<p><\/p>\n<p><\/p><div class=\"ratio ratio-16x9 mb-3\"><div class=\"video-placeholder-wrapper video-placeholder-wrapper--16x9\">\n\t\t\t    <div class=\"video-placeholder d-flex justify-content-center align-items-center\">\n\t\t\t        <div class=\"overlay text-white p-2 w-100 text-center d-block justify-content-center align-items-center\">\n\t\t\t            <div>Kolmandate osapoolte sisu n\u00e4gemiseks palun n\u00f5ustu k\u00fcpsistega.<\/div>\n\t\t\t            <button class=\"btn btn-secondary btn-sm mt-1 consent-change\">Muuda n\u00f5usolekut<\/button>\n\t\t\t        <\/div>\n\t\t\t    <\/div>\n\t\t\t<\/div>\n<\/div>\n\n<p style=\"text-align: center\"><a href=\"http:\/\/www.uttv.ee\/naita?id=24750\" target=\"_blank\" data-url=\"http:\/\/www.uttv.ee\/naita?id=24750\" rel=\"noopener\">https:\/\/www.uttv.ee\/naita?id=24750<\/a>\u00a0(j\u00e4rjehoidjatega)<\/p>\n","protected":false},"excerpt":{"rendered":"<p>Arutelu\u00a0\u201cRetsepte heaks videoloenguks\u201d T\u00dc haridusuuringute keskuse juhataja Anzori Barkalaja juhitavas arutelus r\u00e4\u00e4givad \u00f5ppej\u00f5ud Anneli Saro, Toomas Plank, Piret Luik ja Tauno Palts videoloengute loomisest ja kasutamisest \u00f5ppet\u00f6\u00f6s.\u00a0Samuti jagavad nad kasulikke n\u00f5uandeid ja t\u00e4helepanekuid hea videoloengu tegemiseks.\u00a0Arutelu tugineb \u00f5ppijate arvamuslugudel videoloengute &#8230;<\/p>\n","protected":false},"author":6,"featured_media":0,"parent":0,"menu_order":0,"comment_status":"closed","ping_status":"closed","template":"","meta":{"_acf_changed":false,"inline_featured_image":false,"footnotes":""},"class_list":["post-20","page","type-page","status-publish","hentry"],"acf":[],"_links":{"self":[{"href":"https:\/\/sisu.ut.ee\/epaev\/wp-json\/wp\/v2\/pages\/20","targetHints":{"allow":["GET"]}}],"collection":[{"href":"https:\/\/sisu.ut.ee\/epaev\/wp-json\/wp\/v2\/pages"}],"about":[{"href":"https:\/\/sisu.ut.ee\/epaev\/wp-json\/wp\/v2\/types\/page"}],"author":[{"embeddable":true,"href":"https:\/\/sisu.ut.ee\/epaev\/wp-json\/wp\/v2\/users\/6"}],"replies":[{"embeddable":true,"href":"https:\/\/sisu.ut.ee\/epaev\/wp-json\/wp\/v2\/comments?post=20"}],"version-history":[{"count":1,"href":"https:\/\/sisu.ut.ee\/epaev\/wp-json\/wp\/v2\/pages\/20\/revisions"}],"predecessor-version":[{"id":106,"href":"https:\/\/sisu.ut.ee\/epaev\/wp-json\/wp\/v2\/pages\/20\/revisions\/106"}],"wp:attachment":[{"href":"https:\/\/sisu.ut.ee\/epaev\/wp-json\/wp\/v2\/media?parent=20"}],"curies":[{"name":"wp","href":"https:\/\/api.w.org\/{rel}","templated":true}]}}