{"id":17,"date":"2024-04-04T02:50:16","date_gmt":"2024-04-03T23:50:16","guid":{"rendered":"https:\/\/sisu.ut.ee\/epaev\/2020-e-nagu-eksam\/"},"modified":"2024-04-09T21:02:08","modified_gmt":"2024-04-09T18:02:08","slug":"2020-e-nagu-eksam","status":"publish","type":"page","link":"https:\/\/sisu.ut.ee\/epaev\/2020-e-nagu-eksam\/","title":{"rendered":"2020 &#8211; E nagu eksam"},"content":{"rendered":"<p><strong>25. novembril 2020 <\/strong>toimus veebiseminarina\u00a0<strong>\u201cE nagu eksam. E-\u00f5ppe kogemusseminar\u201d<\/strong>.<\/p>\n<p>Seminaril\u00a0tutvustati\u00a0\u00f5ppijate hindamise\u00a0aluseid ja v\u00f5imalusi Moodle\u2019i \u00f5pikeskonnas. Jagati kevadel eriolukorra ajal saadud kogemusi\u00a0suuliste, kirjalike ja j\u00e4relevalvega elektroonsete eksamite korraldamisel. Seminari juhtis \u00f5ppeprorektor Aune Valk.<\/p>\n<p>Veebiseminar toimus\u00a0<strong>MS Teams Live Event<\/strong> rakendusega.<\/p>\n<p><strong>NB!<\/strong> Kogu seminar ja ettekanded eraldi on j\u00e4relvaadatavad. Video n\u00e4gemiseks kl\u00f5psa ettekande pealkirjal\u00a0ning avaneb videoplayer. Samuti on video all link slaididele (kui need olemas on).<\/p>\n<h3>Seminari ettekanded ja arutelu<\/h3>\n<p><strong><div class=\"accordion mb-3\">\n        <div class=\"accordion-item accordion-item--white\">\n        <h2 class=\"accordion-header\" id=\"accordion-69e078ac9f758-heading\">\n            <button class=\"accordion-button collapsed\" type=\"button\" data-bs-toggle=\"collapse\" data-bs-target=\"#accordion-69e078ac9f758-collapse\" aria-expanded=\"true\" aria-controls=\"accordion-69e078ac9f758-collapse\"><span style=\"font-size: 16px;\">Vaata kogu kogemusseminari videosalvestust (3 tundi 58 minutit)<\/span> <\/button>\n        <\/h2>\n        <div id=\"accordion-69e078ac9f758-collapse\" class=\"accordion-collapse collapse\" aria-labelledby=\"accordion-69e078ac9f758-heading\">\n            <div class=\"accordion-body\">\u00a0<div class=\"ratio ratio-16x9 mb-3\"><div class=\"video-placeholder-wrapper video-placeholder-wrapper--16x9\">\n\t\t\t    <div class=\"video-placeholder d-flex justify-content-center align-items-center\">\n\t\t\t        <div class=\"overlay text-white p-2 w-100 text-center d-block justify-content-center align-items-center\">\n\t\t\t            <div>Kolmandate osapoolte sisu n\u00e4gemiseks palun n\u00f5ustu k\u00fcpsistega.<\/div>\n\t\t\t            <button class=\"btn btn-secondary btn-sm mt-1 consent-change\">Muuda n\u00f5usolekut<\/button>\n\t\t\t        <\/div>\n\t\t\t    <\/div>\n\t\t\t<\/div>\n<\/div><strong> <\/strong><\/div>\n        <\/div>\n        <\/div>\n    <\/div><\/strong><\/p>\n<p><\/p><div class=\"accordion mb-3\">\n        <div class=\"accordion-item accordion-item--white\">\n        <h2 class=\"accordion-header\" id=\"accordion-69e078ac9f75e-heading\">\n            <button class=\"accordion-button collapsed\" type=\"button\" data-bs-toggle=\"collapse\" data-bs-target=\"#accordion-69e078ac9f75e-collapse\" aria-expanded=\"true\" aria-controls=\"accordion-69e078ac9f75e-collapse\">\u00d5ppijate hindamise alused. Mari Karm, haridusteaduste instituudi k\u00f5rgkoolipedagoogika dotsent, personaliarenduskeskuse \u00f5ppej\u00f5ukoolituse peaspetsialist<\/button>\n        <\/h2>\n        <div id=\"accordion-69e078ac9f75e-collapse\" class=\"accordion-collapse collapse\" aria-labelledby=\"accordion-69e078ac9f75e-heading\">\n            <div class=\"accordion-body\">\u00a0<div class=\"ratio ratio-16x9 mb-3\"><div class=\"video-placeholder-wrapper video-placeholder-wrapper--16x9\">\n\t\t\t    <div class=\"video-placeholder d-flex justify-content-center align-items-center\">\n\t\t\t        <div class=\"overlay text-white p-2 w-100 text-center d-block justify-content-center align-items-center\">\n\t\t\t            <div>Kolmandate osapoolte sisu n\u00e4gemiseks palun n\u00f5ustu k\u00fcpsistega.<\/div>\n\t\t\t            <button class=\"btn btn-secondary btn-sm mt-1 consent-change\">Muuda n\u00f5usolekut<\/button>\n\t\t\t        <\/div>\n\t\t\t    <\/div>\n\t\t\t<\/div>\n<\/div>\n<p style=\"text-align: center;\"><a title=\"\" href=\"https:\/\/sisu.ut.ee\/wp-content\/uploads\/sites\/175\/mari_karm.pdf\" target=\"_blank\" rel=\"noopener\" data-url=\"https:\/\/sisu.ut.ee\/wp-content\/uploads\/sites\/175\/mari_karm.pdf\">Slaidid<\/a><\/p>\n<p><\/p><\/div>\n        <\/div>\n        <\/div>\n    <\/div>\n<p><\/p><div class=\"accordion mb-3\">\n        <div class=\"accordion-item accordion-item--white\">\n        <h2 class=\"accordion-header\" id=\"accordion-69e078ac9f761-heading\">\n            <button class=\"accordion-button collapsed\" type=\"button\" data-bs-toggle=\"collapse\" data-bs-target=\"#accordion-69e078ac9f761-collapse\" aria-expanded=\"true\" aria-controls=\"accordion-69e078ac9f761-collapse\">\u00d5ppijate hindamise v\u00f5imalused Moodle\u2019is. Triin Marandi, elukestva \u00f5ppe keskuse \u00f5ppedisainer (meditsiiniteaduste valdkond)<\/button>\n        <\/h2>\n        <div id=\"accordion-69e078ac9f761-collapse\" class=\"accordion-collapse collapse\" aria-labelledby=\"accordion-69e078ac9f761-heading\">\n            <div class=\"accordion-body\">\u00a0<div class=\"ratio ratio-16x9 mb-3\"><div class=\"video-placeholder-wrapper video-placeholder-wrapper--16x9\">\n\t\t\t    <div class=\"video-placeholder d-flex justify-content-center align-items-center\">\n\t\t\t        <div class=\"overlay text-white p-2 w-100 text-center d-block justify-content-center align-items-center\">\n\t\t\t            <div>Kolmandate osapoolte sisu n\u00e4gemiseks palun n\u00f5ustu k\u00fcpsistega.<\/div>\n\t\t\t            <button class=\"btn btn-secondary btn-sm mt-1 consent-change\">Muuda n\u00f5usolekut<\/button>\n\t\t\t        <\/div>\n\t\t\t    <\/div>\n\t\t\t<\/div>\n<\/div>\n<p style=\"text-align: center;\"><a title=\"\" href=\"https:\/\/sisu.ut.ee\/wp-content\/uploads\/sites\/175\/triin_marandi.pdf\" target=\"_blank\" rel=\"noopener\" data-url=\"https:\/\/sisu.ut.ee\/wp-content\/uploads\/sites\/175\/triin_marandi.pdf\">Slaidid<\/a> <\/p><\/div>\n        <\/div>\n        <\/div>\n    <\/div>\n<p><\/p><div class=\"accordion mb-3\">\n        <div class=\"accordion-item accordion-item--white\">\n        <h2 class=\"accordion-header\" id=\"accordion-69e078ac9f764-heading\">\n            <button class=\"accordion-button collapsed\" type=\"button\" data-bs-toggle=\"collapse\" data-bs-target=\"#accordion-69e078ac9f764-collapse\" aria-expanded=\"true\" aria-controls=\"accordion-69e078ac9f764-collapse\">Suuline e-eksam BigBlueButtoni keskkonnas: juhtumianal\u00fc\u00fcside lahendamine. Monika Mets, sporditeaduste ja f\u00fcsioteraapia instituudi laste f\u00fcsioteraapia assistent<\/button>\n        <\/h2>\n        <div id=\"accordion-69e078ac9f764-collapse\" class=\"accordion-collapse collapse\" aria-labelledby=\"accordion-69e078ac9f764-heading\">\n            <div class=\"accordion-body\">\u00a0<div class=\"ratio ratio-16x9 mb-3\"><div class=\"video-placeholder-wrapper video-placeholder-wrapper--16x9\">\n\t\t\t    <div class=\"video-placeholder d-flex justify-content-center align-items-center\">\n\t\t\t        <div class=\"overlay text-white p-2 w-100 text-center d-block justify-content-center align-items-center\">\n\t\t\t            <div>Kolmandate osapoolte sisu n\u00e4gemiseks palun n\u00f5ustu k\u00fcpsistega.<\/div>\n\t\t\t            <button class=\"btn btn-secondary btn-sm mt-1 consent-change\">Muuda n\u00f5usolekut<\/button>\n\t\t\t        <\/div>\n\t\t\t    <\/div>\n\t\t\t<\/div>\n<\/div>\n<p style=\"text-align: center;\"><a title=\"\" href=\"https:\/\/sisu.ut.ee\/wp-content\/uploads\/sites\/175\/monika_mets.pdf\" target=\"_blank\" rel=\"noopener\" data-url=\"https:\/\/sisu.ut.ee\/wp-content\/uploads\/sites\/175\/monika_mets.pdf\">Slaidid<\/a><\/p>\n<p><\/p><\/div>\n        <\/div>\n        <\/div>\n    <\/div>\n<p><\/p><div class=\"accordion mb-3\">\n        <div class=\"accordion-item accordion-item--white\">\n        <h2 class=\"accordion-header\" id=\"accordion-69e078ac9f766-heading\">\n            <button class=\"accordion-button collapsed\" type=\"button\" data-bs-toggle=\"collapse\" data-bs-target=\"#accordion-69e078ac9f766-collapse\" aria-expanded=\"true\" aria-controls=\"accordion-69e078ac9f766-collapse\">Minu esimene suuline eksam \u00f5ppej\u00f5una!\u00a0Kairi Kasearu, \u00fchiskonnateaduste instituudi\u00a0\u00fcldsotsioloogia dotsent<\/button>\n        <\/h2>\n        <div id=\"accordion-69e078ac9f766-collapse\" class=\"accordion-collapse collapse\" aria-labelledby=\"accordion-69e078ac9f766-heading\">\n            <div class=\"accordion-body\">\u00a0<div class=\"ratio ratio-16x9 mb-3\"><div class=\"video-placeholder-wrapper video-placeholder-wrapper--16x9\">\n\t\t\t    <div class=\"video-placeholder d-flex justify-content-center align-items-center\">\n\t\t\t        <div class=\"overlay text-white p-2 w-100 text-center d-block justify-content-center align-items-center\">\n\t\t\t            <div>Kolmandate osapoolte sisu n\u00e4gemiseks palun n\u00f5ustu k\u00fcpsistega.<\/div>\n\t\t\t            <button class=\"btn btn-secondary btn-sm mt-1 consent-change\">Muuda n\u00f5usolekut<\/button>\n\t\t\t        <\/div>\n\t\t\t    <\/div>\n\t\t\t<\/div>\n<\/div>\n<p style=\"text-align: center;\"><a title=\"\" href=\"https:\/\/sisu.ut.ee\/wp-content\/uploads\/sites\/175\/kairi_kasearu.pdf\" target=\"_blank\" rel=\"noopener\" data-url=\"https:\/\/sisu.ut.ee\/wp-content\/uploads\/sites\/175\/kairi_kasearu.pdf\">Slaidid<\/a>\u00a0<\/p><\/div>\n        <\/div>\n        <\/div>\n    <\/div>\n<p><\/p><div class=\"accordion mb-3\">\n        <div class=\"accordion-item accordion-item--white\">\n        <h2 class=\"accordion-header\" id=\"accordion-69e078ac9f768-heading\">\n            <button class=\"accordion-button collapsed\" type=\"button\" data-bs-toggle=\"collapse\" data-bs-target=\"#accordion-69e078ac9f768-collapse\" aria-expanded=\"true\" aria-controls=\"accordion-69e078ac9f768-collapse\">Muusika praktiline \u00f5pe distantsilt. Celia Roose, Viljandi kultuuriakadeemia p\u00e4rimusmuusika dotsent<\/button>\n        <\/h2>\n        <div id=\"accordion-69e078ac9f768-collapse\" class=\"accordion-collapse collapse\" aria-labelledby=\"accordion-69e078ac9f768-heading\">\n            <div class=\"accordion-body\">\u00a0<div class=\"ratio ratio-16x9 mb-3\"><div class=\"video-placeholder-wrapper video-placeholder-wrapper--16x9\">\n\t\t\t    <div class=\"video-placeholder d-flex justify-content-center align-items-center\">\n\t\t\t        <div class=\"overlay text-white p-2 w-100 text-center d-block justify-content-center align-items-center\">\n\t\t\t            <div>Kolmandate osapoolte sisu n\u00e4gemiseks palun n\u00f5ustu k\u00fcpsistega.<\/div>\n\t\t\t            <button class=\"btn btn-secondary btn-sm mt-1 consent-change\">Muuda n\u00f5usolekut<\/button>\n\t\t\t        <\/div>\n\t\t\t    <\/div>\n\t\t\t<\/div>\n<\/div> <\/div>\n        <\/div>\n        <\/div>\n    <\/div>\n<p><\/p><div class=\"accordion mb-3\">\n        <div class=\"accordion-item accordion-item--white\">\n        <h2 class=\"accordion-header\" id=\"accordion-69e078ac9f76b-heading\">\n            <button class=\"accordion-button collapsed\" type=\"button\" data-bs-toggle=\"collapse\" data-bs-target=\"#accordion-69e078ac9f76b-collapse\" aria-expanded=\"true\" aria-controls=\"accordion-69e078ac9f76b-collapse\">Moodle\u2019i testide kasutamise kogemus \u00f5ppijate hindamisel. Taavi Tamberg, P\u00e4rnu kolled\u017ei informaatika assistent<\/button>\n        <\/h2>\n        <div id=\"accordion-69e078ac9f76b-collapse\" class=\"accordion-collapse collapse\" aria-labelledby=\"accordion-69e078ac9f76b-heading\">\n            <div class=\"accordion-body\">\u00a0<div class=\"ratio ratio-16x9 mb-3\"><div class=\"video-placeholder-wrapper video-placeholder-wrapper--16x9\">\n\t\t\t    <div class=\"video-placeholder d-flex justify-content-center align-items-center\">\n\t\t\t        <div class=\"overlay text-white p-2 w-100 text-center d-block justify-content-center align-items-center\">\n\t\t\t            <div>Kolmandate osapoolte sisu n\u00e4gemiseks palun n\u00f5ustu k\u00fcpsistega.<\/div>\n\t\t\t            <button class=\"btn btn-secondary btn-sm mt-1 consent-change\">Muuda n\u00f5usolekut<\/button>\n\t\t\t        <\/div>\n\t\t\t    <\/div>\n\t\t\t<\/div>\n<\/div> \u00a0<\/div>\n        <\/div>\n        <\/div>\n    <\/div>\n<p><\/p><div class=\"accordion mb-3\">\n        <div class=\"accordion-item accordion-item--white\">\n        <h2 class=\"accordion-header\" id=\"accordion-69e078ac9f76d-heading\">\n            <button class=\"accordion-button collapsed\" type=\"button\" data-bs-toggle=\"collapse\" data-bs-target=\"#accordion-69e078ac9f76d-collapse\" aria-expanded=\"true\" aria-controls=\"accordion-69e078ac9f76d-collapse\">Safe Exam Browser\u00a0ja selle kasutamine \u00f5ppet\u00f6\u00f6s. Ants Kurg, molekulaar- ja rakubioloogia instituudi\u00a0molekulaarse biotehnoloogia professor<\/button>\n        <\/h2>\n        <div id=\"accordion-69e078ac9f76d-collapse\" class=\"accordion-collapse collapse\" aria-labelledby=\"accordion-69e078ac9f76d-heading\">\n            <div class=\"accordion-body\">\u00a0<div class=\"ratio ratio-16x9 mb-3\"><div class=\"video-placeholder-wrapper video-placeholder-wrapper--16x9\">\n\t\t\t    <div class=\"video-placeholder d-flex justify-content-center align-items-center\">\n\t\t\t        <div class=\"overlay text-white p-2 w-100 text-center d-block justify-content-center align-items-center\">\n\t\t\t            <div>Kolmandate osapoolte sisu n\u00e4gemiseks palun n\u00f5ustu k\u00fcpsistega.<\/div>\n\t\t\t            <button class=\"btn btn-secondary btn-sm mt-1 consent-change\">Muuda n\u00f5usolekut<\/button>\n\t\t\t        <\/div>\n\t\t\t    <\/div>\n\t\t\t<\/div>\n<\/div>\n<p style=\"text-align: center;\"><a title=\"\" href=\"https:\/\/sisu.ut.ee\/wp-content\/uploads\/sites\/175\/ants_kurg.pdf\" target=\"_blank\" rel=\"noopener\" data-url=\"https:\/\/sisu.ut.ee\/wp-content\/uploads\/sites\/175\/ants_kurg.pdf\">Slaidid<\/a><\/p>\n<p><\/p><\/div>\n        <\/div>\n        <\/div>\n    <\/div>\n<p><\/p><div class=\"accordion mb-3\">\n        <div class=\"accordion-item accordion-item--white\">\n        <h2 class=\"accordion-header\" id=\"accordion-69e078ac9f76f-heading\">\n            <button class=\"accordion-button collapsed\" type=\"button\" data-bs-toggle=\"collapse\" data-bs-target=\"#accordion-69e078ac9f76f-collapse\" aria-expanded=\"true\" aria-controls=\"accordion-69e078ac9f76f-collapse\">Remote proctoring\u00a0tarkvara juurutamise\u00a0kogemuslugu. Annika Maranik, infotehnoloogia osakonna \u00e4rianal\u00fc\u00fctik; Terje M\u00e4esalu, siseauditi b\u00fcroo andmekaitse peaspetsialist<\/button>\n        <\/h2>\n        <div id=\"accordion-69e078ac9f76f-collapse\" class=\"accordion-collapse collapse\" aria-labelledby=\"accordion-69e078ac9f76f-heading\">\n            <div class=\"accordion-body\">\u00a0<div class=\"ratio ratio-16x9 mb-3\"><div class=\"video-placeholder-wrapper video-placeholder-wrapper--16x9\">\n\t\t\t    <div class=\"video-placeholder d-flex justify-content-center align-items-center\">\n\t\t\t        <div class=\"overlay text-white p-2 w-100 text-center d-block justify-content-center align-items-center\">\n\t\t\t            <div>Kolmandate osapoolte sisu n\u00e4gemiseks palun n\u00f5ustu k\u00fcpsistega.<\/div>\n\t\t\t            <button class=\"btn btn-secondary btn-sm mt-1 consent-change\">Muuda n\u00f5usolekut<\/button>\n\t\t\t        <\/div>\n\t\t\t    <\/div>\n\t\t\t<\/div>\n<\/div>\n<p style=\"text-align: center;\"><a title=\"\" href=\"https:\/\/sisu.ut.ee\/wp-content\/uploads\/sites\/175\/annika_maranik.pdf\" target=\"_blank\" rel=\"noopener\" data-url=\"https:\/\/sisu.ut.ee\/wp-content\/uploads\/sites\/175\/annika_maranik.pdf\">Slaidid<\/a><\/p>\n<p><\/p><\/div>\n        <\/div>\n        <\/div>\n    <\/div>\n<p><\/p><div class=\"accordion mb-3\">\n        <div class=\"accordion-item accordion-item--white\">\n        <h2 class=\"accordion-header\" id=\"accordion-69e078ac9f772-heading\">\n            <button class=\"accordion-button collapsed\" type=\"button\" data-bs-toggle=\"collapse\" data-bs-target=\"#accordion-69e078ac9f772-collapse\" aria-expanded=\"true\" aria-controls=\"accordion-69e078ac9f772-collapse\">Arstiteaduse l\u00f5pueksami kogemused Covid-19 pandeemia ajal. Anti Kalda, bio- ja siirdemeditsiini instituudi\u00a0farmakoloogia ja kliinilise farmakoloogia professor, meditsiiniteaduste valdkonna \u00f5ppeprodekaan<\/button>\n        <\/h2>\n        <div id=\"accordion-69e078ac9f772-collapse\" class=\"accordion-collapse collapse\" aria-labelledby=\"accordion-69e078ac9f772-heading\">\n            <div class=\"accordion-body\">\u00a0<div class=\"ratio ratio-16x9 mb-3\"><div class=\"video-placeholder-wrapper video-placeholder-wrapper--16x9\">\n\t\t\t    <div class=\"video-placeholder d-flex justify-content-center align-items-center\">\n\t\t\t        <div class=\"overlay text-white p-2 w-100 text-center d-block justify-content-center align-items-center\">\n\t\t\t            <div>Kolmandate osapoolte sisu n\u00e4gemiseks palun n\u00f5ustu k\u00fcpsistega.<\/div>\n\t\t\t            <button class=\"btn btn-secondary btn-sm mt-1 consent-change\">Muuda n\u00f5usolekut<\/button>\n\t\t\t        <\/div>\n\t\t\t    <\/div>\n\t\t\t<\/div>\n<\/div>\u00a0<\/div>\n        <\/div>\n        <\/div>\n    <\/div>\n<p><\/p><div class=\"accordion mb-3\">\n        <div class=\"accordion-item accordion-item--white\">\n        <h2 class=\"accordion-header\" id=\"accordion-69e078ac9f774-heading\">\n            <button class=\"accordion-button collapsed\" type=\"button\" data-bs-toggle=\"collapse\" data-bs-target=\"#accordion-69e078ac9f774-collapse\" aria-expanded=\"true\" aria-controls=\"accordion-69e078ac9f774-collapse\">How Technology Helps You Keep Academic Integrity in Your Exam. Ricardo Alfredo Mendes Pereira Vicente, majandusteaduskonna majanduse modelleerimise lektor<\/button>\n        <\/h2>\n        <div id=\"accordion-69e078ac9f774-collapse\" class=\"accordion-collapse collapse\" aria-labelledby=\"accordion-69e078ac9f774-heading\">\n            <div class=\"accordion-body\">\u00a0<div class=\"ratio ratio-16x9 mb-3\"><div class=\"video-placeholder-wrapper video-placeholder-wrapper--16x9\">\n\t\t\t    <div class=\"video-placeholder d-flex justify-content-center align-items-center\">\n\t\t\t        <div class=\"overlay text-white p-2 w-100 text-center d-block justify-content-center align-items-center\">\n\t\t\t            <div>Kolmandate osapoolte sisu n\u00e4gemiseks palun n\u00f5ustu k\u00fcpsistega.<\/div>\n\t\t\t            <button class=\"btn btn-secondary btn-sm mt-1 consent-change\">Muuda n\u00f5usolekut<\/button>\n\t\t\t        <\/div>\n\t\t\t    <\/div>\n\t\t\t<\/div>\n<\/div>\u00a0<\/div>\n        <\/div>\n        <\/div>\n    <\/div>\n<p><\/p><div class=\"accordion mb-3\">\n        <div class=\"accordion-item accordion-item--white\">\n        <h2 class=\"accordion-header\" id=\"accordion-69e078ac9f776-heading\">\n            <button class=\"accordion-button collapsed\" type=\"button\" data-bs-toggle=\"collapse\" data-bs-target=\"#accordion-69e078ac9f776-collapse\" aria-expanded=\"true\" aria-controls=\"accordion-69e078ac9f776-collapse\">Eksamite j\u00e4relevalve arutelu. Aune Valk, Anneli Saro,\u00a0Anti Kalda, Varmo Vene, Karel Paan, Terje M\u00e4esalu<\/button>\n        <\/h2>\n        <div id=\"accordion-69e078ac9f776-collapse\" class=\"accordion-collapse collapse\" aria-labelledby=\"accordion-69e078ac9f776-heading\">\n            <div class=\"accordion-body\">\u00a0<div class=\"ratio ratio-16x9 mb-3\"><div class=\"video-placeholder-wrapper video-placeholder-wrapper--16x9\">\n\t\t\t    <div class=\"video-placeholder d-flex justify-content-center align-items-center\">\n\t\t\t        <div class=\"overlay text-white p-2 w-100 text-center d-block justify-content-center align-items-center\">\n\t\t\t            <div>Kolmandate osapoolte sisu n\u00e4gemiseks palun n\u00f5ustu k\u00fcpsistega.<\/div>\n\t\t\t            <button class=\"btn btn-secondary btn-sm mt-1 consent-change\">Muuda n\u00f5usolekut<\/button>\n\t\t\t        <\/div>\n\t\t\t    <\/div>\n\t\t\t<\/div>\n<\/div>\u00a0<\/div>\n        <\/div>\n        <\/div>\n    <\/div>\n","protected":false},"excerpt":{"rendered":"<p>25. novembril 2020 toimus veebiseminarina\u00a0\u201cE nagu eksam. E-\u00f5ppe kogemusseminar\u201d. Seminaril\u00a0tutvustati\u00a0\u00f5ppijate hindamise\u00a0aluseid ja v\u00f5imalusi Moodle\u2019i \u00f5pikeskonnas. Jagati kevadel eriolukorra ajal saadud kogemusi\u00a0suuliste, kirjalike ja j\u00e4relevalvega elektroonsete eksamite korraldamisel. Seminari juhtis \u00f5ppeprorektor Aune Valk. Veebiseminar toimus\u00a0MS Teams Live Event rakendusega. NB! Kogu &#8230;<\/p>\n","protected":false},"author":6,"featured_media":0,"parent":0,"menu_order":0,"comment_status":"closed","ping_status":"closed","template":"","meta":{"_acf_changed":false,"inline_featured_image":false,"footnotes":""},"class_list":["post-17","page","type-page","status-publish","hentry"],"acf":[],"_links":{"self":[{"href":"https:\/\/sisu.ut.ee\/epaev\/wp-json\/wp\/v2\/pages\/17","targetHints":{"allow":["GET"]}}],"collection":[{"href":"https:\/\/sisu.ut.ee\/epaev\/wp-json\/wp\/v2\/pages"}],"about":[{"href":"https:\/\/sisu.ut.ee\/epaev\/wp-json\/wp\/v2\/types\/page"}],"author":[{"embeddable":true,"href":"https:\/\/sisu.ut.ee\/epaev\/wp-json\/wp\/v2\/users\/6"}],"replies":[{"embeddable":true,"href":"https:\/\/sisu.ut.ee\/epaev\/wp-json\/wp\/v2\/comments?post=17"}],"version-history":[{"count":3,"href":"https:\/\/sisu.ut.ee\/epaev\/wp-json\/wp\/v2\/pages\/17\/revisions"}],"predecessor-version":[{"id":137,"href":"https:\/\/sisu.ut.ee\/epaev\/wp-json\/wp\/v2\/pages\/17\/revisions\/137"}],"wp:attachment":[{"href":"https:\/\/sisu.ut.ee\/epaev\/wp-json\/wp\/v2\/media?parent=17"}],"curies":[{"name":"wp","href":"https:\/\/api.w.org\/{rel}","templated":true}]}}