{"id":16,"date":"2024-04-04T02:50:16","date_gmt":"2024-04-03T23:50:16","guid":{"rendered":"https:\/\/sisu.ut.ee\/epaev\/tartu-ulikooli-e-oppe-paev-keskendub-e-taiendusoppele\/"},"modified":"2024-04-04T02:50:30","modified_gmt":"2024-04-03T23:50:30","slug":"tartu-ulikooli-e-oppe-paev-keskendub-e-taiendusoppele","status":"publish","type":"page","link":"https:\/\/sisu.ut.ee\/epaev\/tartu-ulikooli-e-oppe-paev-keskendub-e-taiendusoppele\/","title":{"rendered":"2012. aasta e-\u00f5ppe p\u00e4ev keskendus e-t\u00e4iendus\u00f5ppele"},"content":{"rendered":"<h4><strong>Tartu \u00dclikooil ja Eesti Personalit\u00f6\u00f6 Arendamise \u00dchingu (PARE) koost\u00f6\u00f6seminar \u201e\u00d5IGE AEG ON e-\u00d5PPIDA\u201c\u00a0<\/strong><\/h4>\n<h4><strong>\u00a0<\/strong><\/h4>\n<p>E-\u00f5ppe arengutest r\u00e4\u00e4gib e-\u00d5ppe arenduskeskuse juhataja Ene Koitla, Tartu \u00dclikooli e-t\u00e4iendus\u00f5ppe v\u00f5imalusi tutvustab T\u00dc elukestva \u00f5ppe keskuse juhataja Tiia Ristolainen, koolitaja kogemusi jagab T\u00dc Narva Kolled\u017ei programmijuht Aet Kiisla ning \u00f5ppija vaatenurka tutvustab Maksu \u2013 ja Tolliameti personali- ja koolitustalituse koordinaator Kaja Lattu.<\/p>\n<p><\/p><div class=\"ratio ratio-16x9 mb-3\"><div class=\"video-placeholder-wrapper video-placeholder-wrapper--16x9\">\n\t\t\t    <div class=\"video-placeholder d-flex justify-content-center align-items-center\">\n\t\t\t        <div class=\"overlay text-white p-2 w-100 text-center d-block justify-content-center align-items-center\">\n\t\t\t            <div>Kolmandate osapoolte sisu n\u00e4gemiseks palun n\u00f5ustu k\u00fcpsistega.<\/div>\n\t\t\t            <button class=\"btn btn-secondary btn-sm mt-1 consent-change\">Muuda n\u00f5usolekut<\/button>\n\t\t\t        <\/div>\n\t\t\t    <\/div>\n\t\t\t<\/div>\n<\/div>\n","protected":false},"excerpt":{"rendered":"<p>Tartu \u00dclikooil ja Eesti Personalit\u00f6\u00f6 Arendamise \u00dchingu (PARE) koost\u00f6\u00f6seminar \u201e\u00d5IGE AEG ON e-\u00d5PPIDA\u201c\u00a0 \u00a0 E-\u00f5ppe arengutest r\u00e4\u00e4gib e-\u00d5ppe arenduskeskuse juhataja Ene Koitla, Tartu \u00dclikooli e-t\u00e4iendus\u00f5ppe v\u00f5imalusi tutvustab T\u00dc elukestva \u00f5ppe keskuse juhataja Tiia Ristolainen, koolitaja kogemusi jagab T\u00dc Narva Kolled\u017ei &#8230;<\/p>\n","protected":false},"author":6,"featured_media":0,"parent":0,"menu_order":0,"comment_status":"closed","ping_status":"closed","template":"","meta":{"_acf_changed":false,"inline_featured_image":false,"footnotes":""},"class_list":["post-16","page","type-page","status-publish","hentry"],"acf":[],"_links":{"self":[{"href":"https:\/\/sisu.ut.ee\/epaev\/wp-json\/wp\/v2\/pages\/16","targetHints":{"allow":["GET"]}}],"collection":[{"href":"https:\/\/sisu.ut.ee\/epaev\/wp-json\/wp\/v2\/pages"}],"about":[{"href":"https:\/\/sisu.ut.ee\/epaev\/wp-json\/wp\/v2\/types\/page"}],"author":[{"embeddable":true,"href":"https:\/\/sisu.ut.ee\/epaev\/wp-json\/wp\/v2\/users\/6"}],"replies":[{"embeddable":true,"href":"https:\/\/sisu.ut.ee\/epaev\/wp-json\/wp\/v2\/comments?post=16"}],"version-history":[{"count":1,"href":"https:\/\/sisu.ut.ee\/epaev\/wp-json\/wp\/v2\/pages\/16\/revisions"}],"predecessor-version":[{"id":110,"href":"https:\/\/sisu.ut.ee\/epaev\/wp-json\/wp\/v2\/pages\/16\/revisions\/110"}],"wp:attachment":[{"href":"https:\/\/sisu.ut.ee\/epaev\/wp-json\/wp\/v2\/media?parent=16"}],"curies":[{"name":"wp","href":"https:\/\/api.w.org\/{rel}","templated":true}]}}