{"id":15,"date":"2024-04-04T02:50:16","date_gmt":"2024-04-03T23:50:16","guid":{"rendered":"https:\/\/sisu.ut.ee\/epaev\/tartu-ulikooli-e-oppe-paeval-kutsutakse-targalt-reisima\/"},"modified":"2024-04-04T02:50:30","modified_gmt":"2024-04-03T23:50:30","slug":"tartu-ulikooli-e-oppe-paeval-kutsutakse-targalt-reisima","status":"publish","type":"page","link":"https:\/\/sisu.ut.ee\/epaev\/tartu-ulikooli-e-oppe-paeval-kutsutakse-targalt-reisima\/","title":{"rendered":"2013. aasta e-\u00f5ppe p\u00e4ev keskendus e-\u00f5ppega seotud m\u00fc\u00fctidele"},"content":{"rendered":"<h4><strong>Minikursus \u201cReisi targalt\u201d<\/strong><\/h4>\n<p>K\u00f5ikidel huvilistel oli v\u00f5imalik \u00f5ppida mini-e-kursusel \u201cReisi targalt\u201d. Osalemine kursusel: <a style=\"background-color: #ffffff\" href=\"http:\/\/sisu.ut.ee\/reisitargalt\" target=\"_blank\" rel=\"noopener\">http:\/\/sisu.ut.ee\/reisitargalt<\/a><\/p>\n<p>Kursus on loodud konsuli p\u00e4evikuna, kus on n\u00e4ited reisijatega juhtunust ehk lood elust enesest. Iga teema juures tehakse juhtunust j\u00e4reldusi ja vaadatakse, kuidas on v\u00f5imalik teatud ohte v\u00f5\u00f5rsil nii t\u00f6\u00f6 kui puhkusereisil viibides ennetada. \u00d5ppijad saavad teada, miks on kasulik end reisile registreerida, millist tulu v\u00f5ib olla reisikindlustusest ning vaadatakse teisi pisiasju, mis omandavad reisil l\u00f5ppkokkuv\u00f5ttes suure t\u00e4htsuse.<\/p>\n<h4><strong>Seminar\u00a0\u201eE-\u00f5ppe kiirabi\u201c<\/strong><\/h4>\n<p>Seminaril \u201eE-\u00f5ppe kiirabi\u201c v\u00f5eti vaatluse alla erinevad e-\u00f5ppega seotud muudid, nt levinud arvamus, et e-\u00f5ppes saab kergemini l\u00e4bi. Digidoktori eestvedamisel katsuti \u00fcheskoos m\u00fc\u00fcte kummutada v\u00f5i neile kinnitust leida.<\/p>\n<p><\/p><div class=\"ratio ratio-16x9 mb-3\"><div class=\"video-placeholder-wrapper video-placeholder-wrapper--16x9\">\n\t\t\t    <div class=\"video-placeholder d-flex justify-content-center align-items-center\">\n\t\t\t        <div class=\"overlay text-white p-2 w-100 text-center d-block justify-content-center align-items-center\">\n\t\t\t            <div>Kolmandate osapoolte sisu n\u00e4gemiseks palun n\u00f5ustu k\u00fcpsistega.<\/div>\n\t\t\t            <button class=\"btn btn-secondary btn-sm mt-1 consent-change\">Muuda n\u00f5usolekut<\/button>\n\t\t\t        <\/div>\n\t\t\t    <\/div>\n\t\t\t<\/div>\n<\/div>\n","protected":false},"excerpt":{"rendered":"<p>Minikursus \u201cReisi targalt\u201d K\u00f5ikidel huvilistel oli v\u00f5imalik \u00f5ppida mini-e-kursusel \u201cReisi targalt\u201d. Osalemine kursusel: http:\/\/sisu.ut.ee\/reisitargalt Kursus on loodud konsuli p\u00e4evikuna, kus on n\u00e4ited reisijatega juhtunust ehk lood elust enesest. Iga teema juures tehakse juhtunust j\u00e4reldusi ja vaadatakse, kuidas on v\u00f5imalik teatud &#8230;<\/p>\n","protected":false},"author":6,"featured_media":0,"parent":0,"menu_order":0,"comment_status":"closed","ping_status":"closed","template":"","meta":{"_acf_changed":false,"inline_featured_image":false,"footnotes":""},"class_list":["post-15","page","type-page","status-publish","hentry"],"acf":[],"_links":{"self":[{"href":"https:\/\/sisu.ut.ee\/epaev\/wp-json\/wp\/v2\/pages\/15","targetHints":{"allow":["GET"]}}],"collection":[{"href":"https:\/\/sisu.ut.ee\/epaev\/wp-json\/wp\/v2\/pages"}],"about":[{"href":"https:\/\/sisu.ut.ee\/epaev\/wp-json\/wp\/v2\/types\/page"}],"author":[{"embeddable":true,"href":"https:\/\/sisu.ut.ee\/epaev\/wp-json\/wp\/v2\/users\/6"}],"replies":[{"embeddable":true,"href":"https:\/\/sisu.ut.ee\/epaev\/wp-json\/wp\/v2\/comments?post=15"}],"version-history":[{"count":1,"href":"https:\/\/sisu.ut.ee\/epaev\/wp-json\/wp\/v2\/pages\/15\/revisions"}],"predecessor-version":[{"id":111,"href":"https:\/\/sisu.ut.ee\/epaev\/wp-json\/wp\/v2\/pages\/15\/revisions\/111"}],"wp:attachment":[{"href":"https:\/\/sisu.ut.ee\/epaev\/wp-json\/wp\/v2\/media?parent=15"}],"curies":[{"name":"wp","href":"https:\/\/api.w.org\/{rel}","templated":true}]}}