{"id":14,"date":"2024-04-04T02:50:16","date_gmt":"2024-04-03T23:50:16","guid":{"rendered":"https:\/\/sisu.ut.ee\/epaev\/e-nagijad-motlesid-e-oppe-tuleviku-ule\/"},"modified":"2024-04-04T02:50:30","modified_gmt":"2024-04-03T23:50:30","slug":"e-nagijad-motlesid-e-oppe-tuleviku-ule","status":"publish","type":"page","link":"https:\/\/sisu.ut.ee\/epaev\/e-nagijad-motlesid-e-oppe-tuleviku-ule\/","title":{"rendered":"2014. aasta e-\u00f5ppe p\u00e4eval m\u00f5tlesid e-n\u00e4gijad e-\u00f5ppe tuleviku \u00fcle"},"content":{"rendered":"<h4><strong>E-\u00f5ppe p\u00e4eva seminar \u201eE-n\u00e4gijate tuleproov\u201c\n<p><\/p><\/strong><\/h4>\n<p>E-n\u00e4gijate tuleproovi l\u00e4bivaks teemaks oli e-\u00f5ppe v\u00f5imaluste tutvustamine. Seminari jooksul muutus auditoorium \u00fclikooli ideelabori juhi Kalev Kaarna eestvedamisel e-n\u00e4gijate v\u00f5istlusareeniks. Mitmete p\u00f5nevate katsete k\u00e4igus selgitati v\u00e4lja \u00fclikooli parim e-n\u00e4gija. Tuleproovis osalejatel tuli \u00e4ra aimata erinevate \u00f5ppej\u00f5udude e-\u00f5ppe alased saavutused, tunnetada veebitoe osakaalu \u00fclikooli\u00f5ppes ning ennustada e-\u00f5ppe tulevikku.<\/p>\n<p>V\u00f5istlustulle astusid LOTE \u00f5ppeprodekaan, dotsent Mart Noorma, meediauuringute dotsent Pille Pruulmann-Vengerfeldt ja infotehnoloogiajuht Nevil Reinfeldt. Nende oskusi hindasid e-\u00f5ppe ekspert Anne Villems, ps\u00fchholoog Andero Uusberg ja haridustehnoloog Marju Piir.<\/p>\n<p><\/p><div class=\"ratio ratio-16x9 mb-3\"><div class=\"video-placeholder-wrapper video-placeholder-wrapper--16x9\">\n\t\t\t    <div class=\"video-placeholder d-flex justify-content-center align-items-center\">\n\t\t\t        <div class=\"overlay text-white p-2 w-100 text-center d-block justify-content-center align-items-center\">\n\t\t\t            <div>Kolmandate osapoolte sisu n\u00e4gemiseks palun n\u00f5ustu k\u00fcpsistega.<\/div>\n\t\t\t            <button class=\"btn btn-secondary btn-sm mt-1 consent-change\">Muuda n\u00f5usolekut<\/button>\n\t\t\t        <\/div>\n\t\t\t    <\/div>\n\t\t\t<\/div>\n<\/div>\n","protected":false},"excerpt":{"rendered":"<p>E-\u00f5ppe p\u00e4eva seminar \u201eE-n\u00e4gijate tuleproov\u201c E-n\u00e4gijate tuleproovi l\u00e4bivaks teemaks oli e-\u00f5ppe v\u00f5imaluste tutvustamine. Seminari jooksul muutus auditoorium \u00fclikooli ideelabori juhi Kalev Kaarna eestvedamisel e-n\u00e4gijate v\u00f5istlusareeniks. Mitmete p\u00f5nevate katsete k\u00e4igus selgitati v\u00e4lja \u00fclikooli parim e-n\u00e4gija. Tuleproovis osalejatel tuli \u00e4ra aimata erinevate &#8230;<\/p>\n","protected":false},"author":6,"featured_media":0,"parent":0,"menu_order":0,"comment_status":"closed","ping_status":"closed","template":"","meta":{"_acf_changed":false,"inline_featured_image":false,"footnotes":""},"class_list":["post-14","page","type-page","status-publish","hentry"],"acf":[],"_links":{"self":[{"href":"https:\/\/sisu.ut.ee\/epaev\/wp-json\/wp\/v2\/pages\/14","targetHints":{"allow":["GET"]}}],"collection":[{"href":"https:\/\/sisu.ut.ee\/epaev\/wp-json\/wp\/v2\/pages"}],"about":[{"href":"https:\/\/sisu.ut.ee\/epaev\/wp-json\/wp\/v2\/types\/page"}],"author":[{"embeddable":true,"href":"https:\/\/sisu.ut.ee\/epaev\/wp-json\/wp\/v2\/users\/6"}],"replies":[{"embeddable":true,"href":"https:\/\/sisu.ut.ee\/epaev\/wp-json\/wp\/v2\/comments?post=14"}],"version-history":[{"count":1,"href":"https:\/\/sisu.ut.ee\/epaev\/wp-json\/wp\/v2\/pages\/14\/revisions"}],"predecessor-version":[{"id":112,"href":"https:\/\/sisu.ut.ee\/epaev\/wp-json\/wp\/v2\/pages\/14\/revisions\/112"}],"wp:attachment":[{"href":"https:\/\/sisu.ut.ee\/epaev\/wp-json\/wp\/v2\/media?parent=14"}],"curies":[{"name":"wp","href":"https:\/\/api.w.org\/{rel}","templated":true}]}}